{"id":17,"date":"2024-04-04T03:18:26","date_gmt":"2024-04-04T00:18:26","guid":{"rendered":"https:\/\/sisu.ut.ee\/latikeel\/maaratud-omadussona\/"},"modified":"2024-04-04T03:18:35","modified_gmt":"2024-04-04T00:18:35","slug":"maaratud-omadussona","status":"publish","type":"page","link":"https:\/\/sisu.ut.ee\/latikeel\/maaratud-omadussona\/","title":{"rendered":"M\u00e4\u00e4ratud l\u00f5puga omaduss\u00f5nad (\u012apa\u0161\u012bbas v\u0101rdi ar noteikto galotni)"},"content":{"rendered":"<p>\n\t<strong>M\u00e4\u00e4ratud vormi\u00a0<\/strong>kasutatakse siis, kui r\u00e4\u00e4gitakse <strong>tuntud <\/strong>v\u00f5i <strong>eelnevalt mainitud <\/strong>isikust v\u00f5i esemest.\n<\/p>\n<p>\n\tM\u00e4\u00e4ratud vormi meessoost s\u00f5nade nominatiivi l\u00f5pp ainsuses on \u2013<strong><em>ais<\/em><\/strong> ja naissoost s\u00f5nade puhul \u2013<strong><em>\u0101<\/em><\/strong><em> <\/em>, nt <em>mans maz<strong>ais\u00a0<\/strong>br\u0101lis<\/em> \u2018minu v\u00e4ike vend\u2019, <em>mana maz<strong>\u0101\u00a0<\/strong>m\u0101sa<\/em><strong>\u00a0<\/strong>\u2018minu v\u00e4ike \u00f5de\u2019.\n<\/p>\n<p>\n\t<strong>1. Meessoost omaduss\u00f5na <em>mazais <\/em>\u00b4v\u00e4ike\u00b4\u00a0k\u00e4\u00e4namine<\/strong>\n<\/p>\n<table class=\"table table-hover\" border=\"0\">\n<tbody>\n<tr>\n<td>\n\t\t\t\t<strong>K\u00e4\u00e4ne<\/strong>\n\t\t\t<\/td>\n<td>\n\t\t\t\t<strong>Ainsus<\/strong>\n\t\t\t<\/td>\n<td>\n\t\t\t\t<strong>Mitmus<\/strong>\n\t\t\t<\/td>\n<\/tr>\n<tr>\n<td>\n\t\t\t\t<strong>N. kas?<\/strong>\n\t\t\t<\/td>\n<td>\n\t\t\t\tmazais\u00a0\n\t\t\t<\/td>\n<td>\n\t\t\t\tmazie\n\t\t\t<\/td>\n<\/tr>\n<tr>\n<td>\n\t\t\t\t<strong>\u0122. k\u0101?<\/strong>\n\t\t\t<\/td>\n<td>\n\t\t\t\tmaz\u0101\n\t\t\t<\/td>\n<td>\n\t\t\t\tmazo\n\t\t\t<\/td>\n<\/tr>\n<tr>\n<td>\n\t\t\t\t<strong>D. kam?<\/strong>\n\t\t\t<\/td>\n<td>\n\t\t\t\tmazajam\n\t\t\t<\/td>\n<td>\n\t\t\t\tmazajiem\n\t\t\t<\/td>\n<\/tr>\n<tr>\n<td>\n\t\t\t\t<strong>A. ko?<\/strong>\n\t\t\t<\/td>\n<td>\n\t\t\t\tmazo\u00a0\n\t\t\t<\/td>\n<td>\n\t\t\t\tmazos\n\t\t\t<\/td>\n<\/tr>\n<tr>\n<td>\n\t\t\t\t<strong>L. kur?<\/strong>\n\t\t\t<\/td>\n<td>\n\t\t\t\tmazaj\u0101\n\t\t\t<\/td>\n<td>\n\t\t\t\tmazajos\n\t\t\t<\/td>\n<\/tr>\n<tr>\n<td>\n\t\t\t\t<strong>V. \u2013<\/strong>\n\t\t\t<\/td>\n<td>\n\t\t\t\tmazais\n\t\t\t<\/td>\n<td>\n\t\t\t\tmazie\n\t\t\t<\/td>\n<\/tr>\n<\/tbody>\n<\/table>\n<p>\n\t<strong>2. Naissoost omaduss\u00f5na\u00a0<em>maz\u0101\u00a0<\/em>\u00b4v\u00e4ike\u00b4 k\u00e4\u00e4namine<\/strong>\n<\/p>\n<table class=\"table table-hover\" border=\"0\">\n<tbody>\n<tr>\n<td>\n\t\t\t\t<strong>K\u00e4\u00e4ne<\/strong>\n\t\t\t<\/td>\n<td>\n\t\t\t\t<strong>Ainsus<\/strong>\n\t\t\t<\/td>\n<td>\n\t\t\t\t<strong>Mitmus<\/strong>\n\t\t\t<\/td>\n<\/tr>\n<tr>\n<td>\n\t\t\t\t<strong>N. kas?<\/strong>\n\t\t\t<\/td>\n<td>\n\t\t\t\tmaz\u0101\n\t\t\t<\/td>\n<td>\n\t\t\t\tmaz\u0101s\n\t\t\t<\/td>\n<\/tr>\n<tr>\n<td>\n\t\t\t\t<strong>\u0122. k\u0101?<\/strong>\n\t\t\t<\/td>\n<td>\n\t\t\t\tmaz\u0101s\n\t\t\t<\/td>\n<td>\n\t\t\t\tmazo\n\t\t\t<\/td>\n<\/tr>\n<tr>\n<td>\n\t\t\t\t<strong>D. kam?<\/strong>\n\t\t\t<\/td>\n<td>\n\t\t\t\tmazajai\n\t\t\t<\/td>\n<td>\n\t\t\t\tmazaj\u0101m\n\t\t\t<\/td>\n<\/tr>\n<tr>\n<td>\n\t\t\t\t<strong>A. ko?<\/strong>\n\t\t\t<\/td>\n<td>\n\t\t\t\tmazo\u00a0\n\t\t\t<\/td>\n<td>\n\t\t\t\tmaz\u0101s\n\t\t\t<\/td>\n<\/tr>\n<tr>\n<td>\n\t\t\t\t<strong>L. kur?<\/strong>\n\t\t\t<\/td>\n<td>\n\t\t\t\tmazaj\u0101\n\t\t\t<\/td>\n<td>\n\t\t\t\tmazaj\u0101s\n\t\t\t<\/td>\n<\/tr>\n<tr>\n<td>\n\t\t\t\t<strong>V. \u2013<\/strong>\n\t\t\t<\/td>\n<td>\n\t\t\t\tmaz\u0101\n\t\t\t<\/td>\n<td>\n\t\t\t\tmaz\u0101s\n\t\t\t<\/td>\n<\/tr>\n<\/tbody>\n<\/table>\n<p>\n\t<\/p><div class=\"accordion mb-3\">\n        <div class=\"accordion-item accordion-item--white\">\n        <h2 class=\"accordion-header\" id=\"accordion-69dee9c2cf4c0-heading\">\n            <button class=\"accordion-button collapsed\" type=\"button\" data-bs-toggle=\"collapse\" data-bs-target=\"#accordion-69dee9c2cf4c0-collapse\" aria-expanded=\"true\" aria-controls=\"accordion-69dee9c2cf4c0-collapse\"><strong>M\u00e4\u00e4ratud l\u00f5puga omaduss\u00f5nu kasutatakse<\/strong><\/button>\n        <\/h2>\n        <div id=\"accordion-69dee9c2cf4c0-collapse\" class=\"accordion-collapse collapse\" aria-labelledby=\"accordion-69dee9c2cf4c0-heading\">\n            <div class=\"accordion-body\">\n\n<p>\n\t1) erinevates nimetustes: nt <em>Meln\u0101 j\u016bra<\/em>\u00a0\u2018Must meri\u2019, <em>melnie pipari<\/em>\u00a0\u2018must pipar\u2019, <em>za\u013c\u0101 t\u0113ja<\/em>\u00a0\u2018roheline tee\u2019,<br>2) ases\u00f5nadega: <em>\u0161is, \u0161\u012b, tas, t\u0101, pats, tas pats, viss, mans, tavs, m\u016bsu, j\u016bsu, vi\u0146a, vi\u0146u, nek\u0101ds<\/em>: nt <em>tas za\u013cais krekls<\/em>\u00a0\u2018see roheline s\u00e4rk\u2019, <em>mana maz\u0101 m\u0101sa<\/em>\u00a0\u2018minu v\u00e4ike \u00f5de\u2019,\u00a0<br>3) \u00a0kui omaduss\u00f5na k\u00f5rval asub nimisona genitiivis: nt <em>br\u0101\u013ca dzeltenais d\u017eemperis<\/em>\u00a0\u2018venna kollane kampsun\u2019,<br>4) \u00a0p\u00f6\u00f6rdumisel: <em>D\u0101rgais draugs!<\/em>\u00a0\u2018Kallis s\u00f5ber!\u2019, <em>God\u0101jam\u0101 B\u0113rzi\u0146as kundze! \u2018<\/em>Austatud proua B\u0113rzi\u0146a!\u2019,<br>5) \u00a0\u00fcliv\u00f5rdes:<em> visliel\u0101kais\/visliel\u0101k\u0101<\/em>\u00a0\u2018k\u00f5ige suurem\u2019,\u00a0<em>vislab\u0101kie\/vislab\u0101k\u0101s<\/em>\u00a0\u2018k\u00f5ige paremad\u2019. <\/p><\/div>\n        <\/div>\n        <\/div>\n    <\/div>\n","protected":false},"excerpt":{"rendered":"<p>M\u00e4\u00e4ratud vormi\u00a0kasutatakse siis, kui r\u00e4\u00e4gitakse tuntud v\u00f5i eelnevalt mainitud isikust v\u00f5i esemest. M\u00e4\u00e4ratud vormi meessoost s\u00f5nade nominatiivi l\u00f5pp ainsuses on \u2013ais ja naissoost s\u00f5nade puhul \u2013\u0101 , nt mans mazais\u00a0br\u0101lis \u2018minu v\u00e4ike vend\u2019, mana maz\u0101\u00a0m\u0101sa\u00a0\u2018minu v\u00e4ike \u00f5de\u2019. 1. Meessoost omaduss\u00f5na &#8230;<\/p>\n","protected":false},"author":77,"featured_media":0,"parent":0,"menu_order":0,"comment_status":"closed","ping_status":"closed","template":"","meta":{"_acf_changed":false,"inline_featured_image":false,"footnotes":""},"class_list":["post-17","page","type-page","status-publish","hentry"],"acf":[],"_links":{"self":[{"href":"https:\/\/sisu.ut.ee\/latikeel\/wp-json\/wp\/v2\/pages\/17","targetHints":{"allow":["GET"]}}],"collection":[{"href":"https:\/\/sisu.ut.ee\/latikeel\/wp-json\/wp\/v2\/pages"}],"about":[{"href":"https:\/\/sisu.ut.ee\/latikeel\/wp-json\/wp\/v2\/types\/page"}],"author":[{"embeddable":true,"href":"https:\/\/sisu.ut.ee\/latikeel\/wp-json\/wp\/v2\/users\/77"}],"replies":[{"embeddable":true,"href":"https:\/\/sisu.ut.ee\/latikeel\/wp-json\/wp\/v2\/comments?post=17"}],"version-history":[{"count":2,"href":"https:\/\/sisu.ut.ee\/latikeel\/wp-json\/wp\/v2\/pages\/17\/revisions"}],"predecessor-version":[{"id":125,"href":"https:\/\/sisu.ut.ee\/latikeel\/wp-json\/wp\/v2\/pages\/17\/revisions\/125"}],"wp:attachment":[{"href":"https:\/\/sisu.ut.ee\/latikeel\/wp-json\/wp\/v2\/media?parent=17"}],"curies":[{"name":"wp","href":"https:\/\/api.w.org\/{rel}","templated":true}]}}