{"id":160,"date":"2024-04-15T14:54:20","date_gmt":"2024-04-15T11:54:20","guid":{"rendered":"https:\/\/sisu.ut.ee\/latikeel\/?page_id=160"},"modified":"2024-04-18T13:28:52","modified_gmt":"2024-04-18T10:28:52","slug":"15-leht","status":"publish","type":"page","link":"https:\/\/sisu.ut.ee\/latikeel\/15-leht\/","title":{"rendered":"15.-16 leht"},"content":{"rendered":"<p>\u0101bols \u2013 \u00f5un<\/p>\n\n\n\n<figure class=\"wp-block-audio\"><audio controls src=\"https:\/\/sisu.ut.ee\/wp-content\/uploads\/sites\/206\/Abols.mp3\"><\/audio><\/figure>\n\n\n\n<p>v\u0113j\u0161 \u2013 tuul<\/p>\n\n\n\n<figure class=\"wp-block-audio\"><audio controls src=\"https:\/\/sisu.ut.ee\/wp-content\/uploads\/sites\/206\/Vejs.mp3\"><\/audio><\/figure>\n\n\n\n<p>ka\u0137is -kass<\/p>\n\n\n\n<figure class=\"wp-block-audio\"><audio controls src=\"https:\/\/sisu.ut.ee\/wp-content\/uploads\/sites\/206\/Kakis.mp3\"><\/audio><\/figure>\n\n\n\n<p>tirgus \u2013 turg<\/p>\n\n\n\n<figure class=\"wp-block-audio\"><audio controls src=\"https:\/\/sisu.ut.ee\/wp-content\/uploads\/sites\/206\/Tirgus.mp3\"><\/audio><\/figure>\n\n\n\n<p>m\u0101ja \u2013 maja<\/p>\n\n\n\n<figure class=\"wp-block-audio\"><audio controls src=\"https:\/\/sisu.ut.ee\/wp-content\/uploads\/sites\/206\/Maja.mp3\"><\/audio><\/figure>\n\n\n\n<p>p\u012ble \u2013 part <\/p>\n\n\n\n<figure class=\"wp-block-audio\"><audio controls src=\"https:\/\/sisu.ut.ee\/wp-content\/uploads\/sites\/206\/Pile.mp3\"><\/audio><\/figure>\n\n\n\n<p>pils \u2013 loss<\/p>\n\n\n\n<figure class=\"wp-block-audio\"><audio controls src=\"https:\/\/sisu.ut.ee\/wp-content\/uploads\/sites\/206\/Pils-1.mp3\"><\/audio><\/figure>\n\n\n\n<p><\/p>\n","protected":false},"excerpt":{"rendered":"<p>\u0101bols \u2013 \u00f5un v\u0113j\u0161 \u2013 tuul ka\u0137is -kass tirgus \u2013 turg m\u0101ja \u2013 maja p\u012ble \u2013 part pils \u2013 loss<\/p>\n","protected":false},"author":77,"featured_media":0,"parent":0,"menu_order":0,"comment_status":"closed","ping_status":"closed","template":"","meta":{"_acf_changed":false,"inline_featured_image":false,"footnotes":""},"class_list":["post-160","page","type-page","status-publish","hentry"],"acf":[],"_links":{"self":[{"href":"https:\/\/sisu.ut.ee\/latikeel\/wp-json\/wp\/v2\/pages\/160","targetHints":{"allow":["GET"]}}],"collection":[{"href":"https:\/\/sisu.ut.ee\/latikeel\/wp-json\/wp\/v2\/pages"}],"about":[{"href":"https:\/\/sisu.ut.ee\/latikeel\/wp-json\/wp\/v2\/types\/page"}],"author":[{"embeddable":true,"href":"https:\/\/sisu.ut.ee\/latikeel\/wp-json\/wp\/v2\/users\/77"}],"replies":[{"embeddable":true,"href":"https:\/\/sisu.ut.ee\/latikeel\/wp-json\/wp\/v2\/comments?post=160"}],"version-history":[{"count":4,"href":"https:\/\/sisu.ut.ee\/latikeel\/wp-json\/wp\/v2\/pages\/160\/revisions"}],"predecessor-version":[{"id":300,"href":"https:\/\/sisu.ut.ee\/latikeel\/wp-json\/wp\/v2\/pages\/160\/revisions\/300"}],"wp:attachment":[{"href":"https:\/\/sisu.ut.ee\/latikeel\/wp-json\/wp\/v2\/media?parent=160"}],"curies":[{"name":"wp","href":"https:\/\/api.w.org\/{rel}","templated":true}]}}