{"id":16,"date":"2024-04-04T03:18:26","date_gmt":"2024-04-04T00:18:26","guid":{"rendered":"https:\/\/sisu.ut.ee\/latikeel\/maaramata-omadussona\/"},"modified":"2024-04-04T03:18:35","modified_gmt":"2024-04-04T00:18:35","slug":"maaramata-omadussona","status":"publish","type":"page","link":"https:\/\/sisu.ut.ee\/latikeel\/maaramata-omadussona\/","title":{"rendered":"M\u00e4\u00e4ramata l\u00f5puga omaduss\u00f5nad (\u012apa\u0161\u012bbas v\u0101rdi ar nenoteikto galotni)"},"content":{"rendered":"<p>\n\t<strong>M\u00e4\u00e4ramata vormi\u00a0<\/strong>kasutatakse siis, kui r\u00e4\u00e4gitakse <strong>tundmatust<\/strong>, <strong>esmakordselt <\/strong>mainitavast isikust v\u00f5i esemest.\n<\/p>\n<p>\n\tMeessoost omaduss\u00f5nad k\u00e4\u00e4nduvad nagu esimese\u00a0k\u00e4\u00e4ndkonna nimisonad (l\u00f5pud -s v\u00f5i\u00a0-\u0161) nt <em>liel<strong>s<\/strong> ciems<\/em>\u00a0\u2018suur k\u00fcla\u2019\u00a0ning naissoost omaduss\u00f5nad nagu neljanda\u00a0k\u00e4\u00e4ndkonna nimisonad\u00a0(l\u00f5pp -a) nt <em>liel<strong>a<\/strong> pils\u0113ta<\/em>\u00a0\u2018suur linn\u2019.\n<\/p>\n<p>\n\t<strong>1. Meessoost omaduss\u00f5na\u00a0<em>liels <\/em>\u2018suur\u2019 ja k\u00e4\u00e4namine<\/strong>\n<\/p>\n<table class=\"table table-hover\" border=\"0\">\n<tbody>\n<tr>\n<td>\n\t\t\t\t<strong>K\u00e4\u00e4ne<\/strong>\n\t\t\t<\/td>\n<td>\n\t\t\t\t<strong>Ainsus<\/strong>\n\t\t\t<\/td>\n<td>\n\t\t\t\t<strong><strong>Mitmus<\/strong><\/strong>\n\t\t\t<\/td>\n<\/tr>\n<tr>\n<td>\n\t\t\t\t<strong>N. kas?<\/strong>\n\t\t\t<\/td>\n<td>\n\t\t\t\tliels\n\t\t\t<\/td>\n<td>\n\t\t\t\tlieli\n\t\t\t<\/td>\n<\/tr>\n<tr>\n<td>\n\t\t\t\t<strong>\u0122. k\u0101?<\/strong>\n\t\t\t<\/td>\n<td>\n\t\t\t\tliela\n\t\t\t<\/td>\n<td>\n\t\t\t\tlielu\n\t\t\t<\/td>\n<\/tr>\n<tr>\n<td>\n\t\t\t\t<strong>D. kam?<\/strong>\n\t\t\t<\/td>\n<td>\n\t\t\t\tlielam\n\t\t\t<\/td>\n<td>\n\t\t\t\tlieliem\n\t\t\t<\/td>\n<\/tr>\n<tr>\n<td>\n\t\t\t\t<strong>A. ko?<\/strong>\n\t\t\t<\/td>\n<td>\n\t\t\t\tlielu\n\t\t\t<\/td>\n<td>\n\t\t\t\tlielus\n\t\t\t<\/td>\n<\/tr>\n<tr>\n<td>\n\t\t\t\t<strong>L. kur?<\/strong>\n\t\t\t<\/td>\n<td>\n\t\t\t\tliel\u0101\n\t\t\t<\/td>\n<td>\n\t\t\t\tlielos\n\t\t\t<\/td>\n<\/tr>\n<tr>\n<td>\n\t\t\t\t<strong>V. \u2013<\/strong>\n\t\t\t<\/td>\n<td>\n\t\t\t\t\u2013\n\t\t\t<\/td>\n<td>\n\t\t\t\t\u2013\n\t\t\t<\/td>\n<\/tr>\n<\/tbody>\n<\/table>\n<p>\n\t<strong>2. Naissoost omaduss\u00f5na\u00a0<em>liela\u00a0<\/em>\u2018suur\u2019 k\u00e4\u00e4namine<\/strong>\n<\/p>\n<table class=\"table table-hover\" border=\"0\">\n<tbody>\n<tr>\n<td>\n\t\t\t\t<strong>K\u00e4\u00e4ne<\/strong>\n\t\t\t<\/td>\n<td>\n\t\t\t\t<strong>Ainsus<\/strong>\n\t\t\t<\/td>\n<td>\n\t\t\t\t<strong><strong>Mitmus<\/strong><\/strong>\n\t\t\t<\/td>\n<\/tr>\n<tr>\n<td>\n\t\t\t\t<strong>N. kas?<\/strong>\n\t\t\t<\/td>\n<td>\n\t\t\t\tliela\n\t\t\t<\/td>\n<td>\n\t\t\t\tlielas\n\t\t\t<\/td>\n<\/tr>\n<tr>\n<td>\n\t\t\t\t<strong>\u0122. k\u0101?<\/strong>\n\t\t\t<\/td>\n<td>\n\t\t\t\tlielas\n\t\t\t<\/td>\n<td>\n\t\t\t\tlielu\n\t\t\t<\/td>\n<\/tr>\n<tr>\n<td>\n\t\t\t\t<strong>D. kam?<\/strong>\n\t\t\t<\/td>\n<td>\n\t\t\t\tlielai\n\t\t\t<\/td>\n<td>\n\t\t\t\t\u00a0liel\u0101m\n\t\t\t<\/td>\n<\/tr>\n<tr>\n<td>\n\t\t\t\t<strong>A. ko?<\/strong>\n\t\t\t<\/td>\n<td>\n\t\t\t\tlielu\u00a0\n\t\t\t<\/td>\n<td>\n\t\t\t\t\u00a0lielas\n\t\t\t<\/td>\n<\/tr>\n<tr>\n<td>\n\t\t\t\t<strong>L. kur?<\/strong>\n\t\t\t<\/td>\n<td>\n\t\t\t\tliel\u0101\n\t\t\t<\/td>\n<td>\n\t\t\t\tliel\u0101s\n\t\t\t<\/td>\n<\/tr>\n<tr>\n<td>\n\t\t\t\t<strong>V. \u2013<\/strong>\n\t\t\t<\/td>\n<td>\n\t\t\t\t\u2013\n\t\t\t<\/td>\n<td>\n\t\t\t\t\u2013\n\t\t\t<\/td>\n<\/tr>\n<\/tbody>\n<\/table>\n","protected":false},"excerpt":{"rendered":"<p>M\u00e4\u00e4ramata vormi\u00a0kasutatakse siis, kui r\u00e4\u00e4gitakse tundmatust, esmakordselt mainitavast isikust v\u00f5i esemest. Meessoost omaduss\u00f5nad k\u00e4\u00e4nduvad nagu esimese\u00a0k\u00e4\u00e4ndkonna nimisonad (l\u00f5pud -s v\u00f5i\u00a0-\u0161) nt liels ciems\u00a0\u2018suur k\u00fcla\u2019\u00a0ning naissoost omaduss\u00f5nad nagu neljanda\u00a0k\u00e4\u00e4ndkonna nimisonad\u00a0(l\u00f5pp -a) nt liela pils\u0113ta\u00a0\u2018suur linn\u2019. 1. Meessoost omaduss\u00f5na\u00a0liels \u2018suur\u2019 ja k\u00e4\u00e4namine &#8230;<\/p>\n","protected":false},"author":77,"featured_media":0,"parent":0,"menu_order":0,"comment_status":"closed","ping_status":"closed","template":"","meta":{"_acf_changed":false,"inline_featured_image":false,"footnotes":""},"class_list":["post-16","page","type-page","status-publish","hentry"],"acf":[],"_links":{"self":[{"href":"https:\/\/sisu.ut.ee\/latikeel\/wp-json\/wp\/v2\/pages\/16","targetHints":{"allow":["GET"]}}],"collection":[{"href":"https:\/\/sisu.ut.ee\/latikeel\/wp-json\/wp\/v2\/pages"}],"about":[{"href":"https:\/\/sisu.ut.ee\/latikeel\/wp-json\/wp\/v2\/types\/page"}],"author":[{"embeddable":true,"href":"https:\/\/sisu.ut.ee\/latikeel\/wp-json\/wp\/v2\/users\/77"}],"replies":[{"embeddable":true,"href":"https:\/\/sisu.ut.ee\/latikeel\/wp-json\/wp\/v2\/comments?post=16"}],"version-history":[{"count":1,"href":"https:\/\/sisu.ut.ee\/latikeel\/wp-json\/wp\/v2\/pages\/16\/revisions"}],"predecessor-version":[{"id":94,"href":"https:\/\/sisu.ut.ee\/latikeel\/wp-json\/wp\/v2\/pages\/16\/revisions\/94"}],"wp:attachment":[{"href":"https:\/\/sisu.ut.ee\/latikeel\/wp-json\/wp\/v2\/media?parent=16"}],"curies":[{"name":"wp","href":"https:\/\/api.w.org\/{rel}","templated":true}]}}