{"id":15,"date":"2024-04-04T03:18:26","date_gmt":"2024-04-04T00:18:26","guid":{"rendered":"https:\/\/sisu.ut.ee\/latikeel\/omadussona\/"},"modified":"2024-04-04T03:18:35","modified_gmt":"2024-04-04T00:18:35","slug":"omadussona","status":"publish","type":"page","link":"https:\/\/sisu.ut.ee\/latikeel\/omadussona\/","title":{"rendered":"Omaduss\u00f5na (\u012apa\u0161\u012bbas v\u0101rds)"},"content":{"rendered":"<p>\n\tL\u00e4ti keeles jaotatakse omaduss\u00f5nu <a data-url=\"https:\/\/sisu.ut.ee\/latikeel\/maaramata-omadussona?admin_panel=1\" href=\"https:\/\/sisu.ut.ee\/latikeel\/maaramata-omadussona?admin_panel=1\" title=\"\">m\u00e4\u00e4ramata l\u00f5puga<\/a> (<em>-s (-\u0161), -a<\/em>) ja\u00a0<a data-url=\"https:\/\/sisu.ut.ee\/latikeel\/maaratud-omadussona?admin_panel=1\" href=\"https:\/\/sisu.ut.ee\/latikeel\/maaratud-omadussona?admin_panel=1\" title=\"\">m\u00e4\u00e4ratud l\u00f5puga<\/a> (<em>-ais, -\u0101<\/em>)\u00a0omaduss\u00f5nadeks.\u00a0\n<\/p>\n<p>\n\tOmaduss\u00f5nadel on kolm <a data-url=\"https:\/\/sisu.ut.ee\/latikeel\/vordlusastmed\" href=\"https:\/\/sisu.ut.ee\/latikeel\/vordlusastmed\" title=\"\">v\u00f5rdlusastet<\/a> (algv\u00f5rre, keskv\u00f5rre ja \u00fcliv\u00f5rre).\u00a0<\/p>\n","protected":false},"excerpt":{"rendered":"<p>L\u00e4ti keeles jaotatakse omaduss\u00f5nu m\u00e4\u00e4ramata l\u00f5puga (-s (-\u0161), -a) ja\u00a0m\u00e4\u00e4ratud l\u00f5puga (-ais, -\u0101)\u00a0omaduss\u00f5nadeks.\u00a0 Omaduss\u00f5nadel on kolm v\u00f5rdlusastet (algv\u00f5rre, keskv\u00f5rre ja \u00fcliv\u00f5rre).\u00a0<\/p>\n","protected":false},"author":77,"featured_media":0,"parent":0,"menu_order":0,"comment_status":"closed","ping_status":"closed","template":"","meta":{"_acf_changed":false,"inline_featured_image":false,"footnotes":""},"class_list":["post-15","page","type-page","status-publish","hentry"],"acf":[],"_links":{"self":[{"href":"https:\/\/sisu.ut.ee\/latikeel\/wp-json\/wp\/v2\/pages\/15","targetHints":{"allow":["GET"]}}],"collection":[{"href":"https:\/\/sisu.ut.ee\/latikeel\/wp-json\/wp\/v2\/pages"}],"about":[{"href":"https:\/\/sisu.ut.ee\/latikeel\/wp-json\/wp\/v2\/types\/page"}],"author":[{"embeddable":true,"href":"https:\/\/sisu.ut.ee\/latikeel\/wp-json\/wp\/v2\/users\/77"}],"replies":[{"embeddable":true,"href":"https:\/\/sisu.ut.ee\/latikeel\/wp-json\/wp\/v2\/comments?post=15"}],"version-history":[{"count":1,"href":"https:\/\/sisu.ut.ee\/latikeel\/wp-json\/wp\/v2\/pages\/15\/revisions"}],"predecessor-version":[{"id":93,"href":"https:\/\/sisu.ut.ee\/latikeel\/wp-json\/wp\/v2\/pages\/15\/revisions\/93"}],"wp:attachment":[{"href":"https:\/\/sisu.ut.ee\/latikeel\/wp-json\/wp\/v2\/media?parent=15"}],"curies":[{"name":"wp","href":"https:\/\/api.w.org\/{rel}","templated":true}]}}