{"id":14,"date":"2024-04-04T03:18:26","date_gmt":"2024-04-04T00:18:26","guid":{"rendered":"https:\/\/sisu.ut.ee\/latikeel\/info\/"},"modified":"2024-04-15T14:33:42","modified_gmt":"2024-04-15T11:33:42","slug":"info","status":"publish","type":"page","link":"https:\/\/sisu.ut.ee\/latikeel\/info\/","title":{"rendered":"Info"},"content":{"rendered":"<p>Koostaja: Ilze T\u0101lberga (ilze.talberga(at)ut.ee)<\/p>\n<p>Tartu \u00dclikool<br>\nmaailma keelte ja kultuuride instituut<br>\nbalti regiooni keelte osakond<\/p>\n<p>2024<\/p>\n<p>Tabelite koostamiseks kasutatud allikad:<\/p>\n<ul>\n<li>Gu\u013cevska, D., Mi\u0137elsone A., Por\u012bte T. 2002. Pareizrakst\u012bjas un pareizrunas rokasgr\u0101mata. Avots.<\/li>\n<li>Kalna\u010da, Andra. 2014. A Typological Perspective on Latvian Grammar. Berlin: De Gruyter Open.<\/li>\n<li>Latvie\u0161u valodas gramatika. 2013. N\u012bti\u0146a, Daina, Grigorjevs, Juris (red.). R\u012bga: LU Latvie\u0161u valodas instit\u016bts,<\/li>\n<li>Mathiassen, Terje. 1997. A short grammar of Latvian, Columbus (Ohio) : Slavica.<\/li>\n<li>Praulins, Dace. 2012. Latvian: an essential grammar, London ; New York : Routledge.<\/li>\n<\/ul>\n","protected":false},"excerpt":{"rendered":"<p>Koostaja: Ilze T\u0101lberga (ilze.talberga(at)ut.ee) Tartu \u00dclikool maailma keelte ja kultuuride instituut balti regiooni keelte osakond 2024 Tabelite koostamiseks kasutatud allikad: Gu\u013cevska, D., Mi\u0137elsone A., Por\u012bte T. 2002. Pareizrakst\u012bjas un pareizrunas rokasgr\u0101mata. Avots. Kalna\u010da, Andra. 2014. A Typological Perspective on Latvian &#8230;<\/p>\n","protected":false},"author":77,"featured_media":0,"parent":0,"menu_order":0,"comment_status":"closed","ping_status":"closed","template":"","meta":{"_acf_changed":false,"inline_featured_image":false,"footnotes":""},"class_list":["post-14","page","type-page","status-publish","hentry"],"acf":[],"_links":{"self":[{"href":"https:\/\/sisu.ut.ee\/latikeel\/wp-json\/wp\/v2\/pages\/14","targetHints":{"allow":["GET"]}}],"collection":[{"href":"https:\/\/sisu.ut.ee\/latikeel\/wp-json\/wp\/v2\/pages"}],"about":[{"href":"https:\/\/sisu.ut.ee\/latikeel\/wp-json\/wp\/v2\/types\/page"}],"author":[{"embeddable":true,"href":"https:\/\/sisu.ut.ee\/latikeel\/wp-json\/wp\/v2\/users\/77"}],"replies":[{"embeddable":true,"href":"https:\/\/sisu.ut.ee\/latikeel\/wp-json\/wp\/v2\/comments?post=14"}],"version-history":[{"count":2,"href":"https:\/\/sisu.ut.ee\/latikeel\/wp-json\/wp\/v2\/pages\/14\/revisions"}],"predecessor-version":[{"id":131,"href":"https:\/\/sisu.ut.ee\/latikeel\/wp-json\/wp\/v2\/pages\/14\/revisions\/131"}],"wp:attachment":[{"href":"https:\/\/sisu.ut.ee\/latikeel\/wp-json\/wp\/v2\/media?parent=14"}],"curies":[{"name":"wp","href":"https:\/\/api.w.org\/{rel}","templated":true}]}}