{"id":128,"date":"2024-04-15T14:31:53","date_gmt":"2024-04-15T11:31:53","guid":{"rendered":"https:\/\/sisu.ut.ee\/latikeel\/?page_id=128"},"modified":"2026-03-11T11:17:04","modified_gmt":"2026-03-11T09:17:04","slug":"raagime-lati-keelest-audiofailid","status":"publish","type":"page","link":"https:\/\/sisu.ut.ee\/latikeel\/raagime-lati-keelest-audiofailid\/","title":{"rendered":"&#8220;R\u00e4\u00e4gime l\u00e4ti keelest&#8221; audiofailid"},"content":{"rendered":"<p><\/p>\n\n\n\n<p>Raamat \u201cR\u00e4\u00e4gime l\u00e4ti keelest\u201d annab l\u00fchi\u00fclevaate l\u00e4ti keele struktuurist ja grammatikast ning tutvustab m\u00f5ningaid viisakus- ja tervitusfraase. <\/p>\n\n\n\n<p>L\u00e4tlased on eestlastele l\u00e4himad naabrid \u2013 meie vahel pole ei merd ega viisat. Ometigi napib meil tihtipeale teadmisi teineteise keelest. Vahest kulub sulle j\u00e4rgmisel L\u00e4ti-reisil nii m\u00f5nigi siinses raamatukeses leiduv infokild marjaks \u00e4ra. Siit saad teada, milline n\u00e4eb l\u00e4ti keel v\u00e4lja ja kuidas see k\u00f5lab. <\/p>\n\n\n\n<p>Raamatu v\u00e4ljaandmist on toetanud Tartu \u00dclikool. Audion\u00e4iteid lindistanud Ilze T\u0101lberga.<\/p>\n\n\n\n<p>Raamatut on v\u00f5imalik soetada raamatupoodidest: <a href=\"https:\/\/www.apollo.ee\/et\/raagime-lati-keelest.html\" data-type=\"link\" data-id=\"https:\/\/www.apollo.ee\/et\/raagime-lati-keelest.html\">Apollo<\/a>, <a href=\"https:\/\/biblioteek.ee\/et\/raamatud\" data-type=\"link\" data-id=\"https:\/\/biblioteek.ee\/et\/raamatud\">Biblioteek<\/a>, <a href=\"https:\/\/raamatukoi.ee\/r%C3%A4%C3%A4gime-l%C3%A4ti-keelest?gad_source=1&amp;gad_campaignid=15334644864&amp;gbraid=0AAAAACN00kpf6xYjdzvG9V2Krpy4SWSrA&amp;gclid=CjwKCAjwpcTNBhA5EiwAdO1S9tStkKmDNvRZrymKCpI6wJ0YoYtuGW8CDbeO0TV2xQA448ZPu2xBEhoCuaQQAvD_BwE\" data-type=\"link\" data-id=\"https:\/\/raamatukoi.ee\/r%C3%A4%C3%A4gime-l%C3%A4ti-keelest?gad_source=1&amp;gad_campaignid=15334644864&amp;gbraid=0AAAAACN00kpf6xYjdzvG9V2Krpy4SWSrA&amp;gclid=CjwKCAjwpcTNBhA5EiwAdO1S9tStkKmDNvRZrymKCpI6wJ0YoYtuGW8CDbeO0TV2xQA448ZPu2xBEhoCuaQQAvD_BwE\">Raamatukoi<\/a><\/p>\n\n\n\n<figure class=\"wp-block-image alignright size-full is-resized\"><img loading=\"lazy\" decoding=\"async\" width=\"200\" height=\"234\" src=\"https:\/\/sisu.ut.ee\/wp-content\/uploads\/sites\/206\/Raagime-lati-keelest_kaas_vaike-1.jpg\" alt=\"\" class=\"wp-image-430\" style=\"width:139px;height:auto\"><\/figure>\n\n\n\n<p><em>Autor: Ilze T\u0101lberga<br>Toimetaja: Merle Vare<br>Illustratsioonid: Kadri J\u00f5ul<br>K\u00fcljendaja: Kadri J\u00f5ul<br>Kirjastaja: VEEL PUTRU O\u00dc<\/em><\/p>\n\n\n\n<p>Sellel lehel saate kuulata raamatus antud n\u00e4iteid. <\/p>\n\n\n\n<p><a href=\"https:\/\/sisu.ut.ee\/latikeel\/6-leht\/\">6.-9. leht<\/a><\/p>\n\n\n\n<p><a href=\"https:\/\/sisu.ut.ee\/latikeel\/10-leht\/\">10.-11. leht<\/a><\/p>\n\n\n\n<p><a href=\"https:\/\/sisu.ut.ee\/latikeel\/12-leht\/\">12. leht<\/a> <\/p>\n\n\n\n<p><a href=\"https:\/\/sisu.ut.ee\/latikeel\/13-leht\/\">13. leht<\/a><\/p>\n\n\n\n<p><a href=\"https:\/\/sisu.ut.ee\/latikeel\/15-leht\/\">15.-16. leht<\/a><\/p>\n\n\n\n<p><a href=\"https:\/\/sisu.ut.ee\/latikeel\/18-leht\/\">18. leht<\/a><\/p>\n\n\n\n<p><a href=\"https:\/\/sisu.ut.ee\/latikeel\/20-leht\/\">20. leht<\/a><\/p>\n\n\n\n<p><a href=\"https:\/\/sisu.ut.ee\/latikeel\/21-leht\/\">21. leht<\/a><\/p>\n\n\n\n<p><a href=\"https:\/\/sisu.ut.ee\/latikeel\/22-leht\/\">22.-23. leht<\/a><\/p>\n\n\n\n<p><a href=\"https:\/\/sisu.ut.ee\/latikeel\/24-leht\/\">24. leht<\/a><\/p>\n\n\n\n<p><a href=\"https:\/\/sisu.ut.ee\/latikeel\/25-leht\/\">25. leht<\/a><\/p>\n\n\n\n<p><a href=\"https:\/\/sisu.ut.ee\/latikeel\/26-leht\/\">26.-27. leht<\/a><\/p>\n\n\n\n<p><a href=\"https:\/\/sisu.ut.ee\/latikeel\/28-ja-29-leht\/\">28.-29. leht<\/a><\/p>\n\n\n\n<p><a href=\"https:\/\/sisu.ut.ee\/latikeel\/30-leht\/\">30.-32. leht<\/a><\/p>\n\n\n\n<p><a href=\"https:\/\/sisu.ut.ee\/latikeel\/33-37-leht\/\">33.-37. leht<\/a><\/p>\n","protected":false},"excerpt":{"rendered":"<p>Raamat \u201cR\u00e4\u00e4gime l\u00e4ti keelest\u201d annab l\u00fchi\u00fclevaate l\u00e4ti keele struktuurist ja grammatikast ning tutvustab m\u00f5ningaid viisakus- ja tervitusfraase. L\u00e4tlased on eestlastele l\u00e4himad naabrid \u2013 meie vahel pole ei merd ega viisat. Ometigi napib meil tihtipeale teadmisi teineteise keelest. Vahest kulub sulle &#8230;<\/p>\n","protected":false},"author":77,"featured_media":0,"parent":0,"menu_order":0,"comment_status":"closed","ping_status":"closed","template":"","meta":{"_acf_changed":false,"inline_featured_image":false,"footnotes":""},"class_list":["post-128","page","type-page","status-publish","hentry"],"acf":[],"_links":{"self":[{"href":"https:\/\/sisu.ut.ee\/latikeel\/wp-json\/wp\/v2\/pages\/128","targetHints":{"allow":["GET"]}}],"collection":[{"href":"https:\/\/sisu.ut.ee\/latikeel\/wp-json\/wp\/v2\/pages"}],"about":[{"href":"https:\/\/sisu.ut.ee\/latikeel\/wp-json\/wp\/v2\/types\/page"}],"author":[{"embeddable":true,"href":"https:\/\/sisu.ut.ee\/latikeel\/wp-json\/wp\/v2\/users\/77"}],"replies":[{"embeddable":true,"href":"https:\/\/sisu.ut.ee\/latikeel\/wp-json\/wp\/v2\/comments?post=128"}],"version-history":[{"count":15,"href":"https:\/\/sisu.ut.ee\/latikeel\/wp-json\/wp\/v2\/pages\/128\/revisions"}],"predecessor-version":[{"id":502,"href":"https:\/\/sisu.ut.ee\/latikeel\/wp-json\/wp\/v2\/pages\/128\/revisions\/502"}],"wp:attachment":[{"href":"https:\/\/sisu.ut.ee\/latikeel\/wp-json\/wp\/v2\/media?parent=128"}],"curies":[{"name":"wp","href":"https:\/\/api.w.org\/{rel}","templated":true}]}}