{"id":12,"date":"2024-04-04T03:18:26","date_gmt":"2024-04-04T00:18:26","guid":{"rendered":"https:\/\/sisu.ut.ee\/latikeel\/v-kaandkond\/"},"modified":"2024-04-04T03:18:34","modified_gmt":"2024-04-04T00:18:34","slug":"v-kaandkond","status":"publish","type":"page","link":"https:\/\/sisu.ut.ee\/latikeel\/v-kaandkond\/","title":{"rendered":"V k\u00e4\u00e4ndkond (V deklin\u0101cija)"},"content":{"rendered":"<p>\n\tV k\u00e4\u00e4ndkonda kuuluvad\u00a0<strong><strong><strong><strong><strong><em>e-<\/em><\/strong>l\u00f5pulised naissoost s\u00f5nad<\/strong><\/strong><\/strong><\/strong>,<strong><strong><strong><strong>\u00a0<\/strong><\/strong><\/strong><\/strong>nt <em>m\u0101te<\/em>\u00a0\u2018ema\u2019, <em>tase <\/em>\u2018tass\u2019.\u00a0\n<\/p>\n<table class=\"table table-hover\" border=\"0\">\n<tbody>\n<tr>\n<td>\n\t\t\t\t<strong><strong><strong>K\u00e4\u00e4ne <\/strong><\/strong><\/strong>\n\t\t\t<\/td>\n<td colspan=\"2\">\n\t\t\t\t<strong><strong>Ainsus<\/strong><\/strong>\n\t\t\t<\/td>\n<td colspan=\"2\">\n\t\t\t\t<strong><strong>Mitmus<\/strong> <\/strong>\n\t\t\t<\/td>\n<\/tr>\n<tr>\n<td>\n\t\t\t\t<strong>N. kas?<\/strong>\n\t\t\t<\/td>\n<td>\n\t\t\t\tm\u0101te\n\t\t\t<\/td>\n<td>\n\t\t\t\ttase\n\t\t\t<\/td>\n<td>\n\t\t\t\tm\u0101tes\n\t\t\t<\/td>\n<td>\n\t\t\t\ttases\n\t\t\t<\/td>\n<\/tr>\n<tr>\n<td>\n\t\t\t\t<strong>\u0122. k\u0101?<\/strong>\n\t\t\t<\/td>\n<td>\n\t\t\t\tm\u0101tes\n\t\t\t<\/td>\n<td>\n\t\t\t\ttases\n\t\t\t<\/td>\n<td>\n\t\t\t\tm\u0101\u0161u*\n\t\t\t<\/td>\n<td>\n\t\t\t\ttasu*\n\t\t\t<\/td>\n<\/tr>\n<tr>\n<td>\n\t\t\t\t<strong>D. kam?<\/strong>\n\t\t\t<\/td>\n<td>\n\t\t\t\tm\u0101tei\n\t\t\t<\/td>\n<td>\n\t\t\t\ttasei\n\t\t\t<\/td>\n<td>\n\t\t\t\tm\u0101t\u0113m\n\t\t\t<\/td>\n<td>\n\t\t\t\ttas\u0113m\n\t\t\t<\/td>\n<\/tr>\n<tr>\n<td>\n\t\t\t\t<strong>A. ko?<\/strong>\n\t\t\t<\/td>\n<td>\n\t\t\t\tm\u0101ti\n\t\t\t<\/td>\n<td>\n\t\t\t\ttasi\n\t\t\t<\/td>\n<td>\n\t\t\t\tm\u0101tes\n\t\t\t<\/td>\n<td>\n\t\t\t\ttases\n\t\t\t<\/td>\n<\/tr>\n<tr>\n<td>\n\t\t\t\t<strong>I. ar ko?<\/strong>\n\t\t\t<\/td>\n<td>\n\t\t\t\tar m\u0101ti\n\t\t\t<\/td>\n<td>\n\t\t\t\tar tasi\n\t\t\t<\/td>\n<td>\n\t\t\t\tar m\u0101t\u0113m\n\t\t\t<\/td>\n<td>\n\t\t\t\tar tas\u0113m\n\t\t\t<\/td>\n<\/tr>\n<tr>\n<td>\n\t\t\t\t<strong>L. kur?<\/strong>\n\t\t\t<\/td>\n<td>\n\t\t\t\tm\u0101t\u0113\n\t\t\t<\/td>\n<td>\n\t\t\t\ttas\u0113\n\t\t\t<\/td>\n<td>\n\t\t\t\tm\u0101t\u0113s\n\t\t\t<\/td>\n<td>\n\t\t\t\ttas\u0113s\n\t\t\t<\/td>\n<\/tr>\n<tr>\n<td>\n\t\t\t\t<strong>V. \u2013 <\/strong>\n\t\t\t<\/td>\n<td>\n\t\t\t\tm\u0101t(e)\n\t\t\t<\/td>\n<td>\n\t\t\t\ttase\n\t\t\t<\/td>\n<td>\n\t\t\t\tm\u0101tes\n\t\t\t<\/td>\n<td>\n\t\t\t\ttases\n\t\t\t<\/td>\n<\/tr>\n<\/tbody>\n<\/table>\n<p>\n\t*Vt <a data-url=\"https:\/\/sisu.ut.ee\/latikeel\/palatalisatsioon\" href=\"https:\/\/sisu.ut.ee\/latikeel\/palatalisatsioon\" title=\"\">kaash\u00e4\u00e4liku palatalisatsioon<\/a>\n<\/p>\n<p>\n\t<\/p><div class=\"accordion mb-3\">\n        <div class=\"accordion-item accordion-item--white\">\n        <h2 class=\"accordion-header\" id=\"accordion-69df57c3a86d2-heading\">\n            <button class=\"accordion-button collapsed\" type=\"button\" data-bs-toggle=\"collapse\" data-bs-target=\"#accordion-69df57c3a86d2-collapse\" aria-expanded=\"true\" aria-controls=\"accordion-69df57c3a86d2-collapse\"> <strong>V k\u00e4\u00e4ndkonna erandid<\/strong> <\/button>\n        <\/h2>\n        <div id=\"accordion-69df57c3a86d2-collapse\" class=\"accordion-collapse collapse\" aria-labelledby=\"accordion-69df57c3a86d2-heading\">\n            <div class=\"accordion-body\"> \u00dchissoost s\u00f5nadel (nt <em>balamute <\/em>\u2018lobasuu\u2019) ja e-l\u00f5pulistel perekonnanimedel (nt <em>Egle<\/em>) on ainsuse daativis vastavalt\u00a0naissoost k\u00e4\u00e4ndel\u00f5pp <em>\u2013<strong>ei <\/strong><\/em>ning\u00a0meessoost omadel \u2013<strong>em<\/strong>: <em>balamutei <\/em>(n), <em>balamutem\u00a0<\/em>(m), <em>Eglei <\/em>(n), <i>Eglem <\/i>(m). <\/div>\n        <\/div>\n        <\/div>\n    <\/div>\n","protected":false},"excerpt":{"rendered":"<p>V k\u00e4\u00e4ndkonda kuuluvad\u00a0e-l\u00f5pulised naissoost s\u00f5nad,\u00a0nt m\u0101te\u00a0\u2018ema\u2019, tase \u2018tass\u2019.\u00a0 K\u00e4\u00e4ne Ainsus Mitmus N. kas? m\u0101te tase m\u0101tes tases \u0122. k\u0101? m\u0101tes tases m\u0101\u0161u* tasu* D. kam? m\u0101tei tasei m\u0101t\u0113m tas\u0113m A. ko? m\u0101ti tasi m\u0101tes tases I. ar ko? ar m\u0101ti &#8230;<\/p>\n","protected":false},"author":77,"featured_media":0,"parent":0,"menu_order":0,"comment_status":"closed","ping_status":"closed","template":"","meta":{"_acf_changed":false,"inline_featured_image":false,"footnotes":""},"class_list":["post-12","page","type-page","status-publish","hentry"],"acf":[],"_links":{"self":[{"href":"https:\/\/sisu.ut.ee\/latikeel\/wp-json\/wp\/v2\/pages\/12","targetHints":{"allow":["GET"]}}],"collection":[{"href":"https:\/\/sisu.ut.ee\/latikeel\/wp-json\/wp\/v2\/pages"}],"about":[{"href":"https:\/\/sisu.ut.ee\/latikeel\/wp-json\/wp\/v2\/types\/page"}],"author":[{"embeddable":true,"href":"https:\/\/sisu.ut.ee\/latikeel\/wp-json\/wp\/v2\/users\/77"}],"replies":[{"embeddable":true,"href":"https:\/\/sisu.ut.ee\/latikeel\/wp-json\/wp\/v2\/comments?post=12"}],"version-history":[{"count":1,"href":"https:\/\/sisu.ut.ee\/latikeel\/wp-json\/wp\/v2\/pages\/12\/revisions"}],"predecessor-version":[{"id":90,"href":"https:\/\/sisu.ut.ee\/latikeel\/wp-json\/wp\/v2\/pages\/12\/revisions\/90"}],"wp:attachment":[{"href":"https:\/\/sisu.ut.ee\/latikeel\/wp-json\/wp\/v2\/media?parent=12"}],"curies":[{"name":"wp","href":"https:\/\/api.w.org\/{rel}","templated":true}]}}