{"id":11,"date":"2024-04-04T03:18:25","date_gmt":"2024-04-04T00:18:25","guid":{"rendered":"https:\/\/sisu.ut.ee\/latikeel\/iv-kaandkond\/"},"modified":"2024-04-04T03:18:35","modified_gmt":"2024-04-04T00:18:35","slug":"iv-kaandkond","status":"publish","type":"page","link":"https:\/\/sisu.ut.ee\/latikeel\/iv-kaandkond\/","title":{"rendered":"IV k\u00e4\u00e4ndkond (IV deklin\u0101cija)"},"content":{"rendered":"<p>\n\tIV k\u00e4\u00e4ndkonda kuuluvad\u00a0<strong><strong><strong><em>a<\/em>\u2013<\/strong>l\u00f5pulised naissoost s\u00f5nad\u00a0<\/strong><\/strong>nt <em>lapa<\/em>\u00a0\u2018leht\u2019, <em>pazi\u0146a<\/em> \u2018tuttav\u2019.\n<\/p>\n<table class=\"table table-hover\" border=\"0\">\n<tbody>\n<tr>\n<td>\n\t\t\t\t<strong><strong>K\u00e4\u00e4ne\u00a0<\/strong><\/strong>\n\t\t\t<\/td>\n<td colspan=\"2\">\n\t\t\t\t<strong><strong>Ainsus<\/strong> <\/strong>\n\t\t\t<\/td>\n<td colspan=\"2\">\n\t\t\t\t<strong><strong>Mitmus<\/strong> <\/strong>\n\t\t\t<\/td>\n<\/tr>\n<tr>\n<td>\n\t\t\t\t<strong>N. kas?<\/strong>\n\t\t\t<\/td>\n<td>\n\t\t\t\tlapa\n\t\t\t<\/td>\n<td>\n\t\t\t\tpazi\u0146a\n\t\t\t<\/td>\n<td>\n\t\t\t\tlapas\n\t\t\t<\/td>\n<td>\n\t\t\t\tpazi\u0146as\n\t\t\t<\/td>\n<\/tr>\n<tr>\n<td>\n\t\t\t\t<strong>\u0122. k\u0101?<\/strong>\n\t\t\t<\/td>\n<td>\n\t\t\t\tlapas\n\t\t\t<\/td>\n<td>\n\t\t\t\tpazi\u0146as\n\t\t\t<\/td>\n<td>\n\t\t\t\tlapu\n\t\t\t<\/td>\n<td>\n\t\t\t\tpazi\u0146u\n\t\t\t<\/td>\n<\/tr>\n<tr>\n<td>\n\t\t\t\t<strong>D. kam?<\/strong>\n\t\t\t<\/td>\n<td>\n\t\t\t\tlapai\n\t\t\t<\/td>\n<td>\n\t\t\t\tpazi\u0146ai\/pazi\u0146am\n\t\t\t<\/td>\n<td>\n\t\t\t\tlap\u0101m\n\t\t\t<\/td>\n<td>\n\t\t\t\tpazi\u0146\u0101m\n\t\t\t<\/td>\n<\/tr>\n<tr>\n<td>\n\t\t\t\t<strong>A. ko?<\/strong>\n\t\t\t<\/td>\n<td>\n\t\t\t\tlapu\n\t\t\t<\/td>\n<td>\n\t\t\t\tpazi\u0146u\n\t\t\t<\/td>\n<td>\n\t\t\t\tlapas\n\t\t\t<\/td>\n<td>\n\t\t\t\tpazi\u0146as\n\t\t\t<\/td>\n<\/tr>\n<tr>\n<td>\n\t\t\t\t<strong>I. ar ko?<\/strong>\n\t\t\t<\/td>\n<td>\n\t\t\t\tar lapu\n\t\t\t<\/td>\n<td>\n\t\t\t\tar pazi\u0146u\n\t\t\t<\/td>\n<td>\n\t\t\t\tar lap\u0101m\n\t\t\t<\/td>\n<td>\n\t\t\t\tar pazi\u0146\u0101m\n\t\t\t<\/td>\n<\/tr>\n<tr>\n<td>\n\t\t\t\t<strong>L. kur?<\/strong>\n\t\t\t<\/td>\n<td>\n\t\t\t\tlap\u0101\n\t\t\t<\/td>\n<td>\n\t\t\t\tpazi\u0146\u0101\n\t\t\t<\/td>\n<td>\n\t\t\t\tlap\u0101s\n\t\t\t<\/td>\n<td>\n\t\t\t\tpazi\u0146\u0101s\n\t\t\t<\/td>\n<\/tr>\n<tr>\n<td>\n\t\t\t\t<strong>V. \u2013<\/strong>\n\t\t\t<\/td>\n<td>\n\t\t\t\tlapa\n\t\t\t<\/td>\n<td>\n\t\t\t\tpazi\u0146a\n\t\t\t<\/td>\n<td>\n\t\t\t\tlapas\n\t\t\t<\/td>\n<td>\n\t\t\t\tpazi\u0146as\n\t\t\t<\/td>\n<\/tr>\n<\/tbody>\n<\/table>\n<p>\n\t<em><div class=\"accordion mb-3\">\n        <div class=\"accordion-item accordion-item--white\">\n        <h2 class=\"accordion-header\" id=\"accordion-69df3e8a1d5a4-heading\">\n            <button class=\"accordion-button collapsed\" type=\"button\" data-bs-toggle=\"collapse\" data-bs-target=\"#accordion-69df3e8a1d5a4-collapse\" aria-expanded=\"true\" aria-controls=\"accordion-69df3e8a1d5a4-collapse\"> <strong>IV k\u00e4\u00e4ndkonna erandid<\/strong> <em><\/em><\/button>\n        <\/h2>\n        <div id=\"accordion-69df3e8a1d5a4-collapse\" class=\"accordion-collapse collapse\" aria-labelledby=\"accordion-69df3e8a1d5a4-heading\">\n            <div class=\"accordion-body\"> \u00dchissoost s\u00f5nadel (nt <em>au\u0161a<\/em>\u00a0\u2018tuisupea\u2019,<em> tiep\u0161a<\/em>\u00a0\u2018p\u00f5ikpea\u2019,<em> slepkava<\/em>\u00a0\u2018m\u00f5rvar\u2019,<em> bezkau\u0146a<\/em>\u00a0\u2018jultunu\u2019,<em> pazi\u0146a <\/em>\u2018tuttav\u2019) on ainsuse daativis vastavalt naissoost k\u00e4\u00e4ndel\u00f5pp<em> \u2013<strong>ai\u00a0<\/strong><\/em>ning\u00a0meessoost l\u00f5pp<em>\u00a0\u2013<strong>am<\/strong>.\u00a0<\/em>\n\n<p>\n\tMeessoost s\u00f5na\u00a0<em>puika\u00a0<\/em>\u2018poiss\u2019<em>\u00a0<\/em>on 4. k\u00e4\u00e4ndkonna s\u00f5na, millel on ainsuse daativis vastavalt\u00a0meessoost l\u00f5pp:<em>\u00a0puik<strong>am<\/strong>.<\/em>\n<\/p>\n<p>\n\tNii \u00fchis-\u00a0kui ka meessoost erands\u00f5nadel on\u00a0mitmuse daativi k\u00e4\u00e4ndes sama l\u00f5pp nagu naissoost s\u00f5nadel \u2013<strong>\u0101m<\/strong>: <em>puik\u0101m, pazi\u0146\u0101m, bezkau\u0146\u0101m\u00a0<\/em><\/p><\/div>\n        <\/div>\n        <\/div>\n    <\/div><\/em><\/p>\n","protected":false},"excerpt":{"rendered":"<p>IV k\u00e4\u00e4ndkonda kuuluvad\u00a0a\u2013l\u00f5pulised naissoost s\u00f5nad\u00a0nt lapa\u00a0\u2018leht\u2019, pazi\u0146a \u2018tuttav\u2019. K\u00e4\u00e4ne\u00a0 Ainsus Mitmus N. kas? lapa pazi\u0146a lapas pazi\u0146as \u0122. k\u0101? lapas pazi\u0146as lapu pazi\u0146u D. kam? lapai pazi\u0146ai\/pazi\u0146am lap\u0101m pazi\u0146\u0101m A. ko? lapu pazi\u0146u lapas pazi\u0146as I. ar ko? ar lapu &#8230;<\/p>\n","protected":false},"author":77,"featured_media":0,"parent":0,"menu_order":0,"comment_status":"closed","ping_status":"closed","template":"","meta":{"_acf_changed":false,"inline_featured_image":false,"footnotes":""},"class_list":["post-11","page","type-page","status-publish","hentry"],"acf":[],"_links":{"self":[{"href":"https:\/\/sisu.ut.ee\/latikeel\/wp-json\/wp\/v2\/pages\/11","targetHints":{"allow":["GET"]}}],"collection":[{"href":"https:\/\/sisu.ut.ee\/latikeel\/wp-json\/wp\/v2\/pages"}],"about":[{"href":"https:\/\/sisu.ut.ee\/latikeel\/wp-json\/wp\/v2\/types\/page"}],"author":[{"embeddable":true,"href":"https:\/\/sisu.ut.ee\/latikeel\/wp-json\/wp\/v2\/users\/77"}],"replies":[{"embeddable":true,"href":"https:\/\/sisu.ut.ee\/latikeel\/wp-json\/wp\/v2\/comments?post=11"}],"version-history":[{"count":1,"href":"https:\/\/sisu.ut.ee\/latikeel\/wp-json\/wp\/v2\/pages\/11\/revisions"}],"predecessor-version":[{"id":113,"href":"https:\/\/sisu.ut.ee\/latikeel\/wp-json\/wp\/v2\/pages\/11\/revisions\/113"}],"wp:attachment":[{"href":"https:\/\/sisu.ut.ee\/latikeel\/wp-json\/wp\/v2\/media?parent=11"}],"curies":[{"name":"wp","href":"https:\/\/api.w.org\/{rel}","templated":true}]}}