{"id":10,"date":"2024-04-04T03:18:25","date_gmt":"2024-04-04T00:18:25","guid":{"rendered":"https:\/\/sisu.ut.ee\/latikeel\/iii-kaandkond\/"},"modified":"2024-04-04T03:18:35","modified_gmt":"2024-04-04T00:18:35","slug":"iii-kaandkond","status":"publish","type":"page","link":"https:\/\/sisu.ut.ee\/latikeel\/iii-kaandkond\/","title":{"rendered":"III k\u00e4\u00e4ndkond (III deklin\u0101cija)"},"content":{"rendered":"<p>\n\tIII k\u00e4\u00e4ndkonda kuuluvad\u00a0<strong><strong><em>us<\/em>\u2013<\/strong>l\u00f5pulised meessoost s\u00f5nad<\/strong>, nt\u00a0<em>tirgus<\/em>\u00a0\u2018turg\u2019\u00a0ja isikunimi\u00a0<em>Mikus.<\/em>\n<\/p>\n<table class=\"table table-hover\" border=\"0\">\n<tbody>\n<tr>\n<td>\n\t\t\t\t<strong>K\u00e4\u00e4ne<\/strong>\n\t\t\t<\/td>\n<td colspan=\"2\">\n\t\t\t\t<strong>Ainsus<\/strong>\n\t\t\t<\/td>\n<td colspan=\"2\">\n\t\t\t\t<strong>Mitmus<\/strong>\n\t\t\t<\/td>\n<\/tr>\n<tr>\n<td>\n\t\t\t\t<strong>N. kas?<\/strong>\n\t\t\t<\/td>\n<td>\n\t\t\t\ttirgus\n\t\t\t<\/td>\n<td>\n\t\t\t\tMikus\n\t\t\t<\/td>\n<td>\n\t\t\t\ttirgi\n\t\t\t<\/td>\n<td>\n\t\t\t\tMiki\n\t\t\t<\/td>\n<\/tr>\n<tr>\n<td>\n\t\t\t\t<strong>\u0122. k\u0101?<\/strong>\n\t\t\t<\/td>\n<td>\n\t\t\t\ttirgus\n\t\t\t<\/td>\n<td>\n\t\t\t\tMikus\n\t\t\t<\/td>\n<td>\n\t\t\t\ttirgu\n\t\t\t<\/td>\n<td>\n\t\t\t\tMiku\n\t\t\t<\/td>\n<\/tr>\n<tr>\n<td>\n\t\t\t\t<strong>D. kam?<\/strong>\n\t\t\t<\/td>\n<td>\n\t\t\t\ttirgum\n\t\t\t<\/td>\n<td>\n\t\t\t\tMikum\n\t\t\t<\/td>\n<td>\n\t\t\t\ttirgiem\n\t\t\t<\/td>\n<td>\n\t\t\t\tMikiem\n\t\t\t<\/td>\n<\/tr>\n<tr>\n<td>\n\t\t\t\t<strong>A. ko?<\/strong>\n\t\t\t<\/td>\n<td>\n\t\t\t\ttirgu\n\t\t\t<\/td>\n<td>\n\t\t\t\tMiku\n\t\t\t<\/td>\n<td>\n\t\t\t\ttirgus\n\t\t\t<\/td>\n<td>\n\t\t\t\tMikus\n\t\t\t<\/td>\n<\/tr>\n<tr>\n<td>\n\t\t\t\t<strong>L. kur?<\/strong>\n\t\t\t<\/td>\n<td>\n\t\t\t\ttirg\u016b\n\t\t\t<\/td>\n<td>\n\t\t\t\tMik\u016b\n\t\t\t<\/td>\n<td>\n\t\t\t\ttirgos\n\t\t\t<\/td>\n<td>\n\t\t\t\tMikos\n\t\t\t<\/td>\n<\/tr>\n<tr>\n<td>\n\t\t\t\t<strong>V. \u2013 <\/strong>\n\t\t\t<\/td>\n<td>\n\t\t\t\ttirgu\n\t\t\t<\/td>\n<td>\n\t\t\t\tMiku\n\t\t\t<\/td>\n<td>\n\t\t\t\ttirgi\n\t\t\t<\/td>\n<td>\n\t\t\t\tMiki\n\t\t\t<\/td>\n<\/tr>\n<\/tbody>\n<\/table>\n<p>\n\t<\/p><div class=\"accordion mb-3\">\n        <div class=\"accordion-item accordion-item--white\">\n        <h2 class=\"accordion-header\" id=\"accordion-69defe51a7611-heading\">\n            <button class=\"accordion-button collapsed\" type=\"button\" data-bs-toggle=\"collapse\" data-bs-target=\"#accordion-69defe51a7611-collapse\" aria-expanded=\"true\" aria-controls=\"accordion-69defe51a7611-collapse\"><strong>III k\u00e4\u00e4ndkonna kuuluvad veel s\u00f5nad:<\/strong><\/button>\n        <\/h2>\n        <div id=\"accordion-69defe51a7611-collapse\" class=\"accordion-collapse collapse\" aria-labelledby=\"accordion-69defe51a7611-heading\">\n            <div class=\"accordion-body\">\u00a0<strong><em>alus<\/em> <\/strong>\u2018\u00f5lu\u2019, <strong><em>klepus<\/em> <\/strong>\u2018k\u00f6ha\u2019, <strong><em>ledus<\/em> <\/strong>\u2018j\u00e4\u00e4\u2019, <strong><em>lietus<\/em> <\/strong>\u2018vihm\u2019, <strong><em>medus <\/em><\/strong>\u2018mesi\u2019, <em><strong>tirgus <\/strong>\u2018<\/em>turg\u2019, <strong><em>vidus <\/em><\/strong>\u2018keskkoht\u2019, <strong><em>viltus <\/em><\/strong>\u2018v\u00f5ltsus\u2019\u00a0<\/div>\n        <\/div>\n        <\/div>\n    <\/div>\n","protected":false},"excerpt":{"rendered":"<p>III k\u00e4\u00e4ndkonda kuuluvad\u00a0us\u2013l\u00f5pulised meessoost s\u00f5nad, nt\u00a0tirgus\u00a0\u2018turg\u2019\u00a0ja isikunimi\u00a0Mikus. K\u00e4\u00e4ne Ainsus Mitmus N. kas? tirgus Mikus tirgi Miki \u0122. k\u0101? tirgus Mikus tirgu Miku D. kam? tirgum Mikum tirgiem Mikiem A. ko? tirgu Miku tirgus Mikus L. kur? tirg\u016b Mik\u016b tirgos Mikos &#8230;<\/p>\n","protected":false},"author":77,"featured_media":0,"parent":0,"menu_order":0,"comment_status":"closed","ping_status":"closed","template":"","meta":{"_acf_changed":false,"inline_featured_image":false,"footnotes":""},"class_list":["post-10","page","type-page","status-publish","hentry"],"acf":[],"_links":{"self":[{"href":"https:\/\/sisu.ut.ee\/latikeel\/wp-json\/wp\/v2\/pages\/10","targetHints":{"allow":["GET"]}}],"collection":[{"href":"https:\/\/sisu.ut.ee\/latikeel\/wp-json\/wp\/v2\/pages"}],"about":[{"href":"https:\/\/sisu.ut.ee\/latikeel\/wp-json\/wp\/v2\/types\/page"}],"author":[{"embeddable":true,"href":"https:\/\/sisu.ut.ee\/latikeel\/wp-json\/wp\/v2\/users\/77"}],"replies":[{"embeddable":true,"href":"https:\/\/sisu.ut.ee\/latikeel\/wp-json\/wp\/v2\/comments?post=10"}],"version-history":[{"count":2,"href":"https:\/\/sisu.ut.ee\/latikeel\/wp-json\/wp\/v2\/pages\/10\/revisions"}],"predecessor-version":[{"id":213,"href":"https:\/\/sisu.ut.ee\/latikeel\/wp-json\/wp\/v2\/pages\/10\/revisions\/213"}],"wp:attachment":[{"href":"https:\/\/sisu.ut.ee\/latikeel\/wp-json\/wp\/v2\/media?parent=10"}],"curies":[{"name":"wp","href":"https:\/\/api.w.org\/{rel}","templated":true}]}}