{"id":8,"date":"2024-04-03T23:15:43","date_gmt":"2024-04-03T20:15:43","guid":{"rendered":"https:\/\/sisu.ut.ee\/ladinaverb\/ladina-verb-imperfectum\/"},"modified":"2024-04-30T17:14:51","modified_gmt":"2024-04-30T14:14:51","slug":"ladina-verb-imperfectum","status":"publish","type":"page","link":"https:\/\/sisu.ut.ee\/ladinaverb\/ladina-verb-imperfectum\/","title":{"rendered":"Ladina verb: imperfectum"},"content":{"rendered":"<p>Videos esitatakse \u00fclevaade ladina\u00a0<em>imperfectum indicativi activi<\/em>\u00a0tunnustest ja moodustamisest erinevates p\u00f6\u00f6rdkondades.<\/p>\n<p style=\"text-align: center;\"><\/p><div class=\"ratio ratio-16x9 mb-3\"><div class=\"video-placeholder-wrapper video-placeholder-wrapper--16x9\">\n\t\t\t    <div class=\"video-placeholder d-flex justify-content-center align-items-center\">\n\t\t\t        <div class=\"overlay text-white p-2 w-100 text-center d-block justify-content-center align-items-center\">\n\t\t\t            <div>Kolmandate osapoolte sisu n\u00e4gemiseks palun n\u00f5ustu k\u00fcpsistega.<\/div>\n\t\t\t            <button class=\"btn btn-secondary btn-sm mt-1 consent-change\">Muuda n\u00f5usolekut<\/button>\n\t\t\t        <\/div>\n\t\t\t    <\/div>\n\t\t\t<\/div>\n<\/div>\n<p style=\"text-align: center;\"><a href=\"http:\/\/www.uttv.ee\/naita?id=18033\" target=\"_blank\" rel=\"noopener\">http:\/\/www.uttv.ee\/naita?id=18033<\/a><\/p>\n<p><\/p><div class=\"accordion mb-3\">\n        <div class=\"accordion-item accordion-item--white\">\n        <h2 class=\"accordion-header\" id=\"accordion-69ff7c1aee632-heading\">\n            <button class=\"accordion-button collapsed\" type=\"button\" data-bs-toggle=\"collapse\" data-bs-target=\"#accordion-69ff7c1aee632-collapse\" aria-expanded=\"true\" aria-controls=\"accordion-69ff7c1aee632-collapse\">Milline tunnus liidetakse imperfekti moodustamiseks verbi t\u00fcvele I p\u00f6\u00f6rdkonnas? Milline tunnus liidetakse \u00fclej\u00e4\u00e4nud p\u00f6\u00f6rdkondades?<\/button>\n        <\/h2>\n        <div id=\"accordion-69ff7c1aee632-collapse\" class=\"accordion-collapse collapse\" aria-labelledby=\"accordion-69ff7c1aee632-heading\">\n            <div class=\"accordion-body\"><br>\nI p\u00f6\u00f6rdkonna moodustamiseks tuleb liita -aba-, \u00fclej\u00e4\u00e4nud p\u00f6\u00f6rdkondade puhul -eba-.<\/div>\n        <\/div>\n        <\/div>\n    <\/div><br>\n<div class=\"accordion mb-3\">\n        <div class=\"accordion-item accordion-item--white\">\n        <h2 class=\"accordion-header\" id=\"accordion-69ff7c1aee644-heading\">\n            <button class=\"accordion-button collapsed\" type=\"button\" data-bs-toggle=\"collapse\" data-bs-target=\"#accordion-69ff7c1aee644-collapse\" aria-expanded=\"true\" aria-controls=\"accordion-69ff7c1aee644-collapse\">P\u00f6\u00f6rake imperfektis verbi \u2018mando, mandavi, mandatum, mandare\u2019, usaldama.<\/button>\n        <\/h2>\n        <div id=\"accordion-69ff7c1aee644-collapse\" class=\"accordion-collapse collapse\" aria-labelledby=\"accordion-69ff7c1aee644-heading\">\n            <div class=\"accordion-body\"><br>\nmandabam, mandabam, mandabas, mandabamus, mandabatis, mandabant.<\/div>\n        <\/div>\n        <\/div>\n    <\/div><br>\n<div class=\"accordion mb-3\">\n        <div class=\"accordion-item accordion-item--white\">\n        <h2 class=\"accordion-header\" id=\"accordion-69ff7c1aee646-heading\">\n            <button class=\"accordion-button collapsed\" type=\"button\" data-bs-toggle=\"collapse\" data-bs-target=\"#accordion-69ff7c1aee646-collapse\" aria-expanded=\"true\" aria-controls=\"accordion-69ff7c1aee646-collapse\">P\u00f6\u00f6rake imperfektis verbi \u2018rumpo, rupi, ruptum, rumpere\u2019, murdma.<\/button>\n        <\/h2>\n        <div id=\"accordion-69ff7c1aee646-collapse\" class=\"accordion-collapse collapse\" aria-labelledby=\"accordion-69ff7c1aee646-heading\">\n            <div class=\"accordion-body\"><br>\nrumpebam, rumpebas, rumpebat, rumpebamus, rumpebatis, rumpebat.<\/div>\n        <\/div>\n        <\/div>\n    <\/div>\n<div id=\"accordion\" class=\"accordion\"><\/div>\n","protected":false},"excerpt":{"rendered":"<p>Videos esitatakse \u00fclevaade ladina\u00a0imperfectum indicativi activi\u00a0tunnustest ja moodustamisest erinevates p\u00f6\u00f6rdkondades. Kolmandate osapoolte sisu n\u00e4gemiseks palun n\u00f5ustu k\u00fcpsistega. Muuda n\u00f5usolekut http:\/\/www.uttv.ee\/naita?id=18033 Milline tunnus liidetakse imperfekti moodustamiseks verbi t\u00fcvele I p\u00f6\u00f6rdkonnas? Milline tunnus liidetakse \u00fclej\u00e4\u00e4nud p\u00f6\u00f6rdkondades? I p\u00f6\u00f6rdkonna moodustamiseks tuleb liita -aba-, &#8230;<\/p>\n","protected":false},"author":24,"featured_media":0,"parent":0,"menu_order":0,"comment_status":"closed","ping_status":"closed","template":"","meta":{"_acf_changed":false,"inline_featured_image":false,"footnotes":""},"class_list":["post-8","page","type-page","status-publish","hentry"],"acf":[],"_links":{"self":[{"href":"https:\/\/sisu.ut.ee\/ladinaverb\/wp-json\/wp\/v2\/pages\/8","targetHints":{"allow":["GET"]}}],"collection":[{"href":"https:\/\/sisu.ut.ee\/ladinaverb\/wp-json\/wp\/v2\/pages"}],"about":[{"href":"https:\/\/sisu.ut.ee\/ladinaverb\/wp-json\/wp\/v2\/types\/page"}],"author":[{"embeddable":true,"href":"https:\/\/sisu.ut.ee\/ladinaverb\/wp-json\/wp\/v2\/users\/24"}],"replies":[{"embeddable":true,"href":"https:\/\/sisu.ut.ee\/ladinaverb\/wp-json\/wp\/v2\/comments?post=8"}],"version-history":[{"count":2,"href":"https:\/\/sisu.ut.ee\/ladinaverb\/wp-json\/wp\/v2\/pages\/8\/revisions"}],"predecessor-version":[{"id":40,"href":"https:\/\/sisu.ut.ee\/ladinaverb\/wp-json\/wp\/v2\/pages\/8\/revisions\/40"}],"wp:attachment":[{"href":"https:\/\/sisu.ut.ee\/ladinaverb\/wp-json\/wp\/v2\/media?parent=8"}],"curies":[{"name":"wp","href":"https:\/\/api.w.org\/{rel}","templated":true}]}}