{"id":7,"date":"2024-04-03T23:15:43","date_gmt":"2024-04-03T20:15:43","guid":{"rendered":"https:\/\/sisu.ut.ee\/ladinaverb\/ladina-verb-praesens\/"},"modified":"2024-04-30T17:12:17","modified_gmt":"2024-04-30T14:12:17","slug":"ladina-verb-praesens","status":"publish","type":"page","link":"https:\/\/sisu.ut.ee\/ladinaverb\/ladina-verb-praesens\/","title":{"rendered":"Ladina verb: praesens"},"content":{"rendered":"<p>\u00d5ppevideo sisaldab informatsiooni ladina verbi p\u00f5hivormide, p\u00f6\u00f6rdkondade ja\u00a0<em>praesens indicativi activi \u00a0<\/em>vormide moodustamise kohta.<\/p>\n<p style=\"text-align: center;\"><\/p><div class=\"ratio ratio-16x9 mb-3\"><div class=\"video-placeholder-wrapper video-placeholder-wrapper--16x9\">\n\t\t\t    <div class=\"video-placeholder d-flex justify-content-center align-items-center\">\n\t\t\t        <div class=\"overlay text-white p-2 w-100 text-center d-block justify-content-center align-items-center\">\n\t\t\t            <div>Kolmandate osapoolte sisu n\u00e4gemiseks palun n\u00f5ustu k\u00fcpsistega.<\/div>\n\t\t\t            <button class=\"btn btn-secondary btn-sm mt-1 consent-change\">Muuda n\u00f5usolekut<\/button>\n\t\t\t        <\/div>\n\t\t\t    <\/div>\n\t\t\t<\/div>\n<\/div>\n<p style=\"text-align: center;\"><a style=\"line-height: 1.6em;\" href=\"http:\/\/www.uttv.ee\/naita?id=17899\" target=\"_blank\" rel=\"noopener\">http:\/\/www.uttv.ee\/naita?id=17899<\/a><\/p>\n<p><\/p><div class=\"accordion mb-3\">\n        <div class=\"accordion-item accordion-item--white\">\n        <h2 class=\"accordion-header\" id=\"accordion-69ff7c1e0625e-heading\">\n            <button class=\"accordion-button collapsed\" type=\"button\" data-bs-toggle=\"collapse\" data-bs-target=\"#accordion-69ff7c1e0625e-collapse\" aria-expanded=\"true\" aria-controls=\"accordion-69ff7c1e0625e-collapse\">Nimetage I, II, III ja IV p\u00f6\u00f6rdkonna vokaalsed tunnused<\/button>\n        <\/h2>\n        <div id=\"accordion-69ff7c1e0625e-collapse\" class=\"accordion-collapse collapse\" aria-labelledby=\"accordion-69ff7c1e0625e-heading\">\n            <div class=\"accordion-body\">I p\u00f6\u00f6rdkonna tunnus on\u00a0a, II p\u00f6\u00f6rdkonna tunnus on\u00a0e, III p\u00f6\u00f6rdkonna tunnus on l\u00fchike\u00a0i, mis enne infinitiivi l\u00f5ppu -re asendub\u00a0e-ga, IV p\u00f6\u00f6rdkonna tunnus on pikk\u00a0i.<\/div>\n        <\/div>\n        <\/div>\n    <\/div>\n<p><\/p><div class=\"accordion mb-3\">\n        <div class=\"accordion-item accordion-item--white\">\n        <h2 class=\"accordion-header\" id=\"accordion-69ff7c1e06264-heading\">\n            <button class=\"accordion-button collapsed\" type=\"button\" data-bs-toggle=\"collapse\" data-bs-target=\"#accordion-69ff7c1e06264-collapse\" aria-expanded=\"true\" aria-controls=\"accordion-69ff7c1e06264-collapse\">Millisesse p\u00f6\u00f6rdkonda kuuluvad verbid \u2018maneo, mansi, mansum, manere\u2019, \u2018cerno, crevi, cretum, cernere\u2019, \u2018finio, finivi, finitum, finire\u2019?<\/button>\n        <\/h2>\n        <div id=\"accordion-69ff7c1e06264-collapse\" class=\"accordion-collapse collapse\" aria-labelledby=\"accordion-69ff7c1e06264-heading\">\n            <div class=\"accordion-body\"><br>\n\u2018Maneo\u2019 kuulub II p\u00f6\u00f6rdkonda, \u2018cerno\u2019 kuulub III p\u00f6\u00f6rdkonda, \u2018finio\u2019 kuulub IV p\u00f6\u00f6rdkonda.<\/div>\n        <\/div>\n        <\/div>\n    <\/div>\n<p><\/p><div class=\"accordion mb-3\">\n        <div class=\"accordion-item accordion-item--white\">\n        <h2 class=\"accordion-header\" id=\"accordion-69ff7c1e06266-heading\">\n            <button class=\"accordion-button collapsed\" type=\"button\" data-bs-toggle=\"collapse\" data-bs-target=\"#accordion-69ff7c1e06266-collapse\" aria-expanded=\"true\" aria-controls=\"accordion-69ff7c1e06266-collapse\">Millised on verbi \u2018capio, cepi, captum, capere\u2019\u00a0praesens indicativi activi\u00a0vormid nii ainsuses kui ka mitmuses?<\/button>\n        <\/h2>\n        <div id=\"accordion-69ff7c1e06266-collapse\" class=\"accordion-collapse collapse\" aria-labelledby=\"accordion-69ff7c1e06266-heading\">\n            <div class=\"accordion-body\"><br>\ncapio, capis, capit, capimus, capitis, capiunt.<\/div>\n        <\/div>\n        <\/div>\n    <\/div>\n","protected":false},"excerpt":{"rendered":"<p>\u00d5ppevideo sisaldab informatsiooni ladina verbi p\u00f5hivormide, p\u00f6\u00f6rdkondade ja\u00a0praesens indicativi activi \u00a0vormide moodustamise kohta. Kolmandate osapoolte sisu n\u00e4gemiseks palun n\u00f5ustu k\u00fcpsistega. Muuda n\u00f5usolekut http:\/\/www.uttv.ee\/naita?id=17899 Nimetage I, II, III ja IV p\u00f6\u00f6rdkonna vokaalsed tunnused I p\u00f6\u00f6rdkonna tunnus on\u00a0a, II p\u00f6\u00f6rdkonna tunnus on\u00a0e, &#8230;<\/p>\n","protected":false},"author":24,"featured_media":0,"parent":0,"menu_order":0,"comment_status":"closed","ping_status":"closed","template":"","meta":{"_acf_changed":false,"inline_featured_image":false,"footnotes":""},"class_list":["post-7","page","type-page","status-publish","hentry"],"acf":[],"_links":{"self":[{"href":"https:\/\/sisu.ut.ee\/ladinaverb\/wp-json\/wp\/v2\/pages\/7","targetHints":{"allow":["GET"]}}],"collection":[{"href":"https:\/\/sisu.ut.ee\/ladinaverb\/wp-json\/wp\/v2\/pages"}],"about":[{"href":"https:\/\/sisu.ut.ee\/ladinaverb\/wp-json\/wp\/v2\/types\/page"}],"author":[{"embeddable":true,"href":"https:\/\/sisu.ut.ee\/ladinaverb\/wp-json\/wp\/v2\/users\/24"}],"replies":[{"embeddable":true,"href":"https:\/\/sisu.ut.ee\/ladinaverb\/wp-json\/wp\/v2\/comments?post=7"}],"version-history":[{"count":2,"href":"https:\/\/sisu.ut.ee\/ladinaverb\/wp-json\/wp\/v2\/pages\/7\/revisions"}],"predecessor-version":[{"id":38,"href":"https:\/\/sisu.ut.ee\/ladinaverb\/wp-json\/wp\/v2\/pages\/7\/revisions\/38"}],"wp:attachment":[{"href":"https:\/\/sisu.ut.ee\/ladinaverb\/wp-json\/wp\/v2\/media?parent=7"}],"curies":[{"name":"wp","href":"https:\/\/api.w.org\/{rel}","templated":true}]}}