{"id":5,"date":"2024-04-03T23:15:43","date_gmt":"2024-04-03T20:15:43","guid":{"rendered":"https:\/\/sisu.ut.ee\/ladinaverb\/ladina-verb\/"},"modified":"2024-04-03T23:15:45","modified_gmt":"2024-04-03T20:15:45","slug":"ladina-verb","status":"publish","type":"page","link":"https:\/\/sisu.ut.ee\/ladinaverb\/ladina-verb\/","title":{"rendered":"Ladina verb"},"content":{"rendered":"<p>Sisupakett sisaldab nelja \u00f5ppevideot ladina verbi kohta. Esimene video (pikkus 00:09:20) annab \u00fclevaate ladina verbi aegadest, p\u00f6\u00f6rdkondadest ja <em>praesens indicativi activi<\/em> vormide moodustamiseks. Teine video (pikkus 00:05:47) n\u00e4itab <em>imperfectum indicativi activi<\/em> moodustamise p\u00f5him\u00f5tteid. Kolmandas videos (pikkusega 00:06:39) esitatakse <em>futurum I indicativi activi<\/em>\u00a0 tunnused ja p\u00f6\u00f6rdel\u00f5pud, tuues v\u00e4lja erinevused I-II ja III-IV p\u00f6\u00f6rdkonna verbide vahel. Neljandasse videosse (pikkusega 00:06:53) on koondatud kolm perfekti t\u00fcvest moodustatavat aega: <em>perfectum<\/em>, <em>plusquamperfectum<\/em> ja <em>futurum II indicativi activi<\/em>.\u00a0<\/p>\n","protected":false},"excerpt":{"rendered":"<p>Sisupakett sisaldab nelja \u00f5ppevideot ladina verbi kohta. Esimene video (pikkus 00:09:20) annab \u00fclevaate ladina verbi aegadest, p\u00f6\u00f6rdkondadest ja praesens indicativi activi vormide moodustamiseks. Teine video (pikkus 00:05:47) n\u00e4itab imperfectum indicativi activi moodustamise p\u00f5him\u00f5tteid. Kolmandas videos (pikkusega 00:06:39) esitatakse futurum I &#8230;<\/p>\n","protected":false},"author":24,"featured_media":0,"parent":0,"menu_order":0,"comment_status":"closed","ping_status":"closed","template":"","meta":{"_acf_changed":false,"inline_featured_image":false,"footnotes":""},"class_list":["post-5","page","type-page","status-publish","hentry"],"acf":[],"_links":{"self":[{"href":"https:\/\/sisu.ut.ee\/ladinaverb\/wp-json\/wp\/v2\/pages\/5","targetHints":{"allow":["GET"]}}],"collection":[{"href":"https:\/\/sisu.ut.ee\/ladinaverb\/wp-json\/wp\/v2\/pages"}],"about":[{"href":"https:\/\/sisu.ut.ee\/ladinaverb\/wp-json\/wp\/v2\/types\/page"}],"author":[{"embeddable":true,"href":"https:\/\/sisu.ut.ee\/ladinaverb\/wp-json\/wp\/v2\/users\/24"}],"replies":[{"embeddable":true,"href":"https:\/\/sisu.ut.ee\/ladinaverb\/wp-json\/wp\/v2\/comments?post=5"}],"version-history":[{"count":1,"href":"https:\/\/sisu.ut.ee\/ladinaverb\/wp-json\/wp\/v2\/pages\/5\/revisions"}],"predecessor-version":[{"id":27,"href":"https:\/\/sisu.ut.ee\/ladinaverb\/wp-json\/wp\/v2\/pages\/5\/revisions\/27"}],"wp:attachment":[{"href":"https:\/\/sisu.ut.ee\/ladinaverb\/wp-json\/wp\/v2\/media?parent=5"}],"curies":[{"name":"wp","href":"https:\/\/api.w.org\/{rel}","templated":true}]}}