{"id":3,"date":"2024-04-03T23:15:43","date_gmt":"2024-04-03T20:15:43","guid":{"rendered":"https:\/\/sisu.ut.ee\/ladinaverb\/avaleht\/"},"modified":"2024-04-30T17:05:56","modified_gmt":"2024-04-30T14:05:56","slug":"avaleht","status":"publish","type":"page","link":"https:\/\/sisu.ut.ee\/ladinaverb\/","title":{"rendered":"Avaleht"},"content":{"rendered":"<p style=\"text-align: center\"><span style=\"color: #003366;font-size: small\">Autor: Maria-Kristiina Lotman (maria.lotman@ut.ee)<\/span><br><span style=\"line-height: 1.6em;color: #003366\">klassikalise filoloogia dotsent, germaani, romaani ja slaavi filoloogia osakond<br><span style=\"line-height: 1.6em\">2013<\/span><\/span><\/p>\n\n<p><span style=\"line-height: 1.6em\">Ka lihtsaimate ladina lausete t\u00f5lkimiseks on esmat\u00e4htis \u00e4ra tunda ja \u00f5igesti m\u00e4\u00e4rata verbivorm(id). Selle \u00f5piobjekti eesm\u00e4rgiks ongi anda alusteadmised ladina verbi p\u00f6\u00f6rdkondadest ja p\u00f6\u00f6ramisest aktiivse tegumoe\u00a0eri aegades, et luua baas juba keerulisemate vormide m\u00f5istmiseks ja\u00a0omandamiseks.<\/span><\/p>\n<p>\u00d5piobjekti maht: 0,4 EAP<\/p>\n<p>Sihtr\u00fchm: slaavi filoloogia \u00fcli\u00f5pilased<\/p>\n<p>\u00d5piobjekt sisaldab kakskeelset materjali ladina verbi p\u00f6\u00f6rdkondade, eri aegade t\u00fcvede ja p\u00f6\u00f6ramisreeglite kohta.<\/p>\n<p>Eesm\u00e4rgid: \u00d5pilased saavad selgeks ladina verbi muutumisp\u00f5him\u00f5tted, erinevate konjugatsioonide tunnused, eri aegade t\u00e4hendused ja kasutuse, p\u00f6\u00f6rdel\u00f5pud nii ainsuses kui ka mitmuses, omandavad need ning oskavad l\u00f5puks peast k\u00f5iki konjugatsioone nii ainsuses kui mitmuses p\u00f6\u00f6rata.<\/p>\n<p>\u00d5piv\u00e4ljundid: \u00d5piobjekti omandanud \u00fcli\u00f5pilane on v\u00f5imeline \u00e4ra tundma ladina tegus\u00f5na p\u00f6\u00f6rdkonna ja t\u00fcve ning vastavalt sellele p\u00f6\u00f6rama s\u00f5na k\u00f5igis aegades nii ainsuses kui mitmuses.<\/p>\n<p>\u00d5pijuhis: \u00d5pilane t\u00f6\u00f6tab \u00f5piobjekti t\u00e4helepanelikult ja korduvalt l\u00e4bi ning sooritab enesekontrolliks m\u00f5eldud testi.\u00a0<span style=\"line-height: 1.6em\">\u00a0<\/span><\/p>\n","protected":false},"excerpt":{"rendered":"<p>Autor: Maria-Kristiina Lotman (maria.lotman@ut.ee)klassikalise filoloogia dotsent, germaani, romaani ja slaavi filoloogia osakond2013 Ka lihtsaimate ladina lausete t\u00f5lkimiseks on esmat\u00e4htis \u00e4ra tunda ja \u00f5igesti m\u00e4\u00e4rata verbivorm(id). Selle \u00f5piobjekti eesm\u00e4rgiks ongi anda alusteadmised ladina verbi p\u00f6\u00f6rdkondadest ja p\u00f6\u00f6ramisest aktiivse tegumoe\u00a0eri aegades, et &#8230;<\/p>\n","protected":false},"author":24,"featured_media":0,"parent":0,"menu_order":0,"comment_status":"closed","ping_status":"closed","template":"","meta":{"_acf_changed":false,"inline_featured_image":false,"footnotes":""},"class_list":["post-3","page","type-page","status-publish","hentry"],"acf":[],"_links":{"self":[{"href":"https:\/\/sisu.ut.ee\/ladinaverb\/wp-json\/wp\/v2\/pages\/3","targetHints":{"allow":["GET"]}}],"collection":[{"href":"https:\/\/sisu.ut.ee\/ladinaverb\/wp-json\/wp\/v2\/pages"}],"about":[{"href":"https:\/\/sisu.ut.ee\/ladinaverb\/wp-json\/wp\/v2\/types\/page"}],"author":[{"embeddable":true,"href":"https:\/\/sisu.ut.ee\/ladinaverb\/wp-json\/wp\/v2\/users\/24"}],"replies":[{"embeddable":true,"href":"https:\/\/sisu.ut.ee\/ladinaverb\/wp-json\/wp\/v2\/comments?post=3"}],"version-history":[{"count":2,"href":"https:\/\/sisu.ut.ee\/ladinaverb\/wp-json\/wp\/v2\/pages\/3\/revisions"}],"predecessor-version":[{"id":34,"href":"https:\/\/sisu.ut.ee\/ladinaverb\/wp-json\/wp\/v2\/pages\/3\/revisions\/34"}],"wp:attachment":[{"href":"https:\/\/sisu.ut.ee\/ladinaverb\/wp-json\/wp\/v2\/media?parent=3"}],"curies":[{"name":"wp","href":"https:\/\/api.w.org\/{rel}","templated":true}]}}