{"id":10,"date":"2024-04-03T23:15:44","date_gmt":"2024-04-03T20:15:44","guid":{"rendered":"https:\/\/sisu.ut.ee\/ladinaverb\/ladina-verb-perfectum-plusquamperfectum-ja-futurum-ii\/"},"modified":"2024-04-30T17:21:57","modified_gmt":"2024-04-30T14:21:57","slug":"ladina-verb-perfectum-plusquamperfectum-ja-futurum-ii","status":"publish","type":"page","link":"https:\/\/sisu.ut.ee\/ladinaverb\/ladina-verb-perfectum-plusquamperfectum-ja-futurum-ii\/","title":{"rendered":"Ladina verb: perfectum, plusquamperfectum ja futurum II"},"content":{"rendered":"<p>Videos on esitatud kolme l\u00f5petatud tegevust t\u00e4histava ladina aja (<em>perfectum<\/em>,\u00a0<em>plusquamperfectum<\/em>, <em>futurum II indicativi activi<\/em>) moodustamisp\u00f5him\u00f5tted.<\/p>\n<p style=\"text-align: center;\"><\/p><div class=\"ratio ratio-16x9 mb-3\"><div class=\"video-placeholder-wrapper video-placeholder-wrapper--16x9\">\n\t\t\t    <div class=\"video-placeholder d-flex justify-content-center align-items-center\">\n\t\t\t        <div class=\"overlay text-white p-2 w-100 text-center d-block justify-content-center align-items-center\">\n\t\t\t            <div>Kolmandate osapoolte sisu n\u00e4gemiseks palun n\u00f5ustu k\u00fcpsistega.<\/div>\n\t\t\t            <button class=\"btn btn-secondary btn-sm mt-1 consent-change\">Muuda n\u00f5usolekut<\/button>\n\t\t\t        <\/div>\n\t\t\t    <\/div>\n\t\t\t<\/div>\n<\/div>\n<p style=\"text-align: center;\"><a href=\"http:\/\/www.uttv.ee\/naita?id=18058\" target=\"_blank\" rel=\"noopener\">http:\/\/www.uttv.ee\/naita?id=18058<\/a><\/p>\n<p><\/p><div class=\"accordion mb-3\">\n        <div class=\"accordion-item accordion-item--white\">\n        <h2 class=\"accordion-header\" id=\"accordion-69ff8c1b78a7b-heading\">\n            <button class=\"accordion-button collapsed\" type=\"button\" data-bs-toggle=\"collapse\" data-bs-target=\"#accordion-69ff8c1b78a7b-collapse\" aria-expanded=\"true\" aria-controls=\"accordion-69ff8c1b78a7b-collapse\">Mitmendast p\u00f5hivormist leitakse vajalik t\u00fcvi l\u00f5petatud tegevust t\u00e4histavate aegade moodustamiseks?<\/button>\n        <\/h2>\n        <div id=\"accordion-69ff8c1b78a7b-collapse\" class=\"accordion-collapse collapse\" aria-labelledby=\"accordion-69ff8c1b78a7b-heading\">\n            <div class=\"accordion-body\"><br>\nTeisest p\u00f5hivormist, \u00a0t\u00fcve leidmiseks tuleb eemaldada p\u00f5hivormi l\u00f5pust -i.<\/div>\n        <\/div>\n        <\/div>\n    <\/div><br>\n<div class=\"accordion mb-3\">\n        <div class=\"accordion-item accordion-item--white\">\n        <h2 class=\"accordion-header\" id=\"accordion-69ff8c1b78a81-heading\">\n            <button class=\"accordion-button collapsed\" type=\"button\" data-bs-toggle=\"collapse\" data-bs-target=\"#accordion-69ff8c1b78a81-collapse\" aria-expanded=\"true\" aria-controls=\"accordion-69ff8c1b78a81-collapse\">Milline tunnus tuleb liita perfekti t\u00fcvele pluskvamperfekti ja futurum II moodustamiseks?<\/button>\n        <\/h2>\n        <div id=\"accordion-69ff8c1b78a81-collapse\" class=\"accordion-collapse collapse\" aria-labelledby=\"accordion-69ff8c1b78a81-heading\">\n            <div class=\"accordion-body\"><br>\nPluskvamperfektis on selleks tunnuseks -era-, futurum II puhul aga -er(i)-.<\/div>\n        <\/div>\n        <\/div>\n    <\/div><br>\n<div class=\"accordion mb-3\">\n        <div class=\"accordion-item accordion-item--white\">\n        <h2 class=\"accordion-header\" id=\"accordion-69ff8c1b78a83-heading\">\n            <button class=\"accordion-button collapsed\" type=\"button\" data-bs-toggle=\"collapse\" data-bs-target=\"#accordion-69ff8c1b78a83-collapse\" aria-expanded=\"true\" aria-controls=\"accordion-69ff8c1b78a83-collapse\">P\u00f6\u00f6rake perfektis verbi \u2019duco, duxi, ductum, ducere\u2019, juhtima.<\/button>\n        <\/h2>\n        <div id=\"accordion-69ff8c1b78a83-collapse\" class=\"accordion-collapse collapse\" aria-labelledby=\"accordion-69ff8c1b78a83-heading\">\n            <div class=\"accordion-body\"><br>\nduxi, duxisti, duxit, duximus, duxistis, duxerunt.<\/div>\n        <\/div>\n        <\/div>\n    <\/div><span style=\"font-size: medium; font-weight: var(--bs-body-font-weight); text-align: var(--bs-body-text-align);\">\u00a0<\/span>\n","protected":false},"excerpt":{"rendered":"<p>Videos on esitatud kolme l\u00f5petatud tegevust t\u00e4histava ladina aja (perfectum,\u00a0plusquamperfectum, futurum II indicativi activi) moodustamisp\u00f5him\u00f5tted. Kolmandate osapoolte sisu n\u00e4gemiseks palun n\u00f5ustu k\u00fcpsistega. Muuda n\u00f5usolekut http:\/\/www.uttv.ee\/naita?id=18058 Mitmendast p\u00f5hivormist leitakse vajalik t\u00fcvi l\u00f5petatud tegevust t\u00e4histavate aegade moodustamiseks? Teisest p\u00f5hivormist, \u00a0t\u00fcve leidmiseks tuleb &#8230;<\/p>\n","protected":false},"author":24,"featured_media":0,"parent":0,"menu_order":0,"comment_status":"closed","ping_status":"closed","template":"","meta":{"_acf_changed":false,"inline_featured_image":false,"footnotes":""},"class_list":["post-10","page","type-page","status-publish","hentry"],"acf":[],"_links":{"self":[{"href":"https:\/\/sisu.ut.ee\/ladinaverb\/wp-json\/wp\/v2\/pages\/10","targetHints":{"allow":["GET"]}}],"collection":[{"href":"https:\/\/sisu.ut.ee\/ladinaverb\/wp-json\/wp\/v2\/pages"}],"about":[{"href":"https:\/\/sisu.ut.ee\/ladinaverb\/wp-json\/wp\/v2\/types\/page"}],"author":[{"embeddable":true,"href":"https:\/\/sisu.ut.ee\/ladinaverb\/wp-json\/wp\/v2\/users\/24"}],"replies":[{"embeddable":true,"href":"https:\/\/sisu.ut.ee\/ladinaverb\/wp-json\/wp\/v2\/comments?post=10"}],"version-history":[{"count":4,"href":"https:\/\/sisu.ut.ee\/ladinaverb\/wp-json\/wp\/v2\/pages\/10\/revisions"}],"predecessor-version":[{"id":46,"href":"https:\/\/sisu.ut.ee\/ladinaverb\/wp-json\/wp\/v2\/pages\/10\/revisions\/46"}],"wp:attachment":[{"href":"https:\/\/sisu.ut.ee\/ladinaverb\/wp-json\/wp\/v2\/media?parent=10"}],"curies":[{"name":"wp","href":"https:\/\/api.w.org\/{rel}","templated":true}]}}