{"id":8,"date":"2024-04-03T23:15:46","date_gmt":"2024-04-03T20:15:46","guid":{"rendered":"https:\/\/sisu.ut.ee\/ladinasubstantiiv\/ii-kaandkond\/"},"modified":"2024-04-30T17:36:55","modified_gmt":"2024-04-30T14:36:55","slug":"ii-kaandkond","status":"publish","type":"page","link":"https:\/\/sisu.ut.ee\/ladinasubstantiiv\/ii-kaandkond\/","title":{"rendered":"II k\u00e4\u00e4ndkond"},"content":{"rendered":"<p>Sellest videost leiate teavet II k\u00e4\u00e4ndkonna s\u00f5nade k\u00e4\u00e4namisreeglite, k\u00e4\u00e4ndel\u00f5ppude ja erandlike s\u00f5nade kohta.<\/p>\n<p style=\"text-align: center;\"><\/p><div class=\"ratio ratio-16x9 mb-3\"><div class=\"video-placeholder-wrapper video-placeholder-wrapper--16x9\">\n\t\t\t    <div class=\"video-placeholder d-flex justify-content-center align-items-center\">\n\t\t\t        <div class=\"overlay text-white p-2 w-100 text-center d-block justify-content-center align-items-center\">\n\t\t\t            <div>Kolmandate osapoolte sisu n\u00e4gemiseks palun n\u00f5ustu k\u00fcpsistega.<\/div>\n\t\t\t            <button class=\"btn btn-secondary btn-sm mt-1 consent-change\">Muuda n\u00f5usolekut<\/button>\n\t\t\t        <\/div>\n\t\t\t    <\/div>\n\t\t\t<\/div>\n<\/div>\n<p style=\"text-align: center;\"><a href=\"http:\/\/www.uttv.ee\/naita?id=17898\" target=\"_blank\" rel=\"noopener\">http:\/\/www.uttv.ee\/naita?id=17898<\/a><\/p>\n<div id=\"accordion\" class=\"accordion\"><\/div>\n<div id=\"accordion\" class=\"accordion\">\n<div><div class=\"accordion mb-3\">\n        <div class=\"accordion-item accordion-item--white\">\n        <h2 class=\"accordion-header\" id=\"accordion-69d0baa59f927-heading\">\n            <button class=\"accordion-button collapsed\" type=\"button\" data-bs-toggle=\"collapse\" data-bs-target=\"#accordion-69d0baa59f927-collapse\" aria-expanded=\"true\" aria-controls=\"accordion-69d0baa59f927-collapse\">Mis on II k\u00e4\u00e4ndkonna tunnus?<\/button>\n        <\/h2>\n        <div id=\"accordion-69d0baa59f927-collapse\" class=\"accordion-collapse collapse\" aria-labelledby=\"accordion-69d0baa59f927-heading\">\n            <div class=\"accordion-body\"><br>\nII k\u00e4\u00e4ndkonna tunnuseks on -i teise p\u00f5hivormi ehk ainsuse genitiivi l\u00f5pus. Kui see -i eemaldada, ongi k\u00e4es s\u00f5na t\u00fcvi.<\/div>\n        <\/div>\n        <\/div>\n    <\/div><br>\n<div class=\"accordion mb-3\">\n        <div class=\"accordion-item accordion-item--white\">\n        <h2 class=\"accordion-header\" id=\"accordion-69d0baa59f937-heading\">\n            <button class=\"accordion-button collapsed\" type=\"button\" data-bs-toggle=\"collapse\" data-bs-target=\"#accordion-69d0baa59f937-collapse\" aria-expanded=\"true\" aria-controls=\"accordion-69d0baa59f937-collapse\">Nimetage kesksoost s\u00f5nade k\u00e4\u00e4namise erinevused meessoost s\u00f5nadega v\u00f5rreldes.<\/button>\n        <\/h2>\n        <div id=\"accordion-69d0baa59f937-collapse\" class=\"accordion-collapse collapse\" aria-labelledby=\"accordion-69d0baa59f937-heading\">\n            <div class=\"accordion-body\"><br>\nKesksoost s\u00f5nadel on alati nii ainsuses kui ka mitmuses nominatiiv ja akusatiiv \u00fchesugused ning mitmuse nominatiivi ja akusatiivi l\u00f5pus on -a.<\/div>\n        <\/div>\n        <\/div>\n    <\/div><br>\n<div class=\"accordion mb-3\">\n        <div class=\"accordion-item accordion-item--white\">\n        <h2 class=\"accordion-header\" id=\"accordion-69d0baa59f93a-heading\">\n            <button class=\"accordion-button collapsed\" type=\"button\" data-bs-toggle=\"collapse\" data-bs-target=\"#accordion-69d0baa59f93a-collapse\" aria-expanded=\"true\" aria-controls=\"accordion-69d0baa59f93a-collapse\">K\u00e4\u00e4nake s\u00f5na \u2018liber, libri m\u2019, raamat nii ainsuses kui ka mitmuses.<\/button>\n        <\/h2>\n        <div id=\"accordion-69d0baa59f93a-collapse\" class=\"accordion-collapse collapse\" aria-labelledby=\"accordion-69d0baa59f93a-heading\">\n            <div class=\"accordion-body\"><br>\nSg. Nom. liber Gen. libri Dat. libro Acc. librum Abl. libro Pl. Nom. libri Gen. librorum Dat. libris Acc. libros Abl. libris<\/div>\n        <\/div>\n        <\/div>\n    <\/div><\/div>\n<\/div>\n","protected":false},"excerpt":{"rendered":"<p>Sellest videost leiate teavet II k\u00e4\u00e4ndkonna s\u00f5nade k\u00e4\u00e4namisreeglite, k\u00e4\u00e4ndel\u00f5ppude ja erandlike s\u00f5nade kohta. Kolmandate osapoolte sisu n\u00e4gemiseks palun n\u00f5ustu k\u00fcpsistega. Muuda n\u00f5usolekut http:\/\/www.uttv.ee\/naita?id=17898 Mis on II k\u00e4\u00e4ndkonna tunnus? II k\u00e4\u00e4ndkonna tunnuseks on -i teise p\u00f5hivormi ehk ainsuse genitiivi l\u00f5pus. Kui &#8230;<\/p>\n","protected":false},"author":24,"featured_media":0,"parent":0,"menu_order":0,"comment_status":"closed","ping_status":"closed","template":"","meta":{"_acf_changed":false,"inline_featured_image":false,"footnotes":""},"class_list":["post-8","page","type-page","status-publish","hentry"],"acf":[],"_links":{"self":[{"href":"https:\/\/sisu.ut.ee\/ladinasubstantiiv\/wp-json\/wp\/v2\/pages\/8","targetHints":{"allow":["GET"]}}],"collection":[{"href":"https:\/\/sisu.ut.ee\/ladinasubstantiiv\/wp-json\/wp\/v2\/pages"}],"about":[{"href":"https:\/\/sisu.ut.ee\/ladinasubstantiiv\/wp-json\/wp\/v2\/types\/page"}],"author":[{"embeddable":true,"href":"https:\/\/sisu.ut.ee\/ladinasubstantiiv\/wp-json\/wp\/v2\/users\/24"}],"replies":[{"embeddable":true,"href":"https:\/\/sisu.ut.ee\/ladinasubstantiiv\/wp-json\/wp\/v2\/comments?post=8"}],"version-history":[{"count":2,"href":"https:\/\/sisu.ut.ee\/ladinasubstantiiv\/wp-json\/wp\/v2\/pages\/8\/revisions"}],"predecessor-version":[{"id":38,"href":"https:\/\/sisu.ut.ee\/ladinasubstantiiv\/wp-json\/wp\/v2\/pages\/8\/revisions\/38"}],"wp:attachment":[{"href":"https:\/\/sisu.ut.ee\/ladinasubstantiiv\/wp-json\/wp\/v2\/media?parent=8"}],"curies":[{"name":"wp","href":"https:\/\/api.w.org\/{rel}","templated":true}]}}