{"id":5,"date":"2024-04-03T23:15:46","date_gmt":"2024-04-03T20:15:46","guid":{"rendered":"https:\/\/sisu.ut.ee\/ladinasubstantiiv\/ladina-substantiiv\/"},"modified":"2024-04-03T23:15:48","modified_gmt":"2024-04-03T20:15:48","slug":"ladina-substantiiv","status":"publish","type":"page","link":"https:\/\/sisu.ut.ee\/ladinasubstantiiv\/ladina-substantiiv\/","title":{"rendered":"Ladina substantiiv"},"content":{"rendered":"<p>Sisupaketti on koondatud neli ladina substantiivi k\u00e4\u00e4namisreegleid esitavat \u00f5ppevideot. Neist esimene (pikkus 00:05:46) sisaldab \u00fclevaadet ladina k\u00e4\u00e4nete t\u00e4hendustest ja kasutusest, ladina k\u00e4\u00e4ndkonna tunnustest ning I k\u00e4\u00e4ndkonna k\u00e4\u00e4namisp\u00f5him\u00f5tetest, samuti teavet erandite kohta. Teises videos (pikkus 00:06:26) on esitatud II k\u00e4\u00e4ndkonna mees- ja kesksoost s\u00f5nade k\u00e4\u00e4namisreeglid ja k\u00e4\u00e4ndel\u00f5pud ning k\u00e4sitletud ka erands\u00f5nu. Kolmandas videos (pikkus 00:09:47) k\u00e4sitletakse III k\u00e4\u00e4ndkonna konsonantt\u00fcvelisi, v\u00f5rdsilbilisi, segat\u00fc\u00fcpi ja i-t\u00fcvelisi s\u00f5nu ning tuuakse v\u00e4lja erinevused vastavate r\u00fchmade k\u00e4\u00e4namisel. \u00a0Neljandas videos on esitatud IV ja V k\u00e4\u00e4ndkonna nimis\u00f5nade k\u00e4\u00e4namisp\u00f5him\u00f5tted, p\u00f6\u00f6rates t\u00e4helepanu ka eranditele.<\/p>\n","protected":false},"excerpt":{"rendered":"<p>Sisupaketti on koondatud neli ladina substantiivi k\u00e4\u00e4namisreegleid esitavat \u00f5ppevideot. Neist esimene (pikkus 00:05:46) sisaldab \u00fclevaadet ladina k\u00e4\u00e4nete t\u00e4hendustest ja kasutusest, ladina k\u00e4\u00e4ndkonna tunnustest ning I k\u00e4\u00e4ndkonna k\u00e4\u00e4namisp\u00f5him\u00f5tetest, samuti teavet erandite kohta. Teises videos (pikkus 00:06:26) on esitatud II k\u00e4\u00e4ndkonna mees- &#8230;<\/p>\n","protected":false},"author":24,"featured_media":0,"parent":0,"menu_order":0,"comment_status":"closed","ping_status":"closed","template":"","meta":{"_acf_changed":false,"inline_featured_image":false,"footnotes":""},"class_list":["post-5","page","type-page","status-publish","hentry"],"acf":[],"_links":{"self":[{"href":"https:\/\/sisu.ut.ee\/ladinasubstantiiv\/wp-json\/wp\/v2\/pages\/5","targetHints":{"allow":["GET"]}}],"collection":[{"href":"https:\/\/sisu.ut.ee\/ladinasubstantiiv\/wp-json\/wp\/v2\/pages"}],"about":[{"href":"https:\/\/sisu.ut.ee\/ladinasubstantiiv\/wp-json\/wp\/v2\/types\/page"}],"author":[{"embeddable":true,"href":"https:\/\/sisu.ut.ee\/ladinasubstantiiv\/wp-json\/wp\/v2\/users\/24"}],"replies":[{"embeddable":true,"href":"https:\/\/sisu.ut.ee\/ladinasubstantiiv\/wp-json\/wp\/v2\/comments?post=5"}],"version-history":[{"count":1,"href":"https:\/\/sisu.ut.ee\/ladinasubstantiiv\/wp-json\/wp\/v2\/pages\/5\/revisions"}],"predecessor-version":[{"id":25,"href":"https:\/\/sisu.ut.ee\/ladinasubstantiiv\/wp-json\/wp\/v2\/pages\/5\/revisions\/25"}],"wp:attachment":[{"href":"https:\/\/sisu.ut.ee\/ladinasubstantiiv\/wp-json\/wp\/v2\/media?parent=5"}],"curies":[{"name":"wp","href":"https:\/\/api.w.org\/{rel}","templated":true}]}}