{"id":43,"date":"2024-04-30T17:42:40","date_gmt":"2024-04-30T14:42:40","guid":{"rendered":"https:\/\/sisu.ut.ee\/ladinasubstantiiv\/enesekontrolli-test\/"},"modified":"2024-04-30T17:42:40","modified_gmt":"2024-04-30T14:42:40","slug":"enesekontrolli-test","status":"publish","type":"page","link":"https:\/\/sisu.ut.ee\/ladinasubstantiiv\/enesekontrolli-test\/","title":{"rendered":"Enesekontrolli test"},"content":{"rendered":"<div id=\"watupro_quiz\" class=\"quiz-area single-page-quiz\">\n<p id=\"submittingExam1\" style=\"display:none;text-align:center;\"><img loading=\"lazy\" decoding=\"async\" src=\"https:\/\/sisu.ut.ee\/wp-content\/plugins\/watupro\/img\/loading.gif\" width=\"16\" height=\"16\"><\/p>\n\n<div class=\"watupro-exam-description\" id=\"description-quiz-1\"><p>Selleks, et omandatud teadmisi proovile panna, vastake j\u00e4rgnevatele k\u00fcsimustele. Testi v\u00f5ib sooritada ka korduvalt. Kui oskate k\u00fcsimustele \u00f5igesti vastate, olete kontrollt\u00f6\u00f6ks valmis.<\/p>\n<\/div>\n\n<form action=\"\" method=\"post\" class=\"quiz-form\" id=\"quiz-1\" enctype=\"multipart\/form-data\">\n<div class=\"watu-question \" id=\"question-1\" style=\";\"><div id=\"questionWrap-1\" class=\"  watupro-required-1 watupro-question-id-1\">\n\t\t\t<div class=\"question-content\"><div><p>M\u00e4\u00e4rake nimis\u00f5na k\u00e4\u00e4ndkond (numbriline vastus):<\/p><p>pes, pedis m \u2013 jalg<\/p><\/div><input type=\"hidden\" name=\"question_id[]\" id=\"qID_1\" value=\"1\" class=\"watupro-question-id\"><input type=\"hidden\" id=\"answerType1\" class=\"answerTypeCnt1\" value=\"textarea\"><input type=\"hidden\" id=\"watupro-required-question-1\"><!-- end question-content--><\/div><div class=\"question-choices \" id=\"questionChoices1\"><p><textarea name=\"answer-1[]\" id=\"textarea_q_1\" class=\"watupro-textarea-medium\" rows=\"5\" cols=\"80\"><\/textarea>\n<\/p><!-- end question-choices--><\/div><!-- end questionWrap--><\/div><\/div><div class=\"watu-question \" id=\"question-2\" style=\";\"><div id=\"questionWrap-2\" class=\"  watupro-required-2 watupro-question-id-2\">\n\t\t\t<div class=\"question-content\"><div><p>M\u00e4\u00e4rake nimis\u00f5na k\u00e4\u00e4ndkond (numbriline vastus):<\/p><p>series, seriei f \u2013 rida, j\u00e4rjekord<\/p><\/div><input type=\"hidden\" name=\"question_id[]\" id=\"qID_2\" value=\"2\" class=\"watupro-question-id\"><input type=\"hidden\" id=\"answerType2\" class=\"answerTypeCnt2\" value=\"textarea\"><input type=\"hidden\" id=\"watupro-required-question-2\"><!-- end question-content--><\/div><div class=\"question-choices \" id=\"questionChoices2\"><p><textarea name=\"answer-2[]\" id=\"textarea_q_2\" class=\"watupro-textarea-medium\" rows=\"5\" cols=\"80\"><\/textarea>\n<\/p><!-- end question-choices--><\/div><!-- end questionWrap--><\/div><\/div><div class=\"watu-question \" id=\"question-3\" style=\";\"><div id=\"questionWrap-3\" class=\"  watupro-required-3 watupro-question-id-3\">\n\t\t\t<div class=\"question-content\"><div><p>M\u00e4\u00e4rake nimis\u00f5na k\u00e4\u00e4ndkond (numbriline vastus):<\/p><p>ruina, ruinae f \u2013 varing<\/p><\/div><input type=\"hidden\" name=\"question_id[]\" id=\"qID_3\" value=\"3\" class=\"watupro-question-id\"><input type=\"hidden\" id=\"answerType3\" class=\"answerTypeCnt3\" value=\"textarea\"><input type=\"hidden\" id=\"watupro-required-question-3\"><!-- end question-content--><\/div><div class=\"question-choices \" id=\"questionChoices3\"><p><textarea name=\"answer-3[]\" id=\"textarea_q_3\" class=\"watupro-textarea-medium\" rows=\"5\" cols=\"80\"><\/textarea>\n<\/p><!-- end question-choices--><\/div><!-- end questionWrap--><\/div><\/div><div class=\"watu-question \" id=\"question-4\" style=\";\"><div id=\"questionWrap-4\" class=\"  watupro-required-4 watupro-question-id-4\">\n\t\t\t<div class=\"question-content\"><div><p>M\u00e4\u00e4rake nimis\u00f5na k\u00e4\u00e4ndkond (numbriline vastus):<\/p><p>gradus, gradus m \u2013 samm<\/p><\/div><input type=\"hidden\" name=\"question_id[]\" id=\"qID_4\" value=\"4\" class=\"watupro-question-id\"><input type=\"hidden\" id=\"answerType4\" class=\"answerTypeCnt4\" value=\"textarea\"><input type=\"hidden\" id=\"watupro-required-question-4\"><!-- end question-content--><\/div><div class=\"question-choices \" id=\"questionChoices4\"><p><textarea name=\"answer-4[]\" id=\"textarea_q_4\" class=\"watupro-textarea-medium\" rows=\"5\" cols=\"80\"><\/textarea>\n<\/p><!-- end question-choices--><\/div><!-- end questionWrap--><\/div><\/div><div class=\"watu-question \" id=\"question-5\" style=\";\"><div id=\"questionWrap-5\" class=\"  watupro-required-5 watupro-question-id-5\">\n\t\t\t<div class=\"question-content\"><div><p>M\u00e4\u00e4rake nimis\u00f5na k\u00e4\u00e4ndkond (numbriline vastus):<\/p><p>puer, pueri m \u2013 poiss<\/p><\/div><input type=\"hidden\" name=\"question_id[]\" id=\"qID_5\" value=\"5\" class=\"watupro-question-id\"><input type=\"hidden\" id=\"answerType5\" class=\"answerTypeCnt5\" value=\"textarea\"><input type=\"hidden\" id=\"watupro-required-question-5\"><!-- end question-content--><\/div><div class=\"question-choices \" id=\"questionChoices5\"><p><textarea name=\"answer-5[]\" id=\"textarea_q_5\" class=\"watupro-textarea-medium\" rows=\"5\" cols=\"80\"><\/textarea>\n<\/p><!-- end question-choices--><\/div><!-- end questionWrap--><\/div><\/div><div class=\"watu-question \" id=\"question-6\" style=\";\"><div id=\"questionWrap-6\" class=\"  watupro-required-6 watupro-question-id-6\">\n\t\t\t<div class=\"question-content\"><div><p>M\u00e4\u00e4rake nimis\u00f5na k\u00e4\u00e4ndkond (numbriline vastus):<\/p><p>plaustrum, plaustri n \u2013 vanker<\/p><\/div><input type=\"hidden\" name=\"question_id[]\" id=\"qID_6\" value=\"6\" class=\"watupro-question-id\"><input type=\"hidden\" id=\"answerType6\" class=\"answerTypeCnt6\" value=\"textarea\"><input type=\"hidden\" id=\"watupro-required-question-6\"><!-- end question-content--><\/div><div class=\"question-choices \" id=\"questionChoices6\"><p><textarea name=\"answer-6[]\" id=\"textarea_q_6\" class=\"watupro-textarea-medium\" rows=\"5\" cols=\"80\"><\/textarea>\n<\/p><!-- end question-choices--><\/div><!-- end questionWrap--><\/div><\/div><div class=\"watu-question \" id=\"question-7\" style=\";\"><div id=\"questionWrap-7\" class=\"  watupro-required-7 watupro-question-id-7\">\n\t\t\t<div class=\"question-content\"><div><p>M\u00e4\u00e4rake nimis\u00f5na k\u00e4\u00e4ndkond (numbriline vastus):<\/p><p>cor, cordis n \u2013 s\u00fcda<\/p><\/div><input type=\"hidden\" name=\"question_id[]\" id=\"qID_7\" value=\"7\" class=\"watupro-question-id\"><input type=\"hidden\" id=\"answerType7\" class=\"answerTypeCnt7\" value=\"textarea\"><input type=\"hidden\" id=\"watupro-required-question-7\"><!-- end question-content--><\/div><div class=\"question-choices \" id=\"questionChoices7\"><p><textarea name=\"answer-7[]\" id=\"textarea_q_7\" class=\"watupro-textarea-medium\" rows=\"5\" cols=\"80\"><\/textarea>\n<\/p><!-- end question-choices--><\/div><!-- end questionWrap--><\/div><\/div><div class=\"watu-question \" id=\"question-8\" style=\";\"><div id=\"questionWrap-8\" class=\"  watupro-required-8 watupro-question-id-8\">\n\t\t\t<div class=\"question-content\"><div><p>M\u00e4\u00e4rake nimis\u00f5na k\u00e4\u00e4ndkond (numbriline vastus):<\/p><p>gelu, gelus n \u2013 pakane<\/p><\/div><input type=\"hidden\" name=\"question_id[]\" id=\"qID_8\" value=\"8\" class=\"watupro-question-id\"><input type=\"hidden\" id=\"answerType8\" class=\"answerTypeCnt8\" value=\"textarea\"><input type=\"hidden\" id=\"watupro-required-question-8\"><!-- end question-content--><\/div><div class=\"question-choices \" id=\"questionChoices8\"><p><textarea name=\"answer-8[]\" id=\"textarea_q_8\" class=\"watupro-textarea-medium\" rows=\"5\" cols=\"80\"><\/textarea>\n<\/p><!-- end question-choices--><\/div><!-- end questionWrap--><\/div><\/div><div class=\"watu-question \" id=\"question-9\" style=\";\"><div id=\"questionWrap-9\" class=\"  watupro-required-9 watupro-question-id-9\">\n\t\t\t<div class=\"question-content\"><div><p>K\u00e4\u00e4nake nimis\u00f5na \u2019pes, pedis\u2019 nii ainsuses kui mitmuses\u00a0(ilma vokatiivita, ainult vormide loendina, komasid kasutamata)<\/p><\/div><input type=\"hidden\" name=\"question_id[]\" id=\"qID_9\" value=\"9\" class=\"watupro-question-id\"><input type=\"hidden\" id=\"answerType9\" class=\"answerTypeCnt9\" value=\"textarea\"><input type=\"hidden\" id=\"watupro-required-question-9\"><!-- end question-content--><\/div><div class=\"question-choices \" id=\"questionChoices9\"><p><textarea name=\"answer-9[]\" id=\"textarea_q_9\" class=\"watupro-textarea-medium\" rows=\"5\" cols=\"80\"><\/textarea>\n<\/p><!-- end question-choices--><\/div><!-- end questionWrap--><\/div><\/div><div class=\"watu-question \" id=\"question-10\" style=\";\"><div id=\"questionWrap-10\" class=\"  watupro-required-10 watupro-question-id-10\">\n\t\t\t<div class=\"question-content\"><div><p>K\u00e4\u00e4nake nimis\u00f5na\u00a0 \u2019puer, pueri\u2019 nii ainsuses kui mitmuses (ilma vokatiivita, ainult vormide loendina, komasid kasutamata)<\/p><\/div><input type=\"hidden\" name=\"question_id[]\" id=\"qID_10\" value=\"10\" class=\"watupro-question-id\"><input type=\"hidden\" id=\"answerType10\" class=\"answerTypeCnt10\" value=\"textarea\"><input type=\"hidden\" id=\"watupro-required-question-10\"><!-- end question-content--><\/div><div class=\"question-choices \" id=\"questionChoices10\"><p><textarea name=\"answer-10[]\" id=\"textarea_q_10\" class=\"watupro-textarea-medium\" rows=\"5\" cols=\"80\"><\/textarea>\n<\/p><!-- end question-choices--><\/div><!-- end questionWrap--><\/div><\/div><div class=\"watu-question \" id=\"question-11\" style=\";\"><div id=\"questionWrap-11\" class=\"  watupro-required-11 watupro-question-id-11\">\n\t\t\t<div class=\"question-content\"><div><p>K\u00e4\u00e4nake nimis\u00f5na \u2019gelu, gelus\u2019 nii ainsuses kui mitmuses (ilma vokatiivita, ainult vormide loendina, komasid kasutamata)<\/p><\/div><input type=\"hidden\" name=\"question_id[]\" id=\"qID_11\" value=\"11\" class=\"watupro-question-id\"><input type=\"hidden\" id=\"answerType11\" class=\"answerTypeCnt11\" value=\"textarea\"><input type=\"hidden\" id=\"watupro-required-question-11\"><!-- end question-content--><\/div><div class=\"question-choices \" id=\"questionChoices11\"><p><textarea name=\"answer-11[]\" id=\"textarea_q_11\" class=\"watupro-textarea-medium\" rows=\"5\" cols=\"80\"><\/textarea>\n<\/p><!-- end question-choices--><\/div><!-- end questionWrap--><\/div><\/div><div class=\"watu-question \" id=\"question-12\" style=\";\"><div id=\"questionWrap-12\" class=\"  watupro-required-12 watupro-question-id-12\">\n\t\t\t<div class=\"question-content\"><div><p>K\u00e4\u00e4nake nimis\u00f5na \u2019cor, cordis\u2019 nii ainsuses kui mitmuses (ilma vokatiivita, ainult vormide loendina, komasid kasutamata)<\/p><\/div><input type=\"hidden\" name=\"question_id[]\" id=\"qID_12\" value=\"12\" class=\"watupro-question-id\"><input type=\"hidden\" id=\"answerType12\" class=\"answerTypeCnt12\" value=\"textarea\"><input type=\"hidden\" id=\"watupro-required-question-12\"><!-- end question-content--><\/div><div class=\"question-choices \" id=\"questionChoices12\"><p><textarea name=\"answer-12[]\" id=\"textarea_q_12\" class=\"watupro-textarea-medium\" rows=\"5\" cols=\"80\"><\/textarea>\n<\/p><!-- end question-choices--><\/div><!-- end questionWrap--><\/div><\/div><div style=\"display:none\" id=\"question-13\">\n\t<div class=\"question-content\">\n\t\t<img loading=\"lazy\" decoding=\"async\" src=\"https:\/\/sisu.ut.ee\/wp-content\/plugins\/watupro\/img\/loading.gif\" width=\"16\" height=\"16\" alt=\"Loading...\" title=\"Loading...\">\u00a0Loading...\t<\/div>\n<\/div>\n\n<br>\n\t\n\t\t\t<div class=\"watupro_buttons flex \" id=\"watuPROButtons1\">\n\t\t  <div id=\"prev-question\" style=\"display:none;\"><input type=\"button\" value=\"&lt; Previous\" onclick=\"WatuPRO.nextQuestion(event, 'previous');\"><\/div>\t\t  \t\t  \t\t   \n\t\t   \t  \t\t<div><input type=\"button\" name=\"action\" class=\"watupro-submit-button\" onclick=\"WatuPRO.submitResult(event)\" id=\"action-button\" value=\"View Results\">\n\t\t<\/div>\n\t\t<\/div>\n\t\t\n\t<input type=\"hidden\" name=\"quiz_id\" value=\"1\" id=\"watuPROExamID\">\n\t<input type=\"hidden\" name=\"start_time\" id=\"startTime\" value=\"2026-04-04 08:22:41\">\n\t<input type=\"hidden\" name=\"start_timestamp\" id=\"startTimeStamp\" value=\"1775290961\">\n\t<input type=\"hidden\" name=\"question_ids\" value=\"\">\n\t<input type=\"hidden\" name=\"watupro_questions\" value=\"1:1 | 2:2 | 3:3 | 4:4 | 5:5 | 6:6 | 7:7 | 8:8 | 9:9 | 10:10 | 11:11 | 12:12\">\n\t<input type=\"hidden\" name=\"no_ajax\" value=\"0\">\t\t\t<\/form>\n\t<p>\u00a0<\/p>\n<\/div>\n\n<script type=\"text\/javascript\">\n\/\/jQuery(document).ready(function(){\ndocument.addEventListener(\"DOMContentLoaded\", function(event) { \t\nvar question_ids = \"1,2,3,4,5,6,7,8,9,10,11,12\";\nWatuPROSettings[1] = {};\nWatuPRO.qArr = question_ids.split(',');\nWatuPRO.exam_id = 1;\t    \nWatuPRO.post_id = 43;\nWatuPRO.store_progress = 0;\nWatuPRO.curCatPage = 1;\nWatuPRO.requiredIDs=\"0,1,2,3,4,5,6,7,8,9,10,11,12\".split(\",\");\nWatuPRO.hAppID = \"0.95394200 1775280161\";\nvar url = \"https:\/\/sisu.ut.ee\/wp-content\/plugins\/watupro\/show_exam.php\";\nWatuPRO.examMode = 1;\nWatuPRO.siteURL=\"https:\/\/sisu.ut.ee\/ladinasubstantiiv\/wp-admin\/admin-ajax.php\";\nWatuPRO.emailIsNotRequired = 0;\nWatuPRO.perDecade = 10;\nWatuPROIntel.init(1);\nWatuPRO.inCategoryPages=1;});    \t \n<\/script>\n\n","protected":false},"excerpt":{"rendered":"","protected":false},"author":28,"featured_media":0,"parent":0,"menu_order":0,"comment_status":"closed","ping_status":"closed","template":"","meta":{"_acf_changed":false,"inline_featured_image":false,"footnotes":""},"class_list":["post-43","page","type-page","status-publish","hentry"],"acf":[],"_links":{"self":[{"href":"https:\/\/sisu.ut.ee\/ladinasubstantiiv\/wp-json\/wp\/v2\/pages\/43","targetHints":{"allow":["GET"]}}],"collection":[{"href":"https:\/\/sisu.ut.ee\/ladinasubstantiiv\/wp-json\/wp\/v2\/pages"}],"about":[{"href":"https:\/\/sisu.ut.ee\/ladinasubstantiiv\/wp-json\/wp\/v2\/types\/page"}],"author":[{"embeddable":true,"href":"https:\/\/sisu.ut.ee\/ladinasubstantiiv\/wp-json\/wp\/v2\/users\/28"}],"replies":[{"embeddable":true,"href":"https:\/\/sisu.ut.ee\/ladinasubstantiiv\/wp-json\/wp\/v2\/comments?post=43"}],"version-history":[{"count":0,"href":"https:\/\/sisu.ut.ee\/ladinasubstantiiv\/wp-json\/wp\/v2\/pages\/43\/revisions"}],"wp:attachment":[{"href":"https:\/\/sisu.ut.ee\/ladinasubstantiiv\/wp-json\/wp\/v2\/media?parent=43"}],"curies":[{"name":"wp","href":"https:\/\/api.w.org\/{rel}","templated":true}]}}