{"id":3,"date":"2024-04-03T23:15:46","date_gmt":"2024-04-03T20:15:46","guid":{"rendered":"https:\/\/sisu.ut.ee\/ladinasubstantiiv\/avaleht\/"},"modified":"2024-04-30T17:31:23","modified_gmt":"2024-04-30T14:31:23","slug":"avaleht","status":"publish","type":"page","link":"https:\/\/sisu.ut.ee\/ladinasubstantiiv\/","title":{"rendered":"Avaleht"},"content":{"rendered":"<p style=\"text-align: center\"><span style=\"color: #003366\">Autor: Maria-Kristiina Lotman (<a href=\"mailto:maria.lotman@ut.ee\"><span style=\"color: #003366\">maria.lotman@ut.ee<\/span><\/a>)<br><span style=\"line-height: 1.6em\">klassikalise filoloogia dotsent, germaani, romaani ja slaavi filoloogia instituut<br><\/span>2013<\/span><\/p>\n\n<p>Ladina lausest ei ole v\u00f5imalik aru saada ilma k\u00e4\u00e4nds\u00f5nade erinevaid vorme tundmata. K\u00e4esoleval lehel sisalduv \u00f5ppematerjal on m\u00f5eldud selleks, et h\u00f5lbustada ladina k\u00e4\u00e4namisreeglite omandamist ning toetada eri k\u00e4\u00e4ndkondade k\u00e4\u00e4ndel\u00f5ppude meeldej\u00e4tmist.\u00a0<\/p>\n<p>\u00d5piobjekti maht: 0,4 EAP<\/p>\n<p>Sihtr\u00fchm: slaavi filoloogia \u00fcli\u00f5pilased\u00a0<\/p>\n<p>\u00d5piobjekt sisaldab kakskeelset materjali ladina nimis\u00f5nade k\u00e4\u00e4ndkondade ja k\u00e4\u00e4namisreeglite kohta, ent ka informatsiooni ebareeglip\u00e4raste r\u00fchmade ja erands\u00f5nade kohta.<\/p>\n<p>Eesm\u00e4rgid: \u00d5pilased saavad selgeks ladina substantiivi muutumisp\u00f5him\u00f5tted, erinevate deklinatsioonide ja sugude tunnused, k\u00e4\u00e4nete t\u00e4hendused ja kasutuse, k\u00e4\u00e4ndel\u00f5pud nii ainsuses kui ka mitmuses, omandavad need ning oskavad l\u00f5puks peast k\u00f5iki deklinatsioone nii ainsuses kui mitmuses k\u00e4\u00e4nata. Eraldi t\u00e4helepanu p\u00f6\u00f6ratakse eranditele, sh nii erandlikele t\u00fcvedele kui ka eranditele nimis\u00f5na soos.<\/p>\n<p>\u00d5piv\u00e4ljundid: \u00d5piobjekti omandanud \u00fcli\u00f5pilane on v\u00f5imeline \u00e4ra tundma ladina nimis\u00f5na k\u00e4\u00e4ndkonna ning vastavalt sellele k\u00e4\u00e4nama s\u00f5na nii ainsuses kui mitmuses, silmas pidades ka erandlikke t\u00fcvesid ning ebareeglip\u00e4rasusi s\u00f5nade soos.<\/p>\n<p>\u00d5pijuhis: \u00d5pilane t\u00f6\u00f6tab \u00f5piobjekti t\u00e4helepanelikult ja korduvalt l\u00e4bi ning sooritab enesetesti.\u00a0<\/p>\n","protected":false},"excerpt":{"rendered":"<p>Autor: Maria-Kristiina Lotman (maria.lotman@ut.ee)klassikalise filoloogia dotsent, germaani, romaani ja slaavi filoloogia instituut2013 Ladina lausest ei ole v\u00f5imalik aru saada ilma k\u00e4\u00e4nds\u00f5nade erinevaid vorme tundmata. K\u00e4esoleval lehel sisalduv \u00f5ppematerjal on m\u00f5eldud selleks, et h\u00f5lbustada ladina k\u00e4\u00e4namisreeglite omandamist ning toetada eri k\u00e4\u00e4ndkondade &#8230;<\/p>\n","protected":false},"author":24,"featured_media":0,"parent":0,"menu_order":0,"comment_status":"closed","ping_status":"closed","template":"","meta":{"_acf_changed":false,"inline_featured_image":false,"footnotes":""},"class_list":["post-3","page","type-page","status-publish","hentry"],"acf":[],"_links":{"self":[{"href":"https:\/\/sisu.ut.ee\/ladinasubstantiiv\/wp-json\/wp\/v2\/pages\/3","targetHints":{"allow":["GET"]}}],"collection":[{"href":"https:\/\/sisu.ut.ee\/ladinasubstantiiv\/wp-json\/wp\/v2\/pages"}],"about":[{"href":"https:\/\/sisu.ut.ee\/ladinasubstantiiv\/wp-json\/wp\/v2\/types\/page"}],"author":[{"embeddable":true,"href":"https:\/\/sisu.ut.ee\/ladinasubstantiiv\/wp-json\/wp\/v2\/users\/24"}],"replies":[{"embeddable":true,"href":"https:\/\/sisu.ut.ee\/ladinasubstantiiv\/wp-json\/wp\/v2\/comments?post=3"}],"version-history":[{"count":2,"href":"https:\/\/sisu.ut.ee\/ladinasubstantiiv\/wp-json\/wp\/v2\/pages\/3\/revisions"}],"predecessor-version":[{"id":34,"href":"https:\/\/sisu.ut.ee\/ladinasubstantiiv\/wp-json\/wp\/v2\/pages\/3\/revisions\/34"}],"wp:attachment":[{"href":"https:\/\/sisu.ut.ee\/ladinasubstantiiv\/wp-json\/wp\/v2\/media?parent=3"}],"curies":[{"name":"wp","href":"https:\/\/api.w.org\/{rel}","templated":true}]}}