{"id":10,"date":"2024-04-04T08:51:28","date_gmt":"2024-04-04T05:51:28","guid":{"rendered":"https:\/\/sisu.ut.ee\/kybertiigrid\/tulemused\/"},"modified":"2026-01-06T14:27:13","modified_gmt":"2026-01-06T12:27:13","slug":"tulemused","status":"publish","type":"page","link":"https:\/\/sisu.ut.ee\/kybertiigrid\/tulemused\/","title":{"rendered":"Tulemused"},"content":{"rendered":"<p>Rahvusvaheline eelretsenseeritud artikkel projekti tulemustest:<\/p>\n<div class=\"csl-bib-body\">\n<div class=\"csl-entry\">Tuvi, I. (2026). Cyber tigers: Motivation and learning achievements of girls from a cybersecurity study program. <i>European Journal of Engineering Education<\/i>, <i>0<\/i>(0), 1\u201316. <a href=\"https:\/\/doi.org\/10.1080\/03043797.2025.2612607\">https:\/\/doi.org\/10.1080\/03043797.2025.2612607<\/a><\/div>\n<div>\u00a0<\/div>\n<\/div>\n<p style=\"text-align: justify;\">Uurimisprojekti \u201cK\u00fcberTiigrid: T\u00fctarlaste k\u00fcber\u00f5ppe motivatsioon ja saavutused\u201d tulemusi tutvustav video:\u00a0<a title=\"\" href=\"https:\/\/www.youtube.com\/watch?v=SlGDOoY0mb8\" target=\"_blank\" rel=\"noopener\" data-url=\"https:\/\/www.youtube.com\/watch?v=SlGDOoY0mb8\">VAATA SIIT<\/a><\/p>\n<p style=\"text-align: justify;\">T\u00e4ispikkuses eesti keelne raport tulemustest <a title=\"\" href=\"https:\/\/drive.google.com\/file\/d\/1zSFF3g5BPbfQQtfsIf0DmujcqSzmkoaG\/view?usp=sharing\" target=\"_blank\" rel=\"noopener\" data-url=\"https:\/\/drive.google.com\/file\/d\/1zSFF3g5BPbfQQtfsIf0DmujcqSzmkoaG\/view?usp=sharing\">VAATA SIIT<\/a><\/p>\n<p style=\"text-align: justify;\"><strong>Uurimisprojekti\u00a0\u201cK\u00fcberTiigrid: T\u00fctarlaste k\u00fcber\u00f5ppe motivatsioon ja saavutused\u201d tulemuste l\u00fchikokkuv\u00f5te:<\/strong><\/p>\n<p style=\"text-align: justify;\">K\u00fcberturbe \u00f5ppeprogrammid seisavad sageli silmitsi v\u00e4ljakutsega, kuidas kaasata rohkem naisi. K\u00e4esolevas uurimuses anal\u00fc\u00fcsiti tegureid, mis v\u00f5iksid motiveerida t\u00fcdrukuid k\u00fcberturvalisuse \u00f5ppeprogrammides, tehes seda CTF T\u00fctarlaste K\u00fcberakadeemia n\u00e4itel. \u00a0CTF T\u00fctarlaste K\u00fcberakadeemia korraldajad rakendasid motiveerimistehnikaid, mis p\u00f5hinesid teaduslikes uuringutes varem tuvastatud teguritel, mis on osutunud t\u00f5husateks naiste k\u00fcberjulgeoleku valdkonda kaasamisel. K\u00e4esolevas uuringus leiti, et enamus neist teguritest motiveeris oluliselt ka K\u00fcberakadeemia osalejaid. Uuritud tegurid h\u00f5lmasid akadeemilisi (programmi organisatsioonilised aspektid), sotsiokultuurilisi (sotsiaalsete ja kultuuriliste elementide tajumine) ja ps\u00fchholoogilisi muutujaid (nt motivatsioonitase enne ja p\u00e4rast programmi). Nende muutujate m\u00f5ju v\u00f5rreldi kahes grupis: K\u00fcberakadeemia tunnistusega l\u00f5petanud ja mittel\u00f5petanud. Huvitav on see, et mitte k\u00f5ik tegurid, mis motiveerisid t\u00fcdrukuid K\u00fcberakadeemia alguses, ei eristanud neid kahte gruppi. L\u00f5petamise seisukohast osutusid oluliseks kolm akadeemilist muutujat \u2013 \u00f5pingute kiire tempo, v\u00f5imalus sooritada l\u00f5pueksam ja pikemad vahed \u00f5ppesessioonide vahel \u2013 olid eriti motiveerivad l\u00f5petanutele ja v\u00e4hem olulised mittel\u00f5petajatele. Sarnaselt oli \u00fcks sotsiokultuuriline muutuja, tihe suhtlus \u00f5ppej\u00f5ududega, ja kaks ps\u00fchholoogilist muutujat, v\u00f5imalus \u00f5ppida oma tempos ja suurenenud enesekindlus aktiivselt osaleda k\u00fcberjulgeolekus, oluliselt motiveerivad l\u00f5petajatele. Kokkuv\u00f5ttes v\u00f5iksid see programm ja teised k\u00fcberjulgeoleku \u00f5ppeprogrammid potentsiaalselt v\u00e4hendada t\u00fctarlaste katkestamise m\u00e4\u00e4rasid, v\u00e4hendades akadeemilisi n\u00f5udmisi, tugevdades kogukonnatunnet ning suurendades \u00f5ppej\u00f5udude suhtlust \u00f5ppuritega.<\/p>\n<p style=\"text-align: justify;\">Read in English <a title=\"\" href=\"https:\/\/sisu.ut.ee\/kybertiigrid\/english\" target=\"_blank\" rel=\"noopener\" data-url=\"https:\/\/sisu.ut.ee\/kybertiigrid\/english\">here<\/a>.<\/p>\n<p><a href=\"https:\/\/www.youtube.com\/watch?v=_jyEVSkSYgw\">VIDEO<\/a> tulemuste esitlusest Interneti p\u00e4eval 2024 (algab ajahetkel 02:20:27 ja kestab 10 min), r\u00e4\u00e4gib Iiris Tuvi. Pildi autor Karolin K\u00f6ster.<\/p>\n<p><img loading=\"lazy\" decoding=\"async\" class=\"alignnone size-medium wp-image-66\" src=\"https:\/\/sisu.ut.ee\/wp-content\/uploads\/sites\/642\/Interneti-Paev_Karolin-Koster-77-300x200.jpg\" alt=\"\" width=\"300\" height=\"200\" srcset=\"https:\/\/sisu.ut.ee\/wp-content\/uploads\/sites\/642\/Interneti-Paev_Karolin-Koster-77-300x200.jpg 300w, https:\/\/sisu.ut.ee\/wp-content\/uploads\/sites\/642\/Interneti-Paev_Karolin-Koster-77-1024x683.jpg 1024w, https:\/\/sisu.ut.ee\/wp-content\/uploads\/sites\/642\/Interneti-Paev_Karolin-Koster-77-768x512.jpg 768w, https:\/\/sisu.ut.ee\/wp-content\/uploads\/sites\/642\/Interneti-Paev_Karolin-Koster-77-1536x1024.jpg 1536w, https:\/\/sisu.ut.ee\/wp-content\/uploads\/sites\/642\/Interneti-Paev_Karolin-Koster-77-2048x1365.jpg 2048w, https:\/\/sisu.ut.ee\/wp-content\/uploads\/sites\/642\/Interneti-Paev_Karolin-Koster-77-1920x1280.jpg 1920w\" sizes=\"auto, (max-width: 300px) 100vw, 300px\"><\/p>\n\n\n<p><\/p>\n\n\n\n<p><a href=\"https:\/\/www.youtube.com\/watch?v=DKneR5w6jQo\">Tallinna Karj\u00e4\u00e4rikeskuse podcast Karj\u00e4\u00e4riminutid<\/a>, kus Iiris Tuvi oli \u00fcks esinejatest ja r\u00e4\u00e4kis K\u00fcbertiigrite projekti tulemustest.<\/p>\n","protected":false},"excerpt":{"rendered":"<p>Rahvusvaheline eelretsenseeritud artikkel projekti tulemustest: Tuvi, I. (2026). Cyber tigers: Motivation and learning achievements of girls from a cybersecurity study program. European Journal of Engineering Education, 0(0), 1\u201316. https:\/\/doi.org\/10.1080\/03043797.2025.2612607 \u00a0 Uurimisprojekti \u201cK\u00fcberTiigrid: T\u00fctarlaste k\u00fcber\u00f5ppe motivatsioon ja saavutused\u201d tulemusi tutvustav video:\u00a0VAATA &#8230;<\/p>\n","protected":false},"author":318,"featured_media":0,"parent":0,"menu_order":0,"comment_status":"closed","ping_status":"closed","template":"","meta":{"_acf_changed":false,"inline_featured_image":false,"footnotes":""},"class_list":["post-10","page","type-page","status-publish","hentry"],"acf":[],"_links":{"self":[{"href":"https:\/\/sisu.ut.ee\/kybertiigrid\/wp-json\/wp\/v2\/pages\/10","targetHints":{"allow":["GET"]}}],"collection":[{"href":"https:\/\/sisu.ut.ee\/kybertiigrid\/wp-json\/wp\/v2\/pages"}],"about":[{"href":"https:\/\/sisu.ut.ee\/kybertiigrid\/wp-json\/wp\/v2\/types\/page"}],"author":[{"embeddable":true,"href":"https:\/\/sisu.ut.ee\/kybertiigrid\/wp-json\/wp\/v2\/users\/318"}],"replies":[{"embeddable":true,"href":"https:\/\/sisu.ut.ee\/kybertiigrid\/wp-json\/wp\/v2\/comments?post=10"}],"version-history":[{"count":5,"href":"https:\/\/sisu.ut.ee\/kybertiigrid\/wp-json\/wp\/v2\/pages\/10\/revisions"}],"predecessor-version":[{"id":76,"href":"https:\/\/sisu.ut.ee\/kybertiigrid\/wp-json\/wp\/v2\/pages\/10\/revisions\/76"}],"wp:attachment":[{"href":"https:\/\/sisu.ut.ee\/kybertiigrid\/wp-json\/wp\/v2\/media?parent=10"}],"curies":[{"name":"wp","href":"https:\/\/api.w.org\/{rel}","templated":true}]}}