{"id":8,"date":"2024-04-04T05:32:35","date_gmt":"2024-04-04T02:32:35","guid":{"rendered":"https:\/\/sisu.ut.ee\/kvalitatiivne\/uldmetodoloogilisi-kusimusi\/"},"modified":"2024-04-04T05:32:55","modified_gmt":"2024-04-04T02:32:55","slug":"uldmetodoloogilisi-kusimusi","status":"publish","type":"page","link":"https:\/\/sisu.ut.ee\/kvalitatiivne\/uldmetodoloogilisi-kusimusi\/","title":{"rendered":"\u00dcldmetodoloogilised k\u00fcsimused"},"content":{"rendered":"<p style=\"text-align: justify\">\n\t\u00a0\n<\/p>\n<p style=\"text-align: justify\">\n\t<em>Autor: Judit Str\u00f6mpl <\/em>\n<\/p>\n<p style=\"text-align: justify\">\n\t<strong>Mis on kvalitatiivne uurimus? <\/strong>\n<\/p>\n<p style=\"text-align: justify\">\n\tL\u00fchidalt: kvalitatiivset uurimust v\u00f5ib m\u00e4\u00e4ratleda kui sotsiaalteaduslikku uurimisviisi, mis v\u00f5tab kasutusele paindlikku ja andmestiku poolt juhitavat uurimisstrateegiat, kasutades suhteliselt mittestruktureeritud andmestikke, r\u00f5hutades subjektiivsuse sisulist rolli uurimisprotsessis, anal\u00fc\u00fcsides detailselt arvuliselt v\u00e4he juhtumeid nende loomulikus kontekstis ja kasutades verbaalseid, mitte numbrilisi\/statistilisi tulemuste esitamise vorme.\n<\/p>\n<p style=\"text-align: justify\">\n\tKvalitatiivne uurimus on \u00fcks kolmest v\u00f5imalikust sotsiaalse tegelikkuse teadusliku tundma\u00f5ppimise viisidest. Uurimisviisi valikut m\u00f5jutavad erinevad asjaolud. K\u00f5igepealt pakub sotsiaalne tegelikkus erineva kvaliteediga objekte, mida uurida. On olemas objektid, mida iseloomustab nende suhteline stabiilsus ajas ja ruumis, s.t nad on p\u00fcsivad ja erinevatel aegadel ning erinevates \u00fchiskondades leiavad nad aset suhteliselt sarnaselt. Neid objekte iseloomustab kontrollitavus. N\u00e4iteks\u00a0riigi elanikkond, selle jagunemine soolistesse, vanuselistesse, etnilistesse jt kategooriatesse. Ka muutused, nt vanuselise koosseisu muutumine on j\u00e4lgitavad ja kontrollitavad.\n<\/p>\n<p style=\"text-align: justify\">\n\tSamal ajal leidub ka sellised fenomene v\u00f5i n\u00e4htusi, mis on raskesti v\u00f5i \u00fcldse mitte kontrollitavad, nt inimeste subjektiivne kogemus. On ka sellised uurimisobjektid (protsessid, tegevused), mida iseloomustab pigem performatiivsus ehk millegi tegemine\/loomine v\u00f5i taasloomine. N\u00e4iteks\u00a0hierarhiliste, partnerlike, vaenulike, s\u00f5bralike vm suhete (taas)loomine; millegi korda saatmine, nt abiellumine, lahutamine, laste kasvatamine, \u00f5petamine; t\u00f6\u00f6 tegemine; toimunud s\u00fcndmuste ja n\u00e4htuste m\u00f5testamine\/t\u00f5lgendamine jne. Need protsessid\/tegevused on raskesti kontrollitavad, sest nad s\u00f5ltuvad ajaloolis-kultuurilisest kontekstist ehk on muutlikud vastavalt sellele, kus, millal, millistes tingimustes s\u00fcndmus toimub, kes on selles osalejad ja missugused eelnevad s\u00fcndmused on toimunud ning missugused teadmised on eelnevate s\u00fcndmustega seoses loodud. Teisis\u00f5nu, kuidas toimus uuritavate s\u00fcndmuste eelnev m\u00f5testamine.\n<\/p>\n<p style=\"text-align: justify;margin-left: 80px\">\n\t<em>N\u00e4iteks\u00a0laste kasvatamisel on mitmeid erinevaid viise s\u00f5ltuvalt sellest, millises ajas, riigis, kultuurilises keskkonnas see toimub. Kui 50 a tagasi sisaldas lapse distsiplineerimine f\u00fc\u00fcsilist karistamist t\u00e4iesti aktsepteeritud kasvatusstiilina, siis t\u00e4na paljude riikide (sealhulgas ka Eesti) seadusandlus seda keelab kui lapse vaimset tervist kahjustavat ja lapse arengut takistavat distsiplineerimismeetodit. Vastavalt sellele muutub ka suhe laps-lapsevanem, mis on kultuuriti v\u00e4ga erinev. Eestis kehtestati n\u00e4iteks lapse f\u00fc\u00fcsilist karistust keelustav seadus (EV lastekaitseseadus) 2016. aastal ja t\u00e4naseks pole veel selge, kuidas reageerida juhtumitele, kui vanem siiski l\u00f6\u00f6b v\u00f5i tutistab oma last. Norras n\u00e4iteks on ka lapse peale karjumine keelustatud ning lasteaedades ja koolides r\u00e4\u00e4gitakse sellest, et lapse peale ei karjuta ning laste k\u00e4est ka k\u00fcsitakse, kas vanemad on nende peale karjunud. Kui vastus on jaatav, siis pakutakse vanematele koolitusi, kus nad saavad \u00f5ppida positiivseid ja lapsi mittealandavaid kasvatusmeetodeid. Aga me tegelikult ei tea, mida lapsevanemate jaoks t\u00e4hendab riigi sekkumine nende \u00e4raellu ning selleks, et teada saada, mida lastevanemad Eestis ja\/v\u00f5i Norras seoses lapse f\u00fc\u00fcsilise karistamise keelustamisega kogevad ning kuidas nad seda m\u00f5testavad, oleks \u00f5ige viia l\u00e4bi kvalitatiivset uurimust, milles lapsevanemad saaksid r\u00e4\u00e4kida oma isiklikest kogemustest.<\/em>\n<\/p>\n<p style=\"text-align: justify\">\n\tEelpool kirjeldatud uurimisobjektid ja n\u00e4htused eeldavad erinevate metoodikate kasutamist, sest nad on sisuliselt v\u00e4ga erinevad ning neid ei saa \u00fchtemoodi tundma \u00f5ppida.\n<\/p>\n<p style=\"text-align: justify\">\n\tUurimisviisi valik s\u00f5ltub ka k\u00fcsimustest, millele uurijad vastuseid otsivad. Kvantitatiivseid meetodeid valivad uurijad, keda huvitavad k\u00fcsimused kui levinud on \u00fcks v\u00f5i teine n\u00e4htus (nt missugune on puuetega inimeste osakaal elanikkonnas, kuidas muutub s\u00fcndimus aja jooksul, missugune on elanikkonna sooline, vanuseline, etniline, rassiline koosseis; kui suur on k\u00f5rgharidusega inimeste osakaal \u00fchiskonnas ja kuidas see muutub aja jooksul v\u00f5i kui suur osa vanemaid osaleb positiivset vanemlikkust toetavates koolitustes jne). V\u00f5i soovivad uurijad aru saada, kuidas erinevad n\u00e4htused \u00fcksteist m\u00f5jutavad, nt kuidas m\u00f5jutab sotsiaalne staatus alkoholitarbimist v\u00f5i kuidas haridustase m\u00f5jutab h\u00e4lbivat k\u00e4itumist, missugune on sissetulekute seos soo, haridustaseme ja t\u00f6\u00f6 iseloomuga v\u00f5i kuidas m\u00f5jutab laste f\u00fc\u00fcsilist karistamist keelustav seadus kasvatamismeetodeid jne. Eelpoolkirjeldatud uurijate jaoks on oluline saada objektiivne, erapooletu vastus oma k\u00fcsimustele, milleks annab hea v\u00f5imaluse statistika. On reaalselt olemas inimesed oma soolise, vanuselise, etnilise, rassilise, haridusliku, kasvatussiili jm n\u00e4itajatega, mille kohta riigid koguvad statistilisi ehk numbrilisi andmeid. Leidub ka eelnevaid empiirilisi andmeid ning teoreetilisi seletusi, mis aitavad kvantitatiivse huviga uurijal oma uurimust kavandada ja teostada. Et kindlustada objektiivsust, kasutab selline uurija kontseptsioone ja indikaatoreid, mis on eelk\u00e4ijate poolt v\u00e4lja t\u00f6\u00f6tatud ja testitud ning testib h\u00fcpoteeside kaudu uurija neid seletusteooriaid (kuidas erinevad muutujad v\u00f5i n\u00e4htused m\u00f5jutavad \u00fcksteist). Selleks, et h\u00fcpoteeside testimine oleks selge ja veenev, t\u00f6\u00f6tatakse v\u00e4lja andmekogumis-instrumendid, mis samuti l\u00e4bivad korduva testimise, et olla kindel selles, et kogutud andmed peegeldavad tegelikkust objektiivselt. Andmeid kvantifitseeritakse ning tulemusi \u00fcldistatakse. Tulemuste \u00fcldistamine on kvantitatiivse uurimuse olulisemaid eesm\u00e4rke. (Sellest rohkem vt kvantitatiivsete meetodite aines.)\n<\/p>\n<p style=\"text-align: justify\">\n\tJuhtivate kvalitatiivse meetodi uurijate hinnangul (vt nt Denzin ja Lincoln 2005, Flick 2009, Flick jt 2004, Hammersley 2013) hakkas kvalitatiivne uurimisviis levima siis, kui tekkis vajadus uurida seda, mis juhtub tavaliselt ja loomulikes tingimustes, mitte eksperimendi ajal; mis toimub, mitte seda, mida arvavad toimuvast uuritavad, kes vastavad standardiseeritud k\u00fcsimustiku k\u00fcsimustele; kui tekib soov v\u00f5imaldada inimestel r\u00e4\u00e4kida nii, nagu nad ise seda soovivad, kasutades oma s\u00f5navara, et m\u00f5ista nende enda perspektiivi; kui tekib oht, et kvantifitseerimise k\u00e4igus kaob keskse kontseptsiooni t\u00e4hendus.\n<\/p>\n<p style=\"text-align: justify\">\n\tKvalitatiivne uurimus hakkas levima siis, kui sotsiaalteadlased j\u00f5udsid arusaamisele, et muutujate anal\u00fc\u00fcsile keskendudes ignoreerib kvantitatiivne anal\u00fc\u00fcs sotsiaalse tegelikkuse keerulist, juhuslikku ja kontekstist s\u00f5ltuvat iseloomu ja arusaama, et inimesed, interpreteerides tegelikkust, loovad seda, mitte ei vasta passiivselt \u00e4rritajatele.\n<\/p>\n<p style=\"text-align: justify\">\n\tKvalitatiivsete meetodite kasutajaid huvitavad sellised k\u00fcsimused, millele kvantitatiivse metodoloogia kaudu vastust leida ei saa. Nt kuidas sotsiaalsed t\u00e4hendused tekivad ja muutuvad, kuidas indiviidid m\u00f5nda sotsiaalset fenomeni kogevad, nt mida t\u00e4hendab elada kaasas\u00fcndinud puudega v\u00f5i m\u00f5ne kroonilise haigusega. Kuidas inimesed oma igap\u00e4evastes interaktsioonides teatud n\u00e4htusi v\u00f5i s\u00fcndmusi t\u00f5lgendavad ja neile t\u00e4hendusi omistavad. Nt kuidas t\u00f5lgendavad \u00f5pilased koolikiusamist ja mis on nende perspektiiv v\u00f5i originaalne vaade sellele. Praegu me juba teame, et erinevatel sihtr\u00fchmadel (lapsed, eakad, puuetega inimesed, v\u00e4hemusgruppi kuuluvad inimesed jne) on seoses sama n\u00e4htusega erinevad kogemused ning nende perspektiivi ignoreerimine moonutab tervikpilti uuritavast n\u00e4htusest. V\u00f5i kui soovitakse m\u00f5ista, mis toimub teatud keskkonnas, nt m\u00f5nes asutuses v\u00f5i institutsioonis, siis kvalitatiivne osalusvaatlus annab s\u00fcgavamaid teadmisi kui statistika v\u00f5i kvantitatiivne uurimus. Et m\u00f5ista institutsiooni toimimist, on siin uurimisobjektiks iga inimese subjektiivne kogemus ja vaade; luubi alla v\u00f5etakse osalejate spetsiifiline v\u00e4ljendusviis ja keelekasutus.\n<\/p>\n<p style=\"text-align: justify\">\n\tNiisiis, kvalitatiivsed meetodid v\u00f5imaldavad keskenduda inimeste subjektiivsetele kogemustele ja tegevustele, m\u00f5ista ainulaadset konkreetses kontekstis. Need n\u00e4htused pole kontrollitavad, kuna nad ei peegelda objektiivselt olemasolevaid n\u00e4htusi, vaid pigem annavad aimu inimeste sisemaailma kohta, mis samal ajal ka juhib tema suhteid teiste inimestega ja k\u00e4itumist laiemalt. M\u00f5ningaid \u00fcldistusi v\u00f5ib ka nende uurimuste alusel teha. Nt v\u00f5ib kindlalt \u00f6elda, et t\u00f5lgendades s\u00fcndmusi ja n\u00e4htusi, loovad inimesed ise oma igap\u00e4evastes interaktsioonides t\u00e4hendusi nendele objektidele, millest nad r\u00e4\u00e4givad. Seega inimeste igap\u00e4evane sotsiaalne tegevus loob sotsiaalset tegelikkust, mis on Herbert Blumeri (1986) j\u00e4rgi tegelikkuse t\u00e4henduslik osa. Kvalitatiivse uurimuse p\u00f5hiline eesm\u00e4rk on seega m\u00f5ista, kuidas sotsiaalne tegelikkus on loodud ning kuidas sotsiaalne elu toimib. Teisis\u00f5nu, kuidas t\u00e4hendusi argielu tegevuste k\u00e4igus luuakse ja taasluuakse ning kuidas olemasolevad t\u00e4hendused, nt juhtivad diskursused ja narratiivid m\u00f5jutavad inimeste valikuid ja k\u00e4itumist ning kuidas need diskursused ja narratiivid inimeste isiklike kogemuste m\u00f5jul muutuvad.\n<\/p>\n<p style=\"text-align: justify\">\n\tKokkuv\u00f5tvalt v\u00f5ib \u00f6elda, et kvantitatiivne ja kvalitatiivne uurimisviis on v\u00f5rdselt olulised seet\u00f5ttu, et nad t\u00e4iendavad teneteist ja v\u00f5imaldavad koos keerulist ja mitmetahulist sotsiaalset tegelikkust tundma \u00f5ppida. Kokkuv\u00f5tvalt toovad erinevad autorid (Denzin ja Lincoln 2005, Flick 2009, Hammersley 2013, Ritchie ja Lewis 2003, Shaw ja Holland 2014) v\u00e4lja kvalitatiivse uurimuse p\u00f5hilised tunnused ja ise\u00e4rasused.\n<\/p>\n<ul>\n<li style=\"text-align: justify\">\n\t\tMeetodite ja teooriate sobivus \u2013 kvalitatiivse uurimuse eesm\u00e4rk ei ole reeglina olemasoleva teadmise (seletusteooria) testimine, vaid uute teadmiste avastamine ja arendamine keeruliste ja v\u00e4heuuritud fenomenide kohta nende keerulistes seostes kontekstiga. Meetodi valikul tuleb l\u00e4htuda eelk\u00f5ige uuritavast fenomenist ning hinnata meetodi sobivust vastavalt sellele, kuidas meetod v\u00f5imaldab avastada ja empiiriliselt p\u00f5histada teadmisi uuritava fenomeni kohta. Teooria roll kvalitatiivses uurimuses on p\u00f5hjendada meetodivalikut ning anda kontseptuaalne raamistik anal\u00fc\u00fcsile. Kvalitatiivses uurimuses tuginetakse tavaliselt sellistele teooriatele, mis annavad \u00fcldise \u00fclevaate sotsiaalse tegelikkuse olemusest ja toimimisest, nt fenomenoloogia, s\u00fcmboliline interaktsionism, etnometodoloogia, sotsiaalne konstruktsionism, narratiiviteooria, diskursuseteooria jmt.\n\t<\/li>\n<li style=\"text-align: justify\">\n\t\tUurimuse keskmes on osalejate perspektiivid ja mitmekesisus. N\u00e4iteks skisofreeniat v\u00f5ib uurida kvantitatiivsete meetodite kaudu, mis aitavad selgeks teha, kui palju inimesi populatsioonist kannatavad selle haiguse all, kuidas on haigus levinud eri soo, vanuse, sotsiaalse klassi esindajate hulgas; millised on raviv\u00f5imalused ja kui palju haiguse ravi maksab. Kuid kui meid huvitab, mida t\u00e4hendab olla skisofreeniahaige, missugused on individuaalsed kogemused erinevates \u00fchiskondades, mida kogevad skisofreeniahaige l\u00e4hedased, hooldajad ja raviarstid, siis nendele k\u00fcsimustele vastuse saamiseks tuleb kasutusele v\u00f5tta kvalitatiivseid meetodeid. Kvalitatiivne uurimus v\u00f5imaldab saada erinevaid subjektiivseid vaateid samale fenomenile ja see teadmine on kahtlemata rikkalik ning mitmekesine.\n\t<\/li>\n<li style=\"text-align: justify\">\n\t\tUurija ja uurimuse refleksiivsus m\u00e4ngib kvalitatiivses uurimuses olulist rolli. Kvalitatiivses uurimuses osaleb uurija reeglina isiklikult \u2013 nt n\u00e4ost-n\u00e4kku kohtumistel uurimuses osalejatega\/uurimissubjektidega. Nt intervjuus m\u00f5jutab intervjueerija oma isiklike omaduste, rollidega seda, mida vastaja r\u00e4\u00e4gib. Kui intervjueerija on nt noor naine, \u00fcli\u00f5pilane, kes viib l\u00e4bi intervjuusid oma bakalaureuset\u00f6\u00f6 uurimuse raames ja vastajaks on kogenud spetsialist, v\u00f5i kui sama spetsialisti intervjueerib tuntud meesteadlane, siis ilmselt info, mida intervjueeritav edastab, on mingil m\u00e4\u00e4ral erinev vaatamata sellele, et intervjuuk\u00fcsimused on samad. Sellep\u00e4rast peab uurija esiteks v\u00e4ga p\u00f5hjalikult l\u00e4bi m\u00f5tlema intervjuu k\u00fcsimused, et v\u00e4ltida otsest suunamist v\u00f5i meelevaldset m\u00f5jutamist. K\u00fcsimused peavad olema avatud ning vastajakesksed ehk v\u00f5imaldama vastajal avada enda vaateid, jutustada enda kogemustest, mitte sellised, mille kaudu uurija testib oma vaateid uuritavale objektile. Teiseks, intervjuu transkriptsiooni anal\u00fc\u00fcsi juures tuleb olla refleksiivne ehk anal\u00fc\u00fcsida ja seletada oma valikuid andmete t\u00f5lgendamisel, hinnates seejuures ka oma v\u00f5imalikku m\u00f5ju. Uurija kasutab tundma\u00f5ppimise protsessis enda kui sotsiaalse toimija rolli ning anal\u00fc\u00fcsib muuhulgas ka seda, kuidas nt toimus tema enda sotsialiseerumine osalusvaatluse ajal \u2013 muutumine v\u00e4ljastpoolt seisjast (ing.k. outsider) seestpoolt olijaks (ing.k. insider).\n\t<\/li>\n<li style=\"text-align: justify\">\n\t\tKvalitatiivsete l\u00e4henemiste ja meetodite variatiivsus\/mitmekesisus. Kvalitatiivne uurimus v\u00f5ib p\u00f5hineda v\u00e4ga erinevatel teoreetilistel raamistikel, v\u00f5ib olla realiseeritud erinevate l\u00e4henemiste kaudu ning v\u00f5ib kasutada erinevaid andmekogumise ja anal\u00fc\u00fcsimise meetodeid. Siin j\u00e4rgitakse p\u00f5him\u00f5tet, mida erinevad autorid nimetavad andmestike poolt juhitud ja paindlikuks uurimisstrateegiaks.\n\t<\/li>\n<li style=\"text-align: justify\">\n\t\tSotsiaalse tegelikkuse konstrueeritud olemus. Me saame sotsiaalset tegelikust tundma \u00f5ppida \u00fcksnes nende representatsioonide kaudu. Representatsioonid on aga keelelise tegevuse tulemus. Kui l\u00e4htuda faktist, et sotsiaalne tegelikkus on sotsiaalselt konstrueeritud, siis on p\u00f5hjendatud ka vajadus konstrueerimise protsessi ning selle protsessi tulemusena tekkinud n\u00e4htusi uurida. Sotsiaalne konstrueerimine k\u00f5ige \u00fcldisemalt t\u00e4hendab seda, et inimesed loovad ja taasloovad t\u00f5lgendades objektide t\u00e4hendusi.\n\t<\/li>\n<li style=\"text-align: justify\">\n\t\tSubjektiivsuse p\u00fchitsemine. Kvalitatiivse uurimuse eesm\u00e4rk on koguda ja anal\u00fc\u00fcsida inimeste subjektiivseid vaateid ja kogemusi. Subjektiivsus on siin positiivse t\u00e4hendusega ja viitab ainulaadsusele.\n\t<\/li>\n<li style=\"text-align: justify\">\n\t\t\u201eLoomulike\u201c keskkondade uurimine. Eksperimentaalne uurimus loob ebaloomuliku olukorra teatud teemade\/n\u00e4htuste uurimiseks, mis v\u00f5ivad anda vale informatsiooni tegelikkusest. Samuti kvantitatiivne k\u00fcsitlus, kus on k\u00f5ik ette antud ja m\u00e4\u00e4ratud, annab aimu eelk\u00f5ige uurija\/teadlaste arusaamade \u00f5igeks v\u00f5i valeks hindamisest. Kvalitatiivne uurimus seevastu uurib inimese k\u00e4itumist tema loomulikus keskkonnas ning intervjuu v\u00f5imaldab osalejal ennast vabalt, oma s\u00f5nadega v\u00e4ljendada.\n\t<\/li>\n<li style=\"text-align: justify\">\n\t\tV\u00e4heste juhtumite s\u00fcvitsi uurimine. See v\u00f5imaldab uurida juhtumit mitmek\u00fclgselt ja s\u00fcgavuti kontekstist l\u00e4htuvalt, mis teatavasti v\u00f5ib m\u00e4ngida v\u00e4ga olulist rolli uuritava fenomeni m\u00f5istmisel.\n\t<\/li>\n<li style=\"text-align: justify\">\n\t\tV\u00e4\u00e4rtuste roll kvalitatiivses uurimuses. Kvalitatiivsete meetodite kasutajad ei saa n\u00f5ustuda n\u00f5udega, et sotsiaalteaduslik uurimus peab olema v\u00e4\u00e4rtustest vaba, sest kohtudes isiklikult erinevate sihtgruppidega, n\u00e4evad nad ebav\u00f5rdsust ning tunnevad seet\u00f5ttu sageli sihtgrupi ees poliitilist vastutust ning m\u00e4ngivad eestk\u00f5neleja rolli. Seega kvalitatiivne uurimus v\u00f5ib minna v\u00e4ljapoole lihtsate andmete kogumise ja anal\u00fc\u00fcsimise raame ja muutuda sotsiaalseks praktikaks. V\u00e4\u00e4rtused aga ei t\u00e4henda mingil juhul seda, et uurijal oleks \u00f5igus oma v\u00e4\u00e4rtusi uurimuses osalejate vahel levitada v\u00f5i peale suruda. V\u00e4\u00e4rtuste puhul r\u00f5hutatakse pigem humanistlikke v\u00e4\u00e4rtusi ja inim\u00f5igusi, mis seavad paika ka uurimusega seotud eetilised printsiibid. V\u00e4\u00e4rtustel p\u00f5hinev uurimus t\u00e4hendab ka olemasoleva sotsiaalse korra kriitilist anal\u00fc\u00fcsi, mille m\u00f5ju kohta annavad inimeste subjektiivsed kogemused autentset ja s\u00fcgavat informatsiooni.\n\t<\/li>\n<\/ul>\n<p style=\"text-align: justify\">\n\t<strong>Milline on kvalitatiivne andmestik? <\/strong>\n<\/p>\n<p style=\"text-align: justify\">\n\tTuginedes eespool\u00f6eldule v\u00f5ib v\u00e4ita, et kvalitatiivse andmestiku moodustavad suhteliselt struktureerimata verbaalsed ja\/v\u00f5i visuaalsed tekstid, nt intervjuude transkribeeritud tekstid, vaatlusp\u00e4evikud, fotod, pildid, videod, mis on uurija enda poolt genereeritud\/loodud; tele-, v\u00f5i raadiosaated, sotsiaalmeedia postitused, kodulehed jne, mis v\u00f5ivad sisaldada nii verbaalset kui visuaalset informatsiooni. Andmestiku v\u00f5ivad moodustada ka teistlaadi valmistekstid, nt toimikud, juhised, juhendid, arengukavad, ajaleheartiklid, aga ka meediav\u00e4ljaanded (terve ajeleht v\u00f5i ajakiri), isegi statistika v\u00f5ib olla kvalitatiivse anal\u00fc\u00fcsi andmestik. Laias laastus kui see aitab uurijal vastata oma uurimisk\u00fcsimustele, v\u00f5ivad kvalitatiivse uurimuse andmeteks olla igasugused tekstid ja artefaktid.\n<\/p>\n<p style=\"text-align: justify\">\n\tKvalitatiivsete andmete kohta on levinud arvamus, et need on sisuliselt eelk\u00f5ige kirjeldav. Nt vaatluse ajal j\u00e4lgib uurija t\u00e4helepanelikult, mis toimub ja p\u00fc\u00fcab v\u00f5imalikult t\u00e4pselt seda kasutades loomuliku keelt kirjeldada. Sageli kasutatakse kvalitatiivse uurimuse andmetena video- ja audiosalvestusi, mida samuti transkribeeritakse, sest kirjalikku teksti on kergem kodeerida ja anal\u00fc\u00fcsida. Kuid tekstid ei ole ainult kirjeldavad. Nende anal\u00fc\u00fcsi tulemusena saab pigem selgitada uuritavat fenomeni. Seega on \u00f5igem hinnata kvalitatiivseid uuringuid kui eksploratiivseid, s.t avastuslikke.\n<\/p>\n<p style=\"text-align: justify\">\n\tKvalitatiivseid andmeid iseloomustab m\u00e4rks\u00f5na \u201esubjektiivsus\u201c, millest oli juba eespool juttu. Siin tuleb r\u00e4\u00e4kida andmete subjektiivsusese kahest aspektist. \u00dcks aspekt t\u00e4hendab seda, et kvalitatiivsed andmed sisaldavad osalejate\/uurimissubjektide subjektiivseid vaateid, kogemusi, t\u00f5lgendusi uuritava n\u00e4htuse kohta. See on t\u00f5esti nii \u2013 just see ongi kvalitatiivse uurimuse \u00fcks eesm\u00e4rk. Teine aspekt viitab sellele, et uurija ise on oma uurimuses subjektiivne ehk ei j\u00e4rgi teadusuuringu objektiivset hinnanguvaba ja erapooletut anal\u00fc\u00fcsi. Teine aspekt ei ole kvalitatiivse uurimuse eesm\u00e4rk ning see on vales\u00fc\u00fcdistus. Kvalitatiivse uurimuse l\u00e4biviija peab l\u00e4htuma andmetest ning ei tohi osalejate vaateid ja esitatud kogemusi, t\u00f5lgendusi meelevaldselt, hinnanguliselt moonutada. Samas ei saa v\u00e4listada uurija teatud m\u00f5ju andmetele ja uurimistulemustele, millest oli juba eespool juttu. Uurija m\u00f5just teadlik olemine on \u00fcks kvalitatiivse uurimuse keskne n\u00f5ue uurijale ja mis muuhulgas t\u00e4hendab seda, et oma anal\u00fc\u00fcsi tulemusi esitades, reflekteerib ja seletab uurija pidevalt enda valikuid ja t\u00f5lgendusi, et lugejal oleks uurimisprotsessi tegelik kulg selge.\n<\/p>\n<p style=\"text-align: justify\">\n\t\u00a0\n<\/p>\n<p style=\"text-align: justify\">\n\t<strong>Viidatud allikad\u00a0<\/strong>\n<\/p>\n<ul>\n<li style=\"text-align: justify\">\n\t\t<span style=\"font-size:10px\">Blumer, H. (1986). Symbolic Interactionism. Perspective and Method. Berkley, Los Angeles, London: University of California Press. <\/span>\n\t<\/li>\n<li style=\"text-align: justify\">\n\t\t<span style=\"font-size:10px\">Denzin,N.K. &amp; Lincoln, Y.S. (2005) Introduction. Denzin,N.K. &amp; Lincoln, Y.S. (eds.) The Sage Handbook of Qualitative Research, Second Ed. Thousand Oaks, London, New Delhi: Sage Publications. <\/span>\n\t<\/li>\n<li style=\"text-align: justify\">\n\t\t<span style=\"font-size:10px\">Flick, U. (2009). An Introduction to Qualitative Research. 4th edition. Thousand Oaks, California, Sage Pub. <\/span>\n\t<\/li>\n<li style=\"text-align: justify\">\n\t\t<span style=\"font-size:10px\">Flick, U; Kardorff, E. von &amp; Steinke, I. (eds.) (2004). A Companion to Qualitative Research. Thousand Oaks, London, New Delhi: Sage Publications. <\/span>\n\t<\/li>\n<li style=\"text-align: justify\">\n\t\t<span style=\"font-size:10px\">Hammersley, M. (2013). What is qualitative research? London, New Delhi. New York, Sydney: Bloomsbury.<\/span>\n\t<\/li>\n<\/ul>\n","protected":false},"excerpt":{"rendered":"<p>\u00a0 Autor: Judit Str\u00f6mpl Mis on kvalitatiivne uurimus? L\u00fchidalt: kvalitatiivset uurimust v\u00f5ib m\u00e4\u00e4ratleda kui sotsiaalteaduslikku uurimisviisi, mis v\u00f5tab kasutusele paindlikku ja andmestiku poolt juhitavat uurimisstrateegiat, kasutades suhteliselt mittestruktureeritud andmestikke, r\u00f5hutades subjektiivsuse sisulist rolli uurimisprotsessis, anal\u00fc\u00fcsides detailselt arvuliselt v\u00e4he juhtumeid nende &#8230;<\/p>\n","protected":false},"author":205,"featured_media":0,"parent":0,"menu_order":0,"comment_status":"closed","ping_status":"closed","template":"","meta":{"_acf_changed":false,"inline_featured_image":false,"footnotes":""},"class_list":["post-8","page","type-page","status-publish","hentry"],"acf":[],"_links":{"self":[{"href":"https:\/\/sisu.ut.ee\/kvalitatiivne\/wp-json\/wp\/v2\/pages\/8","targetHints":{"allow":["GET"]}}],"collection":[{"href":"https:\/\/sisu.ut.ee\/kvalitatiivne\/wp-json\/wp\/v2\/pages"}],"about":[{"href":"https:\/\/sisu.ut.ee\/kvalitatiivne\/wp-json\/wp\/v2\/types\/page"}],"author":[{"embeddable":true,"href":"https:\/\/sisu.ut.ee\/kvalitatiivne\/wp-json\/wp\/v2\/users\/205"}],"replies":[{"embeddable":true,"href":"https:\/\/sisu.ut.ee\/kvalitatiivne\/wp-json\/wp\/v2\/comments?post=8"}],"version-history":[{"count":1,"href":"https:\/\/sisu.ut.ee\/kvalitatiivne\/wp-json\/wp\/v2\/pages\/8\/revisions"}],"predecessor-version":[{"id":122,"href":"https:\/\/sisu.ut.ee\/kvalitatiivne\/wp-json\/wp\/v2\/pages\/8\/revisions\/122"}],"wp:attachment":[{"href":"https:\/\/sisu.ut.ee\/kvalitatiivne\/wp-json\/wp\/v2\/media?parent=8"}],"curies":[{"name":"wp","href":"https:\/\/api.w.org\/{rel}","templated":true}]}}