{"id":32,"date":"2024-04-04T05:32:38","date_gmt":"2024-04-04T02:32:38","guid":{"rendered":"https:\/\/sisu.ut.ee\/kvalitatiivne\/tulemuste-suuline-esitamine\/"},"modified":"2024-04-16T17:25:32","modified_gmt":"2024-04-16T14:25:32","slug":"tulemuste-suuline-esitamine","status":"publish","type":"page","link":"https:\/\/sisu.ut.ee\/kvalitatiivne\/tulemuste-suuline-esitamine\/","title":{"rendered":"Tulemuste suuline esitamine"},"content":{"rendered":"<p dir=\"ltr\">\n<\/p><p dir=\"ltr\"><em>Autor: Mari-Liis Tikerperi<\/em><\/p>\n<p dir=\"ltr\" style=\"text-align: justify;\">Pea iga teadust\u00f6\u00f6 juurde kuulub selle esitlemine. \u00dcli\u00f5pilast\u00f6\u00f6de kontekstis r\u00e4\u00e4gime t\u00f6\u00f6de kaitsmisest ehk komisjoni ja kaas\u00fcli\u00f5pilaste ees oma t\u00f6\u00f6st \u00fclevaate andmisest. Kaitsmisprotseduur v\u00f5ib erinevates instituutides v\u00f5i \u00f5ppekavadel pisut erineda, kuid \u00fcldjoontes on tavad sarnased. Reeglina j\u00e4rgneb \u00fcli\u00f5pilase kaitsek\u00f5nele retsensiooni ettelugemine v\u00f5i diskussioon retsensendiga ja vahel ka juhendaja arvamus t\u00f6\u00f6st. Seej\u00e4rel k\u00fcsib k\u00fcsimusi hindamiskomisjon ja l\u00f5petuseks antakse \u00fcli\u00f5pilasele v\u00f5imalus l\u00f5pps\u00f5naks, kus tavap\u00e4raselt edastatakse ka t\u00e4nus\u00f5nad juhendajale, abilistele, kuulajatele ja teistele t\u00f6\u00f6 valmimisel olulistele inimestele.<\/p>\n<p dir=\"ltr\" style=\"text-align: justify;\"><strong>Klassikaline kaitsek\u00f5ne \u00fclesehitus<\/strong><\/p>\n<ul dir=\"ltr\">\n<li style=\"text-align: justify;\">Teema l\u00fchitutvustus sh l\u00fchike teoreetiline taust<\/li>\n<li style=\"text-align: justify;\">Uurimisprobleem ja sellest l\u00e4htuvad uurimisk\u00fcsimused v\u00f5i h\u00fcpotees<\/li>\n<li style=\"text-align: justify;\">Valitud metoodika ja valim<\/li>\n<li style=\"text-align: justify;\">Olulisemad tulemused ja seosed teooriaga<\/li>\n<li style=\"text-align: justify;\">Olulisemad j\u00e4reldused<\/li>\n<\/ul>\n<p dir=\"ltr\" style=\"text-align: justify;\"><strong>Oluline meeles pidada<\/strong><\/p>\n<ul dir=\"ltr\">\n<li style=\"text-align: justify;\">Sina oled oma teema ekspert ja oma t\u00f6\u00f6 looja<\/li>\n<li style=\"text-align: justify;\">Kasuta lihtsat, kuid korrektset keelt; sh ole ettevaatlik oma teemas spetsiifiliste terminitega, mida kuulajad ei pruugi teada<\/li>\n<li style=\"text-align: justify;\">P\u00fcsi harjutatud ettekande piirides. Ka k\u00f5ige parem idee v\u00f5ib kahjustada ajas p\u00fcsimist v\u00f5i raskendada algselt plaanitud rajale tagasip\u00f6\u00f6rdumist. Looda, et saad oma briljantse m\u00f5tte v\u00e4lja k\u00e4ia k\u00fcsimuste-vastuste osas.<\/li>\n<li style=\"text-align: justify;\">Emotsioonid aitavad v\u00e4ljendada olulisemat ja haarata kuulajat<\/li>\n<li style=\"text-align: justify;\">K\u00fcsimustele vastates j\u00e4\u00e4 viisakaks ja \u00e4ra mine kaasa provokatiivsete k\u00fcsimustega<\/li>\n<\/ul>\n<p dir=\"ltr\" style=\"text-align: justify;\"><strong>Ettevalmistust ei saa alahinnata<\/strong><\/p>\n<ul dir=\"ltr\">\n<li style=\"text-align: justify;\">Ole teadlik ajalimiitidest ja pea neist kinni<\/li>\n<li style=\"text-align: justify;\">Harjuta oma ettekannet k\u00f5va h\u00e4\u00e4lega<\/li>\n<li style=\"text-align: justify;\">Veendu, et keskendud olulisemale<\/li>\n<li style=\"text-align: justify;\">Kontrolli, et slaidid oleks korrektsed, \u00fclevaatlikud ja abistavad<\/li>\n<li style=\"text-align: justify;\">Kui tunned liigset esinemishirmu, leiad ehk j\u00e4rgnevatest lisamaterjalidest abistavaid m\u00f5tteid<\/li>\n<\/ul>\n<p style=\"text-align: justify;\">\n<\/p><p style=\"text-align: justify;\"><strong>LISALUGEMISEKS ja VAATAMISEKS<\/strong><\/p>\n<p style=\"text-align: justify;\"><a title=\"\" href=\"https:\/\/www.youtube.com\/watch?v=Iwpi1Lm6dFo\" target=\"_blank\" rel=\"noopener\" data-url=\"https:\/\/www.youtube.com\/watch?v=Iwpi1Lm6dFo\">How to avoid death by PowerPoint<\/a><\/p>\n<p style=\"text-align: justify;\"><a title=\"\" href=\"https:\/\/inspiratsioon.ee\/kuidas-taltsutada-esinemishirmu\/\" target=\"_blank\" rel=\"noopener\" data-url=\"https:\/\/inspiratsioon.ee\/kuidas-taltsutada-esinemishirmu\/\">Kuidas taltsutada enda esinemishirmu? Harald Lepisk<\/a><\/p>\n","protected":false},"excerpt":{"rendered":"<p>Autor: Mari-Liis Tikerperi Pea iga teadust\u00f6\u00f6 juurde kuulub selle esitlemine. \u00dcli\u00f5pilast\u00f6\u00f6de kontekstis r\u00e4\u00e4gime t\u00f6\u00f6de kaitsmisest ehk komisjoni ja kaas\u00fcli\u00f5pilaste ees oma t\u00f6\u00f6st \u00fclevaate andmisest. Kaitsmisprotseduur v\u00f5ib erinevates instituutides v\u00f5i \u00f5ppekavadel pisut erineda, kuid \u00fcldjoontes on tavad sarnased. Reeglina j\u00e4rgneb \u00fcli\u00f5pilase &#8230;<\/p>\n","protected":false},"author":205,"featured_media":0,"parent":0,"menu_order":0,"comment_status":"closed","ping_status":"closed","template":"","meta":{"_acf_changed":false,"inline_featured_image":false,"footnotes":""},"class_list":["post-32","page","type-page","status-publish","hentry"],"acf":[],"_links":{"self":[{"href":"https:\/\/sisu.ut.ee\/kvalitatiivne\/wp-json\/wp\/v2\/pages\/32","targetHints":{"allow":["GET"]}}],"collection":[{"href":"https:\/\/sisu.ut.ee\/kvalitatiivne\/wp-json\/wp\/v2\/pages"}],"about":[{"href":"https:\/\/sisu.ut.ee\/kvalitatiivne\/wp-json\/wp\/v2\/types\/page"}],"author":[{"embeddable":true,"href":"https:\/\/sisu.ut.ee\/kvalitatiivne\/wp-json\/wp\/v2\/users\/205"}],"replies":[{"embeddable":true,"href":"https:\/\/sisu.ut.ee\/kvalitatiivne\/wp-json\/wp\/v2\/comments?post=32"}],"version-history":[{"count":2,"href":"https:\/\/sisu.ut.ee\/kvalitatiivne\/wp-json\/wp\/v2\/pages\/32\/revisions"}],"predecessor-version":[{"id":137,"href":"https:\/\/sisu.ut.ee\/kvalitatiivne\/wp-json\/wp\/v2\/pages\/32\/revisions\/137"}],"wp:attachment":[{"href":"https:\/\/sisu.ut.ee\/kvalitatiivne\/wp-json\/wp\/v2\/media?parent=32"}],"curies":[{"name":"wp","href":"https:\/\/api.w.org\/{rel}","templated":true}]}}