{"id":3,"date":"2024-04-04T05:32:35","date_gmt":"2024-04-04T02:32:35","guid":{"rendered":"https:\/\/sisu.ut.ee\/kvalitatiivne\/uurimisprobleemi-pustitamine\/"},"modified":"2024-04-04T05:32:55","modified_gmt":"2024-04-04T02:32:55","slug":"uurimisprobleemi-pustitamine","status":"publish","type":"page","link":"https:\/\/sisu.ut.ee\/kvalitatiivne\/uurimisprobleemi-pustitamine\/","title":{"rendered":"Mudel uurimuse ettevalmistamises"},"content":{"rendered":"<p>\n\t\u00a0\n<\/p>\n<p>\n\t<em>Autor: Jelena Rootamm-Valter<\/em>\n<\/p>\n<p style=\"text-align: justify\">\n\tMudel on uurija ettekujutus sellest, millised on uuritava olulised omadused ja neid kujundavad tegurid. Mudeli olulisim tunnus on struktuur \u2013 see t\u00e4hendab, et ta peab aitama m\u00f5tteid korrastada. Uuritava mudeli valimine v\u00f5i koostamine on uurimuse ettevalmistuse protsessi viimane etapp enne uuringu kava koostamist.\n<\/p>\n<p style=\"text-align: justify\">\n\tHirsjarvi ja ta kaasautorid (2005: 136) kirjutavad tabavalt, et kuigi uurimuse l\u00e4htekohana on tarvis kasutada teooriaid, tekib mitmes teadusvaldkonnas sellega probleeme. Sotsiaalsed teoorias ei koosne t\u00e4psetest seadustest, mida kohtame loodusteaduses ning mis leiavad v\u00e4ljenduse konkreetsetes valemites, mida annab otseselt rakendada. Sotsiaalteaduses leiab pigem v\u00e4iteid ja mudeleid ehk m\u00f5ttekonstruktsioone. Mudelit v\u00f5ib m\u00e4\u00e4ratleda kujutlusena v\u00f5i tegelikkuse abstraktsioonina. Tema eesm\u00e4rgiks on lihtsustada uurija ettekujutust tervikust, mida ta uurib, tuues esile olulisi tunnuseid (op.cit.)\n<\/p>\n<p style=\"text-align: justify\">\n\tNiisiis, koostab uuritava mudeli, et siduda oma uurimus teooriaga ning luua alus uurimismetoodika v\u00e4ljat\u00f6\u00f6tamiseks. Mudel v\u00f5ib olla matemaatiline (nt valem), graafiline (nt joonis), f\u00fc\u00fcsiline (nt makett) jne, samuti v\u00f5ib see koosneda ka struktureeritud tekstist (nt iseloomuomaduste loetelu). Sotsiaaluuringutes kasutatakse mudelina struktureeritud teksti, m\u00f5nikord p\u00fc\u00fctakse sellele leida graafiline vorm.\n<\/p>\n<p style=\"text-align: justify;margin-left: 80px\">\n\t<em>N\u00e4itena struktureeritud tekstiga mudelist v\u00f5ib tuua hakkamasaamise aktiivse strateegia mudeli esituse (Coping\u20262018) Probleemile (lahendusele) orienteeritud strateegiat iseloomustavad (op.cit.):<br>1 Endale kinnitamine: \u201cMul on probleem \u2013 ma vajan lahendust\u201d ning<br>2 Sellest tulenevat k\u00e4itumismall:<br>2.1 Situatsiooni anal\u00fc\u00fcs.<br>2.2 J\u00f5upingutuste suurendamine.<br>2.3 Varem \u00f5pitu rakendamine igap\u00e4evaelus.<br>2.4 Selliste isiku v\u00f5i isikute poole p\u00f6\u00f6rdumist, kes saavad situatsiooni otseselt m\u00f5jutada.<br>3 Muutuse hindamine: kas probleem on lahenenud.<br>Sama sisuga mudeli graafiline kujutus on toodud joonisel 1. <\/em>\n<\/p>\n<p style=\"text-align: justify;margin-left: 80px\">\n\t<img loading=\"lazy\" decoding=\"async\" width=\"1302\" height=\"782\" class=\"alignnone wp-image-39\" src=\"https:\/\/sisu.ut.ee\/wp-content\/uploads\/sites\/394\/screenshot_2020-03-16_at_16.40.40.png\" title=\"screenshot_2020-03-16_at_16.40.40.png\" alt=\"Joonis1\" srcset=\"https:\/\/sisu.ut.ee\/wp-content\/uploads\/sites\/394\/screenshot_2020-03-16_at_16.40.40.png 1302w, https:\/\/sisu.ut.ee\/wp-content\/uploads\/sites\/394\/screenshot_2020-03-16_at_16.40.40-300x180.png 300w, https:\/\/sisu.ut.ee\/wp-content\/uploads\/sites\/394\/screenshot_2020-03-16_at_16.40.40-1024x615.png 1024w, https:\/\/sisu.ut.ee\/wp-content\/uploads\/sites\/394\/screenshot_2020-03-16_at_16.40.40-768x461.png 768w\" sizes=\"auto, (max-width: 1302px) 100vw, 1302px\">\n<\/p>\n<p style=\"text-align: justify\">\n\tMudel peab n\u00e4itama uuritava seisukohalt olulisi omadusi, aitama kaasa nende omaduste tunnuste kindlaksm\u00e4\u00e4ramisele ja tunnuste m\u00f5\u00f5tmise vahendite leidmisele. Kvalitatiivses uurimuses peetakse m\u00f5\u00f5tmise all tavaliselt silmas \u00e4ratundmist: milliste tunnuste abil tunneb uurija midagi temale olulist \u00e4ra?\n<\/p>\n<p style=\"text-align: justify\">\n\tM\u00f5ned autorid soovitavad (J\u00fcrine jt 2014: 24) l\u00e4htuda uurimuses mitte mudelist, vaid kontseptsioonist. Kontseptsioon on uuritava terviklik k\u00e4sitlus, mis tuleneb otseselt h\u00e4sti v\u00e4lja arendatud teoreetilisel l\u00e4henemisel v\u00f5i teoorial. Mudel kajastab pigem uurija ettekujutust uuritavast, kontseptsioon on \u00fcldtunnustatud l\u00e4henemine. Tulenevalt uurimuse probleemist ja eesm\u00e4rgist v\u00f5ib m\u00f5nikord just kontseptuaalset l\u00e4henemist tarvis minna.\n<\/p>\n<p style=\"text-align: justify\">\n\t\u00dcli\u00f5pilasuuringutes toetutakse pigem juba olemasolevatele kontseptsioonidele. Kontseptsioonid, nagu mudelidki, v\u00f5ivad olla teoreetilised ja rakenduslikud.\n<\/p>\n<p style=\"text-align: justify;margin-left: 80px\">\n\t<em>N\u00e4idetena v\u00f5ib v\u00e4lja tuua viit levinumat turunduskontseptsiooni (Marketing Concepts) (Five\u2026 2018): tootmisest tulenev (Production Concept), tootest v\u00f5i teenusest l\u00e4htuv (Product Concept), m\u00fc\u00fcmist kesksena k\u00e4sitlev (Selling Concept), turunduse olemusest l\u00e4htuv (Marketing Cpncept) ning sotsiaalset aspekti esmat\u00e4htsana esile t\u00f5stev (Societal Marketing). Selles n\u00e4ites nimetatud kontseptsioone v\u00f5ib samah\u00e4sti nimetada ka mudeliteks. Vahetevahel kasutatakse neid termineid s\u00fcnon\u00fc\u00fcmidena.<\/em>\n<\/p>\n<p style=\"text-align: justify\">\n\tJ\u00e4rgmine n\u00e4ide illustreerib, kuidas saab mudeli abil leida uuritava olulised omadused, mis edaspidi rakendusuuringu metoodikas m\u00f5\u00f5tmist leiavad.\n<\/p>\n<p style=\"text-align: justify;margin-left: 80px\">\n\t<em>Uurimuse \u00fcheks \u00fclesandeks oli kaardistada ja anal\u00fc\u00fcsida pereturismi jaoks sobivaid teenuseid Ida-Virumaa turismiturul (Ernits 2018: 8). Uurimust ette valmistades koostati turismi olemuse teoreetilistele k\u00e4sitlustele tuginedes vastanduvate turismiliikide mudel (joonis 2). Mudelile toetudes leiti IdaVirumaa turismipotentsiaali iseloomustavad jooned. Sellele teadmisele toetudes koostati turismiturul pakutavate toodete kontentanal\u00fc\u00fcsi metoodika. Andmed saadi turismiteenuse pakkujate kodulehtedelt.<\/em>\n<\/p>\n<p style=\"margin-left: 80px\">\n\t<em><img loading=\"lazy\" decoding=\"async\" width=\"1230\" height=\"956\" class=\"alignnone wp-image-40\" src=\"https:\/\/sisu.ut.ee\/wp-content\/uploads\/sites\/394\/screenshot_2020-03-16_at_16.41.02.png\" title=\"screenshot_2020-03-16_at_16.41.02.png\" alt=\"Joonis2\" srcset=\"https:\/\/sisu.ut.ee\/wp-content\/uploads\/sites\/394\/screenshot_2020-03-16_at_16.41.02.png 1230w, https:\/\/sisu.ut.ee\/wp-content\/uploads\/sites\/394\/screenshot_2020-03-16_at_16.41.02-300x233.png 300w, https:\/\/sisu.ut.ee\/wp-content\/uploads\/sites\/394\/screenshot_2020-03-16_at_16.41.02-1024x796.png 1024w, https:\/\/sisu.ut.ee\/wp-content\/uploads\/sites\/394\/screenshot_2020-03-16_at_16.41.02-768x597.png 768w\" sizes=\"auto, (max-width: 1230px) 100vw, 1230px\"><\/em>\n<\/p>\n<p style=\"text-align: justify\">\n\tTuleb m\u00e4rkida, et juba olemas oleva mudeli kasutamine v\u00f5i oma originaalse mudeli konstrueerimine aitab kaasa m\u00f5istete t\u00e4psemale m\u00e4\u00e4ratlemisele. Uurimuses kasutatavad m\u00f5isted j\u00e4\u00e4vad siis \u00fche tervikliku k\u00e4sitluse ehk mudeli piiridesse ning neid on k\u00e4ep\u00e4rasem omavahel seostada.\n<\/p>\n<p style=\"text-align: justify\">\n\tKui kasutatakse juba olemasolevaid mudelit v\u00f5i kontseptsiooni, siis k\u00f5ik uurijad kasutavad nendes \u00fchesuguseid termineid ning need on \u00fcheselt m\u00f5istetavad, mis aitab uurimuse selgusele kaasa. Kaasaegsetes k\u00e4sitlustes (nt Verhoven 2008: 35) peetakse m\u00f5istete m\u00e4\u00e4ratlemist lausa mudeli koostamise osaks.\n<\/p>\n<p>\n\t\u00a0\n<\/p>\n<p>\n\t<strong><a data-url=\"https:\/\/moodle.ut.ee\/mod\/quiz\/view.php?id=679151\" href=\"https:\/\/moodle.ut.ee\/mod\/quiz\/view.php?id=679151\" target=\"_blank\" title=\"\" rel=\"noopener\">TEST ENESEKONTROLLIKS<\/a><\/strong>\n<\/p>\n<p>\n\t\u00a0\n<\/p>\n<p>\n\t<strong>LISALUGEMISEKS<\/strong>\n<\/p>\n<p>\n\t<a data-url=\"https:\/\/www.govertvalkenburg.net\/socialscienceconcepts\" href=\"https:\/\/www.govertvalkenburg.net\/socialscienceconcepts\" target=\"_blank\" title=\"\" rel=\"noopener\">Valkenburg, G. (2017) The role of concepts in social science. Norwegian University of Science and Technology<\/a>\n<\/p>\n<p>\n\t<a data-url=\"https:\/\/uwm.edu\/deta\/research-model\/\" href=\"https:\/\/uwm.edu\/deta\/research-model\/\" target=\"_blank\" title=\"\" rel=\"noopener\">Joosten, T. (2019) A National Research Model for Online Learning. National Research Center for Distance Education and Technological Advancements DETA<\/a>\n<\/p>\n<p>\n\t<a data-url=\"https:\/\/www.researchgate.net\/publication\/272620585_INTRODUCTION_TO_CONCEPTS_OF_TEACHING_AND_LEARNING\" href=\"https:\/\/www.researchgate.net\/publication\/272620585_INTRODUCTION_TO_CONCEPTS_OF_TEACHING_AND_LEARNING\" target=\"_blank\" title=\"\" rel=\"noopener\">Sequeira, A.H. (2014) Introduction to concepts of teaching and learning. Surathka: National Institute of Technology Karnataka<\/a>\n<\/p>\n<p>\n\t\u00a0\n<\/p>\n<p>\n\t<strong>Viidatud allikad <\/strong>\n<\/p>\n<ul>\n<li>\n\t\t<span style=\"font-size:10px\">Coping strategies (2017) Montr\u00e9al: Institut universitaire en sant\u00e9 mentale de Montr\u00e9al <\/span>\n\t<\/li>\n<li>\n\t\t<span style=\"font-size:10px\">Ernits, K. (2018) Pereturismiteenuste arendamine Ida-Virumaa turismiettev\u00f5tete n\u00e4itel. L\u00f5put\u00f6\u00f6. Narva: T\u00dc Narva kolled\u017e http:\/\/dspace.ut.ee\/handle\/10062\/62469 (viimati vaadatud 18.01.2019) <\/span>\n\t<\/li>\n<li>\n\t\t<span style=\"font-size:10px\">Hirsj\u00e4rvi, S. et al (2005) Uuri ja kirjuta. Tallinn: Medicina Linnaturism RUU M Maaturism Seiklusturism Kultuuriturism Spaa turism Raviturism Narkoturism T\u00f6\u00f6stusturism \u00d6koturism Teaduslik turism Religioosne turism Metsik loodus AEG <\/span>\n\t<\/li>\n<li>\n\t\t<span style=\"font-size:10px\">J\u00fcrine, A. jt (2014) Akadeemiliste tekstide kirjutamine. Tartu: T\u00dc https:\/\/www.maailmakeeled.ut.ee\/sites\/default\/files\/fl\/avok_socialia_final.pdf (viimati vaadatud 26.07.2018) <\/span>\n\t<\/li>\n<li>\n\t\t<span style=\"font-size:10px\">Five marketing concepts (2017) IEduNote.com Available at https:\/\/iedunote.com\/marketing-concept, accessed January 18, 2019. <\/span>\n\t<\/li>\n<li>\n\t\t<span style=\"font-size:10px\">Verhoeven, N. (2008) Doing Research. The Hows and Whys of Applied Research. Amsterdam: Boom Academic.<\/span>\n\t<\/li>\n<\/ul>\n","protected":false},"excerpt":{"rendered":"<p>\u00a0 Autor: Jelena Rootamm-Valter Mudel on uurija ettekujutus sellest, millised on uuritava olulised omadused ja neid kujundavad tegurid. Mudeli olulisim tunnus on struktuur \u2013 see t\u00e4hendab, et ta peab aitama m\u00f5tteid korrastada. Uuritava mudeli valimine v\u00f5i koostamine on uurimuse ettevalmistuse &#8230;<\/p>\n","protected":false},"author":205,"featured_media":0,"parent":0,"menu_order":0,"comment_status":"closed","ping_status":"closed","template":"","meta":{"_acf_changed":false,"inline_featured_image":false,"footnotes":""},"class_list":["post-3","page","type-page","status-publish","hentry"],"acf":[],"_links":{"self":[{"href":"https:\/\/sisu.ut.ee\/kvalitatiivne\/wp-json\/wp\/v2\/pages\/3","targetHints":{"allow":["GET"]}}],"collection":[{"href":"https:\/\/sisu.ut.ee\/kvalitatiivne\/wp-json\/wp\/v2\/pages"}],"about":[{"href":"https:\/\/sisu.ut.ee\/kvalitatiivne\/wp-json\/wp\/v2\/types\/page"}],"author":[{"embeddable":true,"href":"https:\/\/sisu.ut.ee\/kvalitatiivne\/wp-json\/wp\/v2\/users\/205"}],"replies":[{"embeddable":true,"href":"https:\/\/sisu.ut.ee\/kvalitatiivne\/wp-json\/wp\/v2\/comments?post=3"}],"version-history":[{"count":1,"href":"https:\/\/sisu.ut.ee\/kvalitatiivne\/wp-json\/wp\/v2\/pages\/3\/revisions"}],"predecessor-version":[{"id":117,"href":"https:\/\/sisu.ut.ee\/kvalitatiivne\/wp-json\/wp\/v2\/pages\/3\/revisions\/117"}],"wp:attachment":[{"href":"https:\/\/sisu.ut.ee\/kvalitatiivne\/wp-json\/wp\/v2\/media?parent=3"}],"curies":[{"name":"wp","href":"https:\/\/api.w.org\/{rel}","templated":true}]}}