{"id":27,"date":"2024-04-04T05:32:37","date_gmt":"2024-04-04T02:32:37","guid":{"rendered":"https:\/\/sisu.ut.ee\/kvalitatiivne\/analuusitarkvara\/"},"modified":"2024-04-16T18:42:27","modified_gmt":"2024-04-16T15:42:27","slug":"analuusitarkvara","status":"publish","type":"page","link":"https:\/\/sisu.ut.ee\/kvalitatiivne\/analuusitarkvara\/","title":{"rendered":"Anal\u00fc\u00fcsitarkvara"},"content":{"rendered":"<p>Kuigi kodeerimist ja kategoriseerimist saab edukalt teha ka k\u00e4sitsi tekstiosasid m\u00e4rkides, on uurijate abistamiseks loodud erinevaid tarkvarasid. Siinkohal tutvustame kaht populaarsemat \u2013 MAXQDA ja QCAMAP<\/p>\n<p><a title=\"\" href=\"https:\/\/www.maxqda.com\/what-is-maxqda\" target=\"_blank\" rel=\"noopener\" data-url=\"https:\/\/www.maxqda.com\/what-is-maxqda\"><img loading=\"lazy\" decoding=\"async\" width=\"508\" height=\"150\" class=\"alignnone wp-image-42\" title=\"screenshot_2020-03-16_at_19.32.41.png\" src=\"https:\/\/sisu.ut.ee\/wp-content\/uploads\/sites\/394\/screenshot_2020-03-16_at_19.32.41.png\" alt=\"maxqda\" srcset=\"https:\/\/sisu.ut.ee\/wp-content\/uploads\/sites\/394\/screenshot_2020-03-16_at_19.32.41.png 508w, https:\/\/sisu.ut.ee\/wp-content\/uploads\/sites\/394\/screenshot_2020-03-16_at_19.32.41-300x89.png 300w\" sizes=\"auto, (max-width: 508px) 100vw, 508px\"><\/a><br>\n<a title=\"\" href=\"https:\/\/qcamap.com\/\" target=\"_blank\" rel=\"noopener\" data-url=\"https:\/\/qcamap.com\/\"><img loading=\"lazy\" decoding=\"async\" width=\"548\" height=\"150\" class=\"alignnone wp-image-43\" title=\"screenshot_2020-03-16_at_20.00.35.png\" src=\"https:\/\/sisu.ut.ee\/wp-content\/uploads\/sites\/394\/screenshot_2020-03-16_at_20.00.35.png\" alt=\"qcamap\" srcset=\"https:\/\/sisu.ut.ee\/wp-content\/uploads\/sites\/394\/screenshot_2020-03-16_at_20.00.35.png 548w, https:\/\/sisu.ut.ee\/wp-content\/uploads\/sites\/394\/screenshot_2020-03-16_at_20.00.35-300x82.png 300w\" sizes=\"auto, (max-width: 548px) 100vw, 548px\"><\/a><br>\nQCAmap programmiga t\u00f6\u00f6tamiseks on <a href=\"https:\/\/sisu.ut.ee\/wp-content\/uploads\/sites\/394\/qcamap.pdf\" target=\"_blank\" rel=\"noopener\" data-fid=\"45896\">JUHENDI<\/a> kokku pannud Liina Lepp<\/p>\n","protected":false},"excerpt":{"rendered":"<p>Kuigi kodeerimist ja kategoriseerimist saab edukalt teha ka k\u00e4sitsi tekstiosasid m\u00e4rkides, on uurijate abistamiseks loodud erinevaid tarkvarasid. Siinkohal tutvustame kaht populaarsemat \u2013 MAXQDA ja QCAMAP QCAmap programmiga t\u00f6\u00f6tamiseks on JUHENDI kokku pannud Liina Lepp<\/p>\n","protected":false},"author":205,"featured_media":0,"parent":0,"menu_order":0,"comment_status":"closed","ping_status":"closed","template":"","meta":{"_acf_changed":false,"inline_featured_image":false,"footnotes":""},"class_list":["post-27","page","type-page","status-publish","hentry"],"acf":[],"_links":{"self":[{"href":"https:\/\/sisu.ut.ee\/kvalitatiivne\/wp-json\/wp\/v2\/pages\/27","targetHints":{"allow":["GET"]}}],"collection":[{"href":"https:\/\/sisu.ut.ee\/kvalitatiivne\/wp-json\/wp\/v2\/pages"}],"about":[{"href":"https:\/\/sisu.ut.ee\/kvalitatiivne\/wp-json\/wp\/v2\/types\/page"}],"author":[{"embeddable":true,"href":"https:\/\/sisu.ut.ee\/kvalitatiivne\/wp-json\/wp\/v2\/users\/205"}],"replies":[{"embeddable":true,"href":"https:\/\/sisu.ut.ee\/kvalitatiivne\/wp-json\/wp\/v2\/comments?post=27"}],"version-history":[{"count":2,"href":"https:\/\/sisu.ut.ee\/kvalitatiivne\/wp-json\/wp\/v2\/pages\/27\/revisions"}],"predecessor-version":[{"id":148,"href":"https:\/\/sisu.ut.ee\/kvalitatiivne\/wp-json\/wp\/v2\/pages\/27\/revisions\/148"}],"wp:attachment":[{"href":"https:\/\/sisu.ut.ee\/kvalitatiivne\/wp-json\/wp\/v2\/media?parent=27"}],"curies":[{"name":"wp","href":"https:\/\/api.w.org\/{rel}","templated":true}]}}