{"id":24,"date":"2024-04-04T05:32:37","date_gmt":"2024-04-04T02:32:37","guid":{"rendered":"https:\/\/sisu.ut.ee\/kvalitatiivne\/analuusimeetodid\/"},"modified":"2024-04-04T05:32:55","modified_gmt":"2024-04-04T02:32:55","slug":"analuusimeetodid","status":"publish","type":"page","link":"https:\/\/sisu.ut.ee\/kvalitatiivne\/analuusimeetodid\/","title":{"rendered":"Anal\u00fc\u00fcsimeetodid"},"content":{"rendered":"<p>\n\t\u00a0\n<\/p>\n<p>\n\tAntud alateemas oleme suurema t\u00e4helepanu p\u00f6\u00f6ranud kvalitatiivsele sisuanal\u00fc\u00fcsile kui \u00fchele enimkasutatud meetodile kvalitatiivsetes \u00fcli\u00f5pilast\u00f6\u00f6des. Lisaks leiab aga suunamise diskursusanaluusi puudutavate materjalideni.\u00a0\n<\/p>\n<p>\n\tKolmanda men\u00fc\u00fcpunktina tutvustame kahte populaarsemat kvalitatiivse uuringu anal\u00fc\u00fcsimiseks m\u00f5eldud\u00a0QCAmap ja MAXQDA tarkvara.<\/p>\n","protected":false},"excerpt":{"rendered":"<p>\u00a0 Antud alateemas oleme suurema t\u00e4helepanu p\u00f6\u00f6ranud kvalitatiivsele sisuanal\u00fc\u00fcsile kui \u00fchele enimkasutatud meetodile kvalitatiivsetes \u00fcli\u00f5pilast\u00f6\u00f6des. Lisaks leiab aga suunamise diskursusanaluusi puudutavate materjalideni.\u00a0 Kolmanda men\u00fc\u00fcpunktina tutvustame kahte populaarsemat kvalitatiivse uuringu anal\u00fc\u00fcsimiseks m\u00f5eldud\u00a0QCAmap ja MAXQDA tarkvara.<\/p>\n","protected":false},"author":205,"featured_media":0,"parent":0,"menu_order":0,"comment_status":"closed","ping_status":"closed","template":"","meta":{"_acf_changed":false,"inline_featured_image":false,"footnotes":""},"class_list":["post-24","page","type-page","status-publish","hentry"],"acf":[],"_links":{"self":[{"href":"https:\/\/sisu.ut.ee\/kvalitatiivne\/wp-json\/wp\/v2\/pages\/24","targetHints":{"allow":["GET"]}}],"collection":[{"href":"https:\/\/sisu.ut.ee\/kvalitatiivne\/wp-json\/wp\/v2\/pages"}],"about":[{"href":"https:\/\/sisu.ut.ee\/kvalitatiivne\/wp-json\/wp\/v2\/types\/page"}],"author":[{"embeddable":true,"href":"https:\/\/sisu.ut.ee\/kvalitatiivne\/wp-json\/wp\/v2\/users\/205"}],"replies":[{"embeddable":true,"href":"https:\/\/sisu.ut.ee\/kvalitatiivne\/wp-json\/wp\/v2\/comments?post=24"}],"version-history":[{"count":1,"href":"https:\/\/sisu.ut.ee\/kvalitatiivne\/wp-json\/wp\/v2\/pages\/24\/revisions"}],"predecessor-version":[{"id":98,"href":"https:\/\/sisu.ut.ee\/kvalitatiivne\/wp-json\/wp\/v2\/pages\/24\/revisions\/98"}],"wp:attachment":[{"href":"https:\/\/sisu.ut.ee\/kvalitatiivne\/wp-json\/wp\/v2\/media?parent=24"}],"curies":[{"name":"wp","href":"https:\/\/api.w.org\/{rel}","templated":true}]}}