{"id":22,"date":"2024-04-04T05:32:37","date_gmt":"2024-04-04T02:32:37","guid":{"rendered":"https:\/\/sisu.ut.ee\/kvalitatiivne\/loovuurimismeetodid-0\/"},"modified":"2024-04-04T05:32:55","modified_gmt":"2024-04-04T02:32:55","slug":"loovuurimismeetodid-0","status":"publish","type":"page","link":"https:\/\/sisu.ut.ee\/kvalitatiivne\/loovuurimismeetodid-0\/","title":{"rendered":"Loovuurimismeetodid"},"content":{"rendered":"<p style=\"text-align: justify\">\n\t\u00a0\n<\/p>\n<p style=\"text-align: justify\">\n\t<em>Autor: Maria Murumaa-Mengel<\/em>\n<\/p>\n<p style=\"text-align: justify\">\n\tLoovuurimismeetodid (ingl\u00a0<em>creative research methods<\/em>) on kvalitatiivsete visuaalsete uurimismeetodite laiema raamistiku alla kuuluv l\u00e4henemine. See sotsiaalse konstruktivismi p\u00f5him\u00f5tetest l\u00e4htuv andmekogumisviis on enamasti segu traditsioonilistest uurimismeetoditest (intervjuu,\u00a0fookusgrupp,\u00a0vaatlus) ning projektiivtehnikatest ja loovatest \u00fclesannetest. Meetodi puhul palutakse inimestel rakendada oma m\u00e4ngulist v\u00f5i loomingulist t\u00e4helepanu millegi loomisele ning selle m\u00f5testamisele. Sellisel viisil on v\u00f5imalik saada mitmek\u00fclgset informatsiooni, mis traditsiooniliste kvalitatiivsete uurimismeetodite kasutamisel j\u00e4\u00e4b k\u00e4ttesaamatuks. Eriti innukalt on l\u00e4henemist kasutatud tundlike uurimisteemade puhul ning laste ja noorte eagrupi uurimisel.\n<\/p>\n<p style=\"text-align: justify\">\n\tP\u00f5hjalikumalt loe loovuurimismeetoditest <a data-url=\"http:\/\/samm.ut.ee\/loovuurimismeetodid\" href=\"http:\/\/samm.ut.ee\/loovuurimismeetodid\" target=\"_blank\" title=\"\" rel=\"noopener\">SIIT<\/a>\n<\/p>\n<p style=\"text-align: justify\">\n\t\u00a0\n<\/p>\n<p style=\"text-align: justify\">\n\t<strong><a data-url=\"https:\/\/moodle.ut.ee\/mod\/quiz\/view.php?id=499984\" href=\"https:\/\/moodle.ut.ee\/mod\/quiz\/view.php?id=499984\" target=\"_blank\" title=\"\" rel=\"noopener\">TEST ENESEKONTROLLIKS<\/a><\/strong>\n<\/p>\n<p style=\"text-align: justify\">\n\t\u00a0\n<\/p>\n<p style=\"text-align: justify\">\n\t<strong>H\u00c4ID N\u00c4ITEID \u00dcLI\u00d5PILAST\u00d6\u00d6DEST<\/strong>\n<\/p>\n<p style=\"text-align: justify\">\n\t<a data-url=\"http:\/\/dspace.ut.ee\/bitstream\/handle\/10062\/60644\/freienthal_tuuli_ann_ba_2018.pdf?sequence=1&amp;isAllowed=y\" href=\"http:\/\/dspace.ut.ee\/bitstream\/handle\/10062\/60644\/freienthal_tuuli_ann_ba_2018.pdf?sequence=1&amp;isAllowed=y\" target=\"_blank\" title=\"\" rel=\"noopener\">Freienthal, T.-A. (2018). \u201cNetipervertide\u201d kuvand noorte seas: Eesti g\u00fcmnasistide kogemused ja hinnangud. Bakalaureuset\u00f6\u00f6. Tartu \u00dclikool: ajakirjanduse ja kommunikatsiooni \u00f5ppekava.<\/a>\n<\/p>\n<p style=\"text-align: justify\">\n\t<a data-url=\"http:\/\/dspace.ut.ee\/bitstream\/handle\/10062\/42387\/kald_inga_ma_2014.pdf?sequence=1\" href=\"http:\/\/dspace.ut.ee\/bitstream\/handle\/10062\/42387\/kald_inga_ma_2014.pdf?sequence=1\" target=\"_blank\" title=\"\" rel=\"noopener\">Kald, I. (2014). 1.ja 2. klassi laste online-riskikogemused ja toimetulekustrateegiad. Magistrit\u00f6\u00f6. Tartu \u00dclikool: kommunikatsioonijuhtimise \u00f5ppekava.<\/a>\n<\/p>\n<p style=\"text-align: justify\">\n\t<a data-url=\"http:\/\/dspace.ut.ee\/bitstream\/handle\/10062\/51946\/mandel_kristiina_ma_2016.pdf?sequence=1&amp;isAllowed=y\" href=\"http:\/\/dspace.ut.ee\/bitstream\/handle\/10062\/51946\/mandel_kristiina_ma_2016.pdf?sequence=1&amp;isAllowed=y\" target=\"_blank\" title=\"\" rel=\"noopener\">Mandel, K. (2016). 8. klassi \u00f5pilaste ettekujutused ideaalsest kooliraamatukogust. Magistrit\u00f6\u00f6. Tartu \u00dclikool: Organisatsiooni infot\u00f6\u00f6 \u00f5ppekava.<\/a>\n<\/p>\n<p style=\"text-align: justify\">\n\t<a data-url=\"http:\/\/dspace.ut.ee\/bitstream\/handle\/10062\/16358\/Murumaa_Maria?sequence=1&amp;isAllowed=y\" href=\"http:\/\/dspace.ut.ee\/bitstream\/handle\/10062\/16358\/Murumaa_Maria?sequence=1&amp;isAllowed=y\" target=\"_blank\" title=\"\" rel=\"noopener\">Murumaa, M. (2010). Auditooriumi t\u00e4htsus ja roll uue meedia keskkonnas sotsiaalv\u00f5rgustikes saadetavate s\u00f5numite n\u00e4itel . Magistrit\u00f6\u00f6. Tartu \u00dclikool: kommunikatsioonijuhtimise \u00f5ppekava.<\/a>\n<\/p>\n<p style=\"text-align: justify\">\n\t<a data-url=\"http:\/\/dspace.ut.ee\/bitstream\/handle\/10062\/56816\/rang_getter_kristen_ba_2017.pdf?sequence=1&amp;isAllowed=y\" href=\"http:\/\/dspace.ut.ee\/bitstream\/handle\/10062\/56816\/rang_getter_kristen_ba_2017.pdf?sequence=1&amp;isAllowed=y\" target=\"_blank\" title=\"\" rel=\"noopener\">Rang, G. K. (2017). Eesti noorte naiste Tinderi kasutuspraktikad ja tajutavad t\u00fc\u00fcpilised meeskasutajad. Bakalaureuset\u00f6\u00f6. Tartu \u00dclikool: ajakirjanduse ja kommunikatsiooni \u00f5ppekava.<\/a>\n<\/p>\n<p style=\"text-align: justify\">\n\t<a href=\"https:\/\/moodle.ut.ee\/mod\/url\/view.php?id=500083\">Suumann, G. (2012). Kujuteldava kasutaja suhtlusportaali profiililoome anal\u00fc\u00fcs loominguliste uurimismeetodite abil. Bakalaureuset\u00f6\u00f6. Tartu \u00dclikool: ajakirjanduse ja kommunikatsiooni \u00f5ppekava.<\/a>\n<\/p>\n<p style=\"text-align: justify\">\n\t\u00a0<\/p>\n","protected":false},"excerpt":{"rendered":"<p>\u00a0 Autor: Maria Murumaa-Mengel Loovuurimismeetodid (ingl\u00a0creative research methods) on kvalitatiivsete visuaalsete uurimismeetodite laiema raamistiku alla kuuluv l\u00e4henemine. See sotsiaalse konstruktivismi p\u00f5him\u00f5tetest l\u00e4htuv andmekogumisviis on enamasti segu traditsioonilistest uurimismeetoditest (intervjuu,\u00a0fookusgrupp,\u00a0vaatlus) ning projektiivtehnikatest ja loovatest \u00fclesannetest. Meetodi puhul palutakse inimestel rakendada oma &#8230;<\/p>\n","protected":false},"author":205,"featured_media":0,"parent":0,"menu_order":0,"comment_status":"closed","ping_status":"closed","template":"","meta":{"_acf_changed":false,"inline_featured_image":false,"footnotes":""},"class_list":["post-22","page","type-page","status-publish","hentry"],"acf":[],"_links":{"self":[{"href":"https:\/\/sisu.ut.ee\/kvalitatiivne\/wp-json\/wp\/v2\/pages\/22","targetHints":{"allow":["GET"]}}],"collection":[{"href":"https:\/\/sisu.ut.ee\/kvalitatiivne\/wp-json\/wp\/v2\/pages"}],"about":[{"href":"https:\/\/sisu.ut.ee\/kvalitatiivne\/wp-json\/wp\/v2\/types\/page"}],"author":[{"embeddable":true,"href":"https:\/\/sisu.ut.ee\/kvalitatiivne\/wp-json\/wp\/v2\/users\/205"}],"replies":[{"embeddable":true,"href":"https:\/\/sisu.ut.ee\/kvalitatiivne\/wp-json\/wp\/v2\/comments?post=22"}],"version-history":[{"count":1,"href":"https:\/\/sisu.ut.ee\/kvalitatiivne\/wp-json\/wp\/v2\/pages\/22\/revisions"}],"predecessor-version":[{"id":96,"href":"https:\/\/sisu.ut.ee\/kvalitatiivne\/wp-json\/wp\/v2\/pages\/22\/revisions\/96"}],"wp:attachment":[{"href":"https:\/\/sisu.ut.ee\/kvalitatiivne\/wp-json\/wp\/v2\/media?parent=22"}],"curies":[{"name":"wp","href":"https:\/\/api.w.org\/{rel}","templated":true}]}}