{"id":19,"date":"2024-04-04T05:32:36","date_gmt":"2024-04-04T02:32:36","guid":{"rendered":"https:\/\/sisu.ut.ee\/kvalitatiivne\/intervjuu\/"},"modified":"2024-04-16T17:14:55","modified_gmt":"2024-04-16T14:14:55","slug":"intervjuu","status":"publish","type":"page","link":"https:\/\/sisu.ut.ee\/kvalitatiivne\/intervjuu\/","title":{"rendered":"Intervjuu"},"content":{"rendered":"<p style=\"text-align: justify;\">\n<\/p><p style=\"text-align: justify;\"><em>Autor: Marvi Remmik<\/em><\/p>\n<p style=\"text-align: justify;\">Selles moodulis tutvustame \u00fchte enamlevinud andmekogumismeetodit kvalitatiivses uurimuses \u2013 intervjuud. Moodulis keskendume sellistele teemadele nagu intervjuu valiku p\u00f5hjused, intervjuu eelised ja puudused, r\u00e4\u00e4gime intervjuu liikidest (sh paarisintervjuust, fookusgrupiintervjuust jm), Intervjuu k\u00fcsimuste koostamisest ja anname soovitusi intervjuu l\u00e4biviimiseks. Iga teema kohta on audio- ja videoloengud koos neid toetava slaidiesitlusega. Lisalugemiseks on soovituslikud lugemismaterjalid.<\/p>\n<p><strong>LISALUGEMISEKS<\/strong><\/p>\n<p><a title=\"\" href=\"http:\/\/samm.ut.ee\/intervjuu\" target=\"_blank\" rel=\"noopener\" data-url=\"http:\/\/samm.ut.ee\/intervjuu\">Lepik, K., Harro-Loit, H., Kello, K., Linno, M., Selg, M., &amp; Str\u00f6mpl, J.(2014). Intervjuu. K. Rootalu, V. Kalmus, A. Masso, ja T. Vihalemm (toim), Sotsiaalse anal\u00fc\u00fcsi meetodite ja metodoloogia \u00f5pibaas.<\/a><\/p>\n<p>Lisaks individuaalintervjuudele on v\u00f5imalik andmeid koguda fookusgruppides l\u00e4biviidavate intervjuudega. Nende kohta saad t\u00e4psemalt lugeda<br>\n<a title=\"\" href=\"http:\/\/samm.ut.ee\/fookusgrupi-intervjuu\" target=\"_blank\" rel=\"noopener\" data-url=\"http:\/\/samm.ut.ee\/fookusgrupi-intervjuu\">Vihalemm, T. (2014). Fookusgrupi intervjuu. K. Rootalu, V. Kalmus, A. Masso, ja T. Vihalemm (toim), Sotsiaalse anal\u00fc\u00fcsi meetodite ja metodoloogia \u00f5pibaas. <\/a><\/p>\n","protected":false},"excerpt":{"rendered":"<p>Autor: Marvi Remmik Selles moodulis tutvustame \u00fchte enamlevinud andmekogumismeetodit kvalitatiivses uurimuses \u2013 intervjuud. Moodulis keskendume sellistele teemadele nagu intervjuu valiku p\u00f5hjused, intervjuu eelised ja puudused, r\u00e4\u00e4gime intervjuu liikidest (sh paarisintervjuust, fookusgrupiintervjuust jm), Intervjuu k\u00fcsimuste koostamisest ja anname soovitusi intervjuu l\u00e4biviimiseks. &#8230;<\/p>\n","protected":false},"author":205,"featured_media":0,"parent":0,"menu_order":0,"comment_status":"closed","ping_status":"closed","template":"","meta":{"_acf_changed":false,"inline_featured_image":false,"footnotes":""},"class_list":["post-19","page","type-page","status-publish","hentry"],"acf":[],"_links":{"self":[{"href":"https:\/\/sisu.ut.ee\/kvalitatiivne\/wp-json\/wp\/v2\/pages\/19","targetHints":{"allow":["GET"]}}],"collection":[{"href":"https:\/\/sisu.ut.ee\/kvalitatiivne\/wp-json\/wp\/v2\/pages"}],"about":[{"href":"https:\/\/sisu.ut.ee\/kvalitatiivne\/wp-json\/wp\/v2\/types\/page"}],"author":[{"embeddable":true,"href":"https:\/\/sisu.ut.ee\/kvalitatiivne\/wp-json\/wp\/v2\/users\/205"}],"replies":[{"embeddable":true,"href":"https:\/\/sisu.ut.ee\/kvalitatiivne\/wp-json\/wp\/v2\/comments?post=19"}],"version-history":[{"count":2,"href":"https:\/\/sisu.ut.ee\/kvalitatiivne\/wp-json\/wp\/v2\/pages\/19\/revisions"}],"predecessor-version":[{"id":130,"href":"https:\/\/sisu.ut.ee\/kvalitatiivne\/wp-json\/wp\/v2\/pages\/19\/revisions\/130"}],"wp:attachment":[{"href":"https:\/\/sisu.ut.ee\/kvalitatiivne\/wp-json\/wp\/v2\/media?parent=19"}],"curies":[{"name":"wp","href":"https:\/\/api.w.org\/{rel}","templated":true}]}}