{"id":18,"date":"2024-04-04T05:32:36","date_gmt":"2024-04-04T02:32:36","guid":{"rendered":"https:\/\/sisu.ut.ee\/kvalitatiivne\/andmete-kogumine\/"},"modified":"2024-04-04T05:32:55","modified_gmt":"2024-04-04T02:32:55","slug":"andmete-kogumine","status":"publish","type":"page","link":"https:\/\/sisu.ut.ee\/kvalitatiivne\/andmete-kogumine\/","title":{"rendered":"Andmete kogumine"},"content":{"rendered":"<p>\n\t\u00a0\n<\/p>\n<p>\n\tSiinses alajaotuses vaatleme l\u00e4hemalt nelja v\u00f5imalust kvalitatiivse uuringu jaoks andmete kogumiseks.\n<\/p>\n<ul>\n<li>\n\t\tIntervjuu\n\t<\/li>\n<li>\n\t\tDokumendid\n\t<\/li>\n<li>\n\t\tLoovuurimismeetodid\n\t<\/li>\n<li>\n\t\tVaatlus\n\t<\/li>\n<\/ul>\n<p>\n\tV\u00f5imalustega tutvumiseks loe ja vaata l\u00e4bi materjalid, lahenda enesekontrolliteste ja leia t\u00e4iendavaid teadmisi lisamaterjalidest.\u00a0<\/p>\n","protected":false},"excerpt":{"rendered":"<p>\u00a0 Siinses alajaotuses vaatleme l\u00e4hemalt nelja v\u00f5imalust kvalitatiivse uuringu jaoks andmete kogumiseks. Intervjuu Dokumendid Loovuurimismeetodid Vaatlus V\u00f5imalustega tutvumiseks loe ja vaata l\u00e4bi materjalid, lahenda enesekontrolliteste ja leia t\u00e4iendavaid teadmisi lisamaterjalidest.\u00a0<\/p>\n","protected":false},"author":205,"featured_media":0,"parent":0,"menu_order":0,"comment_status":"closed","ping_status":"closed","template":"","meta":{"_acf_changed":false,"inline_featured_image":false,"footnotes":""},"class_list":["post-18","page","type-page","status-publish","hentry"],"acf":[],"_links":{"self":[{"href":"https:\/\/sisu.ut.ee\/kvalitatiivne\/wp-json\/wp\/v2\/pages\/18","targetHints":{"allow":["GET"]}}],"collection":[{"href":"https:\/\/sisu.ut.ee\/kvalitatiivne\/wp-json\/wp\/v2\/pages"}],"about":[{"href":"https:\/\/sisu.ut.ee\/kvalitatiivne\/wp-json\/wp\/v2\/types\/page"}],"author":[{"embeddable":true,"href":"https:\/\/sisu.ut.ee\/kvalitatiivne\/wp-json\/wp\/v2\/users\/205"}],"replies":[{"embeddable":true,"href":"https:\/\/sisu.ut.ee\/kvalitatiivne\/wp-json\/wp\/v2\/comments?post=18"}],"version-history":[{"count":1,"href":"https:\/\/sisu.ut.ee\/kvalitatiivne\/wp-json\/wp\/v2\/pages\/18\/revisions"}],"predecessor-version":[{"id":114,"href":"https:\/\/sisu.ut.ee\/kvalitatiivne\/wp-json\/wp\/v2\/pages\/18\/revisions\/114"}],"wp:attachment":[{"href":"https:\/\/sisu.ut.ee\/kvalitatiivne\/wp-json\/wp\/v2\/media?parent=18"}],"curies":[{"name":"wp","href":"https:\/\/api.w.org\/{rel}","templated":true}]}}