{"id":16,"date":"2024-04-04T05:32:36","date_gmt":"2024-04-04T02:32:36","guid":{"rendered":"https:\/\/sisu.ut.ee\/kvalitatiivne\/uuringu-ettevalmistus\/"},"modified":"2024-04-16T17:11:05","modified_gmt":"2024-04-16T14:11:05","slug":"uuringu-ettevalmistus","status":"publish","type":"page","link":"https:\/\/sisu.ut.ee\/kvalitatiivne\/uuringu-ettevalmistus\/","title":{"rendered":"Sissejuhatus"},"content":{"rendered":"<p style=\"text-align: justify;\">Uuringu ehk uurimuse ettevalmistust k\u00e4sitlev loengumaterjal on jaotatud j\u00e4rgmisteks alateemadeks:<\/p>\n<ul>\n<li style=\"text-align: justify;\">uurimuse ettevalmistamise protsess<\/li>\n<li style=\"text-align: justify;\">uurimisprobleemi p\u00fcstitamine<\/li>\n<li style=\"text-align: justify;\">uurimuse eesm\u00e4rgi p\u00fcstitamine<\/li>\n<li style=\"text-align: justify;\">uurimisk\u00fcsimuste v\u00f5i uurimis\u00fclesannete seadmine<\/li>\n<li style=\"text-align: justify;\">uurimuse ettevalmistamiseks\u00a0mudeli v\u00f5i kontseptsiooni loomine v\u00f5i valimine<\/li>\n<li style=\"text-align: justify;\">uurimisteema valimine<\/li>\n<li style=\"text-align: justify;\">eetilised k\u00fcsimused kvalitatiivsetes uuringutes<\/li>\n<\/ul>\n<p id=\"yui_3_17_2_1_1581437792462_52\" style=\"text-align: justify;\">Iga alateema kohta saab l\u00e4bi t\u00f6\u00f6tada p\u00f5himaterjalid, leida huvitavat ja kasulikku lisamaterjalidest ning kontrollida oma teadmisi testidega.<\/p>\n<p style=\"text-align: justify;\">\n<\/p><p style=\"text-align: justify;\"><strong><a href=\"https:\/\/sisu.ut.ee\/wp-content\/uploads\/sites\/394\/paradigmad.pdf\" target=\"_blank\" rel=\"noopener\" data-fid=\"45835\">SISSEJUHATAV LUGEMISMATERJAL:\u00a0Kvalitatiivsete meetodite seosed neile omaste uurimisparadigmadega. Judit Str\u00f6mpl<\/a><\/strong><\/p>\n<p style=\"text-align: justify;\"><strong><a title=\"\" href=\"https:\/\/www.youtube.com\/watch?v=IsAUNs-IoSQ\" target=\"_blank\" rel=\"noopener\" data-url=\"https:\/\/www.youtube.com\/watch?v=IsAUNs-IoSQ\">LISAMATERJALIKS VIDEO:\u00a0Overview of Qualitative Research Methods<\/a><\/strong><\/p>\n","protected":false},"excerpt":{"rendered":"<p>Uuringu ehk uurimuse ettevalmistust k\u00e4sitlev loengumaterjal on jaotatud j\u00e4rgmisteks alateemadeks: uurimuse ettevalmistamise protsess uurimisprobleemi p\u00fcstitamine uurimuse eesm\u00e4rgi p\u00fcstitamine uurimisk\u00fcsimuste v\u00f5i uurimis\u00fclesannete seadmine uurimuse ettevalmistamiseks\u00a0mudeli v\u00f5i kontseptsiooni loomine v\u00f5i valimine uurimisteema valimine eetilised k\u00fcsimused kvalitatiivsetes uuringutes Iga alateema kohta saab l\u00e4bi &#8230;<\/p>\n","protected":false},"author":205,"featured_media":0,"parent":0,"menu_order":0,"comment_status":"closed","ping_status":"closed","template":"","meta":{"_acf_changed":false,"inline_featured_image":false,"footnotes":""},"class_list":["post-16","page","type-page","status-publish","hentry"],"acf":[],"_links":{"self":[{"href":"https:\/\/sisu.ut.ee\/kvalitatiivne\/wp-json\/wp\/v2\/pages\/16","targetHints":{"allow":["GET"]}}],"collection":[{"href":"https:\/\/sisu.ut.ee\/kvalitatiivne\/wp-json\/wp\/v2\/pages"}],"about":[{"href":"https:\/\/sisu.ut.ee\/kvalitatiivne\/wp-json\/wp\/v2\/types\/page"}],"author":[{"embeddable":true,"href":"https:\/\/sisu.ut.ee\/kvalitatiivne\/wp-json\/wp\/v2\/users\/205"}],"replies":[{"embeddable":true,"href":"https:\/\/sisu.ut.ee\/kvalitatiivne\/wp-json\/wp\/v2\/comments?post=16"}],"version-history":[{"count":3,"href":"https:\/\/sisu.ut.ee\/kvalitatiivne\/wp-json\/wp\/v2\/pages\/16\/revisions"}],"predecessor-version":[{"id":129,"href":"https:\/\/sisu.ut.ee\/kvalitatiivne\/wp-json\/wp\/v2\/pages\/16\/revisions\/129"}],"wp:attachment":[{"href":"https:\/\/sisu.ut.ee\/kvalitatiivne\/wp-json\/wp\/v2\/media?parent=16"}],"curies":[{"name":"wp","href":"https:\/\/api.w.org\/{rel}","templated":true}]}}