{"id":15,"date":"2024-04-04T05:32:36","date_gmt":"2024-04-04T02:32:36","guid":{"rendered":"https:\/\/sisu.ut.ee\/kvalitatiivne\/avaleht\/"},"modified":"2024-04-16T17:10:08","modified_gmt":"2024-04-16T14:10:08","slug":"avaleht","status":"publish","type":"page","link":"https:\/\/sisu.ut.ee\/kvalitatiivne\/","title":{"rendered":"Avaleht"},"content":{"rendered":"<p dir=\"ltr\" style=\"text-align: justify;\">Siinse \u00f5ppevara \u00fcldine eesm\u00e4rk on v\u00f5imaldada \u00fcli\u00f5pilastel iseseisvalt tutvuda kvalitatiivsete uuringute ise\u00e4rasustega sotsiaalteaduste kontekstis ja saada tuge oma uurimist\u00f6\u00f6de l\u00e4biviimisel. \u00d5ppevara on \u00fcles ehitatud eelk\u00f5ige silmas pidades bakalaureuse\u00f5ppe ja rakenduslike \u00f5ppekavade \u00fcli\u00f5pilasi, kuid sobib teadmiste v\u00e4rskendamiseks ka magistri- ja doktori\u00f5ppe \u00fcli\u00f5pilastele. Materjali on v\u00f5imalik omandada lugedes, kuulates audioloenguid,\u00a0vaadates videosid ja T\u00dc Moodle kasutajad saavad lahendada enesekontrolliteste.<\/p>\n<p dir=\"ltr\" style=\"text-align: justify;\">Toodud materjalide puhul on oluline m\u00f5ista nende sissejuhatavat iseloomu. P\u00f5hjalikumad oskused ja teadmised peaks v\u00e4lja kujunema kontakt\u00f5ppes v\u00f5i konkreetse uuringu l\u00e4biviimisel koost\u00f6\u00f6s juhendaja(te)ga.<\/p>\n<p dir=\"ltr\" style=\"text-align: justify;\"><strong>\u00d5ppevara l\u00e4bit\u00f6\u00f6tanud \u00fcli\u00f5pilane<\/strong><\/p>\n<ul dir=\"ltr\">\n<li style=\"text-align: justify;\">teab p\u00f5hilisi teoreetilisi paradigmasid, mis v\u00f5imaldavad ja p\u00f5hjendavad kvalitatiivsete meetodite kasutamist;<\/li>\n<li style=\"text-align: justify;\">teab p\u00f5hilisi kvalitatiivse andmekogumise ning lihtsamaid andmeanal\u00fc\u00fcsimise meetodeid;<\/li>\n<li style=\"text-align: justify;\">m\u00f5istab ja kasutab kvalitatiivsetes uurimustes kasutatavat erialast keelt;<\/li>\n<li style=\"text-align: justify;\">on teadlik oma vastutusest kvalitatiivse uurimuse l\u00e4biviimisel ja andmete hoidmisel;<\/li>\n<\/ul>\n<p style=\"text-align: justify;\"><strong>VIITAMINE SIINSELE \u00d5PPEMATERJALILE<\/strong><\/p>\n<p style=\"text-align: justify;\">Kui soovid siia koondatud materjale kasutada oma uurimist\u00f6\u00f6s, pead ka viitama materjali autorile. Korrektseks\u00a0viitamiseks on m\u00f5ned reeglid:<\/p>\n<ul>\n<li style=\"text-align: justify;\">Kui siinne keskkond suunab t\u00e4iendavaks lugemiseks mujale (n\u00e4iteks samm.ut.ee lehele), tuleb ka viide vormistada teise lehe kohta.<\/li>\n<li style=\"text-align: justify;\">Kui viitad siinsel lehel toodud materjalile, on viites oluline konkreetse peat\u00fcki autor. N\u00e4iteks:<br>\nRootamm-Valter, J. (2020). Vaatlus. M-L. Tikerperi (toim), <em>Kvalitatiivsed uurimismeetodid sotsiaalteadustes.<\/em> sisu.ut.ee\/kvalitatiivne<br>\nK\u00f5ikide siinsete materjalide avaldamisaasta on 2020.<\/li>\n<\/ul>\n","protected":false},"excerpt":{"rendered":"<p>Siinse \u00f5ppevara \u00fcldine eesm\u00e4rk on v\u00f5imaldada \u00fcli\u00f5pilastel iseseisvalt tutvuda kvalitatiivsete uuringute ise\u00e4rasustega sotsiaalteaduste kontekstis ja saada tuge oma uurimist\u00f6\u00f6de l\u00e4biviimisel. \u00d5ppevara on \u00fcles ehitatud eelk\u00f5ige silmas pidades bakalaureuse\u00f5ppe ja rakenduslike \u00f5ppekavade \u00fcli\u00f5pilasi, kuid sobib teadmiste v\u00e4rskendamiseks ka magistri- ja doktori\u00f5ppe &#8230;<\/p>\n","protected":false},"author":205,"featured_media":0,"parent":0,"menu_order":0,"comment_status":"closed","ping_status":"closed","template":"","meta":{"_acf_changed":false,"inline_featured_image":false,"footnotes":""},"class_list":["post-15","page","type-page","status-publish","hentry"],"acf":[],"_links":{"self":[{"href":"https:\/\/sisu.ut.ee\/kvalitatiivne\/wp-json\/wp\/v2\/pages\/15","targetHints":{"allow":["GET"]}}],"collection":[{"href":"https:\/\/sisu.ut.ee\/kvalitatiivne\/wp-json\/wp\/v2\/pages"}],"about":[{"href":"https:\/\/sisu.ut.ee\/kvalitatiivne\/wp-json\/wp\/v2\/types\/page"}],"author":[{"embeddable":true,"href":"https:\/\/sisu.ut.ee\/kvalitatiivne\/wp-json\/wp\/v2\/users\/205"}],"replies":[{"embeddable":true,"href":"https:\/\/sisu.ut.ee\/kvalitatiivne\/wp-json\/wp\/v2\/comments?post=15"}],"version-history":[{"count":2,"href":"https:\/\/sisu.ut.ee\/kvalitatiivne\/wp-json\/wp\/v2\/pages\/15\/revisions"}],"predecessor-version":[{"id":127,"href":"https:\/\/sisu.ut.ee\/kvalitatiivne\/wp-json\/wp\/v2\/pages\/15\/revisions\/127"}],"wp:attachment":[{"href":"https:\/\/sisu.ut.ee\/kvalitatiivne\/wp-json\/wp\/v2\/media?parent=15"}],"curies":[{"name":"wp","href":"https:\/\/api.w.org\/{rel}","templated":true}]}}