{"id":14,"date":"2024-04-04T05:32:36","date_gmt":"2024-04-04T02:32:36","guid":{"rendered":"https:\/\/sisu.ut.ee\/kvalitatiivne\/diskussioon\/"},"modified":"2024-04-04T05:32:55","modified_gmt":"2024-04-04T02:32:55","slug":"diskussioon","status":"publish","type":"page","link":"https:\/\/sisu.ut.ee\/kvalitatiivne\/diskussioon\/","title":{"rendered":"Diskussioon"},"content":{"rendered":"<p>\n\t\u00a0\n<\/p>\n<p>\n\t<em>Autor: Mari-Liis Tikerperi<\/em>\n<\/p>\n<p style=\"text-align: justify\">\n\tDiskussiooniks nimetatakse uurimist\u00f6\u00f6s peat\u00fckki, mis k\u00f5rvutab uuringutulemused varasemate teadusuuringute, teooriate ja muu taustamaterjaliga, mida on kasutatud t\u00f6\u00f6 teoreetilise osa kirjutamisel. On hea tava, et diskussioonis ei v\u00f5eta kasutusele varem kasutamata kirjandust ning ka t\u00f6\u00f6 esimeses pooles viidatud allikaid ei tooda v\u00e4lja p\u00e4ris sama s\u00f5nastusega.\n<\/p>\n<p style=\"text-align: justify\">\n\tDiskussiooni\u00a0kirjutamine on sageli \u00fcks keerulisemaid osasid, kuid esitades iseendale n\u00f6 \u00f5igeid k\u00fcsimusi, v\u00f5ib see protsessi lihtsustada. Allpool on \u00fcks n\u00e4ide, mille on algallikast t\u00f5lkinud ja kohandanud Signe Opermann.\u00a0\n<\/p>\n<p style=\"text-align: justify\">\n\tTabeli allikas:\u00a0<br><a data-url=\"https:\/\/www.utsc.utoronto.ca\/~pchsiung\/LAL\/analysis\/lens\" href=\"https:\/\/www.utsc.utoronto.ca\/~pchsiung\/LAL\/analysis\/lens\" target=\"_blank\" title=\"\" rel=\"noopener\">Hsiung, P-C. (2010). <em>Lives and Legacies: A Guide to Qualitative Interviewing. <\/em><\/a>\n<\/p>\n<p style=\"text-align: justify\">\n\t<img loading=\"lazy\" decoding=\"async\" width=\"1776\" height=\"1098\" class=\"alignnone wp-image-41\" src=\"https:\/\/sisu.ut.ee\/wp-content\/uploads\/sites\/394\/screenshot_2020-03-22_at_01.24.23.png\" title=\"screenshot_2020-03-22_at_01.24.23.png\" alt=\"Joonis\" srcset=\"https:\/\/sisu.ut.ee\/wp-content\/uploads\/sites\/394\/screenshot_2020-03-22_at_01.24.23.png 1776w, https:\/\/sisu.ut.ee\/wp-content\/uploads\/sites\/394\/screenshot_2020-03-22_at_01.24.23-300x185.png 300w, https:\/\/sisu.ut.ee\/wp-content\/uploads\/sites\/394\/screenshot_2020-03-22_at_01.24.23-1024x633.png 1024w, https:\/\/sisu.ut.ee\/wp-content\/uploads\/sites\/394\/screenshot_2020-03-22_at_01.24.23-768x475.png 768w, https:\/\/sisu.ut.ee\/wp-content\/uploads\/sites\/394\/screenshot_2020-03-22_at_01.24.23-1536x950.png 1536w\" sizes=\"auto, (max-width: 1776px) 100vw, 1776px\"><\/p>\n","protected":false},"excerpt":{"rendered":"<p>\u00a0 Autor: Mari-Liis Tikerperi Diskussiooniks nimetatakse uurimist\u00f6\u00f6s peat\u00fckki, mis k\u00f5rvutab uuringutulemused varasemate teadusuuringute, teooriate ja muu taustamaterjaliga, mida on kasutatud t\u00f6\u00f6 teoreetilise osa kirjutamisel. On hea tava, et diskussioonis ei v\u00f5eta kasutusele varem kasutamata kirjandust ning ka t\u00f6\u00f6 esimeses pooles &#8230;<\/p>\n","protected":false},"author":205,"featured_media":0,"parent":0,"menu_order":0,"comment_status":"closed","ping_status":"closed","template":"","meta":{"_acf_changed":false,"inline_featured_image":false,"footnotes":""},"class_list":["post-14","page","type-page","status-publish","hentry"],"acf":[],"_links":{"self":[{"href":"https:\/\/sisu.ut.ee\/kvalitatiivne\/wp-json\/wp\/v2\/pages\/14","targetHints":{"allow":["GET"]}}],"collection":[{"href":"https:\/\/sisu.ut.ee\/kvalitatiivne\/wp-json\/wp\/v2\/pages"}],"about":[{"href":"https:\/\/sisu.ut.ee\/kvalitatiivne\/wp-json\/wp\/v2\/types\/page"}],"author":[{"embeddable":true,"href":"https:\/\/sisu.ut.ee\/kvalitatiivne\/wp-json\/wp\/v2\/users\/205"}],"replies":[{"embeddable":true,"href":"https:\/\/sisu.ut.ee\/kvalitatiivne\/wp-json\/wp\/v2\/comments?post=14"}],"version-history":[{"count":1,"href":"https:\/\/sisu.ut.ee\/kvalitatiivne\/wp-json\/wp\/v2\/pages\/14\/revisions"}],"predecessor-version":[{"id":110,"href":"https:\/\/sisu.ut.ee\/kvalitatiivne\/wp-json\/wp\/v2\/pages\/14\/revisions\/110"}],"wp:attachment":[{"href":"https:\/\/sisu.ut.ee\/kvalitatiivne\/wp-json\/wp\/v2\/media?parent=14"}],"curies":[{"name":"wp","href":"https:\/\/api.w.org\/{rel}","templated":true}]}}