{"id":13,"date":"2024-04-04T05:32:36","date_gmt":"2024-04-04T02:32:36","guid":{"rendered":"https:\/\/sisu.ut.ee\/kvalitatiivne\/diskursusanaluus-0\/"},"modified":"2024-04-04T05:32:55","modified_gmt":"2024-04-04T02:32:55","slug":"diskursusanaluus-0","status":"publish","type":"page","link":"https:\/\/sisu.ut.ee\/kvalitatiivne\/diskursusanaluus-0\/","title":{"rendered":"Diskursusanal\u00fc\u00fcs"},"content":{"rendered":"<p style=\"text-align: justify\">\n\t\u00a0\n<\/p>\n<p style=\"text-align: justify\">\n\t<em>Autor: Veronika Kalmus (2015)<\/em>\n<\/p>\n<p style=\"text-align: justify\">\n\tDiskursusanal\u00fc\u00fcs on tekstianal\u00fc\u00fcsi erijuht. Diskursusanal\u00fc\u00fcs pole konkreetne meetod, vaid eklektiline meetodite kogum, kuhu kuuluvad erinevad anal\u00fc\u00fcsistiilid, -t\u00fc\u00fcbid ja \u2011koolkonnad. Sellest tulenevalt on diskursusanaluusi ja ka diskursuse m\u00f5istet v\u00f5imalik m\u00e4\u00e4ratleda mitmeti. Selles k\u00e4sitluses l\u00e4htume kriitilise diskursusanaluusi suurkujude Teun A. van Dijki (2005) ja Norman Faircloughi (1989, 1992) m\u00e4\u00e4ratlustest. T. A. van Dijki l\u00fchikese, ent t\u00e4pse definitsiooni kohaselt on diskursus \u201etekst kontekstis\u201c. Analoogiline on N. Faircloughi m\u00e4\u00e4ratlus: diskursus on \u201ekeel sotsiaalse tegevusena, mille m\u00e4\u00e4ravad sotsiaalsed struktuurid\u201c. Nendest definitsioonidest tulenevalt on diskursusanaluus\u00a0<em>teksti ja k\u00f5ne uurimine kontekstis<\/em>\u00a0\u2013 see on \u201eteksti ja k\u00f5ne tegelike struktuuride s\u00fcstemaatiline, \u00fcksikasjalik ja teoorial p\u00f5hinev anal\u00fc\u00fcsimine\u201c (van Dijk, 2005: 236). Laiemas ja sotsiaalteaduslikumas t\u00e4henduses keskendub diskursuseuurimine teksti ja k\u00f5ne laiadele sotsiaalsetele ja kultuurilistele funktsioonidele, tingimustele ja tagaj\u00e4rgedele, k.a diskursuse rollile ideoloogias (samas).\n<\/p>\n<p style=\"text-align: justify\">\n\tDiskursusanal\u00fc\u00fcs aitab vastata k\u00fcsimusele,\u00a0<em>kuidas\u00a0<\/em>kasutavad inimesed keelt, kujutamaks reaalsust ja konstrueerimaks arusaamu sotsiaalsest maailmast. Diskursusanal\u00fc\u00fcsi tegemisel huvitab uurijaid nii\u00a0<em>tekst\u00a0<\/em>kui ka\u00a0<em>sellest v\u00e4ljaspool olev<\/em>\u00a0\u2013 anal\u00fc\u00fcsitakse k\u00f5ikv\u00f5imalikes kirjalikes, suulistes v\u00f5i multimodaalsetes tekstides \u00f6eldut, kuid konstrueeritakse anal\u00fc\u00fctiliselt ka mitte\u00f6eldut (nt implitsiitseid, vaikimisi eeldusi). Anal\u00fc\u00fcsis on kesksel kohal teksti lingvistiliste omaduste\u00a0<em>sotsiaalsed funktsioonid<\/em>, st vastatakse k\u00fcsimusele, missugust semantilist ja ideoloogilist rolli teksti detailid ja omadused kommunikatsioonis t\u00e4idavad.\n<\/p>\n<p style=\"text-align: justify\">\n\tDiskursusanal\u00fc\u00fcsi pole v\u00f5imalik n-\u00f6 valmismeetodina kasutada \u2013 seda tuleb\u00a0<em>teha<\/em>\u00a0s\u00f5ltuvalt anal\u00fc\u00fcsi eesm\u00e4rkidest ja andmetest, valides ja\/v\u00f5i kohandades konkreetsele uurimusele sobivad anal\u00fc\u00fctilised l\u00e4henemised ja t\u00f6\u00f6riistad.\n<\/p>\n<p style=\"text-align: justify\">\n\tP\u00f5hjaliku \u00fclevaate diskursusanaluusi erip\u00e4radest ja teostamisest leiad\u00a0<br><a data-url=\"http:\/\/samm.ut.ee\/diskursusanalyys\" href=\"http:\/\/samm.ut.ee\/diskursusanalyys\" target=\"_blank\" title=\"\" rel=\"noopener\">Kalmus, V. (2015). Diskursusanal\u00fc\u00fcs. K. Rootalu, V. Kalmus, A. Masso, ja T. Vihalemm (toim),\u00a0Sotsiaalse anal\u00fc\u00fcsi meetodite ja metodoloogia \u00f5pibaas.<\/a>\n<\/p>\n<p>\n\t\u00a0\n<\/p>\n<p>\n\t<strong>Viidatud allikad<\/strong>\n<\/p>\n<ul>\n<li>\n\t\t<span style=\"font-size:10px\">Fairclough, N. (1989).\u00a0<em>Language and Power.<\/em>\u00a0London ja New York: Longman.<\/span>\n\t<\/li>\n<li>\n\t\t<span style=\"font-size:10px\">Fairclough, N. (1992).\u00a0<em>Discourse and Social Change<\/em>. Cambridge: Polity Press.<\/span>\n\t<\/li>\n<li>\n\t\t<span style=\"font-size:10px\">van Dijk, T.A. (2005).\u00a0<em>Ideoloogia: multidistsiplinaarne k\u00e4sitlus<\/em>. Tartu: Tartu \u00dclikooli Kirjastus.<\/span>\n\t<\/li>\n<\/ul>\n","protected":false},"excerpt":{"rendered":"<p>\u00a0 Autor: Veronika Kalmus (2015) Diskursusanal\u00fc\u00fcs on tekstianal\u00fc\u00fcsi erijuht. Diskursusanal\u00fc\u00fcs pole konkreetne meetod, vaid eklektiline meetodite kogum, kuhu kuuluvad erinevad anal\u00fc\u00fcsistiilid, -t\u00fc\u00fcbid ja \u2011koolkonnad. Sellest tulenevalt on diskursusanaluusi ja ka diskursuse m\u00f5istet v\u00f5imalik m\u00e4\u00e4ratleda mitmeti. Selles k\u00e4sitluses l\u00e4htume kriitilise diskursusanaluusi &#8230;<\/p>\n","protected":false},"author":205,"featured_media":0,"parent":0,"menu_order":0,"comment_status":"closed","ping_status":"closed","template":"","meta":{"_acf_changed":false,"inline_featured_image":false,"footnotes":""},"class_list":["post-13","page","type-page","status-publish","hentry"],"acf":[],"_links":{"self":[{"href":"https:\/\/sisu.ut.ee\/kvalitatiivne\/wp-json\/wp\/v2\/pages\/13","targetHints":{"allow":["GET"]}}],"collection":[{"href":"https:\/\/sisu.ut.ee\/kvalitatiivne\/wp-json\/wp\/v2\/pages"}],"about":[{"href":"https:\/\/sisu.ut.ee\/kvalitatiivne\/wp-json\/wp\/v2\/types\/page"}],"author":[{"embeddable":true,"href":"https:\/\/sisu.ut.ee\/kvalitatiivne\/wp-json\/wp\/v2\/users\/205"}],"replies":[{"embeddable":true,"href":"https:\/\/sisu.ut.ee\/kvalitatiivne\/wp-json\/wp\/v2\/comments?post=13"}],"version-history":[{"count":1,"href":"https:\/\/sisu.ut.ee\/kvalitatiivne\/wp-json\/wp\/v2\/pages\/13\/revisions"}],"predecessor-version":[{"id":109,"href":"https:\/\/sisu.ut.ee\/kvalitatiivne\/wp-json\/wp\/v2\/pages\/13\/revisions\/109"}],"wp:attachment":[{"href":"https:\/\/sisu.ut.ee\/kvalitatiivne\/wp-json\/wp\/v2\/media?parent=13"}],"curies":[{"name":"wp","href":"https:\/\/api.w.org\/{rel}","templated":true}]}}