{"id":36,"date":"2024-04-04T04:48:27","date_gmt":"2024-04-04T01:48:27","guid":{"rendered":"https:\/\/sisu.ut.ee\/kutseopetaja\/2019-sisseastunud\/"},"modified":"2024-04-04T04:48:55","modified_gmt":"2024-04-04T01:48:55","slug":"2019-sisseastunud","status":"publish","type":"page","link":"https:\/\/sisu.ut.ee\/kutseopetaja\/2019-sisseastunud\/","title":{"rendered":"2019. sisseastunud"},"content":{"rendered":"<p>\u00d5ppeainete j\u00e4rgnevuse aastate l\u00f5ikes leiad tabelist, vt manus. Osasid \u00f5ppeaineid loetakse \u00fcle aasta v\u00f5i tellitakse v\u00e4ljastpoolt Tartu \u00fclikooli, nende j\u00e4rgnevuses v\u00f5ib tulla muudatusi.\u00a0<br><\/p><div class=\"wp-block-group attached-files-group is-layout-constrained wp-block-group-is-layout-constrained\"><div class=\"wp-block-file\"><a href=\"https:\/\/sisu.ut.ee\/wp-content\/uploads\/sites\/335\/ainete_jaotus_2019_sisseastunule.xlsx\" target=\"_blank\" rel=\"noreferrer noopener\">ainete_jaotus_2019_sisseastunule.xlsx<\/a><\/div><div class=\"wp-block-file\"><a href=\"https:\/\/sisu.ut.ee\/wp-content\/uploads\/sites\/335\/ainete_jaotus_2019_sisseastunule.xlsx\" target=\"_blank\" rel=\"noreferrer noopener\">ainete_jaotus_2019_sisseastunule.xlsx<\/a><\/div><div class=\"wp-block-file\"><a href=\"https:\/\/sisu.ut.ee\/wp-content\/uploads\/sites\/335\/ainete_jaotus_2019_sisseastunule.xlsx\" target=\"_blank\" rel=\"noreferrer noopener\">ainete_jaotus_2019_sisseastunule.xlsx<\/a><\/div><div class=\"wp-block-file\"><a href=\"https:\/\/sisu.ut.ee\/wp-content\/uploads\/sites\/335\/ainete_jaotus_2019_sisseastunule.xlsx\" target=\"_blank\" rel=\"noreferrer noopener\">ainete_jaotus_2019_sisseastunule.xlsx<\/a><\/div><div class=\"wp-block-file\"><a href=\"https:\/\/sisu.ut.ee\/wp-content\/uploads\/sites\/335\/ainete_jaotus_2019_sisseastunule.xlsx\" target=\"_blank\" rel=\"noreferrer noopener\">ainete_jaotus_2019_sisseastunule.xlsx<\/a><\/div><div class=\"wp-block-file\"><a href=\"https:\/\/sisu.ut.ee\/wp-content\/uploads\/sites\/335\/ainete_jaotus_2019_sisseastunule.xlsx\" target=\"_blank\" rel=\"noreferrer noopener\">ainete_jaotus_2019_sisseastunule.xlsx<\/a><\/div><div class=\"wp-block-file\"><a href=\"https:\/\/sisu.ut.ee\/wp-content\/uploads\/sites\/335\/ainete_jaotus_2019_sisseastunule.xlsx\" target=\"_blank\" rel=\"noreferrer noopener\">ainete_jaotus_2019_sisseastunule.xlsx<\/a><\/div><div class=\"wp-block-file\"><a href=\"https:\/\/sisu.ut.ee\/wp-content\/uploads\/sites\/335\/ainete_jaotus_2019_sisseastunule.xlsx\" target=\"_blank\" rel=\"noreferrer noopener\">ainete_jaotus_2019_sisseastunule.xlsx<\/a><\/div><div class=\"wp-block-file\"><a href=\"https:\/\/sisu.ut.ee\/wp-content\/uploads\/sites\/335\/ainete_jaotus_2019_sisseastunule.xlsx\" target=\"_blank\" rel=\"noreferrer noopener\">ainete_jaotus_2019_sisseastunule.xlsx<\/a><\/div><div class=\"wp-block-file\"><a href=\"https:\/\/sisu.ut.ee\/wp-content\/uploads\/sites\/335\/ainete_jaotus_2019_sisseastunule.xlsx\" target=\"_blank\" rel=\"noreferrer noopener\">ainete_jaotus_2019_sisseastunule.xlsx<\/a><\/div><div class=\"wp-block-file\"><a href=\"https:\/\/sisu.ut.ee\/wp-content\/uploads\/sites\/335\/ainete_jaotus_2019_sisseastunule.xlsx\" target=\"_blank\" rel=\"noreferrer noopener\">ainete_jaotus_2019_sisseastunule.xlsx<\/a><\/div><\/div>","protected":false},"excerpt":{"rendered":"<p>\u00d5ppeainete j\u00e4rgnevuse aastate l\u00f5ikes leiad tabelist, vt manus. Osasid \u00f5ppeaineid loetakse \u00fcle aasta v\u00f5i tellitakse v\u00e4ljastpoolt Tartu \u00fclikooli, nende j\u00e4rgnevuses v\u00f5ib tulla muudatusi.\u00a0<\/p>\n","protected":false},"author":177,"featured_media":0,"parent":0,"menu_order":0,"comment_status":"closed","ping_status":"closed","template":"","meta":{"_acf_changed":false,"inline_featured_image":false,"footnotes":""},"class_list":["post-36","page","type-page","status-publish","hentry"],"acf":[],"_links":{"self":[{"href":"https:\/\/sisu.ut.ee\/kutseopetaja\/wp-json\/wp\/v2\/pages\/36","targetHints":{"allow":["GET"]}}],"collection":[{"href":"https:\/\/sisu.ut.ee\/kutseopetaja\/wp-json\/wp\/v2\/pages"}],"about":[{"href":"https:\/\/sisu.ut.ee\/kutseopetaja\/wp-json\/wp\/v2\/types\/page"}],"author":[{"embeddable":true,"href":"https:\/\/sisu.ut.ee\/kutseopetaja\/wp-json\/wp\/v2\/users\/177"}],"replies":[{"embeddable":true,"href":"https:\/\/sisu.ut.ee\/kutseopetaja\/wp-json\/wp\/v2\/comments?post=36"}],"version-history":[{"count":2,"href":"https:\/\/sisu.ut.ee\/kutseopetaja\/wp-json\/wp\/v2\/pages\/36\/revisions"}],"predecessor-version":[{"id":214,"href":"https:\/\/sisu.ut.ee\/kutseopetaja\/wp-json\/wp\/v2\/pages\/36\/revisions\/214"}],"wp:attachment":[{"href":"https:\/\/sisu.ut.ee\/kutseopetaja\/wp-json\/wp\/v2\/media?parent=36"}],"curies":[{"name":"wp","href":"https:\/\/api.w.org\/{rel}","templated":true}]}}