{"id":35,"date":"2024-04-04T04:48:27","date_gmt":"2024-04-04T01:48:27","guid":{"rendered":"https:\/\/sisu.ut.ee\/kutseopetaja\/2018-sisseastunud\/"},"modified":"2025-09-16T18:04:33","modified_gmt":"2025-09-16T15:04:33","slug":"2018-sisseastunud","status":"publish","type":"page","link":"https:\/\/sisu.ut.ee\/kutseopetaja\/2018-sisseastunud\/","title":{"rendered":"2023. sisseastunud"},"content":{"rendered":"<p>\u00d5ppeainete j\u00e4rgnevuse aastate l\u00f5ikes leiad tabelist, vt manus. Osasid \u00f5ppeaineid loetakse \u00fcle aasta v\u00f5i tellitakse v\u00e4ljastpoolt Tartu \u00fclikooli, nende j\u00e4rgnevuses v\u00f5ib tulla muudatusi.\u00a0<\/p>\n\n\n<div class=\"wp-block-group attached-files-group is-layout-constrained wp-block-group-is-layout-constrained\">\n<div class=\"wp-block-file\"><a href=\"https:\/\/sisu.ut.ee\/wp-content\/uploads\/sites\/335\/ainete_jaotus_2018_sisseastunule.xlsx\" target=\"_blank\" rel=\"noreferrer noopener\">ainete_jaotus_2018_sisseastunule.xlsx<\/a><\/div>\n<\/div>\n","protected":false},"excerpt":{"rendered":"<p>\u00d5ppeainete j\u00e4rgnevuse aastate l\u00f5ikes leiad tabelist, vt manus. Osasid \u00f5ppeaineid loetakse \u00fcle aasta v\u00f5i tellitakse v\u00e4ljastpoolt Tartu \u00fclikooli, nende j\u00e4rgnevuses v\u00f5ib tulla muudatusi.\u00a0<\/p>\n","protected":false},"author":177,"featured_media":0,"parent":0,"menu_order":0,"comment_status":"closed","ping_status":"closed","template":"","meta":{"_acf_changed":false,"inline_featured_image":false,"footnotes":""},"class_list":["post-35","page","type-page","status-publish","hentry"],"acf":[],"_links":{"self":[{"href":"https:\/\/sisu.ut.ee\/kutseopetaja\/wp-json\/wp\/v2\/pages\/35","targetHints":{"allow":["GET"]}}],"collection":[{"href":"https:\/\/sisu.ut.ee\/kutseopetaja\/wp-json\/wp\/v2\/pages"}],"about":[{"href":"https:\/\/sisu.ut.ee\/kutseopetaja\/wp-json\/wp\/v2\/types\/page"}],"author":[{"embeddable":true,"href":"https:\/\/sisu.ut.ee\/kutseopetaja\/wp-json\/wp\/v2\/users\/177"}],"replies":[{"embeddable":true,"href":"https:\/\/sisu.ut.ee\/kutseopetaja\/wp-json\/wp\/v2\/comments?post=35"}],"version-history":[{"count":3,"href":"https:\/\/sisu.ut.ee\/kutseopetaja\/wp-json\/wp\/v2\/pages\/35\/revisions"}],"predecessor-version":[{"id":260,"href":"https:\/\/sisu.ut.ee\/kutseopetaja\/wp-json\/wp\/v2\/pages\/35\/revisions\/260"}],"wp:attachment":[{"href":"https:\/\/sisu.ut.ee\/kutseopetaja\/wp-json\/wp\/v2\/media?parent=35"}],"curies":[{"name":"wp","href":"https:\/\/api.w.org\/{rel}","templated":true}]}}