{"id":34,"date":"2024-04-04T04:48:26","date_gmt":"2024-04-04T01:48:26","guid":{"rendered":"https:\/\/sisu.ut.ee\/kutseopetaja\/kutseopetaja-valispraktika\/"},"modified":"2024-04-04T04:48:55","modified_gmt":"2024-04-04T01:48:55","slug":"kutseopetaja-valispraktika","status":"publish","type":"page","link":"https:\/\/sisu.ut.ee\/kutseopetaja\/kutseopetaja-valispraktika\/","title":{"rendered":"Kutse\u00f5petaja v\u00e4lispraktika"},"content":{"rendered":"<p>\n\tKui Sa soovid kasutada\u00a0<strong>Erasmuse praktikatoetust<\/strong>, et l\u00e4bida kutse\u00f5petaja praktikat v\u00e4lismaal, v\u00f5ta esmalt kontakti\u00a0selle ettev\u00f5tte v\u00f5i ametikooliga, kuhu Sa praktikale soovid minna. Kui Sa t\u00f6\u00f6tad kutsekoolis, v\u00f5ta esmalt \u00fchendust oma kooli rahvusvahelise suhete koordinaatoriga v\u00f5i t\u00f6\u00f6kohap\u00f5hise \u00f5ppe koordinaatoriga, kellel on kontaktid nende kutsekoolidega v\u00f5i ettev\u00f5tetega, kus Sinu eralal praktikat l\u00e4bida saab. Kui Sa ei t\u00f6\u00f6ta kutsekoolis ja vajad abi\u00a0sobiva praktikakoha leidmisel, kontakteeru \u00f5ppekava programmijuhiga: karmen@ut.ee\n<\/p>\n<p>\n\tM\u00f5ned viited praktikakoha leidmiseks:\u00a0\n<\/p>\n<p>\n\t<a title=\"\" href=\"https:\/\/studyinfo.fi\/wp2\/en\/vocational-education-and-training\/\" target=\"_blank\" rel=\"noopener\">Soome<\/a>\u00a0\u00fcldine info\n<\/p>\n<p>\n\t<a title=\"\" href=\"https:\/\/www.gradia.fi\/\" target=\"_blank\" data-url=\"https:\/\/www.gradia.fi\/\" rel=\"noopener\">Gradia konsortsium <\/a>(Jyv\u00e4skyl\u00e4s, Soomes)\n<\/p>\n<p>\n\t<a title=\"\" href=\"https:\/\/www.wnc.ac.uk\/\" target=\"_blank\" data-url=\"https:\/\/www.wnc.ac.uk\/\" rel=\"noopener\">West Nottinghamshire College <\/a>(Suurbritannias)\n<\/p>\n<p>\n\t\u00a0\u00a0<\/p>\n","protected":false},"excerpt":{"rendered":"<p>Kui Sa soovid kasutada\u00a0Erasmuse praktikatoetust, et l\u00e4bida kutse\u00f5petaja praktikat v\u00e4lismaal, v\u00f5ta esmalt kontakti\u00a0selle ettev\u00f5tte v\u00f5i ametikooliga, kuhu Sa praktikale soovid minna. Kui Sa t\u00f6\u00f6tad kutsekoolis, v\u00f5ta esmalt \u00fchendust oma kooli rahvusvahelise suhete koordinaatoriga v\u00f5i t\u00f6\u00f6kohap\u00f5hise \u00f5ppe koordinaatoriga, kellel on kontaktid &#8230;<\/p>\n","protected":false},"author":177,"featured_media":0,"parent":0,"menu_order":0,"comment_status":"closed","ping_status":"closed","template":"","meta":{"_acf_changed":false,"inline_featured_image":false,"footnotes":""},"class_list":["post-34","page","type-page","status-publish","hentry"],"acf":[],"_links":{"self":[{"href":"https:\/\/sisu.ut.ee\/kutseopetaja\/wp-json\/wp\/v2\/pages\/34","targetHints":{"allow":["GET"]}}],"collection":[{"href":"https:\/\/sisu.ut.ee\/kutseopetaja\/wp-json\/wp\/v2\/pages"}],"about":[{"href":"https:\/\/sisu.ut.ee\/kutseopetaja\/wp-json\/wp\/v2\/types\/page"}],"author":[{"embeddable":true,"href":"https:\/\/sisu.ut.ee\/kutseopetaja\/wp-json\/wp\/v2\/users\/177"}],"replies":[{"embeddable":true,"href":"https:\/\/sisu.ut.ee\/kutseopetaja\/wp-json\/wp\/v2\/comments?post=34"}],"version-history":[{"count":1,"href":"https:\/\/sisu.ut.ee\/kutseopetaja\/wp-json\/wp\/v2\/pages\/34\/revisions"}],"predecessor-version":[{"id":190,"href":"https:\/\/sisu.ut.ee\/kutseopetaja\/wp-json\/wp\/v2\/pages\/34\/revisions\/190"}],"wp:attachment":[{"href":"https:\/\/sisu.ut.ee\/kutseopetaja\/wp-json\/wp\/v2\/media?parent=34"}],"curies":[{"name":"wp","href":"https:\/\/api.w.org\/{rel}","templated":true}]}}