{"id":31,"date":"2024-04-04T04:48:26","date_gmt":"2024-04-04T01:48:26","guid":{"rendered":"https:\/\/sisu.ut.ee\/kutseopetaja\/kutseopetaja-mobiilsusaken\/"},"modified":"2024-04-04T04:48:55","modified_gmt":"2024-04-04T01:48:55","slug":"kutseopetaja-mobiilsusaken","status":"publish","type":"page","link":"https:\/\/sisu.ut.ee\/kutseopetaja\/kutseopetaja-mobiilsusaken\/","title":{"rendered":"Kutse\u00f5petaja mobiilsusaken"},"content":{"rendered":"<p>\r\n\t\u00a0Kutse\u00f5petaja 2019\/20 \u00f5ppekavas on 15 EAP erialamoodul (mobiilsusaken). Selle eesm\u00e4rgiks on toetada Sinu erialap\u00e4devuste arendamist\u00a0 rahvusvahelises \u00f5pi- ja t\u00f6\u00f6keskkonnas. Soovituslik on l\u00e4bida v\u00e4lismaal \u00f5pinguid 15 EAPi mahus, kombineerides <strong><span>eriala\u00f5pinguid (9 EAP) kutse\u00f5petaja p\u00f5hipraktika (6 EAP) v\u00f5i v\u00f5\u00f5rkeele \u00f5ppega (6 EAP)<\/span><\/strong>.\r\n<\/p>\r\n\r\n<p>\r\n\t<font face=\"Calibri\"><font size=\"3\">ERIALAAINETE (9 EAP, ainekoodiga SHHI.01.023) eesm\u00e4rgiks on arendada oma erialaseid p\u00e4devusi. N\u00e4iteks iluteenindajate kutse\u00f5petajana saad valida k\u00f5rghariduse tasemel kursusi, mis vastavad Sinu erialale. Ainsaks tingimuseks on see, et seda eriala \u00f5petatakse Sinu valitud v\u00e4lismaa ametik\u00f5rgkoolis ja Sul on B2 v\u00f5\u00f5rkeele tase \u00f5ppet\u00f6\u00f6 keeles (n\u00e4iteks Haaga-Helias on 40 soome- ja 8 inglise keelset \u00f5ppekava).<\/font><\/font>\r\n<\/p>\r\n\r\n<p>\r\n\t<font face=\"Calibri\"><font size=\"3\">KUTSE\u00d5PETAJA P\u00d5HIPRAKTIKA\u00a0(6 EAP, ainekoodiga SHHI.01.045) eesm\u00e4rgiks on omandada kogemused, oskused ja valmisolek t\u00f6\u00f6- ja \u00f5pikeskkonna kujundamiseks kutse\u00f5petajana v\u00f5i praktika koordinaatorina ettev\u00f5ttes. Seda praktikat on v\u00f5imalik l\u00e4bida ka Erasmuse v\u00e4lispraktika raames (miinimumaeg v\u00e4lismaal viibimiseks on 2 kuud).<\/font><\/font>\r\n<\/p>\r\n\r\n<p>\r\n\t<font face=\"Calibri\"><font size=\"3\">V\u00d5\u00d5RKEELE KURSUSTE\u00a0(6 EAP) eesm\u00e4rgiks on toetada \u00fcli\u00f5pilase erialase v\u00f5\u00f5rkeeleoskuse arendamist. \u00dcli\u00f5pilane v\u00f5ib valida inglise, saksa, soome ja vene keele kursuste vahel.<\/font><\/font>\r\n<\/p>\r\n\r\n<p>\r\n\t<strong>Sinu \u00f5pingute toetamiseks v\u00e4lismaal<\/strong> on s\u00f5lmitud Erasmuse lepingud kutse\u00f5petajaid ettevalmistavate k\u00f5rgkoolidega:\u00a0<a data-url=\"http:\/\/www.haaga-helia.fi\/en\/students-guide\/welcome-haaga-helia?userLang=en\" href=\"http:\/\/www.haaga-helia.fi\/en\/students-guide\/welcome-haaga-helia?userLang=en\" target=\"_blank\" title=\"\" rel=\"noopener\">Haaga-Helia Helsingis<\/a>\u00a0ning <a data-url=\"https:\/\/www.tamk.fi\/web\/tamken\/home\" href=\"https:\/\/www.tamk.fi\/web\/tamken\/home\" target=\"_blank\" title=\"\" rel=\"noopener\">Tampere rakendusk\u00f5rgkooliga<\/a>. Ettevalmistamisel on leping <a data-url=\"https:\/\/www.jamk.fi\/en\/Home\/\" href=\"https:\/\/www.jamk.fi\/en\/Home\/\" target=\"_blank\" title=\"\" rel=\"noopener\">Jyv\u00e4skyl\u00e4 ametik\u00f5rgkooliga.<\/a> Samuti v\u00f5id Erasmuse raames \u00f5ppima minemiseks kasutada k\u00f5iki teisi Erasmuse lepinguid (kokku 36 Euroopa \u00fclikooli). Meie instituudi Erasmuse lepingute nimistu leiad manuses.\u00a0\r\n<\/p>\r\n\r\n<p>\r\n\tOLULINE INFO KUTSE\u00d5PETAJA MOBIILSUSAKNA KOHTA\r\n<\/p>\r\n\r\n<p>\r\n\t<strong>Miks minna kutse\u00f5petajana v\u00e4lismaale \u00f5ppima?<\/strong>\r\n<\/p>\r\n\r\n<p>\r\n\tSA Archimedese (2017) uuringuaruande j\u00e4rgi on k\u00f5ige olulisem Sinu isiklik areng ja\u00a0 \u00fclekantavate oskuste treenimine\u00a0 \u2013 muutustega toimetulek, enda isikuomadustega eksperimenteerimine\u00a0ja uutes olukordades proovilepanek. Samuti peavad kutse\u00f5petajad v\u00e4ga oluliseks erialaste ning \u00f5petamisalaste oskuste t\u00e4iendamist ja v\u00f5\u00f5rkeeleoskuse lihvimist.\u00a0Kuna kutse\u00f5ppeasutustes on hoogsalt suurenemas v\u00f5\u00f5rkeelsete \u00fchis\u00f5ppekavade osakaal ja Erasmus+ strateegiliste koost\u00f6\u00f6projektide hulk, on \u00f5petaja professsionaalse arengu seisukohalt \u00fclioluline nii teises kultuuris t\u00f6\u00f6tamise ja kohanemise kogemus kui ka v\u00f5\u00f5rkeele\/erialaterminoloogia \u00f5ppimine ja kinnistamine.\u00a0Loe, kuidas \u00f5pir\u00e4nne on muutnud t\u00e4nast \u00f5ppimiskultuuri\u00a0\u201cRahvusvaheline m\u00f5\u00f5de Eesti kutse\u00f5ppeasutuste strateegiliste eesm\u00e4rkide planeerimises ja igap\u00e4evases koolit\u00f6\u00f6s\u201d (lisatud failina).\r\n<\/p>\r\n\r\n<p>\r\n\t<strong>Millal minna v\u00e4lismaale \u00f5ppima?<\/strong>\r\n<\/p>\r\n\r\n<p>\r\n\tIdeaalne aeg v\u00e4lismobiilsuseks on 3. kursuse s\u00fcgissemester, sest paralleelselt erialaainete, kutse\u00f5petaja p\u00f5hipraktika ja\/v\u00f5i v\u00f5\u00f5rkeelega saad sel perioodil keskenduda\u00a0bakalauruset\u00f6\u00f6le, mille kirjutamist\u00a0toetab samal ajal toimuv veebikursus. Samuti on oluline see, et Sa oleksid enne v\u00e4lismaale siirdumist \u00f5ppinud aineid \u201cV\u00f5rdlev kutsehariduse korraldus\u201d ning \u201cMultikultuuriline haridus\u201d, mis toetavad kohanemist\u00a0teises \u00f5pi- ja t\u00f6\u00f6kultuuris. \u00d5ppimine v\u00e4lismaal ei pikenda Sinu nominaalset \u00f5ppeaega Tartu \u00fclikoolis.\r\n<\/p>\r\n\r\n<p>\r\n\t<strong>Millised on olulised korraldusega seotud k\u00fcsimused?<\/strong>\r\n<\/p>\r\n\r\n<p>\r\n\tEttevalmistust\u00f6\u00f6 ja dokumentide vormistamine kandideerimiseks\u00a0algab v\u00e4hemalt pool aastat enne mobiilsusperioodi. Pea silmas, et dokumentide hulgas tuleb esitada ka B2 keelet\u00f5end (inglise keel v\u00f5i m\u00f5ni muu v\u00f5\u00f5rkeel, milles toimub \u00f5pe).\u00a0\u00a0\r\n<\/p>\r\n\r\n<p>\r\n\t<strong>Kelle poole p\u00f6\u00f6rduda kui vajan abi sobiva kooli v\u00f5i praktikabaasi leidmisel?<\/strong>\r\n<\/p>\r\n\r\n<p>\r\n\tSelleks p\u00f6\u00f6rdu \u00f5ppekava programmijuhi Karmen Trasbergi poole (karmen.trasberg@ut.ee) v\u00f5i telefonil 58 60 77 16. Samuti on meie instituudis t\u00f6\u00f6l\u00a0\u00f5pir\u00e4nde ja \u00fcli\u00f5pilaskoost\u00f6\u00f6 koordinaator Liisa Kuus, liisa.kuus@ut.ee, telefon\u00a057 82 69 35.\r\n<\/p>\r\n\r\n<p>\r\n\t\u00a0\r\n<\/p>\r\n\r\n<p>\r\n\t\u00a0\r\n<\/p>\r\n\r\n<p>\r\n\t\u00a0\r\n<\/p>\r\n\r\n<p>\r\n\t\u00a0\r\n<\/p>\r\n\r\n<p>\r\n\t\u00a0\r\n<\/p>\r\n\r\n<p>\r\n\t\u00a0\r\n<\/p>\r\n\r\n<p>\r\n\t\u00a0\r\n<\/p>\r\n<br><div class=\"wp-block-group attached-files-group is-layout-constrained wp-block-group-is-layout-constrained\"><div class=\"wp-block-file\"><a href=\"https:\/\/sisu.ut.ee\/wp-content\/uploads\/sites\/335\/lepingud_2019_2020.xlsx\" target=\"_blank\" rel=\"noreferrer noopener\">lepingud_2019_2020.xlsx<\/a><\/div><div class=\"wp-block-file\"><a href=\"https:\/\/sisu.ut.ee\/wp-content\/uploads\/sites\/335\/archimedes_uuringuaruanne_2017.pdf\" target=\"_blank\" rel=\"noreferrer noopener\">archimedes_uuringuaruanne_2017.pdf<\/a><\/div><div class=\"wp-block-file\"><a href=\"https:\/\/sisu.ut.ee\/wp-content\/uploads\/sites\/335\/lepingud_2021-2022_hi.xlsx\" target=\"_blank\" rel=\"noreferrer noopener\">lepingud_2021-2022_hi.xlsx<\/a><\/div><\/div>","protected":false},"excerpt":{"rendered":"<p>\u00a0Kutse\u00f5petaja 2019\/20 \u00f5ppekavas on 15 EAP erialamoodul (mobiilsusaken). Selle eesm\u00e4rgiks on toetada Sinu erialap\u00e4devuste arendamist\u00a0 rahvusvahelises \u00f5pi- ja t\u00f6\u00f6keskkonnas. Soovituslik on l\u00e4bida v\u00e4lismaal \u00f5pinguid 15 EAPi mahus, kombineerides eriala\u00f5pinguid (9 EAP) kutse\u00f5petaja p\u00f5hipraktika (6 EAP) v\u00f5i v\u00f5\u00f5rkeele \u00f5ppega (6 EAP). &#8230;<\/p>\n","protected":false},"author":177,"featured_media":0,"parent":0,"menu_order":0,"comment_status":"closed","ping_status":"closed","template":"","meta":{"_acf_changed":false,"inline_featured_image":false,"footnotes":""},"class_list":["post-31","page","type-page","status-publish","hentry"],"acf":[],"_links":{"self":[{"href":"https:\/\/sisu.ut.ee\/kutseopetaja\/wp-json\/wp\/v2\/pages\/31","targetHints":{"allow":["GET"]}}],"collection":[{"href":"https:\/\/sisu.ut.ee\/kutseopetaja\/wp-json\/wp\/v2\/pages"}],"about":[{"href":"https:\/\/sisu.ut.ee\/kutseopetaja\/wp-json\/wp\/v2\/types\/page"}],"author":[{"embeddable":true,"href":"https:\/\/sisu.ut.ee\/kutseopetaja\/wp-json\/wp\/v2\/users\/177"}],"replies":[{"embeddable":true,"href":"https:\/\/sisu.ut.ee\/kutseopetaja\/wp-json\/wp\/v2\/comments?post=31"}],"version-history":[{"count":2,"href":"https:\/\/sisu.ut.ee\/kutseopetaja\/wp-json\/wp\/v2\/pages\/31\/revisions"}],"predecessor-version":[{"id":223,"href":"https:\/\/sisu.ut.ee\/kutseopetaja\/wp-json\/wp\/v2\/pages\/31\/revisions\/223"}],"wp:attachment":[{"href":"https:\/\/sisu.ut.ee\/kutseopetaja\/wp-json\/wp\/v2\/media?parent=31"}],"curies":[{"name":"wp","href":"https:\/\/api.w.org\/{rel}","templated":true}]}}