{"id":30,"date":"2024-04-04T04:48:26","date_gmt":"2024-04-04T01:48:26","guid":{"rendered":"https:\/\/sisu.ut.ee\/kutseopetaja\/valismaal-oppimise-voimalused\/"},"modified":"2024-04-04T04:48:55","modified_gmt":"2024-04-04T01:48:55","slug":"valismaal-oppimise-voimalused","status":"publish","type":"page","link":"https:\/\/sisu.ut.ee\/kutseopetaja\/valismaal-oppimise-voimalused\/","title":{"rendered":"V\u00e4lismaal \u00f5ppimise v\u00f5imalused"},"content":{"rendered":"<p>\n\t\u2022<a data-url=\"https:\/\/www.ut.ee\/et\/oppimine\/valismaa\/erasmus\/uliopilasvahetus\" href=\"https:\/\/www.ut.ee\/et\/oppimine\/valismaa\/erasmus\/uliopilasvahetus\" target=\"_blank\" title=\"\" rel=\"noopener\">Erasmus+ \u00f5ppimine partner\u00fclikoolis<\/a>\u00a0Euroopas 3-12 kuud (saad kandideerida alates 2. kursusest, stipendium 470 kuni 520 euri kuus, pluss s\u00f5iduraha). Kandideerimise t\u00e4htaeg: 15. m\u00e4rts.\n<\/p>\n<p>\n\t<a data-url=\"https:\/\/www.ut.ee\/et\/erasmus-uleilmne-opiranne\" href=\"https:\/\/www.ut.ee\/et\/erasmus-uleilmne-opiranne\" target=\"_blank\" title=\"\" rel=\"noopener\">Erasmus+ \u00fclemaailmne \u00f5pir\u00e4nne<\/a>\u00a03-12 kuud, stipendium 700 euri kuus, pluss s\u00f5iduraha. Kandideerimise t\u00e4htaeg 1. aprill.\n<\/p>\n<p>\n\t\u2022<a data-url=\"https:\/\/www.ut.ee\/et\/oppimine\/erasmus-programmi-toel-euroopasse-praktikale\" href=\"https:\/\/www.ut.ee\/et\/oppimine\/erasmus-programmi-toel-euroopasse-praktikale\" target=\"_blank\" title=\"\" rel=\"noopener\">V\u00e4lispraktika stipendium<\/a> (2-6 kuud), stipendium 700 eurot kuus, pluss s\u00f5iduraha. Praktikakoht tuleb endal leida! Seda stipendiumit saab taotleda ka \u00e4sjal\u00f5petanud \u00fcli\u00f5pilane kuni 4 kuuks. Kandideerimise t\u00e4htaeg 15. aprill.\n<\/p>\n<p>\n\t<a data-url=\"https:\/\/www.ut.ee\/et\/isep\" href=\"https:\/\/www.ut.ee\/et\/isep\" target=\"_blank\" title=\"\" rel=\"noopener\">\u2022ISEP programm<\/a> \u00a0(International Student Exchange Programs) 320 \u00fclikooli \u00fcle maailma, tagatakse tasuta \u00f5pe, majutus \u00fchiselamus ning toitlustus, kuid mitte s\u00f5iduraha.\n<\/p>\n<p>\n\t\u2022 Suvekoolid. Inglise keelne info suvekoolide kohta on <a data-url=\"https:\/\/www.ut.ee\/en\/studies\/summer-schools\" href=\"https:\/\/www.ut.ee\/en\/studies\/summer-schools\" target=\"_blank\" title=\"\" rel=\"noopener\">siin<\/a>.\n<\/p>\n<p>\n\tVaata l\u00fchikest videot\u00a0<a data-url=\"https:\/\/www.youtube.com\/watch?v=RMlDfVf4xR4&amp;ab_channel=SihtasutusArchimedes\" href=\"https:\/\/www.youtube.com\/watch?v=RMlDfVf4xR4&amp;ab_channel=SihtasutusArchimedes\" target=\"_blank\" title=\"\" rel=\"noopener\">Erasmuse \u00fcli\u00f5pilasvahetusest.<\/a><\/p>\n","protected":false},"excerpt":{"rendered":"<p>\u2022Erasmus+ \u00f5ppimine partner\u00fclikoolis\u00a0Euroopas 3-12 kuud (saad kandideerida alates 2. kursusest, stipendium 470 kuni 520 euri kuus, pluss s\u00f5iduraha). Kandideerimise t\u00e4htaeg: 15. m\u00e4rts. Erasmus+ \u00fclemaailmne \u00f5pir\u00e4nne\u00a03-12 kuud, stipendium 700 euri kuus, pluss s\u00f5iduraha. Kandideerimise t\u00e4htaeg 1. aprill. \u2022V\u00e4lispraktika stipendium (2-6 kuud), &#8230;<\/p>\n","protected":false},"author":177,"featured_media":0,"parent":0,"menu_order":0,"comment_status":"closed","ping_status":"closed","template":"","meta":{"_acf_changed":false,"inline_featured_image":false,"footnotes":""},"class_list":["post-30","page","type-page","status-publish","hentry"],"acf":[],"_links":{"self":[{"href":"https:\/\/sisu.ut.ee\/kutseopetaja\/wp-json\/wp\/v2\/pages\/30","targetHints":{"allow":["GET"]}}],"collection":[{"href":"https:\/\/sisu.ut.ee\/kutseopetaja\/wp-json\/wp\/v2\/pages"}],"about":[{"href":"https:\/\/sisu.ut.ee\/kutseopetaja\/wp-json\/wp\/v2\/types\/page"}],"author":[{"embeddable":true,"href":"https:\/\/sisu.ut.ee\/kutseopetaja\/wp-json\/wp\/v2\/users\/177"}],"replies":[{"embeddable":true,"href":"https:\/\/sisu.ut.ee\/kutseopetaja\/wp-json\/wp\/v2\/comments?post=30"}],"version-history":[{"count":1,"href":"https:\/\/sisu.ut.ee\/kutseopetaja\/wp-json\/wp\/v2\/pages\/30\/revisions"}],"predecessor-version":[{"id":186,"href":"https:\/\/sisu.ut.ee\/kutseopetaja\/wp-json\/wp\/v2\/pages\/30\/revisions\/186"}],"wp:attachment":[{"href":"https:\/\/sisu.ut.ee\/kutseopetaja\/wp-json\/wp\/v2\/media?parent=30"}],"curies":[{"name":"wp","href":"https:\/\/api.w.org\/{rel}","templated":true}]}}