{"id":25,"date":"2024-04-04T04:48:26","date_gmt":"2024-04-04T01:48:26","guid":{"rendered":"https:\/\/sisu.ut.ee\/kutseopetaja\/vilistlasteave\/"},"modified":"2025-09-16T18:19:08","modified_gmt":"2025-09-16T15:19:08","slug":"vilistlasteave","status":"publish","type":"page","link":"https:\/\/sisu.ut.ee\/kutseopetaja\/vilistlasteave\/","title":{"rendered":"Vilistlastele"},"content":{"rendered":"<p><img loading=\"lazy\" decoding=\"async\" width=\"1059\" height=\"1412\" class=\"alignnone wp-image-69\" title=\"2020_lopetaja.jpeg\" src=\"https:\/\/sisu.ut.ee\/wp-content\/uploads\/sites\/335\/2020_lopetaja.jpeg\" alt=\"s\" srcset=\"https:\/\/sisu.ut.ee\/wp-content\/uploads\/sites\/335\/2020_lopetaja.jpeg 1059w, https:\/\/sisu.ut.ee\/wp-content\/uploads\/sites\/335\/2020_lopetaja-225x300.jpeg 225w, https:\/\/sisu.ut.ee\/wp-content\/uploads\/sites\/335\/2020_lopetaja-768x1024.jpeg 768w\" sizes=\"auto, (max-width: 1059px) 100vw, 1059px\"><\/p>\n<p>\u00a0<\/p>\n<p><strong>Kutse\u00f5petaja \u00f5ppekava l\u00f5petas 2019. aastal rekordarv \u00fcli\u00f5pilasi \u2013 19! Palju \u00f5nne teile k\u00f5igile:<\/strong><\/p>\n<p><img loading=\"lazy\" decoding=\"async\" width=\"1920\" height=\"1280\" class=\"alignnone wp-image-68\" style=\"width: 594px; height: 415px;\" title=\"lopetajad_2019.jpg\" src=\"https:\/\/sisu.ut.ee\/wp-content\/uploads\/sites\/335\/lopetajad_2019.jpg\" alt=\"Foto 2019\" srcset=\"https:\/\/sisu.ut.ee\/wp-content\/uploads\/sites\/335\/lopetajad_2019.jpg 1920w, https:\/\/sisu.ut.ee\/wp-content\/uploads\/sites\/335\/lopetajad_2019-300x200.jpg 300w, https:\/\/sisu.ut.ee\/wp-content\/uploads\/sites\/335\/lopetajad_2019-1024x683.jpg 1024w, https:\/\/sisu.ut.ee\/wp-content\/uploads\/sites\/335\/lopetajad_2019-768x512.jpg 768w, https:\/\/sisu.ut.ee\/wp-content\/uploads\/sites\/335\/lopetajad_2019-1536x1024.jpg 1536w\" sizes=\"auto, (max-width: 1920px) 100vw, 1920px\"><\/p>\n<p>\u00a0<\/p>\n<p>\u00a0<\/p>\n<p>\u00a0<\/p>\n\n\n<figure class=\"wp-block-gallery has-nested-images columns-3 is-cropped wp-block-gallery-1 is-layout-flex wp-block-gallery-is-layout-flex\"><\/figure>\n","protected":false},"excerpt":{"rendered":"<p>\u00a0 Kutse\u00f5petaja \u00f5ppekava l\u00f5petas 2019. aastal rekordarv \u00fcli\u00f5pilasi \u2013 19! Palju \u00f5nne teile k\u00f5igile: \u00a0 \u00a0 \u00a0<\/p>\n","protected":false},"author":177,"featured_media":0,"parent":0,"menu_order":0,"comment_status":"closed","ping_status":"closed","template":"","meta":{"_acf_changed":false,"inline_featured_image":false,"footnotes":""},"class_list":["post-25","page","type-page","status-publish","hentry"],"acf":[],"_links":{"self":[{"href":"https:\/\/sisu.ut.ee\/kutseopetaja\/wp-json\/wp\/v2\/pages\/25","targetHints":{"allow":["GET"]}}],"collection":[{"href":"https:\/\/sisu.ut.ee\/kutseopetaja\/wp-json\/wp\/v2\/pages"}],"about":[{"href":"https:\/\/sisu.ut.ee\/kutseopetaja\/wp-json\/wp\/v2\/types\/page"}],"author":[{"embeddable":true,"href":"https:\/\/sisu.ut.ee\/kutseopetaja\/wp-json\/wp\/v2\/users\/177"}],"replies":[{"embeddable":true,"href":"https:\/\/sisu.ut.ee\/kutseopetaja\/wp-json\/wp\/v2\/comments?post=25"}],"version-history":[{"count":3,"href":"https:\/\/sisu.ut.ee\/kutseopetaja\/wp-json\/wp\/v2\/pages\/25\/revisions"}],"predecessor-version":[{"id":263,"href":"https:\/\/sisu.ut.ee\/kutseopetaja\/wp-json\/wp\/v2\/pages\/25\/revisions\/263"}],"wp:attachment":[{"href":"https:\/\/sisu.ut.ee\/kutseopetaja\/wp-json\/wp\/v2\/media?parent=25"}],"curies":[{"name":"wp","href":"https:\/\/api.w.org\/{rel}","templated":true}]}}