{"id":21,"date":"2024-04-04T04:48:25","date_gmt":"2024-04-04T01:48:25","guid":{"rendered":"https:\/\/sisu.ut.ee\/kutseopetaja\/oppeained\/"},"modified":"2024-04-04T04:48:56","modified_gmt":"2024-04-04T01:48:56","slug":"oppeained","status":"publish","type":"page","link":"https:\/\/sisu.ut.ee\/kutseopetaja\/oppeained\/","title":{"rendered":"\u00d5ppeained"},"content":{"rendered":"<p>\r\n\t<strong>\u00d5ppekava koosneb:<\/strong>\r\n<\/p>\r\n\r\n<p>\r\n\t6 kohustuslikust moodulist (iga moodul 24 EAP),\r\n<\/p>\r\n\r\n<p>\r\n\tvalikainetest (12 EAP, millest 6 EAPi on v\u00f5\u00f5rkeel) \u2013 \u00fcli\u00f5pilane valib ained \u00f5ppekava valikainete plokist,\r\n<\/p>\r\n\r\n<p>\r\n\tvabaainetest (12 EAP, \u00fcli\u00f5pilane valib ained, l\u00e4htuvalt oma\u00a0 soovist) ja\r\n<\/p>\r\n\r\n<p>\r\n\tbakalaureusetoost.\r\n<\/p>\r\n\r\n<p>\r\n\tOluline roll on kutse\u00f5petaja erialamoodulil, mille raames tuleb l\u00e4bida 9 EAP oma <strong>kutsealaga seotud<\/strong> \u00f5pinguid. Siin on \u00fcli\u00f5pilasel kaks v\u00f5imalust: 1) leida 9 EAP ulatuses aineid Tartu \u00fclikooli v\u00f5i teiste k\u00f5rgkoolide \u00f5ppekavast (<a data-fid=\"57937\" href=\"https:\/\/sisu.ut.ee\/wp-content\/uploads\/sites\/335\/erialaainete_valikud_0.xlsx\">m\u00f5ned n\u00e4ited)<\/a>; 2) kogenud kutse\u00f5petajad saavad valida ka ainete vahel: <a data-fid=\"57938\" href=\"https:\/\/sisu.ut.ee\/wp-content\/uploads\/sites\/335\/erialakonverentsil-osalemine.pdf\">Erialakonverentsil osalemine<\/a>, <a data-fid=\"57939\" href=\"https:\/\/sisu.ut.ee\/wp-content\/uploads\/sites\/335\/kutsevoistlusel_osalemine.pdf\">Osalemine kutsev\u00f5istlustel <\/a>ja\u00a0<a data-fid=\"57940\" href=\"https:\/\/sisu.ut.ee\/wp-content\/uploads\/sites\/335\/oppematerjali_avaldamine.pdf\">\u00d5ppematerjali avaldamine<\/a>. Erialaained saab \u00f5ppida ka v\u00e4lismaal, vt rubriiki \u201cMobiilsusaken\u201d.\u00a0\r\n<\/p>\r\n\r\n<p>\r\n\tAinete jaotuse semestrite l\u00f5ikes\u00a0leiad sisseastumisaasta j\u00e4rgi k\u00f5rvalolevast men\u00fc\u00fcst.\r\n<\/p>\r\n<br><div class=\"wp-block-group attached-files-group is-layout-constrained wp-block-group-is-layout-constrained\"><div class=\"wp-block-file\"><a href=\"https:\/\/sisu.ut.ee\/wp-content\/uploads\/sites\/335\/erialaainete_valikud.xlsx\" target=\"_blank\" rel=\"noreferrer noopener\">erialaainete_valikud.xlsx<\/a><\/div><div class=\"wp-block-file\"><a href=\"https:\/\/sisu.ut.ee\/wp-content\/uploads\/sites\/335\/ainete_jaotus_2020_sisseastunule.xlsx\" target=\"_blank\" rel=\"noreferrer noopener\">ainete_jaotus_2020_sisseastunule.xlsx<\/a><\/div><div class=\"wp-block-file\"><a href=\"https:\/\/sisu.ut.ee\/wp-content\/uploads\/sites\/335\/ainete_jaotus_2020_sisseastunule.xlsx\" target=\"_blank\" rel=\"noreferrer noopener\">ainete_jaotus_2020_sisseastunule.xlsx<\/a><\/div><\/div>","protected":false},"excerpt":{"rendered":"<p>\u00d5ppekava koosneb: 6 kohustuslikust moodulist (iga moodul 24 EAP), valikainetest (12 EAP, millest 6 EAPi on v\u00f5\u00f5rkeel) \u2013 \u00fcli\u00f5pilane valib ained \u00f5ppekava valikainete plokist, vabaainetest (12 EAP, \u00fcli\u00f5pilane valib ained, l\u00e4htuvalt oma\u00a0 soovist) ja bakalaureusetoost. Oluline roll on kutse\u00f5petaja erialamoodulil, &#8230;<\/p>\n","protected":false},"author":177,"featured_media":0,"parent":0,"menu_order":0,"comment_status":"closed","ping_status":"closed","template":"","meta":{"_acf_changed":false,"inline_featured_image":false,"footnotes":""},"class_list":["post-21","page","type-page","status-publish","hentry"],"acf":[],"_links":{"self":[{"href":"https:\/\/sisu.ut.ee\/kutseopetaja\/wp-json\/wp\/v2\/pages\/21","targetHints":{"allow":["GET"]}}],"collection":[{"href":"https:\/\/sisu.ut.ee\/kutseopetaja\/wp-json\/wp\/v2\/pages"}],"about":[{"href":"https:\/\/sisu.ut.ee\/kutseopetaja\/wp-json\/wp\/v2\/types\/page"}],"author":[{"embeddable":true,"href":"https:\/\/sisu.ut.ee\/kutseopetaja\/wp-json\/wp\/v2\/users\/177"}],"replies":[{"embeddable":true,"href":"https:\/\/sisu.ut.ee\/kutseopetaja\/wp-json\/wp\/v2\/comments?post=21"}],"version-history":[{"count":2,"href":"https:\/\/sisu.ut.ee\/kutseopetaja\/wp-json\/wp\/v2\/pages\/21\/revisions"}],"predecessor-version":[{"id":227,"href":"https:\/\/sisu.ut.ee\/kutseopetaja\/wp-json\/wp\/v2\/pages\/21\/revisions\/227"}],"wp:attachment":[{"href":"https:\/\/sisu.ut.ee\/kutseopetaja\/wp-json\/wp\/v2\/media?parent=21"}],"curies":[{"name":"wp","href":"https:\/\/api.w.org\/{rel}","templated":true}]}}