{"id":19,"date":"2024-04-04T04:48:25","date_gmt":"2024-04-04T01:48:25","guid":{"rendered":"https:\/\/sisu.ut.ee\/kutseopetaja\/mobiilsusaken\/"},"modified":"2024-04-04T04:48:56","modified_gmt":"2024-04-04T01:48:56","slug":"mobiilsusaken","status":"publish","type":"page","link":"https:\/\/sisu.ut.ee\/kutseopetaja\/mobiilsusaken\/","title":{"rendered":"Mobiilsusaken"},"content":{"rendered":"<p>\n\t<span lang=\"ET\" style=\"color: black;line-height: 107%\">\u00d5pir\u00e4nne rikastab Sinu \u00f5pikogemust \u00fclikoolis! Kutse\u00f5petaja \u00f5ppekavas on mobiilsusaken, mis t\u00e4hendab, et Sa v\u00f5id osa \u00f5pingutest v\u00f5i praktikast sooritada v\u00e4lismaal, ilma Tartus \u00f5pinguid katkestamata. V\u00e4lismaa \u00f5ppeasutuses l\u00e4bitud ained v\u00f5i praktika l\u00e4hevad arvesse kutse\u00f5petaja \u00f5ppekava t\u00e4itmisel. Samuti on Sul v\u00f5imalik kandideerida\u00a0Erasmuse raames praktikale vahetult\u00a0p\u00e4rast\u00a0\u00fclikooli l\u00f5petamist (kuni 4 kuud).\u00a0See on hea v\u00f5imalus neile, kes ei saa \u00f5pingute ajal v\u00e4liskogemust omandada, kuid tahaksid proovida \u00f5pitut rakendada oma erialaga seotud ettev\u00f5ttes koheselt p\u00e4rast \u00fclikooli l\u00f5petamist.<\/span>\n<\/p>\n<p>\n\t\u00a0T\u00dc arengukava j\u00e4rgi, on\u00a0\u201c\u00f5pir\u00e4nne suurep\u00e4rane v\u00f5imalus kasvatada arusaama maailmast, julgust ja oskust sekkuda ja \u00fchiselt rahvusvahelises keskkonnas tegutseda. Seejuures arenevad oskused, mida on v\u00e4ga vaja ka Eestis t\u00f6\u00f6tades: v\u00f5\u00f5rkeelteoskus, ettev\u00f5tlikkus, kultuuritundlikkus ja avatus.\u201d\n<\/p>\n<p>\n\t<span lang=\"ET\" style=\"color: black;line-height: 107%\">Sinu \u00f5pir\u00e4nde\u00a0 toetamiseks\u00a0on valminud platvorm\u00a0<\/span><a data-url=\"https:\/\/mobvet.ut.ee\/avaleht\" href=\"https:\/\/mobvet.ut.ee\/avaleht\" target=\"_blank\" title=\"\" rel=\"noopener\">Mobility for Vocational Education and Training<\/a>\n<\/p>\n<p>\n\tSamuti loe Innove poolt v\u00e4ljaantud infobrosh\u00fc\u00fcri <a data-fid=\"66551\" href=\"https:\/\/sisu.ut.ee\/wp-content\/uploads\/sites\/335\/suund_maailma.pdf\">Suund maailma<\/a><img loading=\"lazy\" decoding=\"async\" width=\"2631\" height=\"469\" class=\"alignnone wp-image-63\" src=\"https:\/\/sisu.ut.ee\/wp-content\/uploads\/sites\/335\/banner_mobvet.png\" title=\"banner_mobvet.png\" alt=\"mob\" srcset=\"https:\/\/sisu.ut.ee\/wp-content\/uploads\/sites\/335\/banner_mobvet.png 2631w, https:\/\/sisu.ut.ee\/wp-content\/uploads\/sites\/335\/banner_mobvet-300x53.png 300w, https:\/\/sisu.ut.ee\/wp-content\/uploads\/sites\/335\/banner_mobvet-1024x183.png 1024w, https:\/\/sisu.ut.ee\/wp-content\/uploads\/sites\/335\/banner_mobvet-768x137.png 768w, https:\/\/sisu.ut.ee\/wp-content\/uploads\/sites\/335\/banner_mobvet-1536x274.png 1536w, https:\/\/sisu.ut.ee\/wp-content\/uploads\/sites\/335\/banner_mobvet-2048x365.png 2048w, https:\/\/sisu.ut.ee\/wp-content\/uploads\/sites\/335\/banner_mobvet-1920x342.png 1920w\" sizes=\"auto, (max-width: 2631px) 100vw, 2631px\"><\/p>\n","protected":false},"excerpt":{"rendered":"<p>\u00d5pir\u00e4nne rikastab Sinu \u00f5pikogemust \u00fclikoolis! Kutse\u00f5petaja \u00f5ppekavas on mobiilsusaken, mis t\u00e4hendab, et Sa v\u00f5id osa \u00f5pingutest v\u00f5i praktikast sooritada v\u00e4lismaal, ilma Tartus \u00f5pinguid katkestamata. V\u00e4lismaa \u00f5ppeasutuses l\u00e4bitud ained v\u00f5i praktika l\u00e4hevad arvesse kutse\u00f5petaja \u00f5ppekava t\u00e4itmisel. Samuti on Sul v\u00f5imalik kandideerida\u00a0Erasmuse &#8230;<\/p>\n","protected":false},"author":177,"featured_media":0,"parent":0,"menu_order":0,"comment_status":"closed","ping_status":"closed","template":"","meta":{"_acf_changed":false,"inline_featured_image":false,"footnotes":""},"class_list":["post-19","page","type-page","status-publish","hentry"],"acf":[],"_links":{"self":[{"href":"https:\/\/sisu.ut.ee\/kutseopetaja\/wp-json\/wp\/v2\/pages\/19","targetHints":{"allow":["GET"]}}],"collection":[{"href":"https:\/\/sisu.ut.ee\/kutseopetaja\/wp-json\/wp\/v2\/pages"}],"about":[{"href":"https:\/\/sisu.ut.ee\/kutseopetaja\/wp-json\/wp\/v2\/types\/page"}],"author":[{"embeddable":true,"href":"https:\/\/sisu.ut.ee\/kutseopetaja\/wp-json\/wp\/v2\/users\/177"}],"replies":[{"embeddable":true,"href":"https:\/\/sisu.ut.ee\/kutseopetaja\/wp-json\/wp\/v2\/comments?post=19"}],"version-history":[{"count":1,"href":"https:\/\/sisu.ut.ee\/kutseopetaja\/wp-json\/wp\/v2\/pages\/19\/revisions"}],"predecessor-version":[{"id":199,"href":"https:\/\/sisu.ut.ee\/kutseopetaja\/wp-json\/wp\/v2\/pages\/19\/revisions\/199"}],"wp:attachment":[{"href":"https:\/\/sisu.ut.ee\/kutseopetaja\/wp-json\/wp\/v2\/media?parent=19"}],"curies":[{"name":"wp","href":"https:\/\/api.w.org\/{rel}","templated":true}]}}