{"id":7,"date":"2024-04-04T03:19:18","date_gmt":"2024-04-04T00:19:18","guid":{"rendered":"https:\/\/sisu.ut.ee\/kultuuridkoolis\/uai\/"},"modified":"2024-04-04T03:19:25","modified_gmt":"2024-04-04T00:19:25","slug":"uai","status":"publish","type":"page","link":"https:\/\/sisu.ut.ee\/kultuuridkoolis\/uai\/","title":{"rendered":"Ebakindluse v\u00e4ltimine"},"content":{"rendered":"<p>Ebakindluse v\u00e4ltimise dimensioon v\u00e4ljendab viisi, kuidas \u00fchiskond suhtub tuleviku ettearvamatusse, p\u00fc\u00fcdes seda kontrollida v\u00f5i tervitades seda.<\/p>\n<p><\/p><div class=\"accordion mb-3\">\n        <div class=\"accordion-item accordion-item--white\">\n        <h2 class=\"accordion-header\" id=\"accordion-69da12d97df8a-heading\">\n            <button class=\"accordion-button collapsed\" type=\"button\" data-bs-toggle=\"collapse\" data-bs-target=\"#accordion-69da12d97df8a-collapse\" aria-expanded=\"true\" aria-controls=\"accordion-69da12d97df8a-collapse\">Mis iseloomustab ebakindlust v\u00e4ltivat kultuuri?<\/button>\n        <\/h2>\n        <div id=\"accordion-69da12d97df8a-collapse\" class=\"accordion-collapse collapse\" aria-labelledby=\"accordion-69da12d97df8a-heading\">\n            <div class=\"accordion-body\">\n<p><strong><strong>Ebakindlust v\u00e4ltivates kultuurides <\/strong><\/strong>p\u00fc\u00fctakse v\u00e4ltida uusi, ebakindlaid ja tundmatuid olukordi. Seda t\u00f5rjutakse reeglite ning range juhtimise jms. abil. P\u00fc\u00fctakse hoiduda mitmet\u00e4henduslikkusest oma v\u00e4ljendustes. Eesti kultuuris domineerivad ebakindluse v\u00e4ltimise jooned, Hofstede skaalal on Eesti ebakindluse v\u00e4ltimise indeks 60, Kreekas on see aga 100.<\/p>\n<p><\/p><\/div>\n        <\/div>\n        <\/div>\n    <\/div>\n<p><\/p><div class=\"accordion mb-3\">\n        <div class=\"accordion-item accordion-item--white\">\n        <h2 class=\"accordion-header\" id=\"accordion-69da12d97dfa1-heading\">\n            <button class=\"accordion-button collapsed\" type=\"button\" data-bs-toggle=\"collapse\" data-bs-target=\"#accordion-69da12d97dfa1-collapse\" aria-expanded=\"true\" aria-controls=\"accordion-69da12d97dfa1-collapse\">Kuidas avaldub ebakindluse v\u00e4ltimine koolis?<\/button>\n        <\/h2>\n        <div id=\"accordion-69da12d97dfa1-collapse\" class=\"accordion-collapse collapse\" aria-labelledby=\"accordion-69da12d97dfa1-heading\">\n            <div class=\"accordion-body\">\n<p><img loading=\"lazy\" decoding=\"async\" src=\"\/wp-content\/uploads\/sites\/208\/uncertainty_avoidance.jpg\" width=\"260\" height=\"195\"><\/p>\n<div>\n<ul>\n<li>\u00d5pilane tunneb ennast ohustatuna uutes ja ebakindlates olukordades<\/li>\n<li>\u00d5petaja on asjatundja, kellel on vastus v\u00f5i lahendus igale olukorrale<\/li>\n<li>Nii \u00f5pilased kui \u00f5petajad on harjunud t\u00e4pselt s\u00f5nastatud plaanide ja eesm\u00e4rkidega<\/li>\n<li>Vajatakse selgeid ja kindlaid reegleid<\/li>\n<li>T\u00f5de n\u00e4hakse absoluutsena<\/li>\n<li>Hinnatakse akadeemilist, keerukat keelekasutust, sest see viitab tarkusele ja teadmistele<\/li>\n<li>V\u00f5\u00f5rapelgus, k\u00f5ik erinev on ohtlik<\/li>\n<\/ul>\n<\/div>\n<p><\/p><\/div>\n        <\/div>\n        <\/div>\n    <\/div>\n<p><\/p><div class=\"accordion mb-3\">\n        <div class=\"accordion-item accordion-item--white\">\n        <h2 class=\"accordion-header\" id=\"accordion-69da12d97dfa3-heading\">\n            <button class=\"accordion-button collapsed\" type=\"button\" data-bs-toggle=\"collapse\" data-bs-target=\"#accordion-69da12d97dfa3-collapse\" aria-expanded=\"true\" aria-controls=\"accordion-69da12d97dfa3-collapse\">Mis iseloomustab ebakindlust taluvat kultuuri?<\/button>\n        <\/h2>\n        <div id=\"accordion-69da12d97dfa3-collapse\" class=\"accordion-collapse collapse\" aria-labelledby=\"accordion-69da12d97dfa3-heading\">\n            <div class=\"accordion-body\">\n<p><strong>Ebakindlust taluvates kultuurides<\/strong> peetakse mitmekesisust ja erisusi huvitavaks ja arendavaks. Talutakse mitmem\u00f5ttelisust ja riski. Seadusi ja reegleid on v\u00e4he ning need on paindlikud. K\u00f5ige ebakindlust taluvam kultuur leiti Singapuris, kus skooriks on 8, Euroopas on madalaim see indeks Taanis, 23<\/p>\n<p><\/p><\/div>\n        <\/div>\n        <\/div>\n    <\/div>\n<p><\/p><div class=\"accordion mb-3\">\n        <div class=\"accordion-item accordion-item--white\">\n        <h2 class=\"accordion-header\" id=\"accordion-69da12d97dfa6-heading\">\n            <button class=\"accordion-button collapsed\" type=\"button\" data-bs-toggle=\"collapse\" data-bs-target=\"#accordion-69da12d97dfa6-collapse\" aria-expanded=\"true\" aria-controls=\"accordion-69da12d97dfa6-collapse\">Kuidas avaldub ebakindluse talumine koolis?<\/button>\n        <\/h2>\n        <div id=\"accordion-69da12d97dfa6-collapse\" class=\"accordion-collapse collapse\" aria-labelledby=\"accordion-69da12d97dfa6-heading\">\n            <div class=\"accordion-body\">\n<p><img loading=\"lazy\" decoding=\"async\" src=\"\/wp-content\/uploads\/sites\/208\/risk_2.jpg\" width=\"259\" height=\"194\"><\/p>\n<div>\n<ul>\n<li>\u00d5petajad\/\u00f5pilased on harjunud \u00fcldistelt s\u00f5nastatud eesm\u00e4rkide ja plaanidega<\/li>\n<li>Paljud koolikultuuri puudutavad otsused s\u00fcnnivad dialoogis \u00f5pilaste, \u00f5petajate ja vanematega<\/li>\n<li>\u00d5petaja ei pea olema k\u00f5iges ekspert, ta ei kaota lugupidamist kui ei oska m\u00f5nele k\u00fcsimustele vastata<\/li>\n<li>Hinnatakse lihtsat, selget, konkreetset keelekasutust<\/li>\n<li>T\u00f5de n\u00e4hakse suhtelisena<\/li>\n<li>V\u00e4hemuste sallivus, erinevus on normaalne ja innustav<\/li>\n<\/ul>\n<\/div>\n<p><strong>\u00a0<\/strong><\/p><\/div>\n        <\/div>\n        <\/div>\n    <\/div>\n","protected":false},"excerpt":{"rendered":"<p>Ebakindluse v\u00e4ltimise dimensioon v\u00e4ljendab viisi, kuidas \u00fchiskond suhtub tuleviku ettearvamatusse, p\u00fc\u00fcdes seda kontrollida v\u00f5i tervitades seda. Mis iseloomustab ebakindlust v\u00e4ltivat kultuuri? Ebakindlust v\u00e4ltivates kultuurides p\u00fc\u00fctakse v\u00e4ltida uusi, ebakindlaid ja tundmatuid olukordi. Seda t\u00f5rjutakse reeglite ning range juhtimise jms. abil. P\u00fc\u00fctakse &#8230;<\/p>\n","protected":false},"author":31,"featured_media":0,"parent":0,"menu_order":0,"comment_status":"closed","ping_status":"closed","template":"","meta":{"_acf_changed":false,"inline_featured_image":false,"footnotes":""},"class_list":["post-7","page","type-page","status-publish","hentry"],"acf":[],"_links":{"self":[{"href":"https:\/\/sisu.ut.ee\/kultuuridkoolis\/wp-json\/wp\/v2\/pages\/7","targetHints":{"allow":["GET"]}}],"collection":[{"href":"https:\/\/sisu.ut.ee\/kultuuridkoolis\/wp-json\/wp\/v2\/pages"}],"about":[{"href":"https:\/\/sisu.ut.ee\/kultuuridkoolis\/wp-json\/wp\/v2\/types\/page"}],"author":[{"embeddable":true,"href":"https:\/\/sisu.ut.ee\/kultuuridkoolis\/wp-json\/wp\/v2\/users\/31"}],"replies":[{"embeddable":true,"href":"https:\/\/sisu.ut.ee\/kultuuridkoolis\/wp-json\/wp\/v2\/comments?post=7"}],"version-history":[{"count":1,"href":"https:\/\/sisu.ut.ee\/kultuuridkoolis\/wp-json\/wp\/v2\/pages\/7\/revisions"}],"predecessor-version":[{"id":54,"href":"https:\/\/sisu.ut.ee\/kultuuridkoolis\/wp-json\/wp\/v2\/pages\/7\/revisions\/54"}],"wp:attachment":[{"href":"https:\/\/sisu.ut.ee\/kultuuridkoolis\/wp-json\/wp\/v2\/media?parent=7"}],"curies":[{"name":"wp","href":"https:\/\/api.w.org\/{rel}","templated":true}]}}