{"id":6,"date":"2024-04-04T03:19:18","date_gmt":"2024-04-04T00:19:18","guid":{"rendered":"https:\/\/sisu.ut.ee\/kultuuridkoolis\/pdi\/"},"modified":"2024-04-04T03:19:25","modified_gmt":"2024-04-04T00:19:25","slug":"pdi","status":"publish","type":"page","link":"https:\/\/sisu.ut.ee\/kultuuridkoolis\/pdi\/","title":{"rendered":"V\u00f5imukaugus"},"content":{"rendered":"<p>V\u00f5imukauguse dimensioon v\u00e4ljendab seda, kuidas suhtutakse \u00fchiskonnas valitsevatesse ebav\u00f5rdsusse erinevate \u00fchiskonnakihtide ja staatusega inimeste vahel, kui iseenesestm\u00f5istetavaks ja loomulikuks seda peetakse.<\/p>\n<p><\/p><div class=\"accordion mb-3\">\n        <div class=\"accordion-item accordion-item--white\">\n        <h2 class=\"accordion-header\" id=\"accordion-69da1871dee1c-heading\">\n            <button class=\"accordion-button collapsed\" type=\"button\" data-bs-toggle=\"collapse\" data-bs-target=\"#accordion-69da1871dee1c-collapse\" aria-expanded=\"true\" aria-controls=\"accordion-69da1871dee1c-collapse\">Mis iseloomustab suure v\u00f5imudistantsiga kultuuri?<\/button>\n        <\/h2>\n        <div id=\"accordion-69da1871dee1c-collapse\" class=\"accordion-collapse collapse\" aria-labelledby=\"accordion-69da1871dee1c-heading\">\n            <div class=\"accordion-body\">\n<p><strong>Suure v\u00f5imudistantsiga<\/strong> kultuurides on autoriteedil oluline roll, vara ja v\u00f5imu eba\u00fchtlast jaotust peetakse loomulikuks. See toob kaasa austuse vanemate\/\u00f5petajate suhtes, samuti range hierarhia inimestevahelistes suhetes. Suurima v\u00f5imukaugusega kultuur on Malaisias, kus indeks on 100, Euroopas on k\u00f5rgeim indeks Slovakkias (100).<\/p>\n<p><\/p><\/div>\n        <\/div>\n        <\/div>\n    <\/div>\n<p><\/p><div class=\"accordion mb-3\">\n        <div class=\"accordion-item accordion-item--white\">\n        <h2 class=\"accordion-header\" id=\"accordion-69da1871dee22-heading\">\n            <button class=\"accordion-button collapsed\" type=\"button\" data-bs-toggle=\"collapse\" data-bs-target=\"#accordion-69da1871dee22-collapse\" aria-expanded=\"true\" aria-controls=\"accordion-69da1871dee22-collapse\">Kuidas avaldub suur v\u00f5imudistants koolis?<\/button>\n        <\/h2>\n        <div id=\"accordion-69da1871dee22-collapse\" class=\"accordion-collapse collapse\" aria-labelledby=\"accordion-69da1871dee22-heading\">\n            <div class=\"accordion-body\">\n<p><img loading=\"lazy\" decoding=\"async\" src=\"\/wp-content\/uploads\/sites\/208\/high_power_distance.jpg\" width=\"300\" height=\"225\"><\/p>\n<ul>\n<li>Hierarhilised suhted (vanema ja lapse ebav\u00f5rdsus kandub \u00fcle \u00f5pilase ja \u00f5petaja suhtesse)<\/li>\n<li>Koolis valitseb range kord, \u00f5petajasse ja koolijuhti\u00a0 suhtutakse suure austusega, tiitlite ja perekonnanimede kasutamine<\/li>\n<li>\u00d5petamine on \u00f5petajakeskne, vestlust alustab ainult \u00f5petaja<\/li>\n<li>\u00d5petajad jagavad oma isiklikku elutarkust. \u00d5pilase edu s\u00f5ltub sellest, kui hea \u00f5petaja teda juhendab, koolide tase eba\u00fchtlane<\/li>\n<li>Probleemide korral v\u00f5tab \u00f5petaja alati \u00fchendust vanematega, kellelt oodatakse sekkumist<\/li>\n<li>Kehalist karistust peetakse normaalseks, s\u00fcmboliseerides \u00f5pilase ja \u00f5petaja vahelist ebav\u00f5rdsust.<\/li>\n<\/ul>\n<p><\/p><\/div>\n        <\/div>\n        <\/div>\n    <\/div>\n<p><\/p><div class=\"accordion mb-3\">\n        <div class=\"accordion-item accordion-item--white\">\n        <h2 class=\"accordion-header\" id=\"accordion-69da1871dee25-heading\">\n            <button class=\"accordion-button collapsed\" type=\"button\" data-bs-toggle=\"collapse\" data-bs-target=\"#accordion-69da1871dee25-collapse\" aria-expanded=\"true\" aria-controls=\"accordion-69da1871dee25-collapse\">Mis iseloomustab v\u00e4ikese v\u00f5imudistantsiga kultuuri?<\/button>\n        <\/h2>\n        <div id=\"accordion-69da1871dee25-collapse\" class=\"accordion-collapse collapse\" aria-labelledby=\"accordion-69da1871dee25-heading\">\n            <div class=\"accordion-body\">\n<p><strong>V\u00e4ikese v\u00f5imudistantsiga\u00a0<\/strong>kultuure iseloomustab inimestevahelise suhetes v\u00f5rdsuse r\u00f5hutamine ja mitteformaalsus; vanemad\/ \u00f5petajad kohtlevad last v\u00f5rdsena. See esineb enam linnastunud, k\u00f5rge mobiilsusega pluralistlikes kultuurides. Eesti kultuuris domineerivad pigem madala v\u00f5imukauguse tunnused, Hofstede skaalal on Eesti v\u00f5imukauguseindeks 40, k\u00f5ige madalam on Austrias, kus vastav indeks on 11.<\/p>\n<p><\/p><\/div>\n        <\/div>\n        <\/div>\n    <\/div>\n<p><\/p><div class=\"accordion mb-3\">\n        <div class=\"accordion-item accordion-item--white\">\n        <h2 class=\"accordion-header\" id=\"accordion-69da1871dee28-heading\">\n            <button class=\"accordion-button collapsed\" type=\"button\" data-bs-toggle=\"collapse\" data-bs-target=\"#accordion-69da1871dee28-collapse\" aria-expanded=\"true\" aria-controls=\"accordion-69da1871dee28-collapse\">Kuidas avaldub v\u00e4ike v\u00f5imudistants koolis?<\/button>\n        <\/h2>\n        <div id=\"accordion-69da1871dee28-collapse\" class=\"accordion-collapse collapse\" aria-labelledby=\"accordion-69da1871dee28-heading\">\n            <div class=\"accordion-body\">\n<p><img loading=\"lazy\" decoding=\"async\" src=\"\/wp-content\/uploads\/sites\/208\/low_power_distance.jpg\" width=\"273\" height=\"253\"><\/p>\n<ul>\n<li>R\u00f5hutatakse \u00f5pilase ja \u00f5petaja, lapse ja vanema v\u00f5rdv\u00e4\u00e4rsust<\/li>\n<li>Mitteformaalsed suhted, \u00f5petaja ja koolijuhiga lihtne kontakteeruda<\/li>\n<li>\u00d5petus on \u00f5pilasekeskne, \u00fcles ehitatud dialoogile. Last kiidetakse algatusv\u00f5ime eest ning julgustatakse oma seisukohti esitama<\/li>\n<li>\u00d5petajad on spetsialistid, kes peavad olema erapooletud. \u00d5pilase edukus s\u00f5ltub isiklikust pingutusest, koolid on sarnase tasemega.<\/li>\n<li>Probleemid p\u00fc\u00fctakse lahendada kohapeal ja otseste asjaosaliste vahel<\/li>\n<li>Kehalist karistust peetakse v\u00e4givallaks<strong> <br><\/strong><\/li>\n<\/ul>\n<p><\/p><\/div>\n        <\/div>\n        <\/div>\n    <\/div>\n","protected":false},"excerpt":{"rendered":"<p>V\u00f5imukauguse dimensioon v\u00e4ljendab seda, kuidas suhtutakse \u00fchiskonnas valitsevatesse ebav\u00f5rdsusse erinevate \u00fchiskonnakihtide ja staatusega inimeste vahel, kui iseenesestm\u00f5istetavaks ja loomulikuks seda peetakse. Mis iseloomustab suure v\u00f5imudistantsiga kultuuri? Suure v\u00f5imudistantsiga kultuurides on autoriteedil oluline roll, vara ja v\u00f5imu eba\u00fchtlast jaotust peetakse loomulikuks. &#8230;<\/p>\n","protected":false},"author":31,"featured_media":0,"parent":0,"menu_order":0,"comment_status":"closed","ping_status":"closed","template":"","meta":{"_acf_changed":false,"inline_featured_image":false,"footnotes":""},"class_list":["post-6","page","type-page","status-publish","hentry"],"acf":[],"_links":{"self":[{"href":"https:\/\/sisu.ut.ee\/kultuuridkoolis\/wp-json\/wp\/v2\/pages\/6","targetHints":{"allow":["GET"]}}],"collection":[{"href":"https:\/\/sisu.ut.ee\/kultuuridkoolis\/wp-json\/wp\/v2\/pages"}],"about":[{"href":"https:\/\/sisu.ut.ee\/kultuuridkoolis\/wp-json\/wp\/v2\/types\/page"}],"author":[{"embeddable":true,"href":"https:\/\/sisu.ut.ee\/kultuuridkoolis\/wp-json\/wp\/v2\/users\/31"}],"replies":[{"embeddable":true,"href":"https:\/\/sisu.ut.ee\/kultuuridkoolis\/wp-json\/wp\/v2\/comments?post=6"}],"version-history":[{"count":1,"href":"https:\/\/sisu.ut.ee\/kultuuridkoolis\/wp-json\/wp\/v2\/pages\/6\/revisions"}],"predecessor-version":[{"id":53,"href":"https:\/\/sisu.ut.ee\/kultuuridkoolis\/wp-json\/wp\/v2\/pages\/6\/revisions\/53"}],"wp:attachment":[{"href":"https:\/\/sisu.ut.ee\/kultuuridkoolis\/wp-json\/wp\/v2\/media?parent=6"}],"curies":[{"name":"wp","href":"https:\/\/api.w.org\/{rel}","templated":true}]}}