{"id":3,"date":"2024-04-04T03:19:18","date_gmt":"2024-04-04T00:19:18","guid":{"rendered":"https:\/\/sisu.ut.ee\/kultuuridkoolis\/avaleht\/"},"modified":"2024-04-04T03:19:25","modified_gmt":"2024-04-04T00:19:25","slug":"avaleht","status":"publish","type":"page","link":"https:\/\/sisu.ut.ee\/kultuuridkoolis\/","title":{"rendered":"Avaleht"},"content":{"rendered":"<p>\n\t\u00a0\n<\/p>\n<p>\n\tMeil k\u00f5igil on kultuurist tingitud\u00a0 v\u00e4\u00e4rtused, suhtlemisviisid, kombed, erinev aja- ning ruumik\u00e4situs, toitumis- ja riietumisharjumused. Mitmekesisusest r\u00e4\u00e4kides l\u00e4htume kahest olulisest alusp\u00f5him\u00f5ttest:<br>1) kultuurirelativism e. pole olemas kultuuride hierarhiat (paremad ja halvemad kultuurid), vaid erisused m\u00f5tlemises ja k\u00e4itumises on elu loomulik osa;<br>2) kultuuriline suhtlemine saab olla alati ainult kahesuunaline protsess \u2013 dialoog kultuuride vahel (Fennes, Hapgood, 2007).\n<\/p>\n<p>\n\tAntud \u00f5piobjekti eesm\u00e4rgiks on p\u00fc\u00fcda m\u00f5ista ja seletada v\u00f5imalikke ettetulevaid olukordi ja suhtlussituatsioone, kus kohtuvad erinevate kultuuride esindajad. Teeme seda tuginedes Geert Hofstede t\u00f6\u00f6r\u00fchma kultuuridimensioonide ja Milton J. Bennetti kultuuritundlikkuse uuringutele.\n<\/p>\n<p style=\"text-align: right\">\n\t<em>\u00d5piobjekti on koostanud:<br>Tartu \u00dclikooli hariduskorralduse\u00a0lektor Karmen Trasberg (Hofstede kultuuridimensioonid) ja<br><em>Tartu \u00dclikooli <\/em>religioonipedagoogika dotsent Olga Schihalejev (Bennetti kultuuritundlikkuse skaala)<\/em>\n<\/p>\n<p>\n\t\u00a0\n<\/p>\n<p>\n\t\u00a0\n<\/p>\n<div align=\"center\">\n\t<br>\u00a0\n<\/div>\n","protected":false},"excerpt":{"rendered":"<p>\u00a0 Meil k\u00f5igil on kultuurist tingitud\u00a0 v\u00e4\u00e4rtused, suhtlemisviisid, kombed, erinev aja- ning ruumik\u00e4situs, toitumis- ja riietumisharjumused. Mitmekesisusest r\u00e4\u00e4kides l\u00e4htume kahest olulisest alusp\u00f5him\u00f5ttest:1) kultuurirelativism e. pole olemas kultuuride hierarhiat (paremad ja halvemad kultuurid), vaid erisused m\u00f5tlemises ja k\u00e4itumises on elu loomulik &#8230;<\/p>\n","protected":false},"author":31,"featured_media":0,"parent":0,"menu_order":0,"comment_status":"closed","ping_status":"closed","template":"","meta":{"_acf_changed":false,"inline_featured_image":false,"footnotes":""},"class_list":["post-3","page","type-page","status-publish","hentry"],"acf":[],"_links":{"self":[{"href":"https:\/\/sisu.ut.ee\/kultuuridkoolis\/wp-json\/wp\/v2\/pages\/3","targetHints":{"allow":["GET"]}}],"collection":[{"href":"https:\/\/sisu.ut.ee\/kultuuridkoolis\/wp-json\/wp\/v2\/pages"}],"about":[{"href":"https:\/\/sisu.ut.ee\/kultuuridkoolis\/wp-json\/wp\/v2\/types\/page"}],"author":[{"embeddable":true,"href":"https:\/\/sisu.ut.ee\/kultuuridkoolis\/wp-json\/wp\/v2\/users\/31"}],"replies":[{"embeddable":true,"href":"https:\/\/sisu.ut.ee\/kultuuridkoolis\/wp-json\/wp\/v2\/comments?post=3"}],"version-history":[{"count":2,"href":"https:\/\/sisu.ut.ee\/kultuuridkoolis\/wp-json\/wp\/v2\/pages\/3\/revisions"}],"predecessor-version":[{"id":85,"href":"https:\/\/sisu.ut.ee\/kultuuridkoolis\/wp-json\/wp\/v2\/pages\/3\/revisions\/85"}],"wp:attachment":[{"href":"https:\/\/sisu.ut.ee\/kultuuridkoolis\/wp-json\/wp\/v2\/media?parent=3"}],"curies":[{"name":"wp","href":"https:\/\/api.w.org\/{rel}","templated":true}]}}