{"id":16,"date":"2024-04-04T03:19:19","date_gmt":"2024-04-04T00:19:19","guid":{"rendered":"https:\/\/sisu.ut.ee\/kultuuridkoolis\/vi-kultuuriliste-erinevuste-loiming\/"},"modified":"2024-11-21T12:09:05","modified_gmt":"2024-11-21T10:09:05","slug":"vi-kultuuriliste-erinevuste-loiming","status":"publish","type":"page","link":"https:\/\/sisu.ut.ee\/kultuuridkoolis\/vi-kultuuriliste-erinevuste-loiming\/","title":{"rendered":"VI. Kultuuriliste erinevuste l\u00f5iming"},"content":{"rendered":"<p>L\u00f5imingufaas on omane inimestele, kes ei defineeri ennast ainult \u00fche kultuuriga \u2013 t\u00fc\u00fcpiliselt on tegu kahe- v\u00f5i mitmekultuurilise identiteediga. Tavaliselt j\u00f5utakse siia pikaajaliste tahtlike j\u00f5upingutuste tulemusena, et saavutada vastavas kultuuris suhtlemise ja m\u00f5istmise p\u00e4devusi, elades pikemalt teises kultuuris. Erinevaid perspektiive ja m\u00f5istmise viise valitakse teadlikult. Ennast tuntakse olevat pidevas \u201eprotsessis\u201c ja ollakse v\u00f5imelised vahetama sundimatult\u00a0erinevate kultuurilisi perspektiive. Taoline identiteet v\u00f5imaldab osa saada erinevatest kultuuridest, kuid m\u00f5nikord v\u00f5ib p\u00f5hjustada ka teatud v\u00f5\u00f5randumist ja tunnet, et sa pole p\u00e4riselt \u201ckodus\u201d \u00fcheski kultuuris. Maailmavaate kategooriaid kogetakse konstruktsioonidena, mida hoiab \u00fcleval enesereflektiivne teadlikkus (kultuurid ja \u00fcksikisikud \u201cloovad ennast ise\u201d).<\/p>\n<h4>Alakategooriad<\/h4>\n<p><strong>Konstruktiivne marginaalsus: <\/strong>identiteet, mis ei p\u00f5hine \u00fchel kultuuril, kalduvus aidata kaasa kultuuridevahelisete konstruktiivsete kontaktide tekkimisele ja enda tahtlik identifitseerimine marginaalsete gruppidega, et aidata teistel neid paremini m\u00f5ista.<\/p>\n<p><strong>Eetiline kohustus<\/strong>: p\u00fchendumine eetilise s\u00fcsteemi \u00fclesehitamisele, mis v\u00f5imaldab \u201cp\u00fchendumist suhtelisusele\u201d, ennast n\u00e4hakse oma identiteedi pideva uuesti loojana.<\/p>\n<p><\/p><div class=\"accordion mb-3\">\n        <div class=\"accordion-item accordion-item--white\">\n        <h2 class=\"accordion-header\" id=\"accordion-69da782026810-heading\">\n            <button class=\"accordion-button collapsed\" type=\"button\" data-bs-toggle=\"collapse\" data-bs-target=\"#accordion-69da782026810-collapse\" aria-expanded=\"true\" aria-controls=\"accordion-69da782026810-collapse\">T\u00fc\u00fcpilised v\u00e4ljendid selles staadiumis <\/button>\n        <\/h2>\n        <div id=\"accordion-69da782026810-collapse\" class=\"accordion-collapse collapse\" aria-labelledby=\"accordion-69da782026810-heading\">\n            <div class=\"accordion-body\">\n<ul>\n<li>\u201cKuigi ma tunnen end vahel gruppides marginaalsena, suudan ma neisse sulanduda ja neist v\u00e4lja tulla suhteliselt kergesti.\u201d<\/li>\n<li>\u201cMinu kodu on igal pool, kui ma tean piisavalt, kuidas siin asjad k\u00e4ivad.\u201d<\/li>\n<li>\u201cMa tunnen end k\u00f5ige paremini, kui ma saan ehitada sildu kultuuride vahel, mida ma tunnen.\u201d<\/li>\n<li>\u201cMa suudan iga olukorda vaadata erinevate kultuuride vaatenurkadest.\u201d<\/li>\n<li>\u201cMa naudin osalemist m\u00f5lemas kultuuris.\u201d<\/li><\/ul><\/div>\n        <\/div>\n        <\/div>\n    <\/div>\n\n<p><strong>Kultuuriliselt l\u00f5imitud koolid<\/strong> toimivad \u00fchiskondlike protsesside eestvedajana erinevate kultuuride l\u00f5imimisel, vastastikuse arusaamise kasvatamisel. Kool kasvatab vastutustundlikke maailmakodanikke, kes tahavad ja oskavad ehitada sildu inimeste vahel ning tunnevad end kompetentsena eri kultuurides tegutsemisel, osates v\u00f5tta nende kultuuride suhtes\u00a0ka kriitilist distantsi.<\/p>\n<p><a href=\"https:\/\/sisu.ut.ee\/kultuuridkoolis\/kasutatud-kirjandus\/\">Kasutatud kirjandus<\/a><\/p>\n","protected":false},"excerpt":{"rendered":"<p>L\u00f5imingufaas on omane inimestele, kes ei defineeri ennast ainult \u00fche kultuuriga \u2013 t\u00fc\u00fcpiliselt on tegu kahe- v\u00f5i mitmekultuurilise identiteediga. Tavaliselt j\u00f5utakse siia pikaajaliste tahtlike j\u00f5upingutuste tulemusena, et saavutada vastavas kultuuris suhtlemise ja m\u00f5istmise p\u00e4devusi, elades pikemalt teises kultuuris. Erinevaid perspektiive &#8230;<\/p>\n","protected":false},"author":31,"featured_media":0,"parent":0,"menu_order":0,"comment_status":"closed","ping_status":"closed","template":"","meta":{"_acf_changed":false,"inline_featured_image":false,"footnotes":""},"class_list":["post-16","page","type-page","status-publish","hentry"],"acf":[],"_links":{"self":[{"href":"https:\/\/sisu.ut.ee\/kultuuridkoolis\/wp-json\/wp\/v2\/pages\/16","targetHints":{"allow":["GET"]}}],"collection":[{"href":"https:\/\/sisu.ut.ee\/kultuuridkoolis\/wp-json\/wp\/v2\/pages"}],"about":[{"href":"https:\/\/sisu.ut.ee\/kultuuridkoolis\/wp-json\/wp\/v2\/types\/page"}],"author":[{"embeddable":true,"href":"https:\/\/sisu.ut.ee\/kultuuridkoolis\/wp-json\/wp\/v2\/users\/31"}],"replies":[{"embeddable":true,"href":"https:\/\/sisu.ut.ee\/kultuuridkoolis\/wp-json\/wp\/v2\/comments?post=16"}],"version-history":[{"count":3,"href":"https:\/\/sisu.ut.ee\/kultuuridkoolis\/wp-json\/wp\/v2\/pages\/16\/revisions"}],"predecessor-version":[{"id":92,"href":"https:\/\/sisu.ut.ee\/kultuuridkoolis\/wp-json\/wp\/v2\/pages\/16\/revisions\/92"}],"wp:attachment":[{"href":"https:\/\/sisu.ut.ee\/kultuuridkoolis\/wp-json\/wp\/v2\/media?parent=16"}],"curies":[{"name":"wp","href":"https:\/\/api.w.org\/{rel}","templated":true}]}}