{"id":14,"date":"2024-04-04T03:19:18","date_gmt":"2024-04-04T00:19:18","guid":{"rendered":"https:\/\/sisu.ut.ee\/kultuuridkoolis\/iv-kultuuriliste-erinevuste-aktsepteerimine\/"},"modified":"2024-11-21T12:15:35","modified_gmt":"2024-11-21T10:15:35","slug":"iv-kultuuriliste-erinevuste-aktsepteerimine","status":"publish","type":"page","link":"https:\/\/sisu.ut.ee\/kultuuridkoolis\/iv-kultuuriliste-erinevuste-aktsepteerimine\/","title":{"rendered":"IV. Kultuuriliste erinevuste aktsepteerimine"},"content":{"rendered":"<p>Kui aktsepteerimine domineerib, tajuvad inimesed kultuurilisi erinevusi kontekstuaalsena. Enda kultuur on vaid \u00fcks paljudest viisidest m\u00f5ista maailma. Selles staadiumis tunnistavad inimesed, et k\u00e4itumine ja v\u00e4\u00e4rtused, ka nende endi omad, eksisteerivad eristatavates kultuurilistes kontekstides, ning k\u00e4itumuslikud ja v\u00e4\u00e4rtuste mustrid on m\u00f5istetavad ja eristatavad eri kontekstides erinevalt. Nad m\u00f5istavad, et erinevad kultuurid pakuvad inimliku eksistentsi m\u00f5istmiseks erinevaid mudeleid. Aktsepteerimine ei t\u00e4henda alternatiivsete v\u00e4\u00e4rtustega n\u00f5ustumist, vaid pigem iga kultuuri erineva reaalsuse taju olemasolu tunnistamist. Kultuuriliste kategooriate eristamine v\u00f5imaldab kogeda eri kultuure ning eneserefleksioon v\u00f5imaldab m\u00f5ista ennast kultuurilises kontekstis.<\/p>\n<h4>Alakategooriad<\/h4>\n<p><strong>K\u00e4itumuslik relativism: <\/strong>Tunnistatakse, et k\u00e4itumine on seotud kultuurilise kontekstiga ning on keerulise interaktsiooni tulemus kultuuri sees ja kultuuride vahel.<\/p>\n<p><strong>V\u00e4\u00e4rtuste relativism: <\/strong>Tunnistatakse, et uskumused, v\u00e4\u00e4rtused ja teised mustrid, mis on seotud \u201ehea ja halva\u201c, \u201elubatu ja keelatuga\u201c eksisteerib teatud kultuurilises kontekstis.<\/p>\n<p><\/p><div class=\"accordion mb-3\">\n        <div class=\"accordion-item accordion-item--white\">\n        <h2 class=\"accordion-header\" id=\"accordion-69da8eb523d67-heading\">\n            <button class=\"accordion-button collapsed\" type=\"button\" data-bs-toggle=\"collapse\" data-bs-target=\"#accordion-69da8eb523d67-collapse\" aria-expanded=\"true\" aria-controls=\"accordion-69da8eb523d67-collapse\">T\u00fc\u00fcpilised v\u00e4ljendid selles staadiumis <\/button>\n        <\/h2>\n        <div id=\"accordion-69da8eb523d67-collapse\" class=\"accordion-collapse collapse\" aria-labelledby=\"accordion-69da8eb523d67-heading\">\n            <div class=\"accordion-body\">\n<ul>\n<li>\u201cMida rohkem erinevusi, seda parem \u2013 on igav, kui k\u00f5ik on sarnased.\u201d<\/li>\n<li>\u201cInimesed teistest kultuuridest on erinevamad, kui ma oskasin arvata.\u201d<\/li>\n<li>\u201cMa p\u00fc\u00fcan alati \u00f5ppida teise kultuuri kohta, enne kui ma sinna l\u00e4hen.\u201d<\/li>\n<li>\u201cMida enam sa kultuuride kohta tead, seda paremini oskad neid v\u00f5rrelda.\u201d<\/li>\n<li>\u201cVahel on keeruline, kuna tead, et eri kultuuride v\u00e4\u00e4rtused on erinevad ja tahad olla lugupidav, samas j\u00e4\u00e4da oma v\u00e4\u00e4rtuste juurde.\u201d<\/li><\/ul><\/div>\n        <\/div>\n        <\/div>\n    <\/div>\n\n<p><strong>Kultuurilisi erinevusi aktsepteeriv kool<\/strong> v\u00f5imaldab \u00f5pilastel \u00f5ppida erinevate kultuuride ja religioonide kohta, p\u00f6\u00f6rates t\u00e4helepanu nii sisemistele kui v\u00e4listele erinevustele, aidates m\u00f5ista nii enda kui teiste kultuure. Koolis olemasolevat kultuurilist mitmekesisust kasutatakse ressursina ja julgustatakse \u00f5pilastel oma erinevusi v\u00e4ljendama.<\/p>\n<p>Vaata edasi: <a href=\"https:\/\/sisu.ut.ee\/kultuuridkoolis\/v-kultuuriliste-erinevustega-kohanemine\/\" data-type=\"page\" data-id=\"15\">Kohanemine<\/a><\/p>\n\n\n<p><\/p>\n","protected":false},"excerpt":{"rendered":"<p>Kui aktsepteerimine domineerib, tajuvad inimesed kultuurilisi erinevusi kontekstuaalsena. Enda kultuur on vaid \u00fcks paljudest viisidest m\u00f5ista maailma. Selles staadiumis tunnistavad inimesed, et k\u00e4itumine ja v\u00e4\u00e4rtused, ka nende endi omad, eksisteerivad eristatavates kultuurilistes kontekstides, ning k\u00e4itumuslikud ja v\u00e4\u00e4rtuste mustrid on m\u00f5istetavad &#8230;<\/p>\n","protected":false},"author":31,"featured_media":0,"parent":0,"menu_order":0,"comment_status":"closed","ping_status":"closed","template":"","meta":{"_acf_changed":false,"inline_featured_image":false,"footnotes":""},"class_list":["post-14","page","type-page","status-publish","hentry"],"acf":[],"_links":{"self":[{"href":"https:\/\/sisu.ut.ee\/kultuuridkoolis\/wp-json\/wp\/v2\/pages\/14","targetHints":{"allow":["GET"]}}],"collection":[{"href":"https:\/\/sisu.ut.ee\/kultuuridkoolis\/wp-json\/wp\/v2\/pages"}],"about":[{"href":"https:\/\/sisu.ut.ee\/kultuuridkoolis\/wp-json\/wp\/v2\/types\/page"}],"author":[{"embeddable":true,"href":"https:\/\/sisu.ut.ee\/kultuuridkoolis\/wp-json\/wp\/v2\/users\/31"}],"replies":[{"embeddable":true,"href":"https:\/\/sisu.ut.ee\/kultuuridkoolis\/wp-json\/wp\/v2\/comments?post=14"}],"version-history":[{"count":3,"href":"https:\/\/sisu.ut.ee\/kultuuridkoolis\/wp-json\/wp\/v2\/pages\/14\/revisions"}],"predecessor-version":[{"id":95,"href":"https:\/\/sisu.ut.ee\/kultuuridkoolis\/wp-json\/wp\/v2\/pages\/14\/revisions\/95"}],"wp:attachment":[{"href":"https:\/\/sisu.ut.ee\/kultuuridkoolis\/wp-json\/wp\/v2\/media?parent=14"}],"curies":[{"name":"wp","href":"https:\/\/api.w.org\/{rel}","templated":true}]}}