{"id":12,"date":"2024-04-04T03:19:18","date_gmt":"2024-04-04T00:19:18","guid":{"rendered":"https:\/\/sisu.ut.ee\/kultuuridkoolis\/ii-kaitse-kultuuriliste-erinevuste-vastu\/"},"modified":"2024-11-21T12:06:58","modified_gmt":"2024-11-21T10:06:58","slug":"ii-kaitse-kultuuriliste-erinevuste-vastu","status":"publish","type":"page","link":"https:\/\/sisu.ut.ee\/kultuuridkoolis\/ii-kaitse-kultuuriliste-erinevuste-vastu\/","title":{"rendered":"II. Kaitse kultuuriliste erinevuste vastu"},"content":{"rendered":"<p>Inimesed, kellel domineerib kaitse kultuuriliste erinevuste vastu, kasutavad \u201cmeie-nemad\u201d vastandamist. Tavaliselt n\u00e4hakse oma kultuuri parema ja teiste kultuuri stereot\u00fc\u00fcpselt lihtsustatult negatiivsena. Selge piiri t\u00f5mbamine kaitseb oma identiteeti ohtlike teiste eest.\n<\/p><h4>Alakategooriad<\/h4>\n<strong>Alav\u00e4\u00e4ristamine: <\/strong>Oma kultuurilist maailmapilti kaitstakse seel\u00e4bi, et suhtutakse negatiivselt endast erineva kultuurilise k\u00e4itumisega ja v\u00e4\u00e4rtustega inimestesse. Teiste kultuuride positiivse v\u00f5i neutraalsena kujutamist tajutakse r\u00fcnnakuna oma kultuuri vastu.\n\n<strong>\u00dcleolek: <\/strong>Oma kultuurilist maailmapilti kaitstakse seel\u00e4bi, et oma kultuuri positiivseid jooni v\u00f5imendatakse v\u00f5rreldes teistega.\n\n<strong>\u00dcmberp\u00f6\u00f6ratud: <\/strong>Tendents n\u00e4ha teist kultuuri \u00fclimusliku ja enda oma alamana. (\u201cMinu uus kultuur on parem kui mu vana kultuur.\u201d)\n\n<div class=\"accordion mb-3\">\n        <div class=\"accordion-item accordion-item--white\">\n        <h2 class=\"accordion-header\" id=\"accordion-69da33f7bc6ae-heading\">\n            <button class=\"accordion-button collapsed\" type=\"button\" data-bs-toggle=\"collapse\" data-bs-target=\"#accordion-69da33f7bc6ae-collapse\" aria-expanded=\"true\" aria-controls=\"accordion-69da33f7bc6ae-collapse\">T\u00fc\u00fcpilised v\u00e4ljendid selles staadiumis <\/button>\n        <\/h2>\n        <div id=\"accordion-69da33f7bc6ae-collapse\" class=\"accordion-collapse collapse\" aria-labelledby=\"accordion-69da33f7bc6ae-heading\">\n            <div class=\"accordion-body\">\n<ul>\n \t<li>\u201cMiks nad ei r\u00e4\u00e4gi meie keeles?\u201d<\/li>\n \t<li>\u201cKui ma n\u00e4en teisi kultuure, saan ma aru, kui palju parem on minu oma kultuur.\u201d<\/li>\n \t<li>\u201cNeed inimesed ei v\u00e4\u00e4rtusta elu samav\u00e4\u00e4rselt meiega.\u201d<\/li>\n \t<li>\u201cMilline seksistlik \u00fchiskond!\u201d<\/li>\n \t<li>\u201cSiinsed inimesed on nii arukad, mitte nagu inimesed minu kodumaal.\u201d<\/li><\/ul><\/div>\n        <\/div>\n        <\/div>\n    <\/div>\n\n<strong>Polariseerivas koolis<\/strong> r\u00f5hutatakse tugevasti rahvuslikku (v\u00f5i ka kooli) identiteeti ja uhkust, seda ka teistele vastandumise abil.\n\nVaata edasi: <a style=\"font-weight: var(--bs-body-font-weight); text-align: var(--bs-body-text-align);\" href=\"https:\/\/sisu.ut.ee\/kultuuridkoolis\/iii-kultuuriliste-erinevuste-vahendamine\/\" data-type=\"page\" data-id=\"13\">V\u00e4hendamine<\/a><span style=\"font-weight: var(--bs-body-font-weight); text-align: var(--bs-body-text-align);\">\u200b<\/span>\n\n<!-- \/wp:post-content -->","protected":false},"excerpt":{"rendered":"<p>Inimesed, kellel domineerib kaitse kultuuriliste erinevuste vastu, kasutavad \u201cmeie-nemad\u201d vastandamist. Tavaliselt n\u00e4hakse oma kultuuri parema ja teiste kultuuri stereot\u00fc\u00fcpselt lihtsustatult negatiivsena. Selge piiri t\u00f5mbamine kaitseb oma identiteeti ohtlike teiste eest. Alakategooriad Alav\u00e4\u00e4ristamine: Oma kultuurilist maailmapilti kaitstakse seel\u00e4bi, et suhtutakse negatiivselt &#8230;<\/p>\n","protected":false},"author":31,"featured_media":0,"parent":0,"menu_order":0,"comment_status":"closed","ping_status":"closed","template":"","meta":{"_acf_changed":false,"inline_featured_image":false,"footnotes":""},"class_list":["post-12","page","type-page","status-publish","hentry"],"acf":[],"_links":{"self":[{"href":"https:\/\/sisu.ut.ee\/kultuuridkoolis\/wp-json\/wp\/v2\/pages\/12","targetHints":{"allow":["GET"]}}],"collection":[{"href":"https:\/\/sisu.ut.ee\/kultuuridkoolis\/wp-json\/wp\/v2\/pages"}],"about":[{"href":"https:\/\/sisu.ut.ee\/kultuuridkoolis\/wp-json\/wp\/v2\/types\/page"}],"author":[{"embeddable":true,"href":"https:\/\/sisu.ut.ee\/kultuuridkoolis\/wp-json\/wp\/v2\/users\/31"}],"replies":[{"embeddable":true,"href":"https:\/\/sisu.ut.ee\/kultuuridkoolis\/wp-json\/wp\/v2\/comments?post=12"}],"version-history":[{"count":3,"href":"https:\/\/sisu.ut.ee\/kultuuridkoolis\/wp-json\/wp\/v2\/pages\/12\/revisions"}],"predecessor-version":[{"id":88,"href":"https:\/\/sisu.ut.ee\/kultuuridkoolis\/wp-json\/wp\/v2\/pages\/12\/revisions\/88"}],"wp:attachment":[{"href":"https:\/\/sisu.ut.ee\/kultuuridkoolis\/wp-json\/wp\/v2\/media?parent=12"}],"curies":[{"name":"wp","href":"https:\/\/api.w.org\/{rel}","templated":true}]}}