{"id":11,"date":"2024-04-04T03:19:18","date_gmt":"2024-04-04T00:19:18","guid":{"rendered":"https:\/\/sisu.ut.ee\/kultuuridkoolis\/i-kultuuriliste-erinevuste-eitamine\/"},"modified":"2024-11-21T12:10:37","modified_gmt":"2024-11-21T10:10:37","slug":"i-kultuuriliste-erinevuste-eitamine","status":"publish","type":"page","link":"https:\/\/sisu.ut.ee\/kultuuridkoolis\/i-kultuuriliste-erinevuste-eitamine\/","title":{"rendered":"I. Kultuuriliste erinevuste eitamine"},"content":{"rendered":"<p>Selles staadiumis inimesed elavad kultuuriliselt homogeenses grupis ega huvitu teistest kultuuridest. See olukord v\u00f5ib inimese jaoks olla kas paratamatu v\u00f5i tahtlik valik. Selles staadiumis inimesed kultuurilisi erinevusi ei erista v\u00f5i v\u00e4ljendatatakse neid \u00e4\u00e4rmiselt lihtsustatult, m\u00e4rgates vaid v\u00e4liseid erinevusi, mitte aga sisemisi (nt konfliktilahenduse strateegiad). Kui inimeselt k\u00fcsitakse tema enda kultuuri erip\u00e4rade kohta, satub ta segadusse, sest ta pole m\u00f5elnud, kuidas kultuur tema enda v\u00f5i teiste inimeste elamise ja arusaamise viise m\u00f5jutab. Vahel v\u00e4ljendatakse siin staadiumis ka pealiskaudselt tolerantsust. Teistel puhkudel kirjeldatakse teisi kultuure ebainimlikena, arvates, et k\u00e4itumuslikud erinevused tulenevad puudulikust haridusest v\u00f5i kasvatamatusest.<\/p>\n<h4>Alakategooriad<\/h4>\n<p><strong>Huvipuudus: <\/strong>Kuna elatakse eraldatuna homogeensetes gruppides, puudub v\u00f5imalus ja ka soov luua t\u00e4henduslikke kategooriaid kultuuriliste erinevuste l\u00f5ikes.<\/p>\n<p><strong>V\u00e4ltimine: <\/strong>Tahtlik eraldumine kultuuriliselt erinevustest, mis kaitseb maailmavaadet muutuste eest. Kasutatakse v\u00e4ga laiu kategooriaid, nagu \u201cv\u00e4lismaalane\u201d, \u201casiaat\u201d, \u201cv\u00e4rvilised\u201d.<\/p>\n<p><\/p><div class=\"accordion mb-3\">\n        <div class=\"accordion-item accordion-item--white\">\n        <h2 class=\"accordion-header\" id=\"accordion-69da83cd0480c-heading\">\n            <button class=\"accordion-button collapsed\" type=\"button\" data-bs-toggle=\"collapse\" data-bs-target=\"#accordion-69da83cd0480c-collapse\" aria-expanded=\"true\" aria-controls=\"accordion-69da83cd0480c-collapse\">T\u00fc\u00fcpilised v\u00e4ljendid selles staadiumis <\/button>\n        <\/h2>\n        <div id=\"accordion-69da83cd0480c-collapse\" class=\"accordion-collapse collapse\" aria-labelledby=\"accordion-69da83cd0480c-heading\">\n            <div class=\"accordion-body\">\n<ul>\n<li>\u201cEla ise ja lase teistel elada.\u201d<\/li>\n<li>\u201cK\u00f5ik suurlinnad on sarnased \u2013 palju autosid, ehitisi, McDonaldseid.\u201d<\/li>\n<li>\u201cSeni kuni k\u00f5neleme sama keelt, pole probleemi.\u201d<\/li>\n<li>\u201cMinu peamine mure on, kuidas leida teed ja tellida restoranis s\u00fc\u00fca.\u201d<\/li>\n<li>\u201cSaan hakkama igas kultuuris suurema pingutuseta \u2013 ma ei koge iial kultuuri\u0161okki.\u201d<\/li><\/ul><\/div>\n        <\/div>\n        <\/div>\n    <\/div>\n\n<p><strong>Koolis, kus domineerib kultuuriliste erinevuste eitamine<\/strong>, l\u00e4htutakse domineeriva kultuuri m\u00f5ttemudelitest ning nende jagamist eeldatakse vaikimisi ka \u00f5pilastelt, keeleliste, kultuuriliste ja usuliste v\u00e4hemuste olemasolule ei p\u00f6\u00f6rata t\u00e4helepanu v\u00f5i nende olemasolu ei m\u00e4rgata.<\/p>\n<p>Vaata edasi:\u00a0<\/p>\n\n\n<ul class=\"wp-block-list\">\n<li><a href=\"https:\/\/sisu.ut.ee\/kultuuridkoolis\/ii-kaitse-kultuuriliste-erinevuste-vastu\/\">Kaitse<\/a>\u200b<\/li>\n<\/ul>\n","protected":false},"excerpt":{"rendered":"<p>Selles staadiumis inimesed elavad kultuuriliselt homogeenses grupis ega huvitu teistest kultuuridest. See olukord v\u00f5ib inimese jaoks olla kas paratamatu v\u00f5i tahtlik valik. Selles staadiumis inimesed kultuurilisi erinevusi ei erista v\u00f5i v\u00e4ljendatatakse neid \u00e4\u00e4rmiselt lihtsustatult, m\u00e4rgates vaid v\u00e4liseid erinevusi, mitte aga &#8230;<\/p>\n","protected":false},"author":31,"featured_media":0,"parent":0,"menu_order":0,"comment_status":"closed","ping_status":"closed","template":"","meta":{"_acf_changed":false,"inline_featured_image":false,"footnotes":""},"class_list":["post-11","page","type-page","status-publish","hentry"],"acf":[],"_links":{"self":[{"href":"https:\/\/sisu.ut.ee\/kultuuridkoolis\/wp-json\/wp\/v2\/pages\/11","targetHints":{"allow":["GET"]}}],"collection":[{"href":"https:\/\/sisu.ut.ee\/kultuuridkoolis\/wp-json\/wp\/v2\/pages"}],"about":[{"href":"https:\/\/sisu.ut.ee\/kultuuridkoolis\/wp-json\/wp\/v2\/types\/page"}],"author":[{"embeddable":true,"href":"https:\/\/sisu.ut.ee\/kultuuridkoolis\/wp-json\/wp\/v2\/users\/31"}],"replies":[{"embeddable":true,"href":"https:\/\/sisu.ut.ee\/kultuuridkoolis\/wp-json\/wp\/v2\/comments?post=11"}],"version-history":[{"count":4,"href":"https:\/\/sisu.ut.ee\/kultuuridkoolis\/wp-json\/wp\/v2\/pages\/11\/revisions"}],"predecessor-version":[{"id":93,"href":"https:\/\/sisu.ut.ee\/kultuuridkoolis\/wp-json\/wp\/v2\/pages\/11\/revisions\/93"}],"wp:attachment":[{"href":"https:\/\/sisu.ut.ee\/kultuuridkoolis\/wp-json\/wp\/v2\/media?parent=11"}],"curies":[{"name":"wp","href":"https:\/\/api.w.org\/{rel}","templated":true}]}}