{"id":10,"date":"2024-04-04T03:19:18","date_gmt":"2024-04-04T00:19:18","guid":{"rendered":"https:\/\/sisu.ut.ee\/kultuuridkoolis\/lto\/"},"modified":"2024-04-04T03:19:25","modified_gmt":"2024-04-04T00:19:25","slug":"lto","status":"publish","type":"page","link":"https:\/\/sisu.ut.ee\/kultuuridkoolis\/lto\/","title":{"rendered":"Ajaline orientatsioon"},"content":{"rendered":"<p>Ajaline dimensioon n\u00e4itab, kas \u00fchiskonnas p\u00f5hjendatakse\u00a0 tegevusi pigem l\u00e4htuvalt minevikust ja traditsioonidest v\u00f5i tulevikuperspektiividest.<\/p>\n<p><\/p><div class=\"accordion mb-3\">\n        <div class=\"accordion-item accordion-item--white\">\n        <h2 class=\"accordion-header\" id=\"accordion-69da1870c363f-heading\">\n            <button class=\"accordion-button collapsed\" type=\"button\" data-bs-toggle=\"collapse\" data-bs-target=\"#accordion-69da1870c363f-collapse\" aria-expanded=\"true\" aria-controls=\"accordion-69da1870c363f-collapse\">Mis iseloomustab pikaajalise orientatsiooniga kultuuri?<\/button>\n        <\/h2>\n        <div id=\"accordion-69da1870c363f-collapse\" class=\"accordion-collapse collapse\" aria-labelledby=\"accordion-69da1870c363f-heading\">\n            <div class=\"accordion-body\">\n<p><strong>Tuleviku- ehk pikaajalise orientatsiooniga kultuurides\u00a0<\/strong>l\u00e4htutakse p\u00f5him\u00f5ttest, et meie t\u00e4nased tegemised peegelduvad tuleviku edus. See on pragmaatiline kultuur, ollakse valmis pingutama t\u00e4na, et tulevikus nautida h\u00fcve. Loodatakse, et hea hakkamasaamine koolis on investeering kaugemasse tulevikku, et saada hea t\u00f6\u00f6koht, olla edukas, terve\/\u00f5nnelik. Eesti on erakordselt k\u00f5rge tulevikuorientatsiooniga \u2013 skoor Hofstede skaalal 82. Euroopas on k\u00f5rgeim skoor Saksamaal (83), maailmas aga L\u00f5una-Koreas, 100.<\/p>\n<p><\/p><\/div>\n        <\/div>\n        <\/div>\n    <\/div>\n<p><\/p><div class=\"accordion mb-3\">\n        <div class=\"accordion-item accordion-item--white\">\n        <h2 class=\"accordion-header\" id=\"accordion-69da1870c3652-heading\">\n            <button class=\"accordion-button collapsed\" type=\"button\" data-bs-toggle=\"collapse\" data-bs-target=\"#accordion-69da1870c3652-collapse\" aria-expanded=\"true\" aria-controls=\"accordion-69da1870c3652-collapse\">Kuidas avaldub pikaajaline orientatsioon koolis?<\/button>\n        <\/h2>\n        <div id=\"accordion-69da1870c3652-collapse\" class=\"accordion-collapse collapse\" aria-labelledby=\"accordion-69da1870c3652-heading\">\n            <div class=\"accordion-body\">\n<p><img loading=\"lazy\" decoding=\"async\" width=\"417\" height=\"326\" class=\"alignnone wp-image-19\" src=\"https:\/\/sisu.ut.ee\/wp-content\/uploads\/sites\/208\/capture.jpg\" title=\"Pikk vs l\u00fchike\" alt=\"Pikk vs l\u00fchike\" srcset=\"https:\/\/sisu.ut.ee\/wp-content\/uploads\/sites\/208\/capture.jpg 417w, https:\/\/sisu.ut.ee\/wp-content\/uploads\/sites\/208\/capture-300x235.jpg 300w\" sizes=\"auto, (max-width: 417px) 100vw, 417px\"><\/p>\n<div>\n<ul>\n<li>Huvi kaugema tuleviku vastu, pragmaatilisus, innovatiivsus.<\/li>\n<li>Valmisolek saada pingutuse eest \u201etasu\u201c tulevikus.<\/li>\n<li>\u00d5pilased on oma tegevustes j\u00e4rjekindlamad, p\u00fcsivamad.<\/li>\n<li>K\u00f5rgete \u00f5pitulemustega ja probleemilahendusoskusega \u00f5pilased PISA-s, TIMSS-is<\/li>\n<\/ul>\n<\/div>\n<p><\/p><\/div>\n        <\/div>\n        <\/div>\n    <\/div>\n<p><\/p><div class=\"accordion mb-3\">\n        <div class=\"accordion-item accordion-item--white\">\n        <h2 class=\"accordion-header\" id=\"accordion-69da1870c3655-heading\">\n            <button class=\"accordion-button collapsed\" type=\"button\" data-bs-toggle=\"collapse\" data-bs-target=\"#accordion-69da1870c3655-collapse\" aria-expanded=\"true\" aria-controls=\"accordion-69da1870c3655-collapse\">Mis iseloomustab l\u00fchiajalise orientatsiooniga kultuuri?<\/button>\n        <\/h2>\n        <div id=\"accordion-69da1870c3655-collapse\" class=\"accordion-collapse collapse\" aria-labelledby=\"accordion-69da1870c3655-heading\">\n            <div class=\"accordion-body\">\n<p><strong>Oleviku- ehk l\u00fchiajalise orientatsiooniga kultuurides<\/strong>\u00a0on p\u00f5hir\u00f5hk t\u00e4nastel suhetel ja tegevustel, pigem hinnatakse traditsioone (kuidas on varem olnud), ei s\u00e4\u00e4steta ega investeerita tuleviku nimel.\u00a0 Siia kuuluvad\u00a0 n\u00e4iteks S\u00fc\u00fcria (30), Iraan (14), Egiptus (7), Ghana (4). Samas, ka k\u00f5rgete PISA tulemustega Soomes on skoor vaid 38, madalaim Euroopas on see Iirimaal (24).<\/p>\n<p><\/p><\/div>\n        <\/div>\n        <\/div>\n    <\/div>\n<p><\/p><div class=\"accordion mb-3\">\n        <div class=\"accordion-item accordion-item--white\">\n        <h2 class=\"accordion-header\" id=\"accordion-69da1870c3658-heading\">\n            <button class=\"accordion-button collapsed\" type=\"button\" data-bs-toggle=\"collapse\" data-bs-target=\"#accordion-69da1870c3658-collapse\" aria-expanded=\"true\" aria-controls=\"accordion-69da1870c3658-collapse\">Kuidas avaldub l\u00fchiajaline orientatsioon koolis?<\/button>\n        <\/h2>\n        <div id=\"accordion-69da1870c3658-collapse\" class=\"accordion-collapse collapse\" aria-labelledby=\"accordion-69da1870c3658-heading\">\n            <div class=\"accordion-body\">\n<ul>\n<li>Huvi mineviku, oleviku\/l\u00e4hima tuleviku vastu.<\/li>\n<li>Iga pingutus peab realiseeruma koheses tulemuses\/tasus.<\/li>\n<li>\u00d5pilased on tegevuses\u00a0 ebaj\u00e4rjekindlamad ja kergelt k\u00f5rvale juhitavad.<\/li>\n<li>Pigem keskmiste \u00f5pitulemustega ja madalama probleemilahendus-oskusega \u00f5pilased PISA-s, TIMSS-is.<\/li>\n<\/ul>\n<p><strong>\u00a0<\/strong><\/p>\n<p><\/p><\/div>\n        <\/div>\n        <\/div>\n    <\/div>\n","protected":false},"excerpt":{"rendered":"<p>Ajaline dimensioon n\u00e4itab, kas \u00fchiskonnas p\u00f5hjendatakse\u00a0 tegevusi pigem l\u00e4htuvalt minevikust ja traditsioonidest v\u00f5i tulevikuperspektiividest. Mis iseloomustab pikaajalise orientatsiooniga kultuuri? Tuleviku- ehk pikaajalise orientatsiooniga kultuurides\u00a0l\u00e4htutakse p\u00f5him\u00f5ttest, et meie t\u00e4nased tegemised peegelduvad tuleviku edus. See on pragmaatiline kultuur, ollakse valmis pingutama t\u00e4na, &#8230;<\/p>\n","protected":false},"author":31,"featured_media":0,"parent":0,"menu_order":0,"comment_status":"closed","ping_status":"closed","template":"","meta":{"_acf_changed":false,"inline_featured_image":false,"footnotes":""},"class_list":["post-10","page","type-page","status-publish","hentry"],"acf":[],"_links":{"self":[{"href":"https:\/\/sisu.ut.ee\/kultuuridkoolis\/wp-json\/wp\/v2\/pages\/10","targetHints":{"allow":["GET"]}}],"collection":[{"href":"https:\/\/sisu.ut.ee\/kultuuridkoolis\/wp-json\/wp\/v2\/pages"}],"about":[{"href":"https:\/\/sisu.ut.ee\/kultuuridkoolis\/wp-json\/wp\/v2\/types\/page"}],"author":[{"embeddable":true,"href":"https:\/\/sisu.ut.ee\/kultuuridkoolis\/wp-json\/wp\/v2\/users\/31"}],"replies":[{"embeddable":true,"href":"https:\/\/sisu.ut.ee\/kultuuridkoolis\/wp-json\/wp\/v2\/comments?post=10"}],"version-history":[{"count":1,"href":"https:\/\/sisu.ut.ee\/kultuuridkoolis\/wp-json\/wp\/v2\/pages\/10\/revisions"}],"predecessor-version":[{"id":57,"href":"https:\/\/sisu.ut.ee\/kultuuridkoolis\/wp-json\/wp\/v2\/pages\/10\/revisions\/57"}],"wp:attachment":[{"href":"https:\/\/sisu.ut.ee\/kultuuridkoolis\/wp-json\/wp\/v2\/media?parent=10"}],"curies":[{"name":"wp","href":"https:\/\/api.w.org\/{rel}","templated":true}]}}