{"id":9,"date":"2024-04-04T03:12:55","date_gmt":"2024-04-04T00:12:55","guid":{"rendered":"https:\/\/sisu.ut.ee\/kultuur\/viisakuskaitumine-erinevates-kultuurides\/"},"modified":"2024-04-04T03:12:57","modified_gmt":"2024-04-04T00:12:57","slug":"viisakuskaitumine-erinevates-kultuurides","status":"publish","type":"page","link":"https:\/\/sisu.ut.ee\/kultuur\/viisakuskaitumine-erinevates-kultuurides\/","title":{"rendered":"3. Viisakusk\u00e4itumine erinevates kultuurides"},"content":{"rendered":"<p style=\"text-align: justify\"><span style=\"color: #4c4c4c\" data-mce-mark=\"1\"><\/span><\/p>\n<p style=\"text-align: justify\"><span style=\"color: #4c4c4c\" data-mce-mark=\"1\">\u00dcks olulisi, aga n\u00e4htamatuid, kultuuride jooni on v\u00e4\u00e4rtused, mis meie kultuuris toimivad ja mis m\u00f5jutavad suhtlust erinevatel viisidel, sealhulgas selles, mida me tajume viisaka ja ebaviisaka suhtlusena. See t\u00e4hendab, et me ei saa r\u00e4\u00e4kida mingitest universaalsetest viisakusnormidest, vaid see, mida tajutakse viisaka v\u00f5i ebaviisakana tuleneb konkreetse kultuuri v\u00e4\u00e4rtushinnangutest ning tihti on tuntavad erinevused ka rahvuskultuuri sees (nt erinevate vanusegruppide, sotsiaalsete klasside, subkultuuride jne vahel). Viisakusk\u00e4itumist uuritakse indiviidide tasandil ning peab olema ettevaatlik j\u00e4relduste laiendamisega kogu kultuurile! Tegemist on <a href=\"http:\/\/www.eki.ee\/dict\/vsl\/index.cgi?Q=tendents&amp;F=M&amp;C06=en\" target=\"_blank\" rel=\"noopener\">tendents<\/a>idega, mitte normidega.<\/span><\/p>\n<p style=\"text-align: justify\"><span style=\"color: #4c4c4c\" data-mce-mark=\"1\">Viisakusk\u00e4itumusega tegeleb terve \u00fche keeleteaduse haru <a href=\"http:\/\/www.eki.ee\/dict\/vsl\/index.cgi?Q=pragmaatika&amp;F=M&amp;C06=en\" target=\"_blank\" rel=\"noopener\">pragmaatika<\/a> osa, mida nimetatakse viisakusteooriaks, mille tuntuimad autorid on <span style=\"color: #4c4c4c\" data-mce-mark=\"1\">Robin Lakoff<\/span> (1973), <span style=\"color: #4c4c4c\" data-mce-mark=\"1\">Penelope Brown &amp; Sephen Levinson<\/span> (1978) ning <span style=\"color: #4c4c4c\" data-mce-mark=\"1\">Richard Watts<\/span> (2003).<\/span><\/p>\n<p style=\"text-align: justify\"><span style=\"color: #4c4c4c\" data-mce-mark=\"1\"><span style=\"color: #4c4c4c\" data-mce-mark=\"1\">Brown &amp; Levinson<\/span> (1978) kasutavad viisakust anal\u00fc\u00fcsides <span style=\"color: #4c4c4c\" data-mce-mark=\"1\">Erving Goffmani<\/span> m\u00f5istet \u201cn\u00e4gu\u201d (avalik minapilt, mida me soovime suhtluses kaitsta). Nad eristavad negatiivset n\u00e4gu (soov tegutseda oma \u00e4ran\u00e4gemise j\u00e4rgi) ja positiivset n\u00e4gu (soov olla hinnatud, kuuluda sisegruppi) Teised autorid on kasutanud vastandust austusel p\u00f5hinev kultuur ja solidaarsuskultuur (Lakoff 2006). Need kaks n\u00e4gu vajavad erinevaid viisakussreteegiaid, et v\u00e4ltida teise inimese avalikku minapilti ohustavaid tegusid (<em>face threatening acts<\/em>).<\/span><\/p>\n<blockquote>\n<p style=\"text-align: justify\"><span style=\"color: #4c89b1;font-size: medium\">Positiivse viisakuse strateegiate hulka kuuluvad muuhulgas sinatamine, eesnimede kasutamine, komplimendid, jutukus, naljad, sl\u00e4ngi ja sisegruppi kuulumist t\u00e4histava keele kasutamine, avatud kehakeel, naeratamine ja silmside. Negatiivse viisakuse strateegiate (distantseerimisstrateegiad) hulka kuuluvad muuhulgas teietamine, perekonnanimede ja tiitlite (h\u00e4rra, proua, doktor, jne) kasutamine, p\u00f5iklusv\u00e4ljendite ja passiivivormide kasutamine, vaikus, suletud keha, mittemidagi\u00fctlev n\u00e4oilme ja silmside v\u00e4ltimine.<\/span><\/p>\n<\/blockquote>\n<p style=\"text-align: justify\"><span style=\"color: #4c4c4c\" data-mce-mark=\"1\">Tegemist pole v\u00e4\u00e4rtushinnangutega, s.t postitiivne viisakusstrateegia pole parem kui negatiivne! M\u00f5lemad k\u00e4itumisnormid on viisakad, aga \u00fchte kasutame oma tuttavatega suheldes, teisi n\u00e4iteks ametlikus suhtluses. Samas on teatud kultuurides ja subkultuurides eelistatud pigem distantseerimine (nt Jaapani kultuur) ja teistes pigem <a href=\"http:\/\/www.eki.ee\/dict\/vsl\/index.cgi?Q=solidaarsus&amp;F=M&amp;C06=en\" target=\"_blank\" rel=\"noopener\">solidaarsus<\/a>e r\u00f5hutamine (nt Rootsi kultuur).<\/span><\/p>\n<blockquote>\n<p style=\"text-align: justify\"><span style=\"color: #4c89b1;font-size: medium\">Pole olemas viisakaid ja ebaviisakaid kultuure, ainult erinevad strateegiad ja arusaamad sellest, milline on viisakaks peetav k\u00e4itumisviis. Samuti on erinevates kultuurides erinevused sotsiaalsete klasside vahel ning nt naistele ja meestele esitatavate viisakusn\u00f5uete vahel.<\/span><\/p>\n<\/blockquote>\n<p>\u00a0<\/p>\n<p style=\"text-align: justify\"><span style=\"color: #4c4c4c\" data-mce-mark=\"1\"><\/span><\/p>\n<p><span style=\"color: #000080\" data-mce-mark=\"1\"><\/span><img loading=\"lazy\" decoding=\"async\" src=\"\/wp-content\/uploads\/sites\/193\/nota-bene.png\" width=\"50\" height=\"50\"><\/p>\n<table class=\"table table-hover\" style=\"background-color: #e7eeee\" border=\"0\">\n<tbody>\n<tr>\n<td>\n<ul>\n<li>Viisakusnormid pole universaalsed, vaid neid m\u00f5jutavad kultuurilised v\u00e4\u00e4rtused.<\/li>\n<li>Viisakusnormid aitavad hoida meie \u00fchtekuuluvust teistega (solidaarsust r\u00f5hutavad viisakusstrateegiad, nt sinatamine), aga ka meie iseseisvust teistest (distantseerimisstreteegiad, nt teietamine).<\/li>\n<li>Pole viisakaid ja ebaviisakaid kultuure, ainult erinevused viisakusstrateegiates.<\/li>\n<\/ul>\n<\/td>\n<\/tr>\n<\/tbody>\n<\/table>\n<p>\u00a0<\/p>\n<h4><\/h4>\n<hr>\n<h4><span style=\"color: #4c89b1\">Enesekontrollik\u00fcsimused<\/span><\/h4>\n<p>1. Miks pole viisakusnormid on universaalsed?<\/p><div class=\"accordion mb-3\">\n        <div class=\"accordion-item accordion-item--white\">\n        <h2 class=\"accordion-header\" id=\"accordion-69e2a83b2ca8b-heading\">\n            <button class=\"accordion-button collapsed\" type=\"button\" data-bs-toggle=\"collapse\" data-bs-target=\"#accordion-69e2a83b2ca8b-collapse\" aria-expanded=\"true\" aria-controls=\"accordion-69e2a83b2ca8b-collapse\">Vastus<\/button>\n        <\/h2>\n        <div id=\"accordion-69e2a83b2ca8b-collapse\" class=\"accordion-collapse collapse\" aria-labelledby=\"accordion-69e2a83b2ca8b-heading\">\n            <div class=\"accordion-body\">Kuna kultuurid v\u00e4\u00e4rtustavad erinevaid k\u00e4itumisi.<\/div>\n        <\/div>\n        <\/div>\n    <\/div><br>2. Mis rolli m\u00e4ngib viisakusk\u00e4itumises avalik minapilt?<br><div class=\"accordion mb-3\">\n        <div class=\"accordion-item accordion-item--white\">\n        <h2 class=\"accordion-header\" id=\"accordion-69e2a83b2ca9d-heading\">\n            <button class=\"accordion-button collapsed\" type=\"button\" data-bs-toggle=\"collapse\" data-bs-target=\"#accordion-69e2a83b2ca9d-collapse\" aria-expanded=\"true\" aria-controls=\"accordion-69e2a83b2ca9d-collapse\">Vastus<\/button>\n        <\/h2>\n        <div id=\"accordion-69e2a83b2ca9d-collapse\" class=\"accordion-collapse collapse\" aria-labelledby=\"accordion-69e2a83b2ca9d-heading\">\n            <div class=\"accordion-body\">Avalik minapilt on viisakusk\u00e4itumises keskne, sest me soovime austada teiste minapilti ja kaitsta enda oma.<\/div>\n        <\/div>\n        <\/div>\n    <\/div><br>3. Millised on solidaarsust r\u00f5hutavad ja distantseerivad viisakusstrateegiad? Too n\u00e4iteid keeleliste strateegiate kohta.<br><div class=\"accordion mb-3\">\n        <div class=\"accordion-item accordion-item--white\">\n        <h2 class=\"accordion-header\" id=\"accordion-69e2a83b2ca9f-heading\">\n            <button class=\"accordion-button collapsed\" type=\"button\" data-bs-toggle=\"collapse\" data-bs-target=\"#accordion-69e2a83b2ca9f-collapse\" aria-expanded=\"true\" aria-controls=\"accordion-69e2a83b2ca9f-collapse\">Vastus<\/button>\n        <\/h2>\n        <div id=\"accordion-69e2a83b2ca9f-collapse\" class=\"accordion-collapse collapse\" aria-labelledby=\"accordion-69e2a83b2ca9f-heading\">\n            <div class=\"accordion-body\">Solidaarsust r\u00f5hutavad viisakuse strateegiad = sinatamine, komplimendid, eesnimede kasutamine, jutukus; distantseerivad viisakuse strateegiad = teietamine, perekonnanimede ja tiitlite kasutamine, vaikus.<\/div>\n        <\/div>\n        <\/div>\n    <\/div>\n","protected":false},"excerpt":{"rendered":"<p>\u00dcks olulisi, aga n\u00e4htamatuid, kultuuride jooni on v\u00e4\u00e4rtused, mis meie kultuuris toimivad ja mis m\u00f5jutavad suhtlust erinevatel viisidel, sealhulgas selles, mida me tajume viisaka ja ebaviisaka suhtlusena. See t\u00e4hendab, et me ei saa r\u00e4\u00e4kida mingitest universaalsetest viisakusnormidest, vaid see, mida &#8230;<\/p>\n","protected":false},"author":95,"featured_media":0,"parent":0,"menu_order":0,"comment_status":"closed","ping_status":"closed","template":"","meta":{"_acf_changed":false,"inline_featured_image":false,"footnotes":""},"class_list":["post-9","page","type-page","status-publish","hentry"],"acf":[],"_links":{"self":[{"href":"https:\/\/sisu.ut.ee\/kultuur\/wp-json\/wp\/v2\/pages\/9","targetHints":{"allow":["GET"]}}],"collection":[{"href":"https:\/\/sisu.ut.ee\/kultuur\/wp-json\/wp\/v2\/pages"}],"about":[{"href":"https:\/\/sisu.ut.ee\/kultuur\/wp-json\/wp\/v2\/types\/page"}],"author":[{"embeddable":true,"href":"https:\/\/sisu.ut.ee\/kultuur\/wp-json\/wp\/v2\/users\/95"}],"replies":[{"embeddable":true,"href":"https:\/\/sisu.ut.ee\/kultuur\/wp-json\/wp\/v2\/comments?post=9"}],"version-history":[{"count":1,"href":"https:\/\/sisu.ut.ee\/kultuur\/wp-json\/wp\/v2\/pages\/9\/revisions"}],"predecessor-version":[{"id":32,"href":"https:\/\/sisu.ut.ee\/kultuur\/wp-json\/wp\/v2\/pages\/9\/revisions\/32"}],"wp:attachment":[{"href":"https:\/\/sisu.ut.ee\/kultuur\/wp-json\/wp\/v2\/media?parent=9"}],"curies":[{"name":"wp","href":"https:\/\/api.w.org\/{rel}","templated":true}]}}