{"id":8,"date":"2024-04-04T03:12:55","date_gmt":"2024-04-04T00:12:55","guid":{"rendered":"https:\/\/sisu.ut.ee\/kultuur\/2-leht\/"},"modified":"2024-04-30T15:31:11","modified_gmt":"2024-04-30T12:31:11","slug":"2-leht","status":"publish","type":"page","link":"https:\/\/sisu.ut.ee\/kultuur\/2-leht\/","title":{"rendered":"1. Mis on kultuur?"},"content":{"rendered":"<p style=\"text-align: justify;\">\n<\/p><p style=\"text-align: justify;\"><span style=\"color: #4c4c4c;\" data-mce-mark=\"1\">Kultuur moodustab meie iseenesestm\u00f5istetavaks peetava tausts\u00fcsteemi, mida m\u00e4rkame tihti alles siis, kui satume harjumusp\u00e4rasest erinevasse keskkonda v\u00f5i kohtume meile harjumatute tavadega. Kultuur on ehk just seet\u00f5ttu m\u00f5iste, mida on raske defineerida. N\u00e4iteks juba 1950. aastatel lugesid <a href=\"http:\/\/www.eki.ee\/dict\/vsl\/index.cgi?Q=antropoloogia&amp;F=M&amp;C06=en\" target=\"_blank\" rel=\"noopener\">antropoloogid<\/a> <span style=\"color: #4c4c4c;\" data-mce-mark=\"1\">Clyde Kluckhohn<\/span> ja <span style=\"color: #4c4c4c;\" data-mce-mark=\"1\">Arthur Kroeber<\/span> kokku \u00fcle 150 kultuuri definitsiooni.<\/span><\/p>\n<p style=\"text-align: justify;\"><span style=\"color: #4c4c4c;\" data-mce-mark=\"1\">Ajalooliselt on kultuuri seotud harituse ja k\u00f5rgkultuuriga (<a href=\"http:\/\/www.eki.ee\/dict\/vsl\/index.cgi?Q=et%C3%BCmoloogia&amp;F=M&amp;C06=en\" target=\"_blank\" rel=\"noopener\">et\u00fcmoloogiliselt <\/a>tuleneb s\u00f5na ladina verbist \u2018colere\u2019 = (maad harima). Vrdl 19. saj. briti luuletaja <span style=\"color: #4c4c4c;\" data-mce-mark=\"1\">Matthew Arnold<\/span>: \u2018\u2018Parim, mida on maailmas m\u00f5eldud ja \u00f6eldud\u201d. R\u00e4\u00e4giti kultuurrahvastest, vastandades neid primitiivsetele kultuuridele. Sellised hinnangud aga tulenevad alati mingilt kultuuripositsioonilt, t\u00fc\u00fcpiliselt Euroopa \u00fclemkihi positsioonilt, mis m\u00e4\u00e4ratles P\u00f5hja- ja L\u00e4\u00e4ne-Euroopa kultuuri kultuursena, muid kultuure ebakultuursena. Ebakultuurseks peeti ka oma riikide talupoegi-t\u00f6\u00f6lisi. Sellised hinnangud pole seega kunagi neutraalsed ega objektiivsed.<\/span><\/p>\n<p style=\"text-align: justify;\"><span style=\"color: #4c4c4c;\" data-mce-mark=\"1\">20. sajandi antropoloogias on sellistest hierarhilistest n\u00e4gemustest loobutud. N\u00e4iteks leidis \u00fcks kaasaegse antropoloogia rajajaid <span style=\"color: #4c4c4c;\" data-mce-mark=\"1\">Franz Boas<\/span> (1858-1942), et \u201ekultuur h\u00f5lmab k\u00f5iki mingi kogukonna \u00fchiskondlike tavade v\u00e4ljendusvorme, \u00fcksikisikute reaktsioone selle r\u00fchma tavadele, mille j\u00e4rgi ta elab ja nende tavade poolt m\u00e4\u00e4ratletud inimtegevuse vilju.\u201d <span style=\"color: #4c4c4c;\" data-mce-mark=\"1\">Clyde Kluckhohn<\/span> (1947) arvas, et \u201ckultuur on teatavat laadi t\u00f6\u00f6joonis k\u00f5igiks kogukonna elutegevusteks.\u201d Kultuuri n\u00e4hakse ka inimeste poolt loodud t\u00e4henduste v\u00f5rguna (Clifford Geertz). Kultuur pole enam midagi ebatavalist, vaid igap\u00e4evane n\u00e4htus (Raymond Williams (1958) \u2013 \u201ckultuur on tavaline\u201d). Kultuure iseloomustavad jagatud normid, v\u00e4\u00e4rtused, praktikad, <a href=\"http:\/\/www.eki.ee\/dict\/vsl\/index.cgi?Q=institutsioon&amp;F=M&amp;C06=en\" target=\"_blank\" rel=\"noopener\">institutsioonid<\/a>, k\u00e4itumistavad ja k\u00f5nepruuk, mis v\u00f5ivad tekitada teiste kultuuride esindajatega suheldes m\u00f6\u00f6dar\u00e4\u00e4kimisi.<\/span><\/p>\n<blockquote>\n<p style=\"text-align: justify;\"><span style=\"color: #4c89b1; font-size: medium;\">T\u00e4na leiavad uurijad, et \u201ckultuur on \u00e4hmane kogum eeldusi ja v\u00e4\u00e4rtusi, orientatsiooni elule, uskumusi, poliitikaid, protseduure ja k\u00e4itumistavasid, mida mingi inimr\u00fchm jagab ning mis m\u00f5jutab (aga ei m\u00e4\u00e4ra) iga r\u00fchma liikme k\u00e4itumist ja tema t\u00f5lgendust teiste inimeste k\u00e4itumise t\u00e4hendusele\u201d (Spencer-Oatey 2008).<\/span><\/p>\n<\/blockquote>\n<p style=\"text-align: justify;\">Kultuur on seega alati avatud protsess, mis on pidevas muutumises. Kultuur on omane erinevatele rahvustele ja etnilistele gruppidele (nt eestlased v\u00f5i Eestis elavad vanausulised), kuid samas ka erinevatele <a href=\"http:\/\/www.eki.ee\/dict\/vsl\/index.cgi?Q=subkultuur&amp;F=M&amp;C06=en\" target=\"_blank\" rel=\"noopener\">subkultuur<\/a>idele etnilise kultuuri sees (nt Eesti punkarid), erinevatele sotsiaalsetele klassidele, vanuser\u00fchmadele jne. Kultuurierinevused ei l\u00f5pe rahvuskultuuriga ka v\u00e4ikeste\u00a0 ja <a href=\"http:\/\/www.eki.ee\/dict\/vsl\/index.cgi?Q=homogeenne&amp;F=M&amp;C06=en\" target=\"_blank\" rel=\"noopener\">homogeensete<\/a> kultuuride puhul nagu Eesti oma. Kultuur on alati paljune.<\/p>\n<p style=\"text-align: justify;\"><img loading=\"lazy\" decoding=\"async\" src=\"\/wp-content\/uploads\/sites\/193\/nota-bene.png\" width=\"50\" height=\"50\"><\/p>\n<table class=\"table table-hover\" style=\"background-color: #e7eeee;\" border=\"0\">\n<tbody>\n<tr>\n<td>\n<ul>\n<li style=\"text-align: justify;\">Kultuur h\u00f5lmab k\u00f5iki mingi kogukonna tavasid, v\u00e4\u00e4rtusi, tegevusi, sh suhtlustavasid. Eesti kultuuri ei iseloomusta ainult laulupidu ja rahvar\u00f5ivad, vaid ka meie arusaamad vaikusest v\u00f5i see kui l\u00e4hedale me kaassuhtlejale vestluses liigume.<\/li>\n<li style=\"text-align: justify;\">Kultuur on alati avatud ja muutumises. Seda m\u00f5jutavad teised kultuurid ja muutused maailmas.<\/li>\n<li style=\"text-align: justify;\">Ka k\u00f5ige \u00fchtsema rahvuskultuuri sees on suuri erinevusi eri p\u00f5lvkondade, sotsiaalsete kihtide v\u00f5i subkultuuride kultuurilistes v\u00e4\u00e4rtustes ja suhtlusk\u00e4itumises.<\/li>\n<\/ul>\n<\/td>\n<\/tr>\n<\/tbody>\n<\/table>\n<p style=\"text-align: justify;\">\n<\/p><h4 style=\"text-align: justify;\"><span style=\"color: #4c89b1;\" data-mce-mark=\"1\"><span data-mce-mark=\"1\">Enesekontrollik\u00fcsimused<\/span><\/span><\/h4>\n<p style=\"text-align: justify;\"><span style=\"color: #4c4c4c;\" data-mce-mark=\"1\">1. Mida h\u00f5lmab kultuuri m\u00f5iste?<br>\n<div class=\"accordion mb-3\">\n        <div class=\"accordion-item accordion-item--white\">\n        <h2 class=\"accordion-header\" id=\"accordion-69e293c5aa2eb-heading\">\n            <button class=\"accordion-button collapsed\" type=\"button\" data-bs-toggle=\"collapse\" data-bs-target=\"#accordion-69e293c5aa2eb-collapse\" aria-expanded=\"true\" aria-controls=\"accordion-69e293c5aa2eb-collapse\">Vastus<\/button>\n        <\/h2>\n        <div id=\"accordion-69e293c5aa2eb-collapse\" class=\"accordion-collapse collapse\" aria-labelledby=\"accordion-69e293c5aa2eb-heading\">\n            <div class=\"accordion-body\">Kultuur h\u00f5lmab peale k\u00f5rgkultuuri ka mingi r\u00fchma jagatud v\u00e4\u00e4rtusi, tavasid, norme, sh suhtlusnorme, mis moodustavad \u2018t\u00f6\u00f6joonise\u2019 grupi tegevusteks.<\/div>\n        <\/div>\n        <\/div>\n    <\/div><br>\n2. Milliseid kultuure v\u00f5ib esineda \u00fche rahvuskultuuri sees? M\u00f5tle konkreetseid n\u00e4iteid omaenda elust, kus oled kogenud kultuuride vahelisi erinevusi teiste eestlastega.<br>\n<div class=\"accordion mb-3\">\n        <div class=\"accordion-item accordion-item--white\">\n        <h2 class=\"accordion-header\" id=\"accordion-69e293c5aa2f0-heading\">\n            <button class=\"accordion-button collapsed\" type=\"button\" data-bs-toggle=\"collapse\" data-bs-target=\"#accordion-69e293c5aa2f0-collapse\" aria-expanded=\"true\" aria-controls=\"accordion-69e293c5aa2f0-collapse\">Vastus<\/button>\n        <\/h2>\n        <div id=\"accordion-69e293c5aa2f0-collapse\" class=\"accordion-collapse collapse\" aria-labelledby=\"accordion-69e293c5aa2f0-heading\">\n            <div class=\"accordion-body\">N\u00e4iteks piirkondlikud erinevused, p\u00f5lvkondlikud erinevused, naiste ja meeste vahelised erinevused, sotsiaalsete gruppide ja subkultuuride vahelised erinevused.<\/div>\n        <\/div>\n        <\/div>\n    <\/div><br>\n<\/span><\/p>\n<p style=\"text-align: justify;\">\n<\/p>","protected":false},"excerpt":{"rendered":"<p>Kultuur moodustab meie iseenesestm\u00f5istetavaks peetava tausts\u00fcsteemi, mida m\u00e4rkame tihti alles siis, kui satume harjumusp\u00e4rasest erinevasse keskkonda v\u00f5i kohtume meile harjumatute tavadega. Kultuur on ehk just seet\u00f5ttu m\u00f5iste, mida on raske defineerida. N\u00e4iteks juba 1950. aastatel lugesid antropoloogid Clyde Kluckhohn ja &#8230;<\/p>\n","protected":false},"author":95,"featured_media":0,"parent":0,"menu_order":0,"comment_status":"closed","ping_status":"closed","template":"","meta":{"_acf_changed":false,"inline_featured_image":false,"footnotes":""},"class_list":["post-8","page","type-page","status-publish","hentry"],"acf":[],"_links":{"self":[{"href":"https:\/\/sisu.ut.ee\/kultuur\/wp-json\/wp\/v2\/pages\/8","targetHints":{"allow":["GET"]}}],"collection":[{"href":"https:\/\/sisu.ut.ee\/kultuur\/wp-json\/wp\/v2\/pages"}],"about":[{"href":"https:\/\/sisu.ut.ee\/kultuur\/wp-json\/wp\/v2\/types\/page"}],"author":[{"embeddable":true,"href":"https:\/\/sisu.ut.ee\/kultuur\/wp-json\/wp\/v2\/users\/95"}],"replies":[{"embeddable":true,"href":"https:\/\/sisu.ut.ee\/kultuur\/wp-json\/wp\/v2\/comments?post=8"}],"version-history":[{"count":2,"href":"https:\/\/sisu.ut.ee\/kultuur\/wp-json\/wp\/v2\/pages\/8\/revisions"}],"predecessor-version":[{"id":43,"href":"https:\/\/sisu.ut.ee\/kultuur\/wp-json\/wp\/v2\/pages\/8\/revisions\/43"}],"wp:attachment":[{"href":"https:\/\/sisu.ut.ee\/kultuur\/wp-json\/wp\/v2\/media?parent=8"}],"curies":[{"name":"wp","href":"https:\/\/api.w.org\/{rel}","templated":true}]}}