{"id":6,"date":"2024-04-04T03:12:54","date_gmt":"2024-04-04T00:12:54","guid":{"rendered":"https:\/\/sisu.ut.ee\/kultuur\/kultuur-ja-ajakasitlus\/"},"modified":"2024-04-04T03:12:57","modified_gmt":"2024-04-04T00:12:57","slug":"kultuur-ja-ajakasitlus","status":"publish","type":"page","link":"https:\/\/sisu.ut.ee\/kultuur\/kultuur-ja-ajakasitlus\/","title":{"rendered":"8. Kultuur ja ajak\u00e4sitlus"},"content":{"rendered":"<p style=\"text-align: justify\">\n<\/p><p style=\"text-align: justify\"><span style=\"color: #4c4c4c\">Kultuur m\u00f5jutab ka ajak\u00e4sitlust. <span style=\"color: #000000\">Edward T. Hall<\/span> (1959) on oma t\u00f6\u00f6des eristanud monokroonseid ja pol\u00fckroonseid kultuure. Monokroonse ehk \u00fcksaegse kultuuri puhul on ajak\u00e4sitlus j\u00e4igalt <a href=\"http:\/\/www.eki.ee\/dict\/vsl\/index.cgi?Q=lineaarne&amp;F=M&amp;C06=en\" target=\"_blank\" rel=\"noopener\">lineaarne<\/a>, s.t aeg on \u00fchelaadne k\u00f5igile, see koosneb selgetest \u00fchikutest ja sellega tuleb hoolikalt \u00fcmber k\u00e4ia, s.t seda ei tohi raisata, sest see on oluline ja piiratud ressurss (nt n\u00e4eme seda suhtumist lauses \u201caeg on raha\u201d). Pol\u00fckroonsetes ehk paljuaegsetes kultuurides on aeg paindlik ja ts\u00fckliline (s.t aega n\u00e4hakse pigem kui pidevas olevikus voolavat j\u00f5ge). Sellises kultuuris v\u00e4\u00e4rtustatakse inimsuhteid enam kui t\u00e4htaegu (vt nt lauset \u201ciga asi omal ajal\u201d).<\/span><\/p>\n<blockquote>\n<p style=\"text-align: justify\"><span style=\"color: #4c89b1;font-size: medium\">Monokroonne kultuur korraldab tegevusi j\u00e4iga ajakava abil: kohtumisajad on t\u00e4pselt kindlaks m\u00e4\u00e4ratud ning neist peetakse kinni; <a href=\"http:\/\/www.eki.ee\/dict\/vsl\/index.cgi?Q=punktuaalsus&amp;F=M&amp;C06=en\" target=\"_blank\" rel=\"noopener\">punktuaalsus<\/a> hinnatud; tegevus iseseisvateks \u00fcksusteks jagatud, iga \u00fcksuse pikkus t\u00e4pselt m\u00e4\u00e4ratletud. Suhted on allutatud ajakavale ja t\u00e4htajad ise on \u00e4\u00e4rmiselt olulised. Hilinemine v\u00f5i t\u00e4htaja \u00fcletamine on t\u00f5sine reeglite rikkumine. Korraga tehakse \u00fchte asja. T\u00f6\u00f6 ja isiklikud suhted on eraldatud (s.t ka s\u00f5pradele kehtivad ranged reeglid t\u00e4htaegade kohta).<\/span><\/p>\n<\/blockquote>\n<blockquote>\n<p style=\"text-align: justify\"><span style=\"color: #4c89b1;font-size: medium\">Pol\u00fckroonses kultuuris korraldatakse tegevusi isikutevaheliste suhete abil: tegevus viiakse l\u00f5puni s\u00f5ltumata kuluvast ajast. Ajakava pole rangelt m\u00e4\u00e4ratletud ja s\u00f5ltub sellest, millised suhted inimestel on. Hilinemine pole probleemiks, nagu ka see, mis j\u00e4rjekorras midagi tehakse. Korraga tehakse mitut asja. T\u00f6\u00f6 ja isiklikud suhted pole rangelt lahutatud. Protsess on olulisem kui saavutatud tulemus.<\/span><\/p>\n<\/blockquote>\n<p style=\"text-align: justify\"><span style=\"color: #4c4c4c\">\u00dcldiselt peetakse monokroonseteks P\u00f5hja-Ameerika ja P\u00f5hja-Euroopa kultuure, pol\u00fckroonseteks Vahemeremaade v\u00f5i L\u00e4his-Ida kultuure. Monokroonsus iseloomustab valdavamalt individualistlikke \u00fchiskondi. Kuigi kultuurides on eelistused m\u00e4\u00e4ratletud, on samas iga kultuuri sees suuri indiviiditasandi erinevusi.<\/span><\/p>\n<p style=\"text-align: justify\"><span style=\"color: #4c4c4c\">Monokroonses ja pol\u00fckroonse kultuuri esindajatel v\u00f5ib olla \u00fclesannete \u00fchisel t\u00e4itmisel raskusi: pol\u00fckroonsed inimesed tunnevad, et graafikud p\u00e4rsivad nende loovust, monokroonsele inimesele m\u00f5jub h\u00e4irivalt v\u00f5imetus oma aega planeerida.<\/span><\/p>\n<p style=\"text-align: justify\"><span style=\"color: #4c4c4c\">Ajak\u00e4sitlust m\u00f5jutab tehnoloogia areng ja t\u00e4nane \u00fcleilmastunud maailmamajandus on toonud monokroonse normi \u00fcha enam rahvusvahelisse k\u00e4ibesse, eriti suurlinnades. Tadistiooniline pol\u00fckroonia on pigem s\u00e4ilinud maapiirkondades, kus saab elada looduse r\u00fctmide ja mitte kella j\u00e4rgi.<\/span><\/p>\n<p>\u00a0<\/p>\n<p style=\"text-align: justify\"><span style=\"color: #4c4c4c\"><span style=\"color: #000080\"><\/span><img loading=\"lazy\" decoding=\"async\" src=\"\/wp-content\/uploads\/sites\/193\/nota-bene.png\" height=\"50\" width=\"50\"><\/span><\/p>\n<table class=\"table table-hover\" border=\"0\"><\/table>\n<table class=\"table table-hover\" style=\"background-color: #e7eeee\" border=\"0\">\n<tbody>\n<tr>\n<td>\n<ul>\n<li style=\"text-align: justify\">\u00dcksaegstes kultuurides on aeg j\u00e4igalt lineaarne ja seda ei tohi raisata, s.t t\u00e4htaegadest tuleb kinni pidada.<\/li>\n<li>Paljuaegsetes kultuurides on aeg paindlik ja ts\u00fckliline; t\u00e4htaegadest olulisemad on inimsuhted.<\/li>\n<li>Nende kahe kultuurit\u00fc\u00fcbi esindajatel on keerukas koost\u00f6\u00f6d teha, kuid t\u00e4nases \u00fcleilmastuvas maailmas domineerib \u00fcha enam \u00fcksaegne kultuur.<\/li>\n<\/ul>\n<\/td>\n<\/tr>\n<\/tbody>\n<\/table>\n<p>Tartu \u00dclikooli maailma keelte ja kultuuride kolled\u017ei germanistika osakonna saksa kirjanduse dotsent Silke Pasewalck on Eestis elanud ja t\u00f6\u00f6tanud juba mitmeid aastaid. Intervjuus r\u00e4\u00e4gib ta sellest, kuidas pikaaegsed saksa-eesti sidemed on eesti kultuuri m\u00f5jutanud. M\u00e4rka, et kultuur ei ole staatiline ja et kultuurilised tavad kujunevad v\u00e4lja teistelt laenates ja seda siis oma kultuuriga mugandades.<\/p>\n<p><\/p><div class=\"ratio ratio-16x9 mb-3\"><div class=\"video-placeholder-wrapper video-placeholder-wrapper--16x9\">\n\t\t\t    <div class=\"video-placeholder d-flex justify-content-center align-items-center\">\n\t\t\t        <div class=\"overlay text-white p-2 w-100 text-center d-block justify-content-center align-items-center\">\n\t\t\t            <div>Kolmandate osapoolte sisu n\u00e4gemiseks palun n\u00f5ustu k\u00fcpsistega.<\/div>\n\t\t\t            <button class=\"btn btn-secondary btn-sm mt-1 consent-change\">Muuda n\u00f5usolekut<\/button>\n\t\t\t        <\/div>\n\t\t\t    <\/div>\n\t\t\t<\/div>\n<\/div>\n<hr>\n<h4 style=\"text-align: justify\"><span style=\"color: #4c89b1\">Enesekontrollik\u00fcsimused<\/span><\/h4>\n<p style=\"text-align: justify\">1. Mida t\u00e4hendavad m\u00f5isted \u00fcksaegne ja paljuaegne kultuur?<br><\/p><div class=\"accordion mb-3\">\n        <div class=\"accordion-item accordion-item--white\">\n        <h2 class=\"accordion-header\" id=\"accordion-69e293c505f7b-heading\">\n            <button class=\"accordion-button collapsed\" type=\"button\" data-bs-toggle=\"collapse\" data-bs-target=\"#accordion-69e293c505f7b-collapse\" aria-expanded=\"true\" aria-controls=\"accordion-69e293c505f7b-collapse\">Vastus<\/button>\n        <\/h2>\n        <div id=\"accordion-69e293c505f7b-collapse\" class=\"accordion-collapse collapse\" aria-labelledby=\"accordion-69e293c505f7b-heading\">\n            <div class=\"accordion-body\">\u00dcksaegses kultuuris on aeg \u00fchelaadne k\u00f5igile ja seda ei tohi raisata; paljuaegses kultuuris on aeg paindlik ja ts\u00fckliline.<\/div>\n        <\/div>\n        <\/div>\n    <\/div><br>2. Kuidas need kaks kultuurit\u00fc\u00fcpi m\u00f5jutavad tegevuste korraldamist?<br><div class=\"accordion mb-3\">\n        <div class=\"accordion-item accordion-item--white\">\n        <h2 class=\"accordion-header\" id=\"accordion-69e293c505f81-heading\">\n            <button class=\"accordion-button collapsed\" type=\"button\" data-bs-toggle=\"collapse\" data-bs-target=\"#accordion-69e293c505f81-collapse\" aria-expanded=\"true\" aria-controls=\"accordion-69e293c505f81-collapse\">Vastus<\/button>\n        <\/h2>\n        <div id=\"accordion-69e293c505f81-collapse\" class=\"accordion-collapse collapse\" aria-labelledby=\"accordion-69e293c505f81-heading\">\n            <div class=\"accordion-body\">Kahel kultuurit\u00fc\u00fcbil on v\u00e4ga erinev arusaam t\u00e4htaegadest ja hilinemisest.<\/div>\n        <\/div>\n        <\/div>\n    <\/div><br>3. Millistele \u00fchiskondadele on pigem omane \u00fcksaegne kultuur?<br><div class=\"accordion mb-3\">\n        <div class=\"accordion-item accordion-item--white\">\n        <h2 class=\"accordion-header\" id=\"accordion-69e293c505f83-heading\">\n            <button class=\"accordion-button collapsed\" type=\"button\" data-bs-toggle=\"collapse\" data-bs-target=\"#accordion-69e293c505f83-collapse\" aria-expanded=\"true\" aria-controls=\"accordion-69e293c505f83-collapse\">Vastus<\/button>\n        <\/h2>\n        <div id=\"accordion-69e293c505f83-collapse\" class=\"accordion-collapse collapse\" aria-labelledby=\"accordion-69e293c505f83-heading\">\n            <div class=\"accordion-body\">P\u00f5hja-Ameerika ja P\u00f5hja-Euroopa \u00fchiskondadele.<\/div>\n        <\/div>\n        <\/div>\n    <\/div><br>4. Millised kaks joont on dots. Silke Pasewalcki arvates eestlased saksa kultuurist on \u00fcle v\u00f5tnud? <br><div class=\"accordion mb-3\">\n        <div class=\"accordion-item accordion-item--white\">\n        <h2 class=\"accordion-header\" id=\"accordion-69e293c505f84-heading\">\n            <button class=\"accordion-button collapsed\" type=\"button\" data-bs-toggle=\"collapse\" data-bs-target=\"#accordion-69e293c505f84-collapse\" aria-expanded=\"true\" aria-controls=\"accordion-69e293c505f84-collapse\">Vastus<\/button>\n        <\/h2>\n        <div id=\"accordion-69e293c505f84-collapse\" class=\"accordion-collapse collapse\" aria-labelledby=\"accordion-69e293c505f84-heading\">\n            <div class=\"accordion-body\">Preisi t\u00e4psus ja \u00fcsna aristokraatliku joonena kalkuleerimine inimsuhete loomisel.<\/div>\n        <\/div>\n        <\/div>\n    <\/div><br>5. Mida \u00fctleb dots. Silke Pasewalck kirjaliku ja suulise suhtlemise kohta Eestis?<br><div class=\"accordion mb-3\">\n        <div class=\"accordion-item accordion-item--white\">\n        <h2 class=\"accordion-header\" id=\"accordion-69e293c505f86-heading\">\n            <button class=\"accordion-button collapsed\" type=\"button\" data-bs-toggle=\"collapse\" data-bs-target=\"#accordion-69e293c505f86-collapse\" aria-expanded=\"true\" aria-controls=\"accordion-69e293c505f86-collapse\">Vastus<\/button>\n        <\/h2>\n        <div id=\"accordion-69e293c505f86-collapse\" class=\"accordion-collapse collapse\" aria-labelledby=\"accordion-69e293c505f86-heading\">\n            <div class=\"accordion-body\">Eestis on nii kirjalik kui ka suuline suhtlemine v\u00f5rreldes Saksamaaga palju mitteametlikum.<\/div>\n        <\/div>\n        <\/div>\n    <\/div><br>6. Kuidas erineb \u201ctere!\u201d \u00fctlemine Saksamaal \u201ctere!\u201d \u00fctlemisest Eestis?<br><div class=\"accordion mb-3\">\n        <div class=\"accordion-item accordion-item--white\">\n        <h2 class=\"accordion-header\" id=\"accordion-69e293c505f87-heading\">\n            <button class=\"accordion-button collapsed\" type=\"button\" data-bs-toggle=\"collapse\" data-bs-target=\"#accordion-69e293c505f87-collapse\" aria-expanded=\"true\" aria-controls=\"accordion-69e293c505f87-collapse\">Vastus<\/button>\n        <\/h2>\n        <div id=\"accordion-69e293c505f87-collapse\" class=\"accordion-collapse collapse\" aria-labelledby=\"accordion-69e293c505f87-heading\">\n            <div class=\"accordion-body\">Saksamaal on \u201ctere!\u201d \u00fctlemiseks palju rohkem v\u00e4ljendeid ning peab teadma, milline valida.<\/div>\n        <\/div>\n        <\/div>\n    <\/div><br>7. Millistes kombinatsioonides tuleks kasutada eesnime, perekonnanime ja <em>teie<\/em>-vormi Eestis ja Saksamaal inimesega esmakordsel kohtumisel?<br><div class=\"accordion mb-3\">\n        <div class=\"accordion-item accordion-item--white\">\n        <h2 class=\"accordion-header\" id=\"accordion-69e293c505f89-heading\">\n            <button class=\"accordion-button collapsed\" type=\"button\" data-bs-toggle=\"collapse\" data-bs-target=\"#accordion-69e293c505f89-collapse\" aria-expanded=\"true\" aria-controls=\"accordion-69e293c505f89-collapse\">Vastus<\/button>\n        <\/h2>\n        <div id=\"accordion-69e293c505f89-collapse\" class=\"accordion-collapse collapse\" aria-labelledby=\"accordion-69e293c505f89-heading\">\n            <div class=\"accordion-body\">Eestis teietatakse ja kasutatakse eesnime. Saksmaal teietatakse ning kasutatakse perekonnanime.<\/div>\n        <\/div>\n        <\/div>\n    <\/div>\n","protected":false},"excerpt":{"rendered":"<p>Kultuur m\u00f5jutab ka ajak\u00e4sitlust. Edward T. Hall (1959) on oma t\u00f6\u00f6des eristanud monokroonseid ja pol\u00fckroonseid kultuure. Monokroonse ehk \u00fcksaegse kultuuri puhul on ajak\u00e4sitlus j\u00e4igalt lineaarne, s.t aeg on \u00fchelaadne k\u00f5igile, see koosneb selgetest \u00fchikutest ja sellega tuleb hoolikalt \u00fcmber k\u00e4ia, &#8230;<\/p>\n","protected":false},"author":95,"featured_media":0,"parent":0,"menu_order":0,"comment_status":"closed","ping_status":"closed","template":"","meta":{"_acf_changed":false,"inline_featured_image":false,"footnotes":""},"class_list":["post-6","page","type-page","status-publish","hentry"],"acf":[],"_links":{"self":[{"href":"https:\/\/sisu.ut.ee\/kultuur\/wp-json\/wp\/v2\/pages\/6","targetHints":{"allow":["GET"]}}],"collection":[{"href":"https:\/\/sisu.ut.ee\/kultuur\/wp-json\/wp\/v2\/pages"}],"about":[{"href":"https:\/\/sisu.ut.ee\/kultuur\/wp-json\/wp\/v2\/types\/page"}],"author":[{"embeddable":true,"href":"https:\/\/sisu.ut.ee\/kultuur\/wp-json\/wp\/v2\/users\/95"}],"replies":[{"embeddable":true,"href":"https:\/\/sisu.ut.ee\/kultuur\/wp-json\/wp\/v2\/comments?post=6"}],"version-history":[{"count":1,"href":"https:\/\/sisu.ut.ee\/kultuur\/wp-json\/wp\/v2\/pages\/6\/revisions"}],"predecessor-version":[{"id":35,"href":"https:\/\/sisu.ut.ee\/kultuur\/wp-json\/wp\/v2\/pages\/6\/revisions\/35"}],"wp:attachment":[{"href":"https:\/\/sisu.ut.ee\/kultuur\/wp-json\/wp\/v2\/media?parent=6"}],"curies":[{"name":"wp","href":"https:\/\/api.w.org\/{rel}","templated":true}]}}